{"id":1277,"date":"2023-10-10T08:00:08","date_gmt":"2023-10-10T08:00:08","guid":{"rendered":"https:\/\/www.satlabgeo.com\/?post_type=product&#038;p=1277"},"modified":"2025-04-23T08:59:55","modified_gmt":"2025-04-23T08:59:55","slug":"hydrobeam-m4-multi-beam-echo-sounder","status":"publish","type":"product","link":"https:\/\/www.satlabgeo.com\/pt\/product\/hydrobeam-m4-multi-beam-echo-sounder\/","title":{"rendered":"Sonda de eco multifeixe HydroBeam M4"},"content":{"rendered":"<div class=\"landscape\"><a href=\"https:\/\/www.satlabgeo.com\/pt\/contact-us\/\"><img decoding=\"async\" src=\"https:\/\/www.satlabgeo.com\/wp-content\/uploads\/2023\/10\/M4-FB-851x315-1.jpg\" alt=\"Sonda de eco multifeixe M4\" class=\"aligncenter\" \/><\/a><\/div>\n<p>&nbsp;<\/p>\n<h4>Compatibilidade Diversificada<\/h4>\n<p>O formato cil\u00edndrico compacto de \u03a6228 mm e o design leve de 5,9 kg o tornam facilmente compat\u00edvel com diversas plataformas n\u00e3o tripuladas, al\u00e9m de facilitar o transporte e a implanta\u00e7\u00e3o em v\u00e1rios ambientes.<\/p>\n<h4>Desempenho confi\u00e1vel e integra\u00e7\u00e3o perfeita<\/h4>\n<p>Suporta at\u00e9 1024 feixes de alta densidade com resolu\u00e7\u00f5es de at\u00e9 7,5 mm, mantendo alto desempenho e precis\u00e3o em diferentes tarefas e condi\u00e7\u00f5es. INS e SVS integrados no transdutor, eliminando a calibra\u00e7\u00e3o complexa de atitude, simplificando a configura\u00e7\u00e3o e reduzindo o tempo de inatividade.<\/p>\n<h4>Alta efici\u00eancia e opera\u00e7\u00e3o inteligente<\/h4>\n<p>Largura de varredura ajust\u00e1vel de 8\u00b0 a 150\u00b0 para cobertura de profundidade de at\u00e9 7,5x, reduzindo a necessidade de repeti\u00e7\u00f5es de levantamentos e aumentando a efici\u00eancia geral. O software de levantamento funcional e inteligente permite que os operadores monitorem o progresso do levantamento, reduzindo a opera\u00e7\u00e3o manual e suportando acesso a dispositivos Kongsberg, R2sonic, Reson e outros.<\/p>","protected":false},"excerpt":{"rendered":"<p>O HydroBeam M4 \u00e9 um sistema batim\u00e9trico multifeixe port\u00e1til, engenhoso e compacto, desenvolvido pela SatLab. Ele oferece precis\u00e3o excepcional sem a necessidade de calibra\u00e7\u00e3o frequente, tornando-o a escolha ideal para opera\u00e7\u00f5es leves.<\/p>\n<p>Seu design compacto, aliado aos seus recursos inteligentes e ao transdutor circular, permite sua f\u00e1cil implanta\u00e7\u00e3o em uma variedade de plataformas, incluindo USVs, AUVs e ROVs. Essa versatilidade permite que os usu\u00e1rios realizem medi\u00e7\u00f5es precisas com rapidez e em qualquer local e hora, libertando-os das restri\u00e7\u00f5es dos sistemas multifeixe tradicionais. Al\u00e9m disso, garante a opera\u00e7\u00e3o confi\u00e1vel e est\u00e1vel de miss\u00f5es n\u00e3o tripuladas em diversos ambientes, desde lagos tranquilos e rios sinuosos at\u00e9 portos, terminais e hidrovias movimentadas.<\/p>","protected":false},"featured_media":1281,"comment_status":"open","ping_status":"closed","template":"","meta":{"_links_to":"","_links_to_target":""},"product_cat":[73],"product_tag":[],"yoast_head":"<!-- This site is optimized with the Yoast SEO plugin v19.8 - https:\/\/yoast.com\/wordpress\/plugins\/seo\/ -->\n<title>HydroBeam M4 Multi-Beam Echo Sounder | SatLab<\/title>\n<meta name=\"description\" content=\"HydroBeam M4 Multi-Beam Echo Sounder is a portable multi-beam bathymetry system suitable for various rivers, lakes, and complex waterways.\" \/>\n<meta name=\"robots\" content=\"index, follow, max-snippet:-1, max-image-preview:large, max-video-preview:-1\" \/>\n<link rel=\"canonical\" href=\"https:\/\/www.satlabgeo.com\/pt\/product\/hydrobeam-m4-multi-beam-echo-sounder\/\" \/>\n<meta property=\"og:locale\" content=\"pt_PT\" \/>\n<meta property=\"og:type\" content=\"article\" \/>\n<meta property=\"og:title\" content=\"HydroBeam M4 Multi-Beam Echo Sounder | SatLab\" \/>\n<meta property=\"og:description\" content=\"HydroBeam M4 Multi-Beam Echo Sounder is a portable multi-beam bathymetry system suitable for various rivers, lakes, and complex waterways.\" \/>\n<meta property=\"og:url\" content=\"https:\/\/www.satlabgeo.com\/pt\/product\/hydrobeam-m4-multi-beam-echo-sounder\/\" \/>\n<meta property=\"og:site_name\" content=\"Global Satellite Positioning Solutions | SatLab Geosolutions AB\" \/>\n<meta property=\"article:modified_time\" content=\"2025-04-23T08:59:55+00:00\" \/>\n<meta property=\"og:image\" content=\"https:\/\/www.satlabgeo.com\/wp-content\/uploads\/2023\/10\/M4800-800.png\" \/>\n\t<meta property=\"og:image:width\" content=\"800\" \/>\n\t<meta property=\"og:image:height\" content=\"800\" \/>\n\t<meta property=\"og:image:type\" content=\"image\/png\" \/>\n<meta name=\"twitter:card\" content=\"summary_large_image\" \/>\n<meta name=\"twitter:label1\" content=\"Est. reading time\" \/>\n\t<meta name=\"twitter:data1\" content=\"1 minuto\" \/>\n<script type=\"application\/ld+json\" class=\"yoast-schema-graph\">{\"@context\":\"https:\/\/schema.org\",\"@graph\":[{\"@type\":\"WebPage\",\"@id\":\"https:\/\/www.satlabgeo.com\/product\/hydrobeam-m4-multi-beam-echo-sounder\/\",\"url\":\"https:\/\/www.satlabgeo.com\/product\/hydrobeam-m4-multi-beam-echo-sounder\/\",\"name\":\"HydroBeam M4 Multi-Beam Echo Sounder | SatLab\",\"isPartOf\":{\"@id\":\"https:\/\/www.satlabgeo.com\/#website\"},\"datePublished\":\"2023-10-10T08:00:08+00:00\",\"dateModified\":\"2025-04-23T08:59:55+00:00\",\"description\":\"HydroBeam M4 Multi-Beam Echo Sounder is a portable multi-beam bathymetry system suitable for various rivers, lakes, and complex waterways.\",\"breadcrumb\":{\"@id\":\"https:\/\/www.satlabgeo.com\/product\/hydrobeam-m4-multi-beam-echo-sounder\/#breadcrumb\"},\"inLanguage\":\"pt-PT\",\"potentialAction\":[{\"@type\":\"ReadAction\",\"target\":[\"https:\/\/www.satlabgeo.com\/product\/hydrobeam-m4-multi-beam-echo-sounder\/\"]}]},{\"@type\":\"BreadcrumbList\",\"@id\":\"https:\/\/www.satlabgeo.com\/product\/hydrobeam-m4-multi-beam-echo-sounder\/#breadcrumb\",\"itemListElement\":[{\"@type\":\"ListItem\",\"position\":1,\"name\":\"Home\",\"item\":\"https:\/\/www.satlabgeo.com\/\"},{\"@type\":\"ListItem\",\"position\":2,\"name\":\"Products\",\"item\":\"https:\/\/www.satlabgeo.com\/products\/\"},{\"@type\":\"ListItem\",\"position\":3,\"name\":\"HydroBeam M4 Multi-Beam Echo Sounder\"}]},{\"@type\":\"WebSite\",\"@id\":\"https:\/\/www.satlabgeo.com\/#website\",\"url\":\"https:\/\/www.satlabgeo.com\/\",\"name\":\"Global Satellite Positioning Solutions | SatLab Geosolutions AB\",\"description\":\"\",\"publisher\":{\"@id\":\"https:\/\/www.satlabgeo.com\/#organization\"},\"potentialAction\":[{\"@type\":\"SearchAction\",\"target\":{\"@type\":\"EntryPoint\",\"urlTemplate\":\"https:\/\/www.satlabgeo.com\/?s={search_term_string}\"},\"query-input\":\"required name=search_term_string\"}],\"inLanguage\":\"pt-PT\"},{\"@type\":\"Organization\",\"@id\":\"https:\/\/www.satlabgeo.com\/#organization\",\"name\":\"Global Satellite Positioning Solutions | SatLab Geosolutions AB\",\"url\":\"https:\/\/www.satlabgeo.com\/\",\"sameAs\":[],\"logo\":{\"@type\":\"ImageObject\",\"inLanguage\":\"pt-PT\",\"@id\":\"https:\/\/www.satlabgeo.com\/#\/schema\/logo\/image\/\",\"url\":\"https:\/\/www.satlabgeo.com\/wp-content\/uploads\/2025\/08\/satlab-logo.webp\",\"contentUrl\":\"https:\/\/www.satlabgeo.com\/wp-content\/uploads\/2025\/08\/satlab-logo.webp\",\"width\":191,\"height\":48,\"caption\":\"Global Satellite Positioning Solutions | SatLab Geosolutions AB\"},\"image\":{\"@id\":\"https:\/\/www.satlabgeo.com\/#\/schema\/logo\/image\/\"}}]}<\/script>\n<!-- \/ Yoast SEO plugin. -->","yoast_head_json":{"title":"HydroBeam M4 Multi-Beam Echo Sounder | SatLab","description":"HydroBeam M4 Multi-Beam Echo Sounder is a portable multi-beam bathymetry system suitable for various rivers, lakes, and complex waterways.","robots":{"index":"index","follow":"follow","max-snippet":"max-snippet:-1","max-image-preview":"max-image-preview:large","max-video-preview":"max-video-preview:-1"},"canonical":"https:\/\/www.satlabgeo.com\/pt\/product\/hydrobeam-m4-multi-beam-echo-sounder\/","og_locale":"pt_PT","og_type":"article","og_title":"HydroBeam M4 Multi-Beam Echo Sounder | SatLab","og_description":"HydroBeam M4 Multi-Beam Echo Sounder is a portable multi-beam bathymetry system suitable for various rivers, lakes, and complex waterways.","og_url":"https:\/\/www.satlabgeo.com\/pt\/product\/hydrobeam-m4-multi-beam-echo-sounder\/","og_site_name":"Global Satellite Positioning Solutions | SatLab Geosolutions AB","article_modified_time":"2025-04-23T08:59:55+00:00","og_image":[{"width":800,"height":800,"url":"https:\/\/www.satlabgeo.com\/wp-content\/uploads\/2023\/10\/M4800-800.png","type":"image\/png"}],"twitter_card":"summary_large_image","twitter_misc":{"Est. reading time":"1 minuto"},"schema":{"@context":"https:\/\/schema.org","@graph":[{"@type":"WebPage","@id":"https:\/\/www.satlabgeo.com\/product\/hydrobeam-m4-multi-beam-echo-sounder\/","url":"https:\/\/www.satlabgeo.com\/product\/hydrobeam-m4-multi-beam-echo-sounder\/","name":"HydroBeam M4 Multi-Beam Echo Sounder | SatLab","isPartOf":{"@id":"https:\/\/www.satlabgeo.com\/#website"},"datePublished":"2023-10-10T08:00:08+00:00","dateModified":"2025-04-23T08:59:55+00:00","description":"HydroBeam M4 Multi-Beam Echo Sounder is a portable multi-beam bathymetry system suitable for various rivers, lakes, and complex waterways.","breadcrumb":{"@id":"https:\/\/www.satlabgeo.com\/product\/hydrobeam-m4-multi-beam-echo-sounder\/#breadcrumb"},"inLanguage":"pt-PT","potentialAction":[{"@type":"ReadAction","target":["https:\/\/www.satlabgeo.com\/product\/hydrobeam-m4-multi-beam-echo-sounder\/"]}]},{"@type":"BreadcrumbList","@id":"https:\/\/www.satlabgeo.com\/product\/hydrobeam-m4-multi-beam-echo-sounder\/#breadcrumb","itemListElement":[{"@type":"ListItem","position":1,"name":"Home","item":"https:\/\/www.satlabgeo.com\/"},{"@type":"ListItem","position":2,"name":"Products","item":"https:\/\/www.satlabgeo.com\/products\/"},{"@type":"ListItem","position":3,"name":"HydroBeam M4 Multi-Beam Echo Sounder"}]},{"@type":"WebSite","@id":"https:\/\/www.satlabgeo.com\/#website","url":"https:\/\/www.satlabgeo.com\/","name":"Global Satellite Positioning Solutions | SatLab Geosolutions AB","description":"","publisher":{"@id":"https:\/\/www.satlabgeo.com\/#organization"},"potentialAction":[{"@type":"SearchAction","target":{"@type":"EntryPoint","urlTemplate":"https:\/\/www.satlabgeo.com\/?s={search_term_string}"},"query-input":"required name=search_term_string"}],"inLanguage":"pt-PT"},{"@type":"Organization","@id":"https:\/\/www.satlabgeo.com\/#organization","name":"Global Satellite Positioning Solutions | SatLab Geosolutions AB","url":"https:\/\/www.satlabgeo.com\/","sameAs":[],"logo":{"@type":"ImageObject","inLanguage":"pt-PT","@id":"https:\/\/www.satlabgeo.com\/#\/schema\/logo\/image\/","url":"https:\/\/www.satlabgeo.com\/wp-content\/uploads\/2025\/08\/satlab-logo.webp","contentUrl":"https:\/\/www.satlabgeo.com\/wp-content\/uploads\/2025\/08\/satlab-logo.webp","width":191,"height":48,"caption":"Global Satellite Positioning Solutions | SatLab Geosolutions AB"},"image":{"@id":"https:\/\/www.satlabgeo.com\/#\/schema\/logo\/image\/"}}]}},"_links":{"self":[{"href":"https:\/\/www.satlabgeo.com\/pt\/wp-json\/wp\/v2\/product\/1277"}],"collection":[{"href":"https:\/\/www.satlabgeo.com\/pt\/wp-json\/wp\/v2\/product"}],"about":[{"href":"https:\/\/www.satlabgeo.com\/pt\/wp-json\/wp\/v2\/types\/product"}],"replies":[{"embeddable":true,"href":"https:\/\/www.satlabgeo.com\/pt\/wp-json\/wp\/v2\/comments?post=1277"}],"version-history":[{"count":0,"href":"https:\/\/www.satlabgeo.com\/pt\/wp-json\/wp\/v2\/product\/1277\/revisions"}],"wp:featuredmedia":[{"embeddable":true,"href":"https:\/\/www.satlabgeo.com\/pt\/wp-json\/wp\/v2\/media\/1281"}],"wp:attachment":[{"href":"https:\/\/www.satlabgeo.com\/pt\/wp-json\/wp\/v2\/media?parent=1277"}],"wp:term":[{"taxonomy":"product_cat","embeddable":true,"href":"https:\/\/www.satlabgeo.com\/pt\/wp-json\/wp\/v2\/product_cat?post=1277"},{"taxonomy":"product_tag","embeddable":true,"href":"https:\/\/www.satlabgeo.com\/pt\/wp-json\/wp\/v2\/product_tag?post=1277"}],"curies":[{"name":"wp","href":"https:\/\/api.w.org\/{rel}","templated":true}]}}