{"id":1264,"date":"2023-10-07T07:45:38","date_gmt":"2023-10-07T07:45:38","guid":{"rendered":"https:\/\/www.satlabgeo.com\/?post_type=product&#038;p=1264"},"modified":"2025-11-26T03:23:13","modified_gmt":"2025-11-26T03:23:13","slug":"apus-uav-lidar","status":"publish","type":"product","link":"https:\/\/www.satlabgeo.com\/pt\/product\/apus-uav-lidar\/","title":{"rendered":"Apus UAV LiDAR"},"content":{"rendered":"<p><img decoding=\"async\" src=\"https:\/\/www.satlabgeo.com\/wp-content\/uploads\/2023\/10\/APUS-960x336-2.jpg\" alt=\"scanner a laser avan\u00e7ado\" \/><\/p>\n<h4>1. Simplicidade centrada no usu\u00e1rio<\/h4>\n<p>O avan\u00e7ado scanner a laser Apus incorpora eleg\u00e2ncia e simplicidade. Seja voc\u00ea um especialista experiente em levantamentos LiDAR ou esteja apenas come\u00e7ando, nossa instala\u00e7\u00e3o plug-and-play e a opera\u00e7\u00e3o intuitiva com um \u00fanico bot\u00e3o tornam o mapeamento acess\u00edvel a todos. Comece de forma r\u00e1pida e econ\u00f4mica.<\/p>\n<h4>2. Integra\u00e7\u00e3o avan\u00e7ada, desempenho not\u00e1vel<\/h4>\n<p>Dentro do Apus, voc\u00ea encontrar\u00e1 uma fus\u00e3o harmoniosa de inova\u00e7\u00e3o. Com o scanner a laser avan\u00e7ado HESAI, um sistema de navega\u00e7\u00e3o inercial de alta precis\u00e3o auxiliado por GNSS e uma c\u00e2mera de alta resolu\u00e7\u00e3o, tudo elegantemente alojado em uma estrutura compacta de 1 kg. Seus tr\u00eas modos de retorno permitem que ele conquiste terrenos diversos sem esfor\u00e7o.<\/p>\n<h4>3. Fluxo de trabalho cont\u00ednuo, resultados sem esfor\u00e7o<\/h4>\n<p>Aproveitando o poder do software Sat-LiDAR, a Apus revoluciona o fluxo de trabalho com um \u00fanico clique. Todo o processo \u00e9 otimizado e simplificado pela integra\u00e7\u00e3o perfeita de resolu\u00e7\u00e3o de trajet\u00f3ria, fus\u00e3o de dados, ajuste de faixa, otimiza\u00e7\u00e3o de nuvem de pontos e coloriza\u00e7\u00e3o v\u00edvida. O resultado \u00e9 uma combina\u00e7\u00e3o not\u00e1vel de precis\u00e3o e excel\u00eancia visual na gera\u00e7\u00e3o de dados, alcan\u00e7ada com facilidade e efici\u00eancia incompar\u00e1veis.<\/p>\n<div style=\"text-align: center, max-width: 640px; margin: 0 auto;\"><video width=\"300\" height=\"150\" class=\"wp-video-shortcode\" preload=\"metadata\" controls=\"controls\"><source type=\"video\/youtube\" src=\"https:\/\/youtu.be\/6LFP6fbxp5E\" \/><\/video><\/div>","protected":false},"excerpt":{"rendered":"<p>O Apus representa a evolu\u00e7\u00e3o das solu\u00e7\u00f5es LiDAR da SatLab. Este sistema leve, compacto e superior, integra um scanner a laser avan\u00e7ado com uma c\u00e2mera de n\u00edvel industrial e um sofisticado sistema de navega\u00e7\u00e3o inercial, capaz de coletar nuvens de pontos confi\u00e1veis e detalhadas, al\u00e9m de informa\u00e7\u00f5es de imagem ricas.<br \/>\nSuas diversas aplica\u00e7\u00f5es abrangem aquisi\u00e7\u00e3o de dados espaciais 3D para mapeamento de terrenos, eletricidade, pesquisas florestais e agr\u00edcolas, resposta a emerg\u00eancias e planejamento de terras.<\/p>","protected":false},"featured_media":1273,"comment_status":"open","ping_status":"closed","template":"","meta":{"_links_to":"","_links_to_target":""},"product_cat":[22],"product_tag":[],"yoast_head":"<!-- This site is optimized with the Yoast SEO plugin v19.8 - https:\/\/yoast.com\/wordpress\/plugins\/seo\/ -->\n<title>Apus Airborne LiDAR System | SatLab<\/title>\n<meta name=\"description\" content=\"The Apus is a Advanced Laser Scanner LiDAR system, Its diverse applications span across 3D spatial data acquisition for terrain mapping,etc.\" \/>\n<meta name=\"robots\" content=\"index, follow, max-snippet:-1, max-image-preview:large, max-video-preview:-1\" \/>\n<link rel=\"canonical\" href=\"https:\/\/www.satlabgeo.com\/pt\/product\/apus-uav-lidar\/\" \/>\n<meta property=\"og:locale\" content=\"pt_PT\" \/>\n<meta property=\"og:type\" content=\"article\" \/>\n<meta property=\"og:title\" content=\"Apus Airborne LiDAR System | SatLab\" \/>\n<meta property=\"og:description\" content=\"The Apus is a Advanced Laser Scanner LiDAR system, Its diverse applications span across 3D spatial data acquisition for terrain mapping,etc.\" \/>\n<meta property=\"og:url\" content=\"https:\/\/www.satlabgeo.com\/pt\/product\/apus-uav-lidar\/\" \/>\n<meta property=\"og:site_name\" content=\"Global Satellite Positioning Solutions | SatLab Geosolutions AB\" \/>\n<meta property=\"article:modified_time\" content=\"2025-11-26T03:23:13+00:00\" \/>\n<meta property=\"og:image\" content=\"https:\/\/www.satlabgeo.com\/wp-content\/uploads\/2023\/10\/APUSM300\uff08700-700\uff09.png\" \/>\n\t<meta property=\"og:image:width\" content=\"700\" \/>\n\t<meta property=\"og:image:height\" content=\"519\" \/>\n\t<meta property=\"og:image:type\" content=\"image\/png\" \/>\n<meta name=\"twitter:card\" content=\"summary_large_image\" \/>\n<meta name=\"twitter:label1\" content=\"Est. reading time\" \/>\n\t<meta name=\"twitter:data1\" content=\"1 minuto\" \/>\n<script type=\"application\/ld+json\" class=\"yoast-schema-graph\">{\"@context\":\"https:\/\/schema.org\",\"@graph\":[{\"@type\":\"WebPage\",\"@id\":\"https:\/\/www.satlabgeo.com\/product\/apus-uav-lidar\/\",\"url\":\"https:\/\/www.satlabgeo.com\/product\/apus-uav-lidar\/\",\"name\":\"Apus Airborne LiDAR System | SatLab\",\"isPartOf\":{\"@id\":\"https:\/\/www.satlabgeo.com\/#website\"},\"datePublished\":\"2023-10-07T07:45:38+00:00\",\"dateModified\":\"2025-11-26T03:23:13+00:00\",\"description\":\"The Apus is a Advanced Laser Scanner LiDAR system, Its diverse applications span across 3D spatial data acquisition for terrain mapping,etc.\",\"breadcrumb\":{\"@id\":\"https:\/\/www.satlabgeo.com\/product\/apus-uav-lidar\/#breadcrumb\"},\"inLanguage\":\"pt-PT\",\"potentialAction\":[{\"@type\":\"ReadAction\",\"target\":[\"https:\/\/www.satlabgeo.com\/product\/apus-uav-lidar\/\"]}]},{\"@type\":\"BreadcrumbList\",\"@id\":\"https:\/\/www.satlabgeo.com\/product\/apus-uav-lidar\/#breadcrumb\",\"itemListElement\":[{\"@type\":\"ListItem\",\"position\":1,\"name\":\"Home\",\"item\":\"https:\/\/www.satlabgeo.com\/\"},{\"@type\":\"ListItem\",\"position\":2,\"name\":\"Products\",\"item\":\"https:\/\/www.satlabgeo.com\/products\/\"},{\"@type\":\"ListItem\",\"position\":3,\"name\":\"Apus UAV LiDAR\"}]},{\"@type\":\"WebSite\",\"@id\":\"https:\/\/www.satlabgeo.com\/#website\",\"url\":\"https:\/\/www.satlabgeo.com\/\",\"name\":\"Global Satellite Positioning Solutions | SatLab Geosolutions AB\",\"description\":\"\",\"publisher\":{\"@id\":\"https:\/\/www.satlabgeo.com\/#organization\"},\"potentialAction\":[{\"@type\":\"SearchAction\",\"target\":{\"@type\":\"EntryPoint\",\"urlTemplate\":\"https:\/\/www.satlabgeo.com\/?s={search_term_string}\"},\"query-input\":\"required name=search_term_string\"}],\"inLanguage\":\"pt-PT\"},{\"@type\":\"Organization\",\"@id\":\"https:\/\/www.satlabgeo.com\/#organization\",\"name\":\"Global Satellite Positioning Solutions | SatLab Geosolutions AB\",\"url\":\"https:\/\/www.satlabgeo.com\/\",\"sameAs\":[],\"logo\":{\"@type\":\"ImageObject\",\"inLanguage\":\"pt-PT\",\"@id\":\"https:\/\/www.satlabgeo.com\/#\/schema\/logo\/image\/\",\"url\":\"https:\/\/www.satlabgeo.com\/wp-content\/uploads\/2025\/08\/satlab-logo.webp\",\"contentUrl\":\"https:\/\/www.satlabgeo.com\/wp-content\/uploads\/2025\/08\/satlab-logo.webp\",\"width\":191,\"height\":48,\"caption\":\"Global Satellite Positioning Solutions | SatLab Geosolutions AB\"},\"image\":{\"@id\":\"https:\/\/www.satlabgeo.com\/#\/schema\/logo\/image\/\"}}]}<\/script>\n<!-- \/ Yoast SEO plugin. -->","yoast_head_json":{"title":"Apus Airborne LiDAR System | SatLab","description":"The Apus is a Advanced Laser Scanner LiDAR system, Its diverse applications span across 3D spatial data acquisition for terrain mapping,etc.","robots":{"index":"index","follow":"follow","max-snippet":"max-snippet:-1","max-image-preview":"max-image-preview:large","max-video-preview":"max-video-preview:-1"},"canonical":"https:\/\/www.satlabgeo.com\/pt\/product\/apus-uav-lidar\/","og_locale":"pt_PT","og_type":"article","og_title":"Apus Airborne LiDAR System | SatLab","og_description":"The Apus is a Advanced Laser Scanner LiDAR system, Its diverse applications span across 3D spatial data acquisition for terrain mapping,etc.","og_url":"https:\/\/www.satlabgeo.com\/pt\/product\/apus-uav-lidar\/","og_site_name":"Global Satellite Positioning Solutions | SatLab Geosolutions AB","article_modified_time":"2025-11-26T03:23:13+00:00","og_image":[{"width":700,"height":519,"url":"https:\/\/www.satlabgeo.com\/wp-content\/uploads\/2023\/10\/APUSM300\uff08700-700\uff09.png","type":"image\/png"}],"twitter_card":"summary_large_image","twitter_misc":{"Est. reading time":"1 minuto"},"schema":{"@context":"https:\/\/schema.org","@graph":[{"@type":"WebPage","@id":"https:\/\/www.satlabgeo.com\/product\/apus-uav-lidar\/","url":"https:\/\/www.satlabgeo.com\/product\/apus-uav-lidar\/","name":"Apus Airborne LiDAR System | SatLab","isPartOf":{"@id":"https:\/\/www.satlabgeo.com\/#website"},"datePublished":"2023-10-07T07:45:38+00:00","dateModified":"2025-11-26T03:23:13+00:00","description":"The Apus is a Advanced Laser Scanner LiDAR system, Its diverse applications span across 3D spatial data acquisition for terrain mapping,etc.","breadcrumb":{"@id":"https:\/\/www.satlabgeo.com\/product\/apus-uav-lidar\/#breadcrumb"},"inLanguage":"pt-PT","potentialAction":[{"@type":"ReadAction","target":["https:\/\/www.satlabgeo.com\/product\/apus-uav-lidar\/"]}]},{"@type":"BreadcrumbList","@id":"https:\/\/www.satlabgeo.com\/product\/apus-uav-lidar\/#breadcrumb","itemListElement":[{"@type":"ListItem","position":1,"name":"Home","item":"https:\/\/www.satlabgeo.com\/"},{"@type":"ListItem","position":2,"name":"Products","item":"https:\/\/www.satlabgeo.com\/products\/"},{"@type":"ListItem","position":3,"name":"Apus UAV LiDAR"}]},{"@type":"WebSite","@id":"https:\/\/www.satlabgeo.com\/#website","url":"https:\/\/www.satlabgeo.com\/","name":"Global Satellite Positioning Solutions | SatLab Geosolutions AB","description":"","publisher":{"@id":"https:\/\/www.satlabgeo.com\/#organization"},"potentialAction":[{"@type":"SearchAction","target":{"@type":"EntryPoint","urlTemplate":"https:\/\/www.satlabgeo.com\/?s={search_term_string}"},"query-input":"required name=search_term_string"}],"inLanguage":"pt-PT"},{"@type":"Organization","@id":"https:\/\/www.satlabgeo.com\/#organization","name":"Global Satellite Positioning Solutions | SatLab Geosolutions AB","url":"https:\/\/www.satlabgeo.com\/","sameAs":[],"logo":{"@type":"ImageObject","inLanguage":"pt-PT","@id":"https:\/\/www.satlabgeo.com\/#\/schema\/logo\/image\/","url":"https:\/\/www.satlabgeo.com\/wp-content\/uploads\/2025\/08\/satlab-logo.webp","contentUrl":"https:\/\/www.satlabgeo.com\/wp-content\/uploads\/2025\/08\/satlab-logo.webp","width":191,"height":48,"caption":"Global Satellite Positioning Solutions | SatLab Geosolutions AB"},"image":{"@id":"https:\/\/www.satlabgeo.com\/#\/schema\/logo\/image\/"}}]}},"_links":{"self":[{"href":"https:\/\/www.satlabgeo.com\/pt\/wp-json\/wp\/v2\/product\/1264"}],"collection":[{"href":"https:\/\/www.satlabgeo.com\/pt\/wp-json\/wp\/v2\/product"}],"about":[{"href":"https:\/\/www.satlabgeo.com\/pt\/wp-json\/wp\/v2\/types\/product"}],"replies":[{"embeddable":true,"href":"https:\/\/www.satlabgeo.com\/pt\/wp-json\/wp\/v2\/comments?post=1264"}],"version-history":[{"count":2,"href":"https:\/\/www.satlabgeo.com\/pt\/wp-json\/wp\/v2\/product\/1264\/revisions"}],"predecessor-version":[{"id":3174,"href":"https:\/\/www.satlabgeo.com\/pt\/wp-json\/wp\/v2\/product\/1264\/revisions\/3174"}],"wp:featuredmedia":[{"embeddable":true,"href":"https:\/\/www.satlabgeo.com\/pt\/wp-json\/wp\/v2\/media\/1273"}],"wp:attachment":[{"href":"https:\/\/www.satlabgeo.com\/pt\/wp-json\/wp\/v2\/media?parent=1264"}],"wp:term":[{"taxonomy":"product_cat","embeddable":true,"href":"https:\/\/www.satlabgeo.com\/pt\/wp-json\/wp\/v2\/product_cat?post=1264"},{"taxonomy":"product_tag","embeddable":true,"href":"https:\/\/www.satlabgeo.com\/pt\/wp-json\/wp\/v2\/product_tag?post=1264"}],"curies":[{"name":"wp","href":"https:\/\/api.w.org\/{rel}","templated":true}]}}