{"id":1143,"date":"2023-09-04T02:15:05","date_gmt":"2023-09-04T02:15:05","guid":{"rendered":"https:\/\/www.satlabgeo.com\/?post_type=product&#038;p=1143"},"modified":"2025-06-20T16:04:59","modified_gmt":"2025-06-20T16:04:59","slug":"hydroboat-1200-usv","status":"publish","type":"product","link":"https:\/\/www.satlabgeo.com\/pt\/product\/hydroboat-1200-usv\/","title":{"rendered":"HydroBoat 1200 USV"},"content":{"rendered":"<div class=\"landscape\"><a href=\"https:\/\/www.satlabgeo.com\/pt\/contact-us\/\"><img decoding=\"async\" src=\"https:\/\/www.satlabgeo.com\/wp-content\/uploads\/2023\/09\/HydroBoat-1200-.jpg\" alt=\"embarca\u00e7\u00e3o aut\u00f4noma\" class=\"aligncenter\" \/><\/a><\/div>\n<p>&nbsp;<\/p>\n<h2 title=\"embarca\u00e7\u00e3o aut\u00f4noma\"><span style=\"font-size: 18pt;\">Versatilidade e portabilidade incompar\u00e1veis<\/span><\/h2>\n<p><span>Uma plataforma abrangente projetada especialmente para integra\u00e7\u00e3o com diversos dispositivos de medi\u00e7\u00e3o de \u00e1gua para levantamentos hidrogr\u00e1ficos e monitoramento ambiental. Seu design leve e maior manobrabilidade facilitam a flexibilidade operacional em diferentes implementa\u00e7\u00f5es de instrumentos e transporte para levantamentos entre diferentes locais.<\/span><\/p>\n<h3 title=\"embarca\u00e7\u00f5es de pesquisa n\u00e3o tripuladas\"><span style=\"font-size: 18pt;\">Fluxo de \u00e1gua adapt\u00e1vel<\/span><\/h3>\n<p><span>Pairar com precis\u00e3o e rastreamento eficiente da trajet\u00f3ria. Sem medo de ondas e vento. Siga a trajet\u00f3ria predefinida com precis\u00e3o, mesmo em ambientes desafiadores. O design hidrodin\u00e2mico eficiente para as opera\u00e7\u00f5es pretendidas do USV, guiado por simula\u00e7\u00e3o CFD, melhora a estabilidade do casco e a redu\u00e7\u00e3o de ru\u00eddo em condi\u00e7\u00f5es de \u00e1gua e cargas variadas.<\/span><\/p>\n<h3 title=\"embarca\u00e7\u00e3o aut\u00f4noma\"><span style=\"font-size: 18pt;\">Novo algoritmo de combina\u00e7\u00e3o GNSS+IMU<\/span><\/h3>\n<p><span>Com resposta din\u00e2mica de n\u00edvel de milissegundos, o mecanismo CAD de alto desempenho simplifica a sele\u00e7\u00e3o de pontos e linhas de implanta\u00e7\u00e3o, tornando o processo incrivelmente intuitivo e eficiente com apenas um clique.<\/span><\/p>\n<h3><span style=\"font-size: 18pt;\">Melhoria abrangente da seguran\u00e7a<\/span><\/h3>\n<p><span>Seguran\u00e7a e precis\u00e3o 360\u00b0. SBES, GNSS, IMU integrados, c\u00e2mera PTZ 360\u00b0, radar de ondas milim\u00e9tricas e luzes de navega\u00e7\u00e3o bicolor garantem dados precisos de profundidade da \u00e1gua e posicionamento, al\u00e9m de oferecer prote\u00e7\u00e3o completa contra encalhe e colis\u00f5es.<\/span><br \/>\n<\/p>\n<div style=\"text-align: center; max-width: 640px; margin: 0 auto; max-height: 400px;\" >\n<video class=\"wp-video-shortcode\" preload=\"metadata\" controls=\"controls\"><source type=\"video\/youtube\" src=\"https:\/\/youtu.be\/J4VMHv0T0-E\" \/><\/video>\n<\/div>","protected":false},"excerpt":{"rendered":"<p>HydroBoat 1200 \u2014 a personifica\u00e7\u00e3o da compacidade e facilidade, feito sob medida para opera\u00e7\u00e3o perfeita em uma ampla gama de equipamentos.<br \/>\nAprimorada pela tecnologia profissional CFD, sua estabilidade atinge novos patamares. Combinada com um ecobat\u00edmetro de feixe \u00fanico de alta precis\u00e3o, um receptor de posicionamento direcional GNSS e um avan\u00e7ado sistema inteligente de controle de barcos, ela atende habilmente a diversas demandas operacionais aqu\u00e1ticas.<br \/>\nA seguran\u00e7a aprimorada por meio de IMU incorporada, c\u00e2mera panor\u00e2mica e inclina\u00e7\u00e3o de 360\u00b0 e radar de ondas milim\u00e9tricas refor\u00e7a seus atributos de forma abrangente. Esta embarca\u00e7\u00e3o aut\u00f4noma, que pode ser equipada com ADCP de ponta, sonar de varredura lateral, sonda de dupla frequ\u00eancia, medidor multipar\u00e2metro de qualidade da \u00e1gua, sonar de imagem e muito mais, posiciona-se como o parceiro por excel\u00eancia para tarefas que abrangem medi\u00e7\u00e3o de corrente, batimetria, levantamento subaqu\u00e1tico e avalia\u00e7\u00e3o da qualidade da \u00e1gua.<\/p>","protected":false},"featured_media":1157,"comment_status":"open","ping_status":"closed","template":"","meta":{"_links_to":"","_links_to_target":""},"product_cat":[73],"product_tag":[],"yoast_head":"<!-- This site is optimized with the Yoast SEO plugin v19.8 - https:\/\/yoast.com\/wordpress\/plugins\/seo\/ -->\n<title>HydroBoat 1200 USV | SatLab<\/title>\n<meta name=\"description\" content=\"Efficient &amp; reliable, our autonomous vessel are perfect for marine data collection. Hydrographic Surveys. Coastal &amp; Harbor Monitoring.\" \/>\n<meta name=\"robots\" content=\"index, follow, max-snippet:-1, max-image-preview:large, max-video-preview:-1\" \/>\n<link rel=\"canonical\" href=\"https:\/\/www.satlabgeo.com\/pt\/product\/hydroboat-1200-usv\/\" \/>\n<meta property=\"og:locale\" content=\"pt_PT\" \/>\n<meta property=\"og:type\" content=\"article\" \/>\n<meta property=\"og:title\" content=\"HydroBoat 1200 USV | SatLab\" \/>\n<meta property=\"og:description\" content=\"Efficient &amp; reliable, our autonomous vessel are perfect for marine data collection. Hydrographic Surveys. Coastal &amp; Harbor Monitoring.\" \/>\n<meta property=\"og:url\" content=\"https:\/\/www.satlabgeo.com\/pt\/product\/hydroboat-1200-usv\/\" \/>\n<meta property=\"og:site_name\" content=\"Global Satellite Positioning Solutions | SatLab Geosolutions AB\" \/>\n<meta property=\"article:modified_time\" content=\"2025-06-20T16:04:59+00:00\" \/>\n<meta property=\"og:image\" content=\"https:\/\/www.satlabgeo.com\/wp-content\/uploads\/2023\/09\/1.1.png\" \/>\n\t<meta property=\"og:image:width\" content=\"300\" \/>\n\t<meta property=\"og:image:height\" content=\"229\" \/>\n\t<meta property=\"og:image:type\" content=\"image\/png\" \/>\n<meta name=\"twitter:card\" content=\"summary_large_image\" \/>\n<meta name=\"twitter:label1\" content=\"Est. reading time\" \/>\n\t<meta name=\"twitter:data1\" content=\"1 minuto\" \/>\n<script type=\"application\/ld+json\" class=\"yoast-schema-graph\">{\"@context\":\"https:\/\/schema.org\",\"@graph\":[{\"@type\":\"WebPage\",\"@id\":\"https:\/\/www.satlabgeo.com\/product\/hydroboat-1200-usv\/\",\"url\":\"https:\/\/www.satlabgeo.com\/product\/hydroboat-1200-usv\/\",\"name\":\"HydroBoat 1200 USV | SatLab\",\"isPartOf\":{\"@id\":\"https:\/\/www.satlabgeo.com\/#website\"},\"datePublished\":\"2023-09-04T02:15:05+00:00\",\"dateModified\":\"2025-06-20T16:04:59+00:00\",\"description\":\"Efficient & reliable, our autonomous vessel are perfect for marine data collection. Hydrographic Surveys. Coastal & Harbor Monitoring.\",\"breadcrumb\":{\"@id\":\"https:\/\/www.satlabgeo.com\/product\/hydroboat-1200-usv\/#breadcrumb\"},\"inLanguage\":\"pt-PT\",\"potentialAction\":[{\"@type\":\"ReadAction\",\"target\":[\"https:\/\/www.satlabgeo.com\/product\/hydroboat-1200-usv\/\"]}]},{\"@type\":\"BreadcrumbList\",\"@id\":\"https:\/\/www.satlabgeo.com\/product\/hydroboat-1200-usv\/#breadcrumb\",\"itemListElement\":[{\"@type\":\"ListItem\",\"position\":1,\"name\":\"Home\",\"item\":\"https:\/\/www.satlabgeo.com\/\"},{\"@type\":\"ListItem\",\"position\":2,\"name\":\"Products\",\"item\":\"https:\/\/www.satlabgeo.com\/products\/\"},{\"@type\":\"ListItem\",\"position\":3,\"name\":\"HydroBoat 1200 USV\"}]},{\"@type\":\"WebSite\",\"@id\":\"https:\/\/www.satlabgeo.com\/#website\",\"url\":\"https:\/\/www.satlabgeo.com\/\",\"name\":\"Global Satellite Positioning Solutions | SatLab Geosolutions AB\",\"description\":\"\",\"publisher\":{\"@id\":\"https:\/\/www.satlabgeo.com\/#organization\"},\"potentialAction\":[{\"@type\":\"SearchAction\",\"target\":{\"@type\":\"EntryPoint\",\"urlTemplate\":\"https:\/\/www.satlabgeo.com\/?s={search_term_string}\"},\"query-input\":\"required name=search_term_string\"}],\"inLanguage\":\"pt-PT\"},{\"@type\":\"Organization\",\"@id\":\"https:\/\/www.satlabgeo.com\/#organization\",\"name\":\"Global Satellite Positioning Solutions | SatLab Geosolutions AB\",\"url\":\"https:\/\/www.satlabgeo.com\/\",\"sameAs\":[],\"logo\":{\"@type\":\"ImageObject\",\"inLanguage\":\"pt-PT\",\"@id\":\"https:\/\/www.satlabgeo.com\/#\/schema\/logo\/image\/\",\"url\":\"https:\/\/www.satlabgeo.com\/wp-content\/uploads\/2025\/08\/satlab-logo.webp\",\"contentUrl\":\"https:\/\/www.satlabgeo.com\/wp-content\/uploads\/2025\/08\/satlab-logo.webp\",\"width\":191,\"height\":48,\"caption\":\"Global Satellite Positioning Solutions | SatLab Geosolutions AB\"},\"image\":{\"@id\":\"https:\/\/www.satlabgeo.com\/#\/schema\/logo\/image\/\"}}]}<\/script>\n<!-- \/ Yoast SEO plugin. -->","yoast_head_json":{"title":"HydroBoat 1200 USV | SatLab","description":"Efficient & reliable, our autonomous vessel are perfect for marine data collection. Hydrographic Surveys. Coastal & Harbor Monitoring.","robots":{"index":"index","follow":"follow","max-snippet":"max-snippet:-1","max-image-preview":"max-image-preview:large","max-video-preview":"max-video-preview:-1"},"canonical":"https:\/\/www.satlabgeo.com\/pt\/product\/hydroboat-1200-usv\/","og_locale":"pt_PT","og_type":"article","og_title":"HydroBoat 1200 USV | SatLab","og_description":"Efficient & reliable, our autonomous vessel are perfect for marine data collection. Hydrographic Surveys. Coastal & Harbor Monitoring.","og_url":"https:\/\/www.satlabgeo.com\/pt\/product\/hydroboat-1200-usv\/","og_site_name":"Global Satellite Positioning Solutions | SatLab Geosolutions AB","article_modified_time":"2025-06-20T16:04:59+00:00","og_image":[{"width":300,"height":229,"url":"https:\/\/www.satlabgeo.com\/wp-content\/uploads\/2023\/09\/1.1.png","type":"image\/png"}],"twitter_card":"summary_large_image","twitter_misc":{"Est. reading time":"1 minuto"},"schema":{"@context":"https:\/\/schema.org","@graph":[{"@type":"WebPage","@id":"https:\/\/www.satlabgeo.com\/product\/hydroboat-1200-usv\/","url":"https:\/\/www.satlabgeo.com\/product\/hydroboat-1200-usv\/","name":"HydroBoat 1200 USV | SatLab","isPartOf":{"@id":"https:\/\/www.satlabgeo.com\/#website"},"datePublished":"2023-09-04T02:15:05+00:00","dateModified":"2025-06-20T16:04:59+00:00","description":"Efficient & reliable, our autonomous vessel are perfect for marine data collection. Hydrographic Surveys. Coastal & Harbor Monitoring.","breadcrumb":{"@id":"https:\/\/www.satlabgeo.com\/product\/hydroboat-1200-usv\/#breadcrumb"},"inLanguage":"pt-PT","potentialAction":[{"@type":"ReadAction","target":["https:\/\/www.satlabgeo.com\/product\/hydroboat-1200-usv\/"]}]},{"@type":"BreadcrumbList","@id":"https:\/\/www.satlabgeo.com\/product\/hydroboat-1200-usv\/#breadcrumb","itemListElement":[{"@type":"ListItem","position":1,"name":"Home","item":"https:\/\/www.satlabgeo.com\/"},{"@type":"ListItem","position":2,"name":"Products","item":"https:\/\/www.satlabgeo.com\/products\/"},{"@type":"ListItem","position":3,"name":"HydroBoat 1200 USV"}]},{"@type":"WebSite","@id":"https:\/\/www.satlabgeo.com\/#website","url":"https:\/\/www.satlabgeo.com\/","name":"Global Satellite Positioning Solutions | SatLab Geosolutions AB","description":"","publisher":{"@id":"https:\/\/www.satlabgeo.com\/#organization"},"potentialAction":[{"@type":"SearchAction","target":{"@type":"EntryPoint","urlTemplate":"https:\/\/www.satlabgeo.com\/?s={search_term_string}"},"query-input":"required name=search_term_string"}],"inLanguage":"pt-PT"},{"@type":"Organization","@id":"https:\/\/www.satlabgeo.com\/#organization","name":"Global Satellite Positioning Solutions | SatLab Geosolutions AB","url":"https:\/\/www.satlabgeo.com\/","sameAs":[],"logo":{"@type":"ImageObject","inLanguage":"pt-PT","@id":"https:\/\/www.satlabgeo.com\/#\/schema\/logo\/image\/","url":"https:\/\/www.satlabgeo.com\/wp-content\/uploads\/2025\/08\/satlab-logo.webp","contentUrl":"https:\/\/www.satlabgeo.com\/wp-content\/uploads\/2025\/08\/satlab-logo.webp","width":191,"height":48,"caption":"Global Satellite Positioning Solutions | SatLab Geosolutions AB"},"image":{"@id":"https:\/\/www.satlabgeo.com\/#\/schema\/logo\/image\/"}}]}},"_links":{"self":[{"href":"https:\/\/www.satlabgeo.com\/pt\/wp-json\/wp\/v2\/product\/1143"}],"collection":[{"href":"https:\/\/www.satlabgeo.com\/pt\/wp-json\/wp\/v2\/product"}],"about":[{"href":"https:\/\/www.satlabgeo.com\/pt\/wp-json\/wp\/v2\/types\/product"}],"replies":[{"embeddable":true,"href":"https:\/\/www.satlabgeo.com\/pt\/wp-json\/wp\/v2\/comments?post=1143"}],"version-history":[{"count":18,"href":"https:\/\/www.satlabgeo.com\/pt\/wp-json\/wp\/v2\/product\/1143\/revisions"}],"predecessor-version":[{"id":2677,"href":"https:\/\/www.satlabgeo.com\/pt\/wp-json\/wp\/v2\/product\/1143\/revisions\/2677"}],"wp:featuredmedia":[{"embeddable":true,"href":"https:\/\/www.satlabgeo.com\/pt\/wp-json\/wp\/v2\/media\/1157"}],"wp:attachment":[{"href":"https:\/\/www.satlabgeo.com\/pt\/wp-json\/wp\/v2\/media?parent=1143"}],"wp:term":[{"taxonomy":"product_cat","embeddable":true,"href":"https:\/\/www.satlabgeo.com\/pt\/wp-json\/wp\/v2\/product_cat?post=1143"},{"taxonomy":"product_tag","embeddable":true,"href":"https:\/\/www.satlabgeo.com\/pt\/wp-json\/wp\/v2\/product_tag?post=1143"}],"curies":[{"name":"wp","href":"https:\/\/api.w.org\/{rel}","templated":true}]}}