{"id":1016,"date":"2023-07-11T06:10:08","date_gmt":"2023-07-11T06:10:08","guid":{"rendered":"https:\/\/www.satlabgeo.com\/?post_type=product&#038;p=1016"},"modified":"2025-11-26T03:25:42","modified_gmt":"2025-11-26T03:25:42","slug":"sl7-gnss-rtk-system","status":"publish","type":"product","link":"https:\/\/www.satlabgeo.com\/pt\/product\/sl7-gnss-rtk-system\/","title":{"rendered":"Sistema SL7 GNSS RTK"},"content":{"rendered":"<div class=\"landscape\"><img decoding=\"async\" src=\"https:\/\/www.satlabgeo.com\/wp-content\/uploads\/2023\/07\/SL7-banner.jpg\" alt=\"receptor GNSS port\u00e1til\" class=\"aligncenter\" \/><\/div>\n<p>&nbsp;<\/p>\n<h4 title=\"receptor GNSS port\u00e1til\"><span style=\"font-size: 18pt;\">1. Poderosos recursos de rastreamento de sat\u00e9lite e anti-interfer\u00eancia<\/span><\/h4>\n<p><span>O design exclusivo e a antena desenvolvida pelo SatLab garantem uma opera\u00e7\u00e3o est\u00e1vel e eficiente. Um chip de placa-m\u00e3e altamente integrado com baixo consumo de energia, com suporte para at\u00e9 1408\/1760 canais, rastreia constela\u00e7\u00f5es e frequ\u00eancias completas. A excelente configura\u00e7\u00e3o de hardware suprime a interfer\u00eancia de sinal e obt\u00e9m dados de rastreamento de sat\u00e9lite de alta qualidade, garantindo desempenho e precis\u00e3o mesmo em ambientes complexos.<\/span><\/p>\n<h4>2. A navega\u00e7\u00e3o visual facilita a demarca\u00e7\u00e3o<\/h4>\n<p><span>A c\u00e2mera HD de n\u00edvel Star oferece aos usu\u00e1rios uma experi\u00eancia imersiva de navega\u00e7\u00e3o visual 3D e de piquetagem. A piquetagem em realidade aumentada (RA) do software Satsurv oferece orienta\u00e7\u00e3o por seta na cena real e exibi\u00e7\u00e3o da dist\u00e2ncia em tempo real para que os usu\u00e1rios localizem rapidamente o ponto-alvo. A fun\u00e7\u00e3o de RA tamb\u00e9m pode ser executada em atividades como piquetagem de linha e piquetagem de mapa baseado em CAD. A piquetagem em RA melhora a efici\u00eancia de trabalho em quase 50% em compara\u00e7\u00e3o com a piquetagem tradicional em modo gr\u00e1fico e texto.<\/span><\/p>\n<h4>3. Medi\u00e7\u00e3o de inclina\u00e7\u00e3o precisa e confi\u00e1vel<\/h4>\n<p><span>O receptor GNSS port\u00e1til SL7 utiliza a mais avan\u00e7ada tecnologia de medi\u00e7\u00e3o de inclina\u00e7\u00e3o da SatLab e, com um m\u00f3dulo IMU de 200 Hz integrado e inicializa\u00e7\u00e3o autom\u00e1tica ao ligar, pode concluir automaticamente o processo de calibra\u00e7\u00e3o de inclina\u00e7\u00e3o sem esperar por uma solu\u00e7\u00e3o fixa durante a opera\u00e7\u00e3o. Al\u00e9m disso, pode medir e demarcar com precis\u00e3o de n\u00edvel de levantamento em uma faixa de compensa\u00e7\u00e3o de inclina\u00e7\u00e3o de at\u00e9 60\u00b0, aumentando a efici\u00eancia em quase 30%.<\/span><\/p>\n<h4>4. Maior dura\u00e7\u00e3o da bateria e melhor portabilidade<\/h4>\n<p><span>Com toda a estrutura otimizada com novo hardware, o receptor GNSS port\u00e1til pesa apenas 750 g. Seu design de hardware com efici\u00eancia energ\u00e9tica garante uma vida \u00fatil da bateria estendida de at\u00e9 24 horas, permitindo que os usu\u00e1rios aproveitem a portabilidade sem se preocupar com o esgotamento da bateria.<\/span><\/p>\n<div style=\"text-align: center, max-width: 640px; margin: 0 auto;\"><video width=\"300\" height=\"150\" class=\"wp-video-shortcode\" preload=\"metadata\" controls=\"controls\"><source type=\"video\/youtube\" src=\"https:\/\/youtu.be\/5CsGRtWIPqU\" \/><\/video><\/div>","protected":false},"excerpt":{"rendered":"<p>SatLab SL7, um receptor GNSS compacto e port\u00e1til com fun\u00e7\u00e3o de demarca\u00e7\u00e3o visual, \u00e9 energeticamente eficiente e turbinado por um chip avan\u00e7ado, proporcionando at\u00e9 24 horas de opera\u00e7\u00e3o. A c\u00e2mera HD de n\u00edvel starlight na parte inferior permite que voc\u00ea execute demarca\u00e7\u00e3o visual com precis\u00e3o, e seu corpo leve de 750 g e a fun\u00e7\u00e3o de demarca\u00e7\u00e3o AR tornam o trabalho tradicional de levantamento e mapeamento mais f\u00e1cil e simples.<\/p>","protected":false},"featured_media":1020,"comment_status":"open","ping_status":"closed","template":"","meta":{"_links_to":"","_links_to_target":""},"product_cat":[26],"product_tag":[78,79,80,81,82],"yoast_head":"<!-- This site is optimized with the Yoast SEO plugin v19.8 - https:\/\/yoast.com\/wordpress\/plugins\/seo\/ -->\n<title>SL7 GNSS RTK System | Global Satellite Positioning Solutions | SatLab Geosolutions AB<\/title>\n<meta name=\"description\" content=\"The portable GNSS receiver-SL7 is integrates the latest GNSS, IMU, RTK, and premium dual-camera technologies to boost survey efficiency.\" \/>\n<meta name=\"robots\" content=\"index, follow, max-snippet:-1, max-image-preview:large, max-video-preview:-1\" \/>\n<link rel=\"canonical\" href=\"https:\/\/www.satlabgeo.com\/pt\/product\/sl7-gnss-rtk-system\/\" \/>\n<meta property=\"og:locale\" content=\"pt_PT\" \/>\n<meta property=\"og:type\" content=\"article\" \/>\n<meta property=\"og:title\" content=\"SL7 GNSS RTK System | Global Satellite Positioning Solutions | SatLab Geosolutions AB\" \/>\n<meta property=\"og:description\" content=\"The portable GNSS receiver-SL7 is integrates the latest GNSS, IMU, RTK, and premium dual-camera technologies to boost survey efficiency.\" \/>\n<meta property=\"og:url\" content=\"https:\/\/www.satlabgeo.com\/pt\/product\/sl7-gnss-rtk-system\/\" \/>\n<meta property=\"og:site_name\" content=\"Global Satellite Positioning Solutions | SatLab Geosolutions AB\" \/>\n<meta property=\"article:modified_time\" content=\"2025-11-26T03:25:42+00:00\" \/>\n<meta property=\"og:image\" content=\"https:\/\/www.satlabgeo.com\/wp-content\/uploads\/2023\/07\/SL7-02.png\" \/>\n\t<meta property=\"og:image:width\" content=\"744\" \/>\n\t<meta property=\"og:image:height\" content=\"705\" \/>\n\t<meta property=\"og:image:type\" content=\"image\/png\" \/>\n<meta name=\"twitter:card\" content=\"summary_large_image\" \/>\n<meta name=\"twitter:label1\" content=\"Est. reading time\" \/>\n\t<meta name=\"twitter:data1\" content=\"2 minutos\" \/>\n<script type=\"application\/ld+json\" class=\"yoast-schema-graph\">{\"@context\":\"https:\/\/schema.org\",\"@graph\":[{\"@type\":\"WebPage\",\"@id\":\"https:\/\/www.satlabgeo.com\/product\/sl7-gnss-rtk-system\/\",\"url\":\"https:\/\/www.satlabgeo.com\/product\/sl7-gnss-rtk-system\/\",\"name\":\"SL7 GNSS RTK System | Global Satellite Positioning Solutions | SatLab Geosolutions AB\",\"isPartOf\":{\"@id\":\"https:\/\/www.satlabgeo.com\/#website\"},\"datePublished\":\"2023-07-11T06:10:08+00:00\",\"dateModified\":\"2025-11-26T03:25:42+00:00\",\"description\":\"The portable GNSS receiver-SL7 is integrates the latest GNSS, IMU, RTK, and premium dual-camera technologies to boost survey efficiency.\",\"breadcrumb\":{\"@id\":\"https:\/\/www.satlabgeo.com\/product\/sl7-gnss-rtk-system\/#breadcrumb\"},\"inLanguage\":\"pt-PT\",\"potentialAction\":[{\"@type\":\"ReadAction\",\"target\":[\"https:\/\/www.satlabgeo.com\/product\/sl7-gnss-rtk-system\/\"]}]},{\"@type\":\"BreadcrumbList\",\"@id\":\"https:\/\/www.satlabgeo.com\/product\/sl7-gnss-rtk-system\/#breadcrumb\",\"itemListElement\":[{\"@type\":\"ListItem\",\"position\":1,\"name\":\"Home\",\"item\":\"https:\/\/www.satlabgeo.com\/\"},{\"@type\":\"ListItem\",\"position\":2,\"name\":\"Products\",\"item\":\"https:\/\/www.satlabgeo.com\/products\/\"},{\"@type\":\"ListItem\",\"position\":3,\"name\":\"SL7 GNSS RTK System\"}]},{\"@type\":\"WebSite\",\"@id\":\"https:\/\/www.satlabgeo.com\/#website\",\"url\":\"https:\/\/www.satlabgeo.com\/\",\"name\":\"Global Satellite Positioning Solutions | SatLab Geosolutions AB\",\"description\":\"\",\"publisher\":{\"@id\":\"https:\/\/www.satlabgeo.com\/#organization\"},\"potentialAction\":[{\"@type\":\"SearchAction\",\"target\":{\"@type\":\"EntryPoint\",\"urlTemplate\":\"https:\/\/www.satlabgeo.com\/?s={search_term_string}\"},\"query-input\":\"required name=search_term_string\"}],\"inLanguage\":\"pt-PT\"},{\"@type\":\"Organization\",\"@id\":\"https:\/\/www.satlabgeo.com\/#organization\",\"name\":\"Global Satellite Positioning Solutions | SatLab Geosolutions AB\",\"url\":\"https:\/\/www.satlabgeo.com\/\",\"sameAs\":[],\"logo\":{\"@type\":\"ImageObject\",\"inLanguage\":\"pt-PT\",\"@id\":\"https:\/\/www.satlabgeo.com\/#\/schema\/logo\/image\/\",\"url\":\"https:\/\/www.satlabgeo.com\/wp-content\/uploads\/2025\/08\/satlab-logo.webp\",\"contentUrl\":\"https:\/\/www.satlabgeo.com\/wp-content\/uploads\/2025\/08\/satlab-logo.webp\",\"width\":191,\"height\":48,\"caption\":\"Global Satellite Positioning Solutions | SatLab Geosolutions AB\"},\"image\":{\"@id\":\"https:\/\/www.satlabgeo.com\/#\/schema\/logo\/image\/\"}}]}<\/script>\n<!-- \/ Yoast SEO plugin. -->","yoast_head_json":{"title":"SL7 GNSS RTK System | Global Satellite Positioning Solutions | SatLab Geosolutions AB","description":"The portable GNSS receiver-SL7 is integrates the latest GNSS, IMU, RTK, and premium dual-camera technologies to boost survey efficiency.","robots":{"index":"index","follow":"follow","max-snippet":"max-snippet:-1","max-image-preview":"max-image-preview:large","max-video-preview":"max-video-preview:-1"},"canonical":"https:\/\/www.satlabgeo.com\/pt\/product\/sl7-gnss-rtk-system\/","og_locale":"pt_PT","og_type":"article","og_title":"SL7 GNSS RTK System | Global Satellite Positioning Solutions | SatLab Geosolutions AB","og_description":"The portable GNSS receiver-SL7 is integrates the latest GNSS, IMU, RTK, and premium dual-camera technologies to boost survey efficiency.","og_url":"https:\/\/www.satlabgeo.com\/pt\/product\/sl7-gnss-rtk-system\/","og_site_name":"Global Satellite Positioning Solutions | SatLab Geosolutions AB","article_modified_time":"2025-11-26T03:25:42+00:00","og_image":[{"width":744,"height":705,"url":"https:\/\/www.satlabgeo.com\/wp-content\/uploads\/2023\/07\/SL7-02.png","type":"image\/png"}],"twitter_card":"summary_large_image","twitter_misc":{"Est. reading time":"2 minutos"},"schema":{"@context":"https:\/\/schema.org","@graph":[{"@type":"WebPage","@id":"https:\/\/www.satlabgeo.com\/product\/sl7-gnss-rtk-system\/","url":"https:\/\/www.satlabgeo.com\/product\/sl7-gnss-rtk-system\/","name":"SL7 GNSS RTK System | Global Satellite Positioning Solutions | SatLab Geosolutions AB","isPartOf":{"@id":"https:\/\/www.satlabgeo.com\/#website"},"datePublished":"2023-07-11T06:10:08+00:00","dateModified":"2025-11-26T03:25:42+00:00","description":"The portable GNSS receiver-SL7 is integrates the latest GNSS, IMU, RTK, and premium dual-camera technologies to boost survey efficiency.","breadcrumb":{"@id":"https:\/\/www.satlabgeo.com\/product\/sl7-gnss-rtk-system\/#breadcrumb"},"inLanguage":"pt-PT","potentialAction":[{"@type":"ReadAction","target":["https:\/\/www.satlabgeo.com\/product\/sl7-gnss-rtk-system\/"]}]},{"@type":"BreadcrumbList","@id":"https:\/\/www.satlabgeo.com\/product\/sl7-gnss-rtk-system\/#breadcrumb","itemListElement":[{"@type":"ListItem","position":1,"name":"Home","item":"https:\/\/www.satlabgeo.com\/"},{"@type":"ListItem","position":2,"name":"Products","item":"https:\/\/www.satlabgeo.com\/products\/"},{"@type":"ListItem","position":3,"name":"SL7 GNSS RTK System"}]},{"@type":"WebSite","@id":"https:\/\/www.satlabgeo.com\/#website","url":"https:\/\/www.satlabgeo.com\/","name":"Global Satellite Positioning Solutions | SatLab Geosolutions AB","description":"","publisher":{"@id":"https:\/\/www.satlabgeo.com\/#organization"},"potentialAction":[{"@type":"SearchAction","target":{"@type":"EntryPoint","urlTemplate":"https:\/\/www.satlabgeo.com\/?s={search_term_string}"},"query-input":"required name=search_term_string"}],"inLanguage":"pt-PT"},{"@type":"Organization","@id":"https:\/\/www.satlabgeo.com\/#organization","name":"Global Satellite Positioning Solutions | SatLab Geosolutions AB","url":"https:\/\/www.satlabgeo.com\/","sameAs":[],"logo":{"@type":"ImageObject","inLanguage":"pt-PT","@id":"https:\/\/www.satlabgeo.com\/#\/schema\/logo\/image\/","url":"https:\/\/www.satlabgeo.com\/wp-content\/uploads\/2025\/08\/satlab-logo.webp","contentUrl":"https:\/\/www.satlabgeo.com\/wp-content\/uploads\/2025\/08\/satlab-logo.webp","width":191,"height":48,"caption":"Global Satellite Positioning Solutions | SatLab Geosolutions AB"},"image":{"@id":"https:\/\/www.satlabgeo.com\/#\/schema\/logo\/image\/"}}]}},"_links":{"self":[{"href":"https:\/\/www.satlabgeo.com\/pt\/wp-json\/wp\/v2\/product\/1016"}],"collection":[{"href":"https:\/\/www.satlabgeo.com\/pt\/wp-json\/wp\/v2\/product"}],"about":[{"href":"https:\/\/www.satlabgeo.com\/pt\/wp-json\/wp\/v2\/types\/product"}],"replies":[{"embeddable":true,"href":"https:\/\/www.satlabgeo.com\/pt\/wp-json\/wp\/v2\/comments?post=1016"}],"version-history":[{"count":6,"href":"https:\/\/www.satlabgeo.com\/pt\/wp-json\/wp\/v2\/product\/1016\/revisions"}],"predecessor-version":[{"id":3176,"href":"https:\/\/www.satlabgeo.com\/pt\/wp-json\/wp\/v2\/product\/1016\/revisions\/3176"}],"wp:featuredmedia":[{"embeddable":true,"href":"https:\/\/www.satlabgeo.com\/pt\/wp-json\/wp\/v2\/media\/1020"}],"wp:attachment":[{"href":"https:\/\/www.satlabgeo.com\/pt\/wp-json\/wp\/v2\/media?parent=1016"}],"wp:term":[{"taxonomy":"product_cat","embeddable":true,"href":"https:\/\/www.satlabgeo.com\/pt\/wp-json\/wp\/v2\/product_cat?post=1016"},{"taxonomy":"product_tag","embeddable":true,"href":"https:\/\/www.satlabgeo.com\/pt\/wp-json\/wp\/v2\/product_tag?post=1016"}],"curies":[{"name":"wp","href":"https:\/\/api.w.org\/{rel}","templated":true}]}}