{"id":871,"date":"2023-03-02T06:08:44","date_gmt":"2023-03-02T06:08:44","guid":{"rendered":"http:\/\/satlab.aiorange.cn\/?page_id=871"},"modified":"2023-11-20T07:37:33","modified_gmt":"2023-11-20T07:37:33","slug":"industries","status":"publish","type":"page","link":"https:\/\/www.satlabgeo.com\/pt\/industries\/","title":{"rendered":"Ind\u00fastrias"},"content":{"rendered":"<div class=\"industries-flex\" data-aos=\"fade-up\">\n<p><img decoding=\"async\" src=\"https:\/\/www.satlabgeo.com\/wp-content\/uploads\/2023\/11\/Surveying-Engineering-1920x960-1.png\" alt=\"Topografia-Engenharia-Ind\u00fastrias\" style=\"width: 100%;\" \/><\/p>\n<div class=\"industries-center\">\n<div class=\"industries-por\">\n<h3>Topografia e Engenharia<\/h3>\n<p>Juntamente com software profissional de processamento e an\u00e1lise de dados, os produtos avan\u00e7ados de topografia e solu\u00e7\u00f5es industriais da SatLab fornecem medi\u00e7\u00f5es precisas e posicionamento de caracter\u00edsticas f\u00edsicas para engenharia civil, topografia, topografia, hidrografia e minas.<\/p>\n<p><a href=\"https:\/\/www.satlabgeo.com\/pt\/surveying-engineering\/\" class=\"learn-more\">SABER MAIS<\/a><\/p>\n<\/div>\n<\/div>\n<\/div>\n<div class=\"industries-flex\" data-aos=\"fade-up\">\n<p><img decoding=\"async\" src=\"https:\/\/www.satlabgeo.com\/wp-content\/uploads\/2023\/11\/Hydrography-Bathymetry-industries.png\" alt=\"Hidrografia-Batimetria-Ind\u00fastrias\" style=\"width: 100%;\" \/><\/p>\n<div class=\"industries-center\">\n<div class=\"industries-por\">\n<h3>Hidrografia e Batimetria<\/h3>\n<p>Aproveitando os inovadores sistemas de posicionamento ac\u00fastico subaqu\u00e1tico e tecnologias de sonar, os produtos marinhos da SatLab fornecem dados de alta resolu\u00e7\u00e3o para c\u00e1lculo de volume de areia, medi\u00e7\u00e3o de fluxo de \u00e1gua, avalia\u00e7\u00f5es de inunda\u00e7\u00f5es, navega\u00e7\u00e3o segura e potenciais desenvolvimentos de projetos subaqu\u00e1ticos em termos de precis\u00e3o e confiabilidade, al\u00e9m de contribuir para a gest\u00e3o de recursos h\u00eddricos, restaura\u00e7\u00e3o ecol\u00f3gica da \u00e1gua e prote\u00e7\u00e3o ambiental da \u00e1gua.<\/p>\n<p><a href=\"https:\/\/www.satlabgeo.com\/pt\/hydrography-bathymetry\/\" class=\"learn-more\">SABER MAIS<\/a><\/p>\n<\/div>\n<\/div>\n<\/div>\n<div class=\"industries-flex\" data-aos=\"fade-up\">\n<p><img decoding=\"async\" src=\"https:\/\/www.satlabgeo.com\/wp-content\/uploads\/2023\/11\/Electricity-industies.png\" alt=\"Ind\u00fastrias de eletricidade\" style=\"width: 100%;\" \/><\/p>\n<div class=\"industries-center\">\n<div class=\"industries-por\">\n<h3>Eletricidade<\/h3>\n<p>Ao integrar tecnologias GNSS, computa\u00e7\u00e3o em nuvem, big data e LiDAR, o SatLab ajuda a obter sincroniza\u00e7\u00e3o de tempo de alta precis\u00e3o e a garantir a estabilidade da rede para sistemas de infraestrutura de rede inteligente, eliminando as possibilidades de riscos \u00e0 seguran\u00e7a e controle de energia inst\u00e1vel em controle remoto, monitoramento, coleta de dados e outras opera\u00e7\u00f5es de campo.<\/p>\n<p><a href=\"https:\/\/www.satlabgeo.com\/pt\/electricity\/\" class=\"learn-more\">SABER MAIS<\/a><\/p>\n<\/div>\n<\/div>\n<\/div>","protected":false},"excerpt":{"rendered":"<p>Topografia e Engenharia Juntamente com software profissional de processamento e an\u00e1lise de dados, os produtos avan\u00e7ados de topografia da SatLab [\u2026]<\/p>","protected":false},"author":1,"featured_media":0,"parent":0,"menu_order":0,"comment_status":"closed","ping_status":"closed","template":"","meta":{"_links_to":"","_links_to_target":""},"yoast_head":"<!-- This site is optimized with the Yoast SEO plugin v19.8 - https:\/\/yoast.com\/wordpress\/plugins\/seo\/ -->\n<title>Industries | Global Satellite Positioning Solutions | SatLab Geosolutions AB<\/title>\n<meta name=\"description\" content=\"3D laser scanner_power_mining_agricultural machinery_underwater terrain survey and other surveying and mapping industry applications-SatLab\" \/>\n<meta name=\"robots\" content=\"index, follow, max-snippet:-1, max-image-preview:large, max-video-preview:-1\" \/>\n<link rel=\"canonical\" href=\"https:\/\/www.satlabgeo.com\/pt\/industries\/\" \/>\n<meta property=\"og:locale\" content=\"pt_PT\" \/>\n<meta property=\"og:type\" content=\"article\" \/>\n<meta property=\"og:title\" content=\"Industries | Global Satellite Positioning Solutions | SatLab Geosolutions AB\" \/>\n<meta property=\"og:description\" content=\"3D laser scanner_power_mining_agricultural machinery_underwater terrain survey and other surveying and mapping industry applications-SatLab\" \/>\n<meta property=\"og:url\" content=\"https:\/\/www.satlabgeo.com\/pt\/industries\/\" \/>\n<meta property=\"og:site_name\" content=\"Global Satellite Positioning Solutions | SatLab Geosolutions AB\" \/>\n<meta property=\"article:modified_time\" content=\"2023-11-20T07:37:33+00:00\" \/>\n<meta property=\"og:image\" content=\"https:\/\/www.satlabgeo.com\/wp-content\/uploads\/2023\/11\/Surveying-Engineering-1920x960-1.png\" \/>\n<meta name=\"twitter:card\" content=\"summary_large_image\" \/>\n<meta name=\"twitter:label1\" content=\"Est. reading time\" \/>\n\t<meta name=\"twitter:data1\" content=\"2 minutos\" \/>\n<script type=\"application\/ld+json\" class=\"yoast-schema-graph\">{\"@context\":\"https:\/\/schema.org\",\"@graph\":[{\"@type\":\"WebPage\",\"@id\":\"https:\/\/www.satlabgeo.com\/industries\/\",\"url\":\"https:\/\/www.satlabgeo.com\/industries\/\",\"name\":\"Industries | Global Satellite Positioning Solutions | SatLab Geosolutions AB\",\"isPartOf\":{\"@id\":\"https:\/\/www.satlabgeo.com\/#website\"},\"datePublished\":\"2023-03-02T06:08:44+00:00\",\"dateModified\":\"2023-11-20T07:37:33+00:00\",\"description\":\"3D laser scanner_power_mining_agricultural machinery_underwater terrain survey and other surveying and mapping industry applications-SatLab\",\"breadcrumb\":{\"@id\":\"https:\/\/www.satlabgeo.com\/industries\/#breadcrumb\"},\"inLanguage\":\"pt-PT\",\"potentialAction\":[{\"@type\":\"ReadAction\",\"target\":[\"https:\/\/www.satlabgeo.com\/industries\/\"]}]},{\"@type\":\"BreadcrumbList\",\"@id\":\"https:\/\/www.satlabgeo.com\/industries\/#breadcrumb\",\"itemListElement\":[{\"@type\":\"ListItem\",\"position\":1,\"name\":\"Home\",\"item\":\"https:\/\/www.satlabgeo.com\/\"},{\"@type\":\"ListItem\",\"position\":2,\"name\":\"Industries\"}]},{\"@type\":\"WebSite\",\"@id\":\"https:\/\/www.satlabgeo.com\/#website\",\"url\":\"https:\/\/www.satlabgeo.com\/\",\"name\":\"Global Satellite Positioning Solutions | SatLab Geosolutions AB\",\"description\":\"\",\"publisher\":{\"@id\":\"https:\/\/www.satlabgeo.com\/#organization\"},\"potentialAction\":[{\"@type\":\"SearchAction\",\"target\":{\"@type\":\"EntryPoint\",\"urlTemplate\":\"https:\/\/www.satlabgeo.com\/?s={search_term_string}\"},\"query-input\":\"required name=search_term_string\"}],\"inLanguage\":\"pt-PT\"},{\"@type\":\"Organization\",\"@id\":\"https:\/\/www.satlabgeo.com\/#organization\",\"name\":\"Global Satellite Positioning Solutions | SatLab Geosolutions AB\",\"url\":\"https:\/\/www.satlabgeo.com\/\",\"sameAs\":[],\"logo\":{\"@type\":\"ImageObject\",\"inLanguage\":\"pt-PT\",\"@id\":\"https:\/\/www.satlabgeo.com\/#\/schema\/logo\/image\/\",\"url\":\"https:\/\/www.satlabgeo.com\/wp-content\/uploads\/2025\/08\/satlab-logo.webp\",\"contentUrl\":\"https:\/\/www.satlabgeo.com\/wp-content\/uploads\/2025\/08\/satlab-logo.webp\",\"width\":191,\"height\":48,\"caption\":\"Global Satellite Positioning Solutions | SatLab Geosolutions AB\"},\"image\":{\"@id\":\"https:\/\/www.satlabgeo.com\/#\/schema\/logo\/image\/\"}}]}<\/script>\n<!-- \/ Yoast SEO plugin. -->","yoast_head_json":{"title":"Industries | Global Satellite Positioning Solutions | SatLab Geosolutions AB","description":"3D laser scanner_power_mining_agricultural machinery_underwater terrain survey and other surveying and mapping industry applications-SatLab","robots":{"index":"index","follow":"follow","max-snippet":"max-snippet:-1","max-image-preview":"max-image-preview:large","max-video-preview":"max-video-preview:-1"},"canonical":"https:\/\/www.satlabgeo.com\/pt\/industries\/","og_locale":"pt_PT","og_type":"article","og_title":"Industries | Global Satellite Positioning Solutions | SatLab Geosolutions AB","og_description":"3D laser scanner_power_mining_agricultural machinery_underwater terrain survey and other surveying and mapping industry applications-SatLab","og_url":"https:\/\/www.satlabgeo.com\/pt\/industries\/","og_site_name":"Global Satellite Positioning Solutions | SatLab Geosolutions AB","article_modified_time":"2023-11-20T07:37:33+00:00","og_image":[{"url":"https:\/\/www.satlabgeo.com\/wp-content\/uploads\/2023\/11\/Surveying-Engineering-1920x960-1.png"}],"twitter_card":"summary_large_image","twitter_misc":{"Est. reading time":"2 minutos"},"schema":{"@context":"https:\/\/schema.org","@graph":[{"@type":"WebPage","@id":"https:\/\/www.satlabgeo.com\/industries\/","url":"https:\/\/www.satlabgeo.com\/industries\/","name":"Industries | Global Satellite Positioning Solutions | SatLab Geosolutions AB","isPartOf":{"@id":"https:\/\/www.satlabgeo.com\/#website"},"datePublished":"2023-03-02T06:08:44+00:00","dateModified":"2023-11-20T07:37:33+00:00","description":"3D laser scanner_power_mining_agricultural machinery_underwater terrain survey and other surveying and mapping industry applications-SatLab","breadcrumb":{"@id":"https:\/\/www.satlabgeo.com\/industries\/#breadcrumb"},"inLanguage":"pt-PT","potentialAction":[{"@type":"ReadAction","target":["https:\/\/www.satlabgeo.com\/industries\/"]}]},{"@type":"BreadcrumbList","@id":"https:\/\/www.satlabgeo.com\/industries\/#breadcrumb","itemListElement":[{"@type":"ListItem","position":1,"name":"Home","item":"https:\/\/www.satlabgeo.com\/"},{"@type":"ListItem","position":2,"name":"Industries"}]},{"@type":"WebSite","@id":"https:\/\/www.satlabgeo.com\/#website","url":"https:\/\/www.satlabgeo.com\/","name":"Global Satellite Positioning Solutions | SatLab Geosolutions AB","description":"","publisher":{"@id":"https:\/\/www.satlabgeo.com\/#organization"},"potentialAction":[{"@type":"SearchAction","target":{"@type":"EntryPoint","urlTemplate":"https:\/\/www.satlabgeo.com\/?s={search_term_string}"},"query-input":"required name=search_term_string"}],"inLanguage":"pt-PT"},{"@type":"Organization","@id":"https:\/\/www.satlabgeo.com\/#organization","name":"Global Satellite Positioning Solutions | SatLab Geosolutions AB","url":"https:\/\/www.satlabgeo.com\/","sameAs":[],"logo":{"@type":"ImageObject","inLanguage":"pt-PT","@id":"https:\/\/www.satlabgeo.com\/#\/schema\/logo\/image\/","url":"https:\/\/www.satlabgeo.com\/wp-content\/uploads\/2025\/08\/satlab-logo.webp","contentUrl":"https:\/\/www.satlabgeo.com\/wp-content\/uploads\/2025\/08\/satlab-logo.webp","width":191,"height":48,"caption":"Global Satellite Positioning Solutions | SatLab Geosolutions AB"},"image":{"@id":"https:\/\/www.satlabgeo.com\/#\/schema\/logo\/image\/"}}]}},"_links":{"self":[{"href":"https:\/\/www.satlabgeo.com\/pt\/wp-json\/wp\/v2\/pages\/871"}],"collection":[{"href":"https:\/\/www.satlabgeo.com\/pt\/wp-json\/wp\/v2\/pages"}],"about":[{"href":"https:\/\/www.satlabgeo.com\/pt\/wp-json\/wp\/v2\/types\/page"}],"author":[{"embeddable":true,"href":"https:\/\/www.satlabgeo.com\/pt\/wp-json\/wp\/v2\/users\/1"}],"replies":[{"embeddable":true,"href":"https:\/\/www.satlabgeo.com\/pt\/wp-json\/wp\/v2\/comments?post=871"}],"version-history":[{"count":1,"href":"https:\/\/www.satlabgeo.com\/pt\/wp-json\/wp\/v2\/pages\/871\/revisions"}],"predecessor-version":[{"id":873,"href":"https:\/\/www.satlabgeo.com\/pt\/wp-json\/wp\/v2\/pages\/871\/revisions\/873"}],"wp:attachment":[{"href":"https:\/\/www.satlabgeo.com\/pt\/wp-json\/wp\/v2\/media?parent=871"}],"curies":[{"name":"wp","href":"https:\/\/api.w.org\/{rel}","templated":true}]}}