{"id":2,"date":"2022-01-27T07:25:22","date_gmt":"2022-01-27T07:25:22","guid":{"rendered":"https:\/\/www.satlabgeo.com\/?page_id=2"},"modified":"2025-06-13T05:56:54","modified_gmt":"2025-06-13T05:56:54","slug":"about-us","status":"publish","type":"page","link":"https:\/\/www.satlabgeo.com\/pt\/about-us\/","title":{"rendered":"Sobre n\u00f3s"},"content":{"rendered":"<h4 style=\"text-align: left;\"><strong>Sobre o SatLab<\/strong><\/h4>\n<p>A SatLab, fornecedora global de solu\u00e7\u00f5es de posicionamento de alta precis\u00e3o com sede na Su\u00e9cia, opera por meio de 11 centros internacionais e uma rede de mais de 100 concession\u00e1rias renomadas em todo o mundo. Essa infraestrutura permite a entrega de servi\u00e7os pontuais 24 horas por dia, 7 dias por semana, em todos os fusos hor\u00e1rios.<\/p>\n<p>Ao aproveitar inova\u00e7\u00f5es avan\u00e7adas em tecnologias GNSS, \u00f3pticas, LiDAR e sonar, complementadas por software propriet\u00e1rio de processamento e an\u00e1lise de dados, capacitamos clientes nos setores de engenharia civil, constru\u00e7\u00e3o, minera\u00e7\u00e3o, silvicultura, agricultura, hidrologia e mar\u00edtimo.<\/p>\n<p>Por meio de investimentos cont\u00ednuos em P&amp;D, o SatLab aprimora a produtividade operacional, priorizando a satisfa\u00e7\u00e3o do usu\u00e1rio. Nosso compromisso se estende \u00e0 capacita\u00e7\u00e3o dos clientes para a expans\u00e3o horizontal e a especializa\u00e7\u00e3o vertical, desbloqueando novas dimens\u00f5es de mobilidade operacional.<\/p>\n<h4><\/h4>\n<h4 style=\"text-align: left;\"><strong>Engenharia e Tecnologia Sueca<\/strong><\/h4>\n<p>No mundo geoespacial, os profissionais de topografia dependem das medi\u00e7\u00f5es mais precisas e precisas para construir o mundo em que vivemos. Na SatLab, nos orgulhamos de criar solu\u00e7\u00f5es com engenharia e tecnologia suecas. Garantimos que todos os nossos produtos atendem aos nossos rigorosos controles e garantias de qualidade, oferecendo a inova\u00e7\u00e3o sueca no momento em que voc\u00ea o liga para o seu trabalho, a tecnologia em que voc\u00ea pode confiar, projetada e desenvolvida na Su\u00e9cia.<\/span><\/p>\n<h4><\/h4>\n<h4 style=\"text-align: left;\"><strong>Desbloqueie sua mobilidade<\/strong><\/h4>\n<p>No mundo atual de tecnologias emergentes em constante mudan\u00e7a, \u00e9 crucial utilizar as ferramentas necess\u00e1rias para acompanhar as tend\u00eancias que impactam o cen\u00e1rio geoespacial. Nosso compromisso com a inova\u00e7\u00e3o e a integra\u00e7\u00e3o tecnol\u00f3gica visa ajudar nossos parceiros e clientes a alcan\u00e7ar alta mobilidade horizontal e vertical, permitindo-lhes expandir seus neg\u00f3cios.<\/p>\n<h5><\/h5>\n<h5><\/h5>\n<h4 style=\"text-align: left;\"><strong>NOSSOS PARCEIROS ESTRAT\u00c9GICOS<\/strong><\/h4>\n<p>&nbsp;<\/p>\n<div>\n<table style=\"border-collapse: collapse;\">\n<tbody>\n<tr class=\"firstRow\">\n<td style=\"border-width: 0px; border-style: solid; border-image: initial;\" valign=\"top\" width=\"368\"><a href=\"https:\/\/www.esri.com\/en-us\/home\"><img decoding=\"async\" src=\"https:\/\/www.satlabgeo.com\/wp-content\/uploads\/2023\/12\/ESRI.png\" alt=\"\" class=\"alignnone size-full wp-image-493\" \/><\/a><\/td>\n<td style=\"border-width: 0px; border-style: solid; border-image: initial;\" valign=\"top\" width=\"368\"><a href=\"https:\/\/www.geo-plus.com\/\"><img decoding=\"async\" loading=\"lazy\" width=\"300\" height=\"85\" src=\"https:\/\/www.satlabgeo.com\/wp-content\/uploads\/2022\/04\/Geo-Plus-300x85-1.png\" alt=\"\" class=\"alignnone size-full wp-image-492\" \/><\/a><\/td>\n<td style=\"border-width: 0px; border-style: solid; border-image: initial;\" valign=\"top\" width=\"369\"><a href=\"https:\/\/www.aplitop.com\/\"><img decoding=\"async\" loading=\"lazy\" width=\"300\" height=\"85\" src=\"https:\/\/www.satlabgeo.com\/wp-content\/uploads\/2022\/04\/Aplitop-1-300x85-1.png\" alt=\"\" class=\"alignnone size-full wp-image-491\" \/><\/a><\/td>\n<td style=\"border-width: 0px; border-style: solid; border-image: initial;\" valign=\"top\" width=\"369\"><a href=\"https:\/\/us.yuneec.com\/\"><img decoding=\"async\" loading=\"lazy\" width=\"300\" height=\"85\" src=\"https:\/\/www.satlabgeo.com\/wp-content\/uploads\/2022\/04\/Yuneec-300x85-1.png\" alt=\"\" class=\"alignnone size-full wp-image-494\" \/><\/a><\/td>\n<\/tr>\n<\/tbody>\n<\/table>\n<\/div>","protected":false},"excerpt":{"rendered":"<p>About SatLab SatLab, a Sweden-based global provider of high-precision positioning solutions, operates through 11 international [&hellip;]<\/p>","protected":false},"author":1,"featured_media":0,"parent":0,"menu_order":0,"comment_status":"closed","ping_status":"open","template":"","meta":{"_links_to":"","_links_to_target":""},"yoast_head":"<!-- This site is optimized with the Yoast SEO plugin v19.8 - https:\/\/yoast.com\/wordpress\/plugins\/seo\/ -->\n<title>About Us | Global Satellite Positioning Solutions | SatLab Geosolutions AB<\/title>\n<meta name=\"robots\" content=\"index, follow, max-snippet:-1, max-image-preview:large, max-video-preview:-1\" \/>\n<link rel=\"canonical\" href=\"https:\/\/www.satlabgeo.com\/pt\/about-us\/\" \/>\n<meta property=\"og:locale\" content=\"pt_PT\" \/>\n<meta property=\"og:type\" content=\"article\" \/>\n<meta property=\"og:title\" content=\"About Us | Global Satellite Positioning Solutions | SatLab Geosolutions AB\" \/>\n<meta property=\"og:description\" content=\"About SatLab SatLab, a Sweden-based global provider of high-precision positioning solutions, operates through 11 international [&hellip;]\" \/>\n<meta property=\"og:url\" content=\"https:\/\/www.satlabgeo.com\/pt\/about-us\/\" \/>\n<meta property=\"og:site_name\" content=\"Global Satellite Positioning Solutions | SatLab Geosolutions AB\" \/>\n<meta property=\"article:modified_time\" content=\"2025-06-13T05:56:54+00:00\" \/>\n<meta property=\"og:image\" content=\"https:\/\/www.satlabgeo.com\/wp-content\/uploads\/2023\/12\/ESRI.png\" \/>\n<meta name=\"twitter:card\" content=\"summary_large_image\" \/>\n<meta name=\"twitter:label1\" content=\"Est. reading time\" \/>\n\t<meta name=\"twitter:data1\" content=\"2 minutos\" \/>\n<script type=\"application\/ld+json\" class=\"yoast-schema-graph\">{\"@context\":\"https:\/\/schema.org\",\"@graph\":[{\"@type\":\"WebPage\",\"@id\":\"https:\/\/www.satlabgeo.com\/about-us\/\",\"url\":\"https:\/\/www.satlabgeo.com\/about-us\/\",\"name\":\"About Us | Global Satellite Positioning Solutions | SatLab Geosolutions AB\",\"isPartOf\":{\"@id\":\"https:\/\/www.satlabgeo.com\/#website\"},\"datePublished\":\"2022-01-27T07:25:22+00:00\",\"dateModified\":\"2025-06-13T05:56:54+00:00\",\"breadcrumb\":{\"@id\":\"https:\/\/www.satlabgeo.com\/about-us\/#breadcrumb\"},\"inLanguage\":\"pt-PT\",\"potentialAction\":[{\"@type\":\"ReadAction\",\"target\":[\"https:\/\/www.satlabgeo.com\/about-us\/\"]}]},{\"@type\":\"BreadcrumbList\",\"@id\":\"https:\/\/www.satlabgeo.com\/about-us\/#breadcrumb\",\"itemListElement\":[{\"@type\":\"ListItem\",\"position\":1,\"name\":\"Home\",\"item\":\"https:\/\/www.satlabgeo.com\/\"},{\"@type\":\"ListItem\",\"position\":2,\"name\":\"About Us\"}]},{\"@type\":\"WebSite\",\"@id\":\"https:\/\/www.satlabgeo.com\/#website\",\"url\":\"https:\/\/www.satlabgeo.com\/\",\"name\":\"Global Satellite Positioning Solutions | SatLab Geosolutions AB\",\"description\":\"\",\"publisher\":{\"@id\":\"https:\/\/www.satlabgeo.com\/#organization\"},\"potentialAction\":[{\"@type\":\"SearchAction\",\"target\":{\"@type\":\"EntryPoint\",\"urlTemplate\":\"https:\/\/www.satlabgeo.com\/?s={search_term_string}\"},\"query-input\":\"required name=search_term_string\"}],\"inLanguage\":\"pt-PT\"},{\"@type\":\"Organization\",\"@id\":\"https:\/\/www.satlabgeo.com\/#organization\",\"name\":\"Global Satellite Positioning Solutions | SatLab Geosolutions AB\",\"url\":\"https:\/\/www.satlabgeo.com\/\",\"sameAs\":[],\"logo\":{\"@type\":\"ImageObject\",\"inLanguage\":\"pt-PT\",\"@id\":\"https:\/\/www.satlabgeo.com\/#\/schema\/logo\/image\/\",\"url\":\"https:\/\/www.satlabgeo.com\/wp-content\/uploads\/2025\/08\/satlab-logo.webp\",\"contentUrl\":\"https:\/\/www.satlabgeo.com\/wp-content\/uploads\/2025\/08\/satlab-logo.webp\",\"width\":191,\"height\":48,\"caption\":\"Global Satellite Positioning Solutions | SatLab Geosolutions AB\"},\"image\":{\"@id\":\"https:\/\/www.satlabgeo.com\/#\/schema\/logo\/image\/\"}}]}<\/script>\n<!-- \/ Yoast SEO plugin. -->","yoast_head_json":{"title":"About Us | Global Satellite Positioning Solutions | SatLab Geosolutions AB","robots":{"index":"index","follow":"follow","max-snippet":"max-snippet:-1","max-image-preview":"max-image-preview:large","max-video-preview":"max-video-preview:-1"},"canonical":"https:\/\/www.satlabgeo.com\/pt\/about-us\/","og_locale":"pt_PT","og_type":"article","og_title":"About Us | Global Satellite Positioning Solutions | SatLab Geosolutions AB","og_description":"About SatLab SatLab, a Sweden-based global provider of high-precision positioning solutions, operates through 11 international [&hellip;]","og_url":"https:\/\/www.satlabgeo.com\/pt\/about-us\/","og_site_name":"Global Satellite Positioning Solutions | SatLab Geosolutions AB","article_modified_time":"2025-06-13T05:56:54+00:00","og_image":[{"url":"https:\/\/www.satlabgeo.com\/wp-content\/uploads\/2023\/12\/ESRI.png"}],"twitter_card":"summary_large_image","twitter_misc":{"Est. reading time":"2 minutos"},"schema":{"@context":"https:\/\/schema.org","@graph":[{"@type":"WebPage","@id":"https:\/\/www.satlabgeo.com\/about-us\/","url":"https:\/\/www.satlabgeo.com\/about-us\/","name":"About Us | Global Satellite Positioning Solutions | SatLab Geosolutions AB","isPartOf":{"@id":"https:\/\/www.satlabgeo.com\/#website"},"datePublished":"2022-01-27T07:25:22+00:00","dateModified":"2025-06-13T05:56:54+00:00","breadcrumb":{"@id":"https:\/\/www.satlabgeo.com\/about-us\/#breadcrumb"},"inLanguage":"pt-PT","potentialAction":[{"@type":"ReadAction","target":["https:\/\/www.satlabgeo.com\/about-us\/"]}]},{"@type":"BreadcrumbList","@id":"https:\/\/www.satlabgeo.com\/about-us\/#breadcrumb","itemListElement":[{"@type":"ListItem","position":1,"name":"Home","item":"https:\/\/www.satlabgeo.com\/"},{"@type":"ListItem","position":2,"name":"About Us"}]},{"@type":"WebSite","@id":"https:\/\/www.satlabgeo.com\/#website","url":"https:\/\/www.satlabgeo.com\/","name":"Global Satellite Positioning Solutions | SatLab Geosolutions AB","description":"","publisher":{"@id":"https:\/\/www.satlabgeo.com\/#organization"},"potentialAction":[{"@type":"SearchAction","target":{"@type":"EntryPoint","urlTemplate":"https:\/\/www.satlabgeo.com\/?s={search_term_string}"},"query-input":"required name=search_term_string"}],"inLanguage":"pt-PT"},{"@type":"Organization","@id":"https:\/\/www.satlabgeo.com\/#organization","name":"Global Satellite Positioning Solutions | SatLab Geosolutions AB","url":"https:\/\/www.satlabgeo.com\/","sameAs":[],"logo":{"@type":"ImageObject","inLanguage":"pt-PT","@id":"https:\/\/www.satlabgeo.com\/#\/schema\/logo\/image\/","url":"https:\/\/www.satlabgeo.com\/wp-content\/uploads\/2025\/08\/satlab-logo.webp","contentUrl":"https:\/\/www.satlabgeo.com\/wp-content\/uploads\/2025\/08\/satlab-logo.webp","width":191,"height":48,"caption":"Global Satellite Positioning Solutions | SatLab Geosolutions AB"},"image":{"@id":"https:\/\/www.satlabgeo.com\/#\/schema\/logo\/image\/"}}]}},"_links":{"self":[{"href":"https:\/\/www.satlabgeo.com\/pt\/wp-json\/wp\/v2\/pages\/2"}],"collection":[{"href":"https:\/\/www.satlabgeo.com\/pt\/wp-json\/wp\/v2\/pages"}],"about":[{"href":"https:\/\/www.satlabgeo.com\/pt\/wp-json\/wp\/v2\/types\/page"}],"author":[{"embeddable":true,"href":"https:\/\/www.satlabgeo.com\/pt\/wp-json\/wp\/v2\/users\/1"}],"replies":[{"embeddable":true,"href":"https:\/\/www.satlabgeo.com\/pt\/wp-json\/wp\/v2\/comments?post=2"}],"version-history":[{"count":4,"href":"https:\/\/www.satlabgeo.com\/pt\/wp-json\/wp\/v2\/pages\/2\/revisions"}],"predecessor-version":[{"id":2611,"href":"https:\/\/www.satlabgeo.com\/pt\/wp-json\/wp\/v2\/pages\/2\/revisions\/2611"}],"wp:attachment":[{"href":"https:\/\/www.satlabgeo.com\/pt\/wp-json\/wp\/v2\/media?parent=2"}],"curies":[{"name":"wp","href":"https:\/\/api.w.org\/{rel}","templated":true}]}}