{"id":1008,"date":"2023-06-29T06:42:29","date_gmt":"2023-06-29T06:42:29","guid":{"rendered":"https:\/\/www.satlabgeo.com\/?page_id=1008"},"modified":"2023-06-30T08:38:12","modified_gmt":"2023-06-30T08:38:12","slug":"become-our-partner","status":"publish","type":"page","link":"https:\/\/www.satlabgeo.com\/pt\/become-our-partner\/","title":{"rendered":"Torne-se nosso parceiro"},"content":{"rendered":"<div class=\"wp-block-contact-form-7-contact-form-selector\"><div role=\"form\" class=\"wpcf7\" id=\"wpcf7-f1009-o1\" lang=\"en-US\" dir=\"ltr\">\n<div class=\"screen-reader-response\"><p role=\"status\" aria-live=\"polite\" aria-atomic=\"true\"><\/p> <ul><\/ul><\/div>\n<form action=\"\/pt\/wp-json\/wp\/v2\/pages\/1008#wpcf7-f1009-o1\" method=\"post\" class=\"wpcf7-form init\" novalidate=\"novalidate\" data-status=\"init\" data-trp-original-action=\"\/pt\/wp-json\/wp\/v2\/pages\/1008#wpcf7-f1009-o1\">\n<div style=\"display: none;\">\n<input type=\"hidden\" name=\"_wpcf7\" value=\"1009\" \/>\n<input type=\"hidden\" name=\"_wpcf7_version\" value=\"5.6.3\" \/>\n<input type=\"hidden\" name=\"_wpcf7_locale\" value=\"en_US\" \/>\n<input type=\"hidden\" name=\"_wpcf7_unit_tag\" value=\"wpcf7-f1009-o1\" \/>\n<input type=\"hidden\" name=\"_wpcf7_container_post\" value=\"0\" \/>\n<input type=\"hidden\" name=\"_wpcf7_posted_data_hash\" value=\"\" \/>\n<input type=\"hidden\" name=\"_wpcf7cf_hidden_group_fields\" value=\"[]\" \/>\n<input type=\"hidden\" name=\"_wpcf7cf_hidden_groups\" value=\"[]\" \/>\n<input type=\"hidden\" name=\"_wpcf7cf_visible_groups\" value=\"[]\" \/>\n<input type=\"hidden\" name=\"_wpcf7cf_repeaters\" value=\"[]\" \/>\n<input type=\"hidden\" name=\"_wpcf7cf_steps\" value=\"{}\" \/>\n<input type=\"hidden\" name=\"_wpcf7cf_options\" value=\"{&quot;form_id&quot;:1009,&quot;conditions&quot;:[],&quot;settings&quot;:{&quot;animation&quot;:&quot;yes&quot;,&quot;animation_intime&quot;:200,&quot;animation_outtime&quot;:200,&quot;conditions_ui&quot;:&quot;normal&quot;,&quot;notice_dismissed&quot;:false}}\" \/>\n<input type=\"hidden\" name=\"_wpcf7_recaptcha_response\" value=\"\" \/>\n<\/div>\n<div class=\"pageTitle\">\n<h2>Formul\u00e1rio para se tornar nosso parceiro<\/h2>\n<\/div>\n<div class=\"row\">\n    <div class=\"col-lg-12\">\n        <div class=\"form-group\">\n            <label>Nome completo: <strong>*<\/strong><\/label>\n            <span class=\"wpcf7-form-control-wrap\" data-name=\"full-name\"><input type=\"text\" name=\"full-name\" value=\"\" size=\"40\" class=\"wpcf7-form-control wpcf7-text wpcf7-validates-as-required form-control\" aria-required=\"true\" aria-invalid=\"false\" placeholder=\"Nome completo\" \/><\/span>\n        <\/div>\n    <\/div>\n    <div class=\"col-lg-6\">\n        <div class=\"form-group\">\n            <label>N\u00famero de contato: <strong>*<\/strong><\/label>\n            <span class=\"wpcf7-form-control-wrap\" data-name=\"contact-number\"><input type=\"number\" name=\"contact-number\" value=\"\" class=\"wpcf7-form-control wpcf7-number wpcf7-validates-as-number form-control\" aria-invalid=\"false\" placeholder=\"Insira seu n\u00famero de contato aqui\u2026\" \/><\/span>\n        <\/div>\n    <\/div>\n    <div class=\"col-lg-6\">\n        <div class=\"form-group\">\n            <label>Endere\u00e7o de email: <strong>*<\/strong><\/label>\n            <span class=\"wpcf7-form-control-wrap\" data-name=\"email-address\"><input type=\"email\" name=\"email-address\" value=\"\" size=\"40\" class=\"wpcf7-form-control wpcf7-text wpcf7-email wpcf7-validates-as-required wpcf7-validates-as-email form-control\" aria-required=\"true\" aria-invalid=\"false\" placeholder=\"Insira seu endere\u00e7o de e-mail aqui\u2026\" \/><\/span>\n        <\/div>\n    <\/div>\n    <div class=\"col-lg-6\">\n        <div class=\"form-group\">\n            <label>Empresa: <strong>*<\/strong><\/label>\n            <span class=\"wpcf7-form-control-wrap\" data-name=\"company-name\"><input type=\"text\" name=\"company-name\" value=\"\" size=\"40\" class=\"wpcf7-form-control wpcf7-text wpcf7-validates-as-required form-control\" aria-required=\"true\" aria-invalid=\"false\" placeholder=\"Insira sua empresa aqui\u2026\" \/><\/span>\n        <\/div>\n    <\/div>\n    <div class=\"col-lg-6\">\n        <div class=\"form-group select-box\">\n            <label>Pa\u00eds\/Regi\u00e3o: <strong>*<\/strong><\/label>\n            <span class=\"wpcf7-form-control-wrap\" data-name=\"country-name\"><select name=\"country-name\" class=\"wpcf7-form-control wpcf7-select form-control\" aria-invalid=\"false\"><option value=\"\">Insira seu pa\u00eds\/regi\u00e3o aqui\u2026<\/option><option value=\"Afghanistan\">Afeganist\u00e3o<\/option><option value=\"Albania\">Alb\u00e2nia<\/option><option value=\"Algeria\">Arg\u00e9lia<\/option><option value=\"American Samoa\">Samoa Americana<\/option><option value=\"Andorra\">Andorra<\/option><option value=\"Angola\">Angola<\/option><option value=\"Anguilla\">Anguila<\/option><option value=\"Antarctica\">Ant\u00e1rtica<\/option><option value=\"Antigua and Barbuda\">Ant\u00edgua e Barbuda<\/option><option value=\"Argentina\">Argentina<\/option><option value=\"Armenia\">Arm\u00eania<\/option><option value=\"Aruban\">Aruba<\/option><option value=\"Australia\">Austr\u00e1lia<\/option><option value=\"Austria\">\u00c1ustria<\/option><option value=\"Azerbaijan\">Azerbaij\u00e3o<\/option><option value=\"Bahamas\">Bahamas<\/option><option value=\"Bahrain\">Bahrein<\/option><option value=\"Bangladesh\">Bangladesh<\/option><option value=\"Barbados\">Barbados<\/option><option value=\"Belarus\">Bielorr\u00fassia<\/option><option value=\"Belgium\">B\u00e9lgica<\/option><option value=\"Belize\">Belize<\/option><option value=\"Benin\">Benim<\/option><option value=\"Bermuda\">Bermudas<\/option><option value=\"Bhutan\">But\u00e3o<\/option><option value=\"Bolivia\">Bol\u00edvia<\/option><option value=\"Bosnia and Herzegovina\">B\u00f3snia e Herzegovina<\/option><option value=\"Botswana\">Botsuana<\/option><option value=\"Bouvet Island\">Ilha Bouvet<\/option><option value=\"Brazil\">Brasil<\/option><option value=\"British Indian Ocean Territory\">Territ\u00f3rio Brit\u00e2nico do Oceano \u00cdndico<\/option><option value=\"British Virgin Islands\">Ilhas Virgens Brit\u00e2nicas<\/option><option value=\"Brunei\">Brunei<\/option><option value=\"Bulgaria\">Bulg\u00e1ria<\/option><option value=\"Burkina Faso\">Burkina Faso<\/option><option value=\"Burundi\">Burundi<\/option><option value=\"Cambodia\">Camboja<\/option><option value=\"Cameroon\">Camar\u00f5es<\/option><option value=\"Canada\">Canad\u00e1<\/option><option value=\"Cape Verde\">Cabo Verde<\/option><option value=\"Cayman Islands\">Ilhas Cayman<\/option><option value=\"Central African Republic\">Rep\u00fablica Centro-Africana<\/option><option value=\"Chad\">Chade<\/option><option value=\"Chile\">Chile<\/option><option value=\"China\">China<\/option><option value=\"Christmas Island\">Ilha Christmas<\/option><option value=\"Cocos Islands\">Ilhas Cocos<\/option><option value=\"Colombia\">Col\u00f4mbia<\/option><option value=\"Comoros\">Comores<\/option><option value=\"Congo\">Congo<\/option><option value=\"Cook Islands\">Ilhas Cook<\/option><option value=\"Costa Rica\">Costa Rica<\/option><option value=\"Croatia\">Cro\u00e1cia<\/option><option value=\"Cuba\">Cuba<\/option><option value=\"Cyprus\">Chipre<\/option><option value=\"Czech Republic\">Rep\u00fablica Tcheca<\/option><option value=\"Cote d&#039;Ivoire\">Costa do Marfim<\/option><option value=\"Denmark\">Dinamarca<\/option><option value=\"Djibouti\">Djibuti<\/option><option value=\"Dominica\">Dominica<\/option><option value=\"Dominican Republic\">Rep\u00fablica Dominicana<\/option><option value=\"Ecuador\">Equador<\/option><option value=\"Egypt\">Egito<\/option><option value=\"El Salvador\">El Salvador<\/option><option value=\"Equatorial Guinea\">Guin\u00e9 Equatorial<\/option><option value=\"Eritrea\">Eritreia<\/option><option value=\"Estonia\">Est\u00f4nia<\/option><option value=\"Ethiopia\">Eti\u00f3pia<\/option><option value=\"Falkland Islands\">Ilhas Malvinas<\/option><option value=\"Faroe Islands\">Ilhas Faro\u00e9<\/option><option value=\"Fiji\">Fiji<\/option><option value=\"Finland\">Finl\u00e2ndia<\/option><option value=\"France\">Fran\u00e7a<\/option><option value=\"French Guiana\">Guiana Francesa<\/option><option value=\"French Polynesia\">Polin\u00e9sia Francesa<\/option><option value=\"French Southern Territories\">Territ\u00f3rios Franceses do Sul<\/option><option value=\"Gabon\">Gab\u00e3o<\/option><option value=\"Gambia\">G\u00e2mbia<\/option><option value=\"Georgia\">Ge\u00f3rgia<\/option><option value=\"Germany\">Alemanha<\/option><option value=\"Ghana\">Gana<\/option><option value=\"Gibraltar\">Gibraltar<\/option><option value=\"Greece\">Gr\u00e9cia<\/option><option value=\"Greenland\">Groenl\u00e2ndia<\/option><option value=\"Grenada\">Granada<\/option><option value=\"Guadeloupe\">Guadalupe<\/option><option value=\"Guam\">Guam<\/option><option value=\"Guatemala\">Guatemala<\/option><option value=\"Guernsey\">Guernsey<\/option><option value=\"Guinea\">Guin\u00e9<\/option><option value=\"GuineaBissau\">Guin\u00e9-Bissau<\/option><option value=\"Guyana\">Guiana<\/option><option value=\"Haiti\">Haiti<\/option><option value=\"Heard Island and McDonald Islands\">Ilha Heard e Ilhas McDonald<\/option><option value=\"Honduras\">Honduras<\/option><option value=\"Hong Kong\">Hong Kong<\/option><option value=\"Hungary\">Hungria<\/option><option value=\"Iceland\">Isl\u00e2ndia<\/option><option value=\"India\">\u00cdndia<\/option><option value=\"Indonesia\">Indon\u00e9sia<\/option><option value=\"Iran\">Ir\u00e3<\/option><option value=\"Iraq\">Iraque<\/option><option value=\"Ireland\">Irlanda<\/option><option value=\"Israel\">Israel<\/option><option value=\"Italy\">It\u00e1lia<\/option><option value=\"Jamaica\">Jamaica<\/option><option value=\"Japan\">Jap\u00e3o<\/option><option value=\"Jersey\">Jersey<\/option><option value=\"Jordan\">Jord\u00e2nia<\/option><option value=\"Kazakhstan\">Cazaquist\u00e3o<\/option><option value=\"Kenya\">Qu\u00eania<\/option><option value=\"Kiribati\">Kiribati<\/option><option value=\"Kosovo\">Kosovo<\/option><option value=\"Kuwt\">Kuwt<\/option><option value=\"Kyrgyzstan\">Quirguist\u00e3o<\/option><option value=\"Laos\">Laos<\/option><option value=\"Latvia\">Let\u00f4nia<\/option><option value=\"Lebanon\">L\u00edbano<\/option><option value=\"Lesotho\">Lesoto<\/option><option value=\"Liberia\">Lib\u00e9ria<\/option><option value=\"Libya\">L\u00edbia<\/option><option value=\"Liechtenstein\">Liechtenstein<\/option><option value=\"Lithuania\">Litu\u00e2nia<\/option><option value=\"Luxembourg\">Luxemburgo<\/option><option value=\"Macao\">Macau<\/option><option value=\"North Macedonia\">Maced\u00f4nia do Norte<\/option><option value=\"Madagascar\">Madag\u00e1scar<\/option><option value=\"Malawi\">Malawi<\/option><option value=\"Malaysia\">Mal\u00e1sia<\/option><option value=\"Maldives\">Maldivas<\/option><option value=\"Mali\">Mali<\/option><option value=\"Malta\">Malta<\/option><option value=\"Marshall Islands\">Ilhas Marshall<\/option><option value=\"Martinique\">Martinica<\/option><option value=\"Mauritania\">Maurit\u00e2nia<\/option><option value=\"Mauritius\">Maur\u00edcio<\/option><option value=\"Mayotte\">Maiote<\/option><option value=\"Mexico\">M\u00e9xico<\/option><option value=\"Micronesia\">Micron\u00e9sia<\/option><option value=\"Moldova\">Mold\u00e1via<\/option><option value=\"Monaco\">M\u00f4naco<\/option><option value=\"Mongolia\">Mong\u00f3lia<\/option><option value=\"Montenegro\">Montenegro<\/option><option value=\"Montserrat\">Montserrat<\/option><option value=\"Morocco\">Marrocos<\/option><option value=\"Mozambique\">Mo\u00e7ambique<\/option><option value=\"Myanmar\">Mianmar<\/option><option value=\"Namibia\">Nam\u00edbia<\/option><option value=\"Nauru\">Nauru<\/option><option value=\"Nepal\">Nepal<\/option><option value=\"Netherlands\">Holanda<\/option><option value=\"Netherlands Antilles\">Antilhas Holandesas<\/option><option value=\"New Caledonia\">Nova Caled\u00f4nia<\/option><option value=\"New Zealand\">Nova Zel\u00e2ndia<\/option><option value=\"Nicaragua\">Nicar\u00e1gua<\/option><option value=\"Niger\">N\u00edger<\/option><option value=\"Nigeria\">Nig\u00e9ria<\/option><option value=\"Niue\">Niue<\/option><option value=\"Norfolk Island\">Ilha Norfolk<\/option><option value=\"North Korea\">Cor\u00e9ia do Norte<\/option><option value=\"Northern Ireland\">Irlanda do Norte<\/option><option value=\"Northern Mariana Islands\">Ilhas Marianas do Norte<\/option><option value=\"Norway\">Noruega<\/option><option value=\"Oman\">Om\u00e3<\/option><option value=\"Pakistan\">Paquist\u00e3o<\/option><option value=\"Palau\">Palau<\/option><option value=\"Palestine\">Palestina<\/option><option value=\"Panama\">Panam\u00e1<\/option><option value=\"Papua New Guinea\">Papua Nova Guin\u00e9<\/option><option value=\"Paraguay\">Paraguai<\/option><option value=\"Peru\">Peru<\/option><option value=\"Philippines\">Filipinas<\/option><option value=\"Pitcairn\">Pitcairn<\/option><option value=\"Poland\">Pol\u00f4nia<\/option><option value=\"Portugal\">Portugal<\/option><option value=\"Puerto Rico\">Porto Rico<\/option><option value=\"Qatar\">Catar<\/option><option value=\"Reunion\">Reuni\u00e3o<\/option><option value=\"Romania\">Rom\u00eania<\/option><option value=\"Russia\">R\u00fassia<\/option><option value=\"Rwanda\">Ruanda<\/option><option value=\"Saint Helena\">Santa Helena<\/option><option value=\"Saint Kitts and Nevis\">S\u00e3o Crist\u00f3v\u00e3o e Nevis<\/option><option value=\"Saint Lucia\">Santa L\u00facia<\/option><option value=\"Saint Pierre and Miquelon\">S\u00e3o Pedro e Miquelon<\/option><option value=\"Saint Vincent and the Grenadines\">S\u00e3o Vicente e Granadinas<\/option><option value=\"Samoa\">Samoa<\/option><option value=\"San Marino\">S\u00e3o Marino<\/option><option value=\"Sao Tome and Principe\">S\u00e3o Tom\u00e9 e Pr\u00edncipe<\/option><option value=\"Saudi Arabia\">Ar\u00e1bia Saudita<\/option><option value=\"Senegal\">Senegal<\/option><option value=\"Serbia\">S\u00e9rvia<\/option><option value=\"Serbia and Montenegro\">S\u00e9rvia e Montenegro<\/option><option value=\"Seychelles\">Seicheles<\/option><option value=\"Sierra Leone\">Serra Leoa<\/option><option value=\"Singapore\">Cingapura<\/option><option value=\"Slovakia\">Eslov\u00e1quia<\/option><option value=\"Slovenia\">Eslov\u00eania<\/option><option value=\"Solomon Islands\">Ilhas Salom\u00e3o<\/option><option value=\"Somalia\">Som\u00e1lia<\/option><option value=\"South Africa\">\u00c1frica do Sul<\/option><option value=\"South Georgia and the South Sandwich Islands\">Ilhas Ge\u00f3rgia do Sul e Sandwich do Sul<\/option><option value=\"South Korea\">Cor\u00e9ia do Sul<\/option><option value=\"Spain\">Espanha<\/option><option value=\"Sri Lanka\">Sri Lanka<\/option><option value=\"Sudan\">Sud\u00e3o<\/option><option value=\"Suriname\">Suriname<\/option><option value=\"Svalbard and Jan Mayen\">Svalbard e Jan Mayen<\/option><option value=\"Eswatini\">Eswatini<\/option><option value=\"Sweden\">Su\u00e9cia<\/option><option value=\"Switzerland\">Su\u00ed\u00e7a<\/option><option value=\"Syria\">S\u00edria<\/option><option value=\"Taiwan\">Taiwan<\/option><option value=\"Tajikistan\">Tajiquist\u00e3o<\/option><option value=\"Tanzania\">Tanz\u00e2nia<\/option><option value=\"Thailand\">Tail\u00e2ndia<\/option><option value=\"The Democratic Republic of Congo\">Rep\u00fablica Democr\u00e1tica do Congo<\/option><option value=\"Timor-Leste\">Timor-Leste<\/option><option value=\"Togo\">Ir<\/option><option value=\"Tokelau\">Toquelau<\/option><option value=\"Tonga\">Tonga<\/option><option value=\"Trinidad and Tobago\">Trinidad e Tobago<\/option><option value=\"Tunisia\">Tun\u00edsia<\/option><option value=\"Turkey\">Peru<\/option><option value=\"Turkmenistan\">Turcomenist\u00e3o<\/option><option value=\"Turks and Caicos Islands\">Ilhas Turcas e Caicos<\/option><option value=\"Tuvalu\">Tuvalu<\/option><option value=\"Virgin Islands\">Ilhas Virgens<\/option><option value=\"Uganda\">Uganda<\/option><option value=\"Ukraine\">Ucr\u00e2nia<\/option><option value=\"United Arab Emirates\">Emirados \u00c1rabes Unidos<\/option><option value=\"United Kingdom\">Reino Unido<\/option><option value=\"United States\">Estados Unidos<\/option><option value=\"United States Minor Outlying Islands\">Ilhas Menores Distantes dos Estados Unidos<\/option><option value=\"Uruguay\">Uruguai<\/option><option value=\"Uzbekistan\">Uzbequist\u00e3o<\/option><option value=\"Vanuatu\">Vanuatu<\/option><option value=\"Vatican\">Vaticano<\/option><option value=\"Venezuela\">Venezuela<\/option><option value=\"Vietnam\">Vietn\u00e3<\/option><option value=\"Wallis and Futuna\">Wallis e Futuna<\/option><option value=\"Western Sahara\">Saara Ocidental<\/option><option value=\"Yemen\">I\u00e9men<\/option><option value=\"Zambia\">Z\u00e2mbia<\/option><option value=\"Zimbabwe\">Zimb\u00e1bue<\/option><option value=\"Aland Islands\">Ilhas Aland<\/option><\/select><\/span>\n        <\/div>\n    <\/div>\n    <div class=\"col-lg-12\">\n        <div class=\"form-group\">\n            <label>Mensagem:<\/label>\n            <span class=\"wpcf7-form-control-wrap\" data-name=\"message\"><textarea name=\"message\" cols=\"40\" rows=\"5\" class=\"wpcf7-form-control wpcf7-textarea form-control\" aria-invalid=\"false\" placeholder=\"Digite aqui\u2026\"><\/textarea><\/span>\n        <\/div>\n    <\/div>\n    <div class=\"col-lg-12\"> \n        <button class=\"submit wpcf7-form-control has-spinner wpcf7-submit\">Enviar <i class=\"fas fa-paper-plane\"><\/i><\/button>\n    <\/div>\n<\/div><div class=\"wpcf7-response-output\" aria-hidden=\"true\"><\/div><input type=\"hidden\" name=\"trp-form-language\" value=\"pt\"\/><\/form><\/div><\/div>\r\n<p>&nbsp;<\/p>\r\n\r\n<p>&nbsp;<\/p>","protected":false},"excerpt":{"rendered":"<p>&nbsp; &nbsp;<\/p>","protected":false},"author":1,"featured_media":0,"parent":0,"menu_order":0,"comment_status":"closed","ping_status":"closed","template":"template-become-our-partner.php","meta":{"_links_to":"","_links_to_target":""},"yoast_head":"<!-- This site is optimized with the Yoast SEO plugin v19.8 - https:\/\/yoast.com\/wordpress\/plugins\/seo\/ -->\n<title>Become Our Partner | Global Satellite Positioning Solutions | SatLab Geosolutions AB<\/title>\n<meta name=\"robots\" content=\"index, follow, max-snippet:-1, max-image-preview:large, max-video-preview:-1\" \/>\n<link rel=\"canonical\" href=\"https:\/\/www.satlabgeo.com\/pt\/become-our-partner\/\" \/>\n<meta property=\"og:locale\" content=\"pt_PT\" \/>\n<meta property=\"og:type\" content=\"article\" \/>\n<meta property=\"og:title\" content=\"Become Our Partner | Global Satellite Positioning Solutions | SatLab Geosolutions AB\" \/>\n<meta property=\"og:description\" content=\"&nbsp; &nbsp;\" \/>\n<meta property=\"og:url\" content=\"https:\/\/www.satlabgeo.com\/pt\/become-our-partner\/\" \/>\n<meta property=\"og:site_name\" content=\"Global Satellite Positioning Solutions | SatLab Geosolutions AB\" \/>\n<meta property=\"article:modified_time\" content=\"2023-06-30T08:38:12+00:00\" \/>\n<meta name=\"twitter:card\" content=\"summary_large_image\" \/>\n<script type=\"application\/ld+json\" class=\"yoast-schema-graph\">{\"@context\":\"https:\/\/schema.org\",\"@graph\":[{\"@type\":\"WebPage\",\"@id\":\"https:\/\/www.satlabgeo.com\/become-our-partner\/\",\"url\":\"https:\/\/www.satlabgeo.com\/become-our-partner\/\",\"name\":\"Become Our Partner | Global Satellite Positioning Solutions | SatLab Geosolutions AB\",\"isPartOf\":{\"@id\":\"https:\/\/www.satlabgeo.com\/#website\"},\"datePublished\":\"2023-06-29T06:42:29+00:00\",\"dateModified\":\"2023-06-30T08:38:12+00:00\",\"breadcrumb\":{\"@id\":\"https:\/\/www.satlabgeo.com\/become-our-partner\/#breadcrumb\"},\"inLanguage\":\"pt-PT\",\"potentialAction\":[{\"@type\":\"ReadAction\",\"target\":[\"https:\/\/www.satlabgeo.com\/become-our-partner\/\"]}]},{\"@type\":\"BreadcrumbList\",\"@id\":\"https:\/\/www.satlabgeo.com\/become-our-partner\/#breadcrumb\",\"itemListElement\":[{\"@type\":\"ListItem\",\"position\":1,\"name\":\"Home\",\"item\":\"https:\/\/www.satlabgeo.com\/\"},{\"@type\":\"ListItem\",\"position\":2,\"name\":\"Become Our Partner\"}]},{\"@type\":\"WebSite\",\"@id\":\"https:\/\/www.satlabgeo.com\/#website\",\"url\":\"https:\/\/www.satlabgeo.com\/\",\"name\":\"Global Satellite Positioning Solutions | SatLab Geosolutions AB\",\"description\":\"\",\"publisher\":{\"@id\":\"https:\/\/www.satlabgeo.com\/#organization\"},\"potentialAction\":[{\"@type\":\"SearchAction\",\"target\":{\"@type\":\"EntryPoint\",\"urlTemplate\":\"https:\/\/www.satlabgeo.com\/?s={search_term_string}\"},\"query-input\":\"required name=search_term_string\"}],\"inLanguage\":\"pt-PT\"},{\"@type\":\"Organization\",\"@id\":\"https:\/\/www.satlabgeo.com\/#organization\",\"name\":\"Global Satellite Positioning Solutions | SatLab Geosolutions AB\",\"url\":\"https:\/\/www.satlabgeo.com\/\",\"sameAs\":[],\"logo\":{\"@type\":\"ImageObject\",\"inLanguage\":\"pt-PT\",\"@id\":\"https:\/\/www.satlabgeo.com\/#\/schema\/logo\/image\/\",\"url\":\"https:\/\/www.satlabgeo.com\/wp-content\/uploads\/2025\/08\/satlab-logo.webp\",\"contentUrl\":\"https:\/\/www.satlabgeo.com\/wp-content\/uploads\/2025\/08\/satlab-logo.webp\",\"width\":191,\"height\":48,\"caption\":\"Global Satellite Positioning Solutions | SatLab Geosolutions AB\"},\"image\":{\"@id\":\"https:\/\/www.satlabgeo.com\/#\/schema\/logo\/image\/\"}}]}<\/script>\n<!-- \/ Yoast SEO plugin. -->","yoast_head_json":{"title":"Become Our Partner | Global Satellite Positioning Solutions | SatLab Geosolutions AB","robots":{"index":"index","follow":"follow","max-snippet":"max-snippet:-1","max-image-preview":"max-image-preview:large","max-video-preview":"max-video-preview:-1"},"canonical":"https:\/\/www.satlabgeo.com\/pt\/become-our-partner\/","og_locale":"pt_PT","og_type":"article","og_title":"Become Our Partner | Global Satellite Positioning Solutions | SatLab Geosolutions AB","og_description":"&nbsp; &nbsp;","og_url":"https:\/\/www.satlabgeo.com\/pt\/become-our-partner\/","og_site_name":"Global Satellite Positioning Solutions | SatLab Geosolutions AB","article_modified_time":"2023-06-30T08:38:12+00:00","twitter_card":"summary_large_image","schema":{"@context":"https:\/\/schema.org","@graph":[{"@type":"WebPage","@id":"https:\/\/www.satlabgeo.com\/become-our-partner\/","url":"https:\/\/www.satlabgeo.com\/become-our-partner\/","name":"Become Our Partner | Global Satellite Positioning Solutions | SatLab Geosolutions AB","isPartOf":{"@id":"https:\/\/www.satlabgeo.com\/#website"},"datePublished":"2023-06-29T06:42:29+00:00","dateModified":"2023-06-30T08:38:12+00:00","breadcrumb":{"@id":"https:\/\/www.satlabgeo.com\/become-our-partner\/#breadcrumb"},"inLanguage":"pt-PT","potentialAction":[{"@type":"ReadAction","target":["https:\/\/www.satlabgeo.com\/become-our-partner\/"]}]},{"@type":"BreadcrumbList","@id":"https:\/\/www.satlabgeo.com\/become-our-partner\/#breadcrumb","itemListElement":[{"@type":"ListItem","position":1,"name":"Home","item":"https:\/\/www.satlabgeo.com\/"},{"@type":"ListItem","position":2,"name":"Become Our Partner"}]},{"@type":"WebSite","@id":"https:\/\/www.satlabgeo.com\/#website","url":"https:\/\/www.satlabgeo.com\/","name":"Global Satellite Positioning Solutions | SatLab Geosolutions AB","description":"","publisher":{"@id":"https:\/\/www.satlabgeo.com\/#organization"},"potentialAction":[{"@type":"SearchAction","target":{"@type":"EntryPoint","urlTemplate":"https:\/\/www.satlabgeo.com\/?s={search_term_string}"},"query-input":"required name=search_term_string"}],"inLanguage":"pt-PT"},{"@type":"Organization","@id":"https:\/\/www.satlabgeo.com\/#organization","name":"Global Satellite Positioning Solutions | SatLab Geosolutions AB","url":"https:\/\/www.satlabgeo.com\/","sameAs":[],"logo":{"@type":"ImageObject","inLanguage":"pt-PT","@id":"https:\/\/www.satlabgeo.com\/#\/schema\/logo\/image\/","url":"https:\/\/www.satlabgeo.com\/wp-content\/uploads\/2025\/08\/satlab-logo.webp","contentUrl":"https:\/\/www.satlabgeo.com\/wp-content\/uploads\/2025\/08\/satlab-logo.webp","width":191,"height":48,"caption":"Global Satellite Positioning Solutions | SatLab Geosolutions AB"},"image":{"@id":"https:\/\/www.satlabgeo.com\/#\/schema\/logo\/image\/"}}]}},"_links":{"self":[{"href":"https:\/\/www.satlabgeo.com\/pt\/wp-json\/wp\/v2\/pages\/1008"}],"collection":[{"href":"https:\/\/www.satlabgeo.com\/pt\/wp-json\/wp\/v2\/pages"}],"about":[{"href":"https:\/\/www.satlabgeo.com\/pt\/wp-json\/wp\/v2\/types\/page"}],"author":[{"embeddable":true,"href":"https:\/\/www.satlabgeo.com\/pt\/wp-json\/wp\/v2\/users\/1"}],"replies":[{"embeddable":true,"href":"https:\/\/www.satlabgeo.com\/pt\/wp-json\/wp\/v2\/comments?post=1008"}],"version-history":[{"count":1,"href":"https:\/\/www.satlabgeo.com\/pt\/wp-json\/wp\/v2\/pages\/1008\/revisions"}],"predecessor-version":[{"id":1014,"href":"https:\/\/www.satlabgeo.com\/pt\/wp-json\/wp\/v2\/pages\/1008\/revisions\/1014"}],"wp:attachment":[{"href":"https:\/\/www.satlabgeo.com\/pt\/wp-json\/wp\/v2\/media?parent=1008"}],"curies":[{"name":"wp","href":"https:\/\/api.w.org\/{rel}","templated":true}]}}