{"id":981,"date":"2023-06-20T04:08:11","date_gmt":"2023-06-20T04:08:11","guid":{"rendered":"https:\/\/www.satlabgeo.com\/?post_type=product&#038;p=981"},"modified":"2025-11-26T03:28:02","modified_gmt":"2025-11-26T03:28:02","slug":"hydroboat-990-bathymetric-usv-system","status":"publish","type":"product","link":"https:\/\/www.satlabgeo.com\/fr\/product\/hydroboat-990-bathymetric-usv-system\/","title":{"rendered":"HydroBoat 990 USV"},"content":{"rendered":"<div class=\"landscape\"><a href=\"https:\/\/www.satlabgeo.com\/fr\/contact-us\/\"><img decoding=\"async\" src=\"https:\/\/www.satlabgeo.com\/wp-content\/uploads\/2023\/06\/hydroboat-990-product-banner.jpg\" alt=\"Hydroboat 990\" class=\"aligncenter\" \/><\/a><\/div>\n<p>&nbsp;<\/p>\n<h3>Facilit\u00e9 d&#039;utilisation<\/h3>\n<p>Le logiciel fiable SLHydro USV est install\u00e9 sur un contr\u00f4leur Android intelligent, permettant la mesure bathym\u00e9trique, la planification de route, la cartographie en ligne et la navigation vid\u00e9o. Le bateau est \u00e9quip\u00e9 d&#039;un r\u00e9cepteur GNSS et d&#039;un \u00e9chosondeur SBES. Il suffit de cliquer sur \u00ab\u00a0Connecter\u00a0\u00bb pour que le syst\u00e8me GNSS, l&#039;\u00e9chosondeur et le syst\u00e8me vid\u00e9o soient automatiquement configur\u00e9s sur le SLHydro USV. Simple et pratique, dites adieu aux stations de communication et aux ordinateurs.<\/p>\n<h3>Fonctionnalit\u00e9<\/h3>\n<p>R\u00e9cepteur GNSS de positionnement et de cap de haute pr\u00e9cision int\u00e9gr\u00e9 et capteurs INS pour une direction correcte, et affichage en temps r\u00e9el des informations d&#039;\u00e9cho pour d\u00e9terminer la topographie du fond marin. La fonction de vol stationnaire maintient le bateau en place dans l&#039;eau courante, et la structure globale du bateau stabilise le bateau et r\u00e9duit la remont\u00e9e de l&#039;\u00e9trave.<\/p>\n<h3>Fiabilit\u00e9<\/h3>\n<p>Le radar \u00e0 ondes millim\u00e9triques d\u00e9tecte avec pr\u00e9cision les obstacles pour garantir la s\u00e9curit\u00e9 du navire. La conception \u00e9tanche IP67 et la double coque prot\u00e8gent l&#039;HydroBoat 990 de l&#039;abrasion et du naufrage, et le pr\u00e9servent des impacts inattendus. La fiabilit\u00e9 est primordiale sur le terrain\u00a0!<\/p>\n<div style=\"text-align: center, max-width: 640px; margin: 0 auto;\"><video width=\"300\" height=\"150\" class=\"wp-video-shortcode\" preload=\"metadata\" controls=\"controls\"><source type=\"video\/youtube\" src=\"https:\/\/youtu.be\/ezSyzpfXCHY\" \/><\/video><\/div>","protected":false},"excerpt":{"rendered":"<p>V\u00e9ritablement pratique, puissant et fiable, l&#039;HydroBoat 990 est un syst\u00e8me USV sous Android pour les relev\u00e9s bathym\u00e9triques. Un seul op\u00e9rateur, un seul bateau et un seul contr\u00f4leur suffisent pour r\u00e9aliser les relev\u00e9s bathym\u00e9triques.<\/p>\n<p>Avec un logiciel Android facile \u00e0 utiliser et une structure de bateau int\u00e9gr\u00e9e et pratique, l&#039;HydroBoat 990 navigue rapidement et mesure avec pr\u00e9cision avec d&#039;excellentes performances techniques.<\/p>","protected":false},"featured_media":982,"comment_status":"open","ping_status":"closed","template":"","meta":{"_links_to":"","_links_to_target":""},"product_cat":[73],"product_tag":[],"yoast_head":"<!-- This site is optimized with the Yoast SEO plugin v19.8 - https:\/\/yoast.com\/wordpress\/plugins\/seo\/ -->\n<title>HydroBoat 990 USV | SatLab<\/title>\n<meta name=\"description\" content=\"HydroBoat 990 is an Android-powered USV system for bathymetric surveys. With only one man, one boat, and one controller to get the bathymetric surveys done.\" \/>\n<meta name=\"robots\" content=\"index, follow, max-snippet:-1, max-image-preview:large, max-video-preview:-1\" \/>\n<link rel=\"canonical\" href=\"https:\/\/www.satlabgeo.com\/fr\/product\/hydroboat-990-bathymetric-usv-system\/\" \/>\n<meta property=\"og:locale\" content=\"fr_FR\" \/>\n<meta property=\"og:type\" content=\"article\" \/>\n<meta property=\"og:title\" content=\"HydroBoat 990 USV | SatLab\" \/>\n<meta property=\"og:description\" content=\"HydroBoat 990 is an Android-powered USV system for bathymetric surveys. With only one man, one boat, and one controller to get the bathymetric surveys done.\" \/>\n<meta property=\"og:url\" content=\"https:\/\/www.satlabgeo.com\/fr\/product\/hydroboat-990-bathymetric-usv-system\/\" \/>\n<meta property=\"og:site_name\" content=\"Global Satellite Positioning Solutions | SatLab Geosolutions AB\" \/>\n<meta property=\"article:modified_time\" content=\"2025-11-26T03:28:02+00:00\" \/>\n<meta property=\"og:image\" content=\"https:\/\/www.satlabgeo.com\/wp-content\/uploads\/2023\/06\/hydroboat-990-03.png\" \/>\n\t<meta property=\"og:image:width\" content=\"744\" \/>\n\t<meta property=\"og:image:height\" content=\"705\" \/>\n\t<meta property=\"og:image:type\" content=\"image\/png\" \/>\n<meta name=\"twitter:card\" content=\"summary_large_image\" \/>\n<meta name=\"twitter:label1\" content=\"Dur\u00e9e de lecture estim\u00e9e\" \/>\n\t<meta name=\"twitter:data1\" content=\"1 minute\" \/>\n<script type=\"application\/ld+json\" class=\"yoast-schema-graph\">{\"@context\":\"https:\/\/schema.org\",\"@graph\":[{\"@type\":\"WebPage\",\"@id\":\"https:\/\/www.satlabgeo.com\/product\/hydroboat-990-bathymetric-usv-system\/\",\"url\":\"https:\/\/www.satlabgeo.com\/product\/hydroboat-990-bathymetric-usv-system\/\",\"name\":\"HydroBoat 990 USV | SatLab\",\"isPartOf\":{\"@id\":\"https:\/\/www.satlabgeo.com\/#website\"},\"datePublished\":\"2023-06-20T04:08:11+00:00\",\"dateModified\":\"2025-11-26T03:28:02+00:00\",\"description\":\"HydroBoat 990 is an Android-powered USV system for bathymetric surveys. With only one man, one boat, and one controller to get the bathymetric surveys done.\",\"breadcrumb\":{\"@id\":\"https:\/\/www.satlabgeo.com\/product\/hydroboat-990-bathymetric-usv-system\/#breadcrumb\"},\"inLanguage\":\"fr-FR\",\"potentialAction\":[{\"@type\":\"ReadAction\",\"target\":[\"https:\/\/www.satlabgeo.com\/product\/hydroboat-990-bathymetric-usv-system\/\"]}]},{\"@type\":\"BreadcrumbList\",\"@id\":\"https:\/\/www.satlabgeo.com\/product\/hydroboat-990-bathymetric-usv-system\/#breadcrumb\",\"itemListElement\":[{\"@type\":\"ListItem\",\"position\":1,\"name\":\"Home\",\"item\":\"https:\/\/www.satlabgeo.com\/\"},{\"@type\":\"ListItem\",\"position\":2,\"name\":\"Products\",\"item\":\"https:\/\/www.satlabgeo.com\/products\/\"},{\"@type\":\"ListItem\",\"position\":3,\"name\":\"HydroBoat 990 USV\"}]},{\"@type\":\"WebSite\",\"@id\":\"https:\/\/www.satlabgeo.com\/#website\",\"url\":\"https:\/\/www.satlabgeo.com\/\",\"name\":\"Global Satellite Positioning Solutions | SatLab Geosolutions AB\",\"description\":\"\",\"publisher\":{\"@id\":\"https:\/\/www.satlabgeo.com\/#organization\"},\"potentialAction\":[{\"@type\":\"SearchAction\",\"target\":{\"@type\":\"EntryPoint\",\"urlTemplate\":\"https:\/\/www.satlabgeo.com\/?s={search_term_string}\"},\"query-input\":\"required name=search_term_string\"}],\"inLanguage\":\"fr-FR\"},{\"@type\":\"Organization\",\"@id\":\"https:\/\/www.satlabgeo.com\/#organization\",\"name\":\"Global Satellite Positioning Solutions | SatLab Geosolutions AB\",\"url\":\"https:\/\/www.satlabgeo.com\/\",\"sameAs\":[],\"logo\":{\"@type\":\"ImageObject\",\"inLanguage\":\"fr-FR\",\"@id\":\"https:\/\/www.satlabgeo.com\/#\/schema\/logo\/image\/\",\"url\":\"https:\/\/www.satlabgeo.com\/wp-content\/uploads\/2025\/08\/satlab-logo.webp\",\"contentUrl\":\"https:\/\/www.satlabgeo.com\/wp-content\/uploads\/2025\/08\/satlab-logo.webp\",\"width\":191,\"height\":48,\"caption\":\"Global Satellite Positioning Solutions | SatLab Geosolutions AB\"},\"image\":{\"@id\":\"https:\/\/www.satlabgeo.com\/#\/schema\/logo\/image\/\"}}]}<\/script>\n<!-- \/ Yoast SEO plugin. -->","yoast_head_json":{"title":"HydroBoat 990 USV | SatLab","description":"HydroBoat 990 is an Android-powered USV system for bathymetric surveys. With only one man, one boat, and one controller to get the bathymetric surveys done.","robots":{"index":"index","follow":"follow","max-snippet":"max-snippet:-1","max-image-preview":"max-image-preview:large","max-video-preview":"max-video-preview:-1"},"canonical":"https:\/\/www.satlabgeo.com\/fr\/product\/hydroboat-990-bathymetric-usv-system\/","og_locale":"fr_FR","og_type":"article","og_title":"HydroBoat 990 USV | SatLab","og_description":"HydroBoat 990 is an Android-powered USV system for bathymetric surveys. With only one man, one boat, and one controller to get the bathymetric surveys done.","og_url":"https:\/\/www.satlabgeo.com\/fr\/product\/hydroboat-990-bathymetric-usv-system\/","og_site_name":"Global Satellite Positioning Solutions | SatLab Geosolutions AB","article_modified_time":"2025-11-26T03:28:02+00:00","og_image":[{"width":744,"height":705,"url":"https:\/\/www.satlabgeo.com\/wp-content\/uploads\/2023\/06\/hydroboat-990-03.png","type":"image\/png"}],"twitter_card":"summary_large_image","twitter_misc":{"Dur\u00e9e de lecture estim\u00e9e":"1 minute"},"schema":{"@context":"https:\/\/schema.org","@graph":[{"@type":"WebPage","@id":"https:\/\/www.satlabgeo.com\/product\/hydroboat-990-bathymetric-usv-system\/","url":"https:\/\/www.satlabgeo.com\/product\/hydroboat-990-bathymetric-usv-system\/","name":"HydroBoat 990 USV | SatLab","isPartOf":{"@id":"https:\/\/www.satlabgeo.com\/#website"},"datePublished":"2023-06-20T04:08:11+00:00","dateModified":"2025-11-26T03:28:02+00:00","description":"HydroBoat 990 is an Android-powered USV system for bathymetric surveys. With only one man, one boat, and one controller to get the bathymetric surveys done.","breadcrumb":{"@id":"https:\/\/www.satlabgeo.com\/product\/hydroboat-990-bathymetric-usv-system\/#breadcrumb"},"inLanguage":"fr-FR","potentialAction":[{"@type":"ReadAction","target":["https:\/\/www.satlabgeo.com\/product\/hydroboat-990-bathymetric-usv-system\/"]}]},{"@type":"BreadcrumbList","@id":"https:\/\/www.satlabgeo.com\/product\/hydroboat-990-bathymetric-usv-system\/#breadcrumb","itemListElement":[{"@type":"ListItem","position":1,"name":"Home","item":"https:\/\/www.satlabgeo.com\/"},{"@type":"ListItem","position":2,"name":"Products","item":"https:\/\/www.satlabgeo.com\/products\/"},{"@type":"ListItem","position":3,"name":"HydroBoat 990 USV"}]},{"@type":"WebSite","@id":"https:\/\/www.satlabgeo.com\/#website","url":"https:\/\/www.satlabgeo.com\/","name":"Global Satellite Positioning Solutions | SatLab Geosolutions AB","description":"","publisher":{"@id":"https:\/\/www.satlabgeo.com\/#organization"},"potentialAction":[{"@type":"SearchAction","target":{"@type":"EntryPoint","urlTemplate":"https:\/\/www.satlabgeo.com\/?s={search_term_string}"},"query-input":"required name=search_term_string"}],"inLanguage":"fr-FR"},{"@type":"Organization","@id":"https:\/\/www.satlabgeo.com\/#organization","name":"Global Satellite Positioning Solutions | SatLab Geosolutions AB","url":"https:\/\/www.satlabgeo.com\/","sameAs":[],"logo":{"@type":"ImageObject","inLanguage":"fr-FR","@id":"https:\/\/www.satlabgeo.com\/#\/schema\/logo\/image\/","url":"https:\/\/www.satlabgeo.com\/wp-content\/uploads\/2025\/08\/satlab-logo.webp","contentUrl":"https:\/\/www.satlabgeo.com\/wp-content\/uploads\/2025\/08\/satlab-logo.webp","width":191,"height":48,"caption":"Global Satellite Positioning Solutions | SatLab Geosolutions AB"},"image":{"@id":"https:\/\/www.satlabgeo.com\/#\/schema\/logo\/image\/"}}]}},"_links":{"self":[{"href":"https:\/\/www.satlabgeo.com\/fr\/wp-json\/wp\/v2\/product\/981"}],"collection":[{"href":"https:\/\/www.satlabgeo.com\/fr\/wp-json\/wp\/v2\/product"}],"about":[{"href":"https:\/\/www.satlabgeo.com\/fr\/wp-json\/wp\/v2\/types\/product"}],"replies":[{"embeddable":true,"href":"https:\/\/www.satlabgeo.com\/fr\/wp-json\/wp\/v2\/comments?post=981"}],"version-history":[{"count":3,"href":"https:\/\/www.satlabgeo.com\/fr\/wp-json\/wp\/v2\/product\/981\/revisions"}],"predecessor-version":[{"id":3178,"href":"https:\/\/www.satlabgeo.com\/fr\/wp-json\/wp\/v2\/product\/981\/revisions\/3178"}],"wp:featuredmedia":[{"embeddable":true,"href":"https:\/\/www.satlabgeo.com\/fr\/wp-json\/wp\/v2\/media\/982"}],"wp:attachment":[{"href":"https:\/\/www.satlabgeo.com\/fr\/wp-json\/wp\/v2\/media?parent=981"}],"wp:term":[{"taxonomy":"product_cat","embeddable":true,"href":"https:\/\/www.satlabgeo.com\/fr\/wp-json\/wp\/v2\/product_cat?post=981"},{"taxonomy":"product_tag","embeddable":true,"href":"https:\/\/www.satlabgeo.com\/fr\/wp-json\/wp\/v2\/product_tag?post=981"}],"curies":[{"name":"wp","href":"https:\/\/api.w.org\/{rel}","templated":true}]}}