{"id":743,"date":"2022-10-11T02:42:11","date_gmt":"2022-10-11T02:42:11","guid":{"rendered":"https:\/\/www.satlabgeo.com\/?post_type=product&#038;p=743"},"modified":"2025-09-23T06:47:15","modified_gmt":"2025-09-23T06:47:15","slug":"eyr-gnss-rtk-system","status":"publish","type":"product","link":"https:\/\/www.satlabgeo.com\/fr\/product\/eyr-gnss-rtk-system\/","title":{"rendered":"Syst\u00e8me GNSS RTK Eyr"},"content":{"rendered":"<div class=\"landscape\"><img decoding=\"async\" src=\"https:\/\/www.satlabgeo.com\/wp-content\/uploads\/2022\/10\/Eyr-product.jpg\" alt=\"GNSS\" class=\"Eyr\" \/><\/div>\n<h3><\/h3>\n<h3>Des satellites de suivi plus puissants et une plus grande capacit\u00e9 anti-brouillage<\/h3>\n<p>L&#039;Eyr est \u00e9quip\u00e9 de la conception unique de SatLab et d&#039;une antenne d\u00e9velopp\u00e9e en interne pour un fonctionnement plus stable et plus efficace. Par ailleurs, une puce de carte m\u00e8re hautement int\u00e9gr\u00e9e \u00e0 faible consommation d&#039;\u00e9nergie, prenant en charge jusqu&#039;\u00e0 1408\/1760 canaux et une plateforme SoC avanc\u00e9e, constituent \u00e9galement les principales caract\u00e9ristiques d&#039;Eyr.<\/p>\n<p>L&#039;excellente configuration mat\u00e9rielle supprime efficacement les signaux d&#039;interf\u00e9rence et obtient des donn\u00e9es d&#039;observation de meilleure qualit\u00e9 \u00e0 partir des constellations de satellites, ce qui constitue les avantages de la puce.<\/p>\n<h3>\u00c9metteur-r\u00e9cepteur multiprotocole radio int\u00e9gr\u00e9<\/h3>\n<p>La radio multiprotocole int\u00e9gr\u00e9e transmet et re\u00e7oit des donn\u00e9es diff\u00e9rentielles compatibles avec plusieurs marques de liaisons de donn\u00e9es radio RTK.<\/p>\n<p>Le module radio d\u00e9velopp\u00e9 en interne permet \u00e0 l&#039;Eyr non seulement de bien fonctionner dans une port\u00e9e de fonctionnement typique de 7 km en ext\u00e9rieur, mais encore mieux dans des conditions de travail id\u00e9ales.<\/p>\n<h3>Double cam\u00e9ra HD pour une visualisation facile de l&#039;\u00e9l\u00e9vation du b\u00e2timent et une implantation rapide<\/h3>\n<p>Bas\u00e9e sur la technologie de traitement d&#039;image haute performance du syst\u00e8me Android, la cam\u00e9ra de recul de 5 m\u00e9gapixels, associ\u00e9e au contr\u00f4leur, capture des coordonn\u00e9es pr\u00e9cises en temps r\u00e9el, dans une plage de 2 \u00e0 15 m\u00e8tres et avec une pr\u00e9cision de 2 \u00e0 4 cm.<\/p>\n<p>La cam\u00e9ra 2 Mpx situ\u00e9e en dessous permet une implantation en direct en r\u00e9alit\u00e9 augment\u00e9e avec une pr\u00e9cision de 2 cm, permettant ainsi d&#039;atteindre le point d&#039;implantation plus rapidement et plus efficacement. La nouvelle fonction de relev\u00e9 d&#039;images permet des mesures sans contact, am\u00e9liorant ainsi consid\u00e9rablement la port\u00e9e du GNSS pour un fonctionnement efficace et s\u00fbr.<\/p>\n<h3>Support logiciel<\/h3>\n<p>Le SatLab Satsurv est le compagnon id\u00e9al du r\u00e9cepteur GNSS Eyr. Ce logiciel de topographie professionnel, fonctionnel et facile \u00e0 utiliser, optimise les performances de l&#039;Eyr.<br \/>\nSGS est un logiciel de bureau polyvalent pour le post-traitement des donn\u00e9es de mesure, r\u00e9pondant aux besoins des utilisateurs en r\u00e9pondant \u00e0 une large gamme de post-traitement de donn\u00e9es.<\/p>\n<p>De plus, le type de r\u00e9sultats de donn\u00e9es d&#039;image obtenus avec Eyr est compatible avec les principaux logiciels de mod\u00e9lisation 3D tiers tels que ContextCapture, DPSmart et Pix4D.<\/p>\n<p>La fonction de mod\u00e9lisation 3D fait d&#039;Eyr un partenaire id\u00e9al pour les op\u00e9rations collaboratives de drones.<\/p>","protected":false},"excerpt":{"rendered":"<p>\u00c9quip\u00e9 de deux cam\u00e9ras, l&#039;Eyr offre des fonctions de mesure d&#039;image et d&#039;implantation visuelle, offrant ainsi une large gamme de solutions de mesure sans contact et simplifiant les op\u00e9rations d&#039;implantation. Le RTK est \u00e0 la fois esth\u00e9tique et pratique, et son format de poche et son bo\u00eetier l\u00e9ger le rendent portable et polyvalent.<\/p>","protected":false},"featured_media":744,"comment_status":"open","ping_status":"closed","template":"","meta":{"_links_to":"","_links_to_target":""},"product_cat":[26],"product_tag":[],"yoast_head":"<!-- This site is optimized with the Yoast SEO plugin v19.8 - https:\/\/yoast.com\/wordpress\/plugins\/seo\/ -->\n<title>Eyr GNSS RTK System | Global Satellite Positioning Solutions | SatLab Geosolutions AB<\/title>\n<meta name=\"robots\" content=\"index, follow, max-snippet:-1, max-image-preview:large, max-video-preview:-1\" \/>\n<link rel=\"canonical\" href=\"https:\/\/www.satlabgeo.com\/fr\/product\/eyr-gnss-rtk-system\/\" \/>\n<meta property=\"og:locale\" content=\"fr_FR\" \/>\n<meta property=\"og:type\" content=\"article\" \/>\n<meta property=\"og:title\" content=\"Eyr GNSS RTK System | Global Satellite Positioning Solutions | SatLab Geosolutions AB\" \/>\n<meta property=\"og:description\" content=\"Equipped with dual cameras, the Eyr features image measurement and visual stakeout, which not only provide a wide range of contact-free measurement solutions but also make stakeout operations intuitive and simple. The design of the RTK is aesthetic but practical, and the pocket-sized and lightweight body makes it portable and versatile.\" \/>\n<meta property=\"og:url\" content=\"https:\/\/www.satlabgeo.com\/fr\/product\/eyr-gnss-rtk-system\/\" \/>\n<meta property=\"og:site_name\" content=\"Global Satellite Positioning Solutions | SatLab Geosolutions AB\" \/>\n<meta property=\"article:modified_time\" content=\"2025-09-23T06:47:15+00:00\" \/>\n<meta property=\"og:image\" content=\"https:\/\/www.satlabgeo.com\/wp-content\/uploads\/2022\/10\/Eyr-01.png\" \/>\n\t<meta property=\"og:image:width\" content=\"744\" \/>\n\t<meta property=\"og:image:height\" content=\"705\" \/>\n\t<meta property=\"og:image:type\" content=\"image\/png\" \/>\n<meta name=\"twitter:card\" content=\"summary_large_image\" \/>\n<meta name=\"twitter:label1\" content=\"Dur\u00e9e de lecture estim\u00e9e\" \/>\n\t<meta name=\"twitter:data1\" content=\"2 minutes\" \/>\n<script type=\"application\/ld+json\" class=\"yoast-schema-graph\">{\"@context\":\"https:\/\/schema.org\",\"@graph\":[{\"@type\":\"WebPage\",\"@id\":\"https:\/\/www.satlabgeo.com\/product\/eyr-gnss-rtk-system\/\",\"url\":\"https:\/\/www.satlabgeo.com\/product\/eyr-gnss-rtk-system\/\",\"name\":\"Eyr GNSS RTK System | Global Satellite Positioning Solutions | SatLab Geosolutions AB\",\"isPartOf\":{\"@id\":\"https:\/\/www.satlabgeo.com\/#website\"},\"datePublished\":\"2022-10-11T02:42:11+00:00\",\"dateModified\":\"2025-09-23T06:47:15+00:00\",\"breadcrumb\":{\"@id\":\"https:\/\/www.satlabgeo.com\/product\/eyr-gnss-rtk-system\/#breadcrumb\"},\"inLanguage\":\"fr-FR\",\"potentialAction\":[{\"@type\":\"ReadAction\",\"target\":[\"https:\/\/www.satlabgeo.com\/product\/eyr-gnss-rtk-system\/\"]}]},{\"@type\":\"BreadcrumbList\",\"@id\":\"https:\/\/www.satlabgeo.com\/product\/eyr-gnss-rtk-system\/#breadcrumb\",\"itemListElement\":[{\"@type\":\"ListItem\",\"position\":1,\"name\":\"Home\",\"item\":\"https:\/\/www.satlabgeo.com\/\"},{\"@type\":\"ListItem\",\"position\":2,\"name\":\"Products\",\"item\":\"https:\/\/www.satlabgeo.com\/products\/\"},{\"@type\":\"ListItem\",\"position\":3,\"name\":\"Eyr GNSS RTK System\"}]},{\"@type\":\"WebSite\",\"@id\":\"https:\/\/www.satlabgeo.com\/#website\",\"url\":\"https:\/\/www.satlabgeo.com\/\",\"name\":\"Global Satellite Positioning Solutions | SatLab Geosolutions AB\",\"description\":\"\",\"publisher\":{\"@id\":\"https:\/\/www.satlabgeo.com\/#organization\"},\"potentialAction\":[{\"@type\":\"SearchAction\",\"target\":{\"@type\":\"EntryPoint\",\"urlTemplate\":\"https:\/\/www.satlabgeo.com\/?s={search_term_string}\"},\"query-input\":\"required name=search_term_string\"}],\"inLanguage\":\"fr-FR\"},{\"@type\":\"Organization\",\"@id\":\"https:\/\/www.satlabgeo.com\/#organization\",\"name\":\"Global Satellite Positioning Solutions | SatLab Geosolutions AB\",\"url\":\"https:\/\/www.satlabgeo.com\/\",\"sameAs\":[],\"logo\":{\"@type\":\"ImageObject\",\"inLanguage\":\"fr-FR\",\"@id\":\"https:\/\/www.satlabgeo.com\/#\/schema\/logo\/image\/\",\"url\":\"https:\/\/www.satlabgeo.com\/wp-content\/uploads\/2025\/08\/satlab-logo.webp\",\"contentUrl\":\"https:\/\/www.satlabgeo.com\/wp-content\/uploads\/2025\/08\/satlab-logo.webp\",\"width\":191,\"height\":48,\"caption\":\"Global Satellite Positioning Solutions | SatLab Geosolutions AB\"},\"image\":{\"@id\":\"https:\/\/www.satlabgeo.com\/#\/schema\/logo\/image\/\"}}]}<\/script>\n<!-- \/ Yoast SEO plugin. -->","yoast_head_json":{"title":"Eyr GNSS RTK System | Global Satellite Positioning Solutions | SatLab Geosolutions AB","robots":{"index":"index","follow":"follow","max-snippet":"max-snippet:-1","max-image-preview":"max-image-preview:large","max-video-preview":"max-video-preview:-1"},"canonical":"https:\/\/www.satlabgeo.com\/fr\/product\/eyr-gnss-rtk-system\/","og_locale":"fr_FR","og_type":"article","og_title":"Eyr GNSS RTK System | Global Satellite Positioning Solutions | SatLab Geosolutions AB","og_description":"Equipped with dual cameras, the Eyr features image measurement and visual stakeout, which not only provide a wide range of contact-free measurement solutions but also make stakeout operations intuitive and simple. The design of the RTK is aesthetic but practical, and the pocket-sized and lightweight body makes it portable and versatile.","og_url":"https:\/\/www.satlabgeo.com\/fr\/product\/eyr-gnss-rtk-system\/","og_site_name":"Global Satellite Positioning Solutions | SatLab Geosolutions AB","article_modified_time":"2025-09-23T06:47:15+00:00","og_image":[{"width":744,"height":705,"url":"https:\/\/www.satlabgeo.com\/wp-content\/uploads\/2022\/10\/Eyr-01.png","type":"image\/png"}],"twitter_card":"summary_large_image","twitter_misc":{"Dur\u00e9e de lecture estim\u00e9e":"2 minutes"},"schema":{"@context":"https:\/\/schema.org","@graph":[{"@type":"WebPage","@id":"https:\/\/www.satlabgeo.com\/product\/eyr-gnss-rtk-system\/","url":"https:\/\/www.satlabgeo.com\/product\/eyr-gnss-rtk-system\/","name":"Eyr GNSS RTK System | Global Satellite Positioning Solutions | SatLab Geosolutions AB","isPartOf":{"@id":"https:\/\/www.satlabgeo.com\/#website"},"datePublished":"2022-10-11T02:42:11+00:00","dateModified":"2025-09-23T06:47:15+00:00","breadcrumb":{"@id":"https:\/\/www.satlabgeo.com\/product\/eyr-gnss-rtk-system\/#breadcrumb"},"inLanguage":"fr-FR","potentialAction":[{"@type":"ReadAction","target":["https:\/\/www.satlabgeo.com\/product\/eyr-gnss-rtk-system\/"]}]},{"@type":"BreadcrumbList","@id":"https:\/\/www.satlabgeo.com\/product\/eyr-gnss-rtk-system\/#breadcrumb","itemListElement":[{"@type":"ListItem","position":1,"name":"Home","item":"https:\/\/www.satlabgeo.com\/"},{"@type":"ListItem","position":2,"name":"Products","item":"https:\/\/www.satlabgeo.com\/products\/"},{"@type":"ListItem","position":3,"name":"Eyr GNSS RTK System"}]},{"@type":"WebSite","@id":"https:\/\/www.satlabgeo.com\/#website","url":"https:\/\/www.satlabgeo.com\/","name":"Global Satellite Positioning Solutions | SatLab Geosolutions AB","description":"","publisher":{"@id":"https:\/\/www.satlabgeo.com\/#organization"},"potentialAction":[{"@type":"SearchAction","target":{"@type":"EntryPoint","urlTemplate":"https:\/\/www.satlabgeo.com\/?s={search_term_string}"},"query-input":"required name=search_term_string"}],"inLanguage":"fr-FR"},{"@type":"Organization","@id":"https:\/\/www.satlabgeo.com\/#organization","name":"Global Satellite Positioning Solutions | SatLab Geosolutions AB","url":"https:\/\/www.satlabgeo.com\/","sameAs":[],"logo":{"@type":"ImageObject","inLanguage":"fr-FR","@id":"https:\/\/www.satlabgeo.com\/#\/schema\/logo\/image\/","url":"https:\/\/www.satlabgeo.com\/wp-content\/uploads\/2025\/08\/satlab-logo.webp","contentUrl":"https:\/\/www.satlabgeo.com\/wp-content\/uploads\/2025\/08\/satlab-logo.webp","width":191,"height":48,"caption":"Global Satellite Positioning Solutions | SatLab Geosolutions AB"},"image":{"@id":"https:\/\/www.satlabgeo.com\/#\/schema\/logo\/image\/"}}]}},"_links":{"self":[{"href":"https:\/\/www.satlabgeo.com\/fr\/wp-json\/wp\/v2\/product\/743"}],"collection":[{"href":"https:\/\/www.satlabgeo.com\/fr\/wp-json\/wp\/v2\/product"}],"about":[{"href":"https:\/\/www.satlabgeo.com\/fr\/wp-json\/wp\/v2\/types\/product"}],"replies":[{"embeddable":true,"href":"https:\/\/www.satlabgeo.com\/fr\/wp-json\/wp\/v2\/comments?post=743"}],"version-history":[{"count":4,"href":"https:\/\/www.satlabgeo.com\/fr\/wp-json\/wp\/v2\/product\/743\/revisions"}],"predecessor-version":[{"id":2867,"href":"https:\/\/www.satlabgeo.com\/fr\/wp-json\/wp\/v2\/product\/743\/revisions\/2867"}],"wp:featuredmedia":[{"embeddable":true,"href":"https:\/\/www.satlabgeo.com\/fr\/wp-json\/wp\/v2\/media\/744"}],"wp:attachment":[{"href":"https:\/\/www.satlabgeo.com\/fr\/wp-json\/wp\/v2\/media?parent=743"}],"wp:term":[{"taxonomy":"product_cat","embeddable":true,"href":"https:\/\/www.satlabgeo.com\/fr\/wp-json\/wp\/v2\/product_cat?post=743"},{"taxonomy":"product_tag","embeddable":true,"href":"https:\/\/www.satlabgeo.com\/fr\/wp-json\/wp\/v2\/product_tag?post=743"}],"curies":[{"name":"wp","href":"https:\/\/api.w.org\/{rel}","templated":true}]}}