{"id":688,"date":"2022-09-28T01:16:30","date_gmt":"2022-09-28T01:16:30","guid":{"rendered":"https:\/\/www.satlabgeo.com\/?post_type=product&#038;p=688"},"modified":"2025-04-23T09:17:05","modified_gmt":"2025-04-23T09:17:05","slug":"njord-gnss-receiver","status":"publish","type":"product","link":"https:\/\/www.satlabgeo.com\/fr\/product\/njord-gnss-receiver\/","title":{"rendered":"R\u00e9cepteur GNSS de positionnement et de cap Njord"},"content":{"rendered":"<div class=\"landscape\"><img decoding=\"async\" src=\"https:\/\/www.satlabgeo.com\/wp-content\/uploads\/2022\/09\/Njord-1.jpg\" alt=\"GNSS\" class=\"aligncenter\" \/><\/div>\n<h3><\/h3>\n<h3>Moteur GNSS RTK avanc\u00e9<\/h3>\n<p>Partag\u00e9 avec la m\u00eame plate-forme que le moteur GNSS le plus avanc\u00e9 du Satlab, sa gestion flexible du signal satellite vous aide \u00e0 obtenir des solutions plus pr\u00e9cises et offre des performances am\u00e9lior\u00e9es de 20 % pour la position et le cap dans des environnements GNSS difficiles.<\/p>\n<h3>Utilisation et connexion faciles<\/h3>\n<p>L&#039;\u00e9tat et le fonctionnement peuvent \u00eatre facilement effectu\u00e9s avec le panneau de commande situ\u00e9 \u00e0 l&#039;avant, tandis qu&#039;il existe de nombreux ports physiques pour sortir les donn\u00e9es requises \u00e0 l&#039;arri\u00e8re \u00e0 des fins diff\u00e9rentes.<\/p>\n<h3>Alimentation de secours pour environnement difficile<\/h3>\n<p>Une alimentation d&#039;une dur\u00e9e de trois heures est r\u00e9serv\u00e9e dans le r\u00e9cepteur comme source de secours pour soutenir le travail en cas d&#039;urgence lorsque l&#039;alimentation externe est suspendue de mani\u00e8re inattendue.<\/p>","protected":false},"excerpt":{"rendered":"<p>Le Njord est un r\u00e9cepteur de position, de cap et de positionnement multi-GNSS, multifr\u00e9quence de nouvelle g\u00e9n\u00e9ration de SatLab, con\u00e7u sp\u00e9cifiquement pour les applications marines et de construction avec une capacit\u00e9 de correction en bande L et une interface E\/S multiple pour une communication de donn\u00e9es polyvalente.<\/p>","protected":false},"featured_media":689,"comment_status":"open","ping_status":"closed","template":"","meta":{"_links_to":"","_links_to_target":""},"product_cat":[73],"product_tag":[],"yoast_head":"<!-- This site is optimized with the Yoast SEO plugin v19.8 - https:\/\/yoast.com\/wordpress\/plugins\/seo\/ -->\n<title>Njord GNSS Receiver | SatLab<\/title>\n<meta name=\"description\" content=\"The Njord is a next-generation multi-GNSS, multi-frequency positioning and heading receiver purpose-built for marine and construction applications.\" \/>\n<meta name=\"robots\" content=\"index, follow, max-snippet:-1, max-image-preview:large, max-video-preview:-1\" \/>\n<link rel=\"canonical\" href=\"https:\/\/www.satlabgeo.com\/fr\/product\/njord-gnss-receiver\/\" \/>\n<meta property=\"og:locale\" content=\"fr_FR\" \/>\n<meta property=\"og:type\" content=\"article\" \/>\n<meta property=\"og:title\" content=\"Njord GNSS Receiver | SatLab\" \/>\n<meta property=\"og:description\" content=\"The Njord is a next-generation multi-GNSS, multi-frequency positioning and heading receiver purpose-built for marine and construction applications.\" \/>\n<meta property=\"og:url\" content=\"https:\/\/www.satlabgeo.com\/fr\/product\/njord-gnss-receiver\/\" \/>\n<meta property=\"og:site_name\" content=\"Global Satellite Positioning Solutions | SatLab Geosolutions AB\" \/>\n<meta property=\"article:modified_time\" content=\"2025-04-23T09:17:05+00:00\" \/>\n<meta property=\"og:image\" content=\"https:\/\/www.satlabgeo.com\/wp-content\/uploads\/2022\/09\/Njord-01.png\" \/>\n\t<meta property=\"og:image:width\" content=\"800\" \/>\n\t<meta property=\"og:image:height\" content=\"800\" \/>\n\t<meta property=\"og:image:type\" content=\"image\/png\" \/>\n<meta name=\"twitter:card\" content=\"summary_large_image\" \/>\n<meta name=\"twitter:label1\" content=\"Dur\u00e9e de lecture estim\u00e9e\" \/>\n\t<meta name=\"twitter:data1\" content=\"1 minute\" \/>\n<script type=\"application\/ld+json\" class=\"yoast-schema-graph\">{\"@context\":\"https:\/\/schema.org\",\"@graph\":[{\"@type\":\"WebPage\",\"@id\":\"https:\/\/www.satlabgeo.com\/product\/njord-gnss-receiver\/\",\"url\":\"https:\/\/www.satlabgeo.com\/product\/njord-gnss-receiver\/\",\"name\":\"Njord GNSS Receiver | SatLab\",\"isPartOf\":{\"@id\":\"https:\/\/www.satlabgeo.com\/#website\"},\"datePublished\":\"2022-09-28T01:16:30+00:00\",\"dateModified\":\"2025-04-23T09:17:05+00:00\",\"description\":\"The Njord is a next-generation multi-GNSS, multi-frequency positioning and heading receiver purpose-built for marine and construction applications.\",\"breadcrumb\":{\"@id\":\"https:\/\/www.satlabgeo.com\/product\/njord-gnss-receiver\/#breadcrumb\"},\"inLanguage\":\"fr-FR\",\"potentialAction\":[{\"@type\":\"ReadAction\",\"target\":[\"https:\/\/www.satlabgeo.com\/product\/njord-gnss-receiver\/\"]}]},{\"@type\":\"BreadcrumbList\",\"@id\":\"https:\/\/www.satlabgeo.com\/product\/njord-gnss-receiver\/#breadcrumb\",\"itemListElement\":[{\"@type\":\"ListItem\",\"position\":1,\"name\":\"Home\",\"item\":\"https:\/\/www.satlabgeo.com\/\"},{\"@type\":\"ListItem\",\"position\":2,\"name\":\"Products\",\"item\":\"https:\/\/www.satlabgeo.com\/products\/\"},{\"@type\":\"ListItem\",\"position\":3,\"name\":\"Njord Positioning and Heading GNSS Receiver\"}]},{\"@type\":\"WebSite\",\"@id\":\"https:\/\/www.satlabgeo.com\/#website\",\"url\":\"https:\/\/www.satlabgeo.com\/\",\"name\":\"Global Satellite Positioning Solutions | SatLab Geosolutions AB\",\"description\":\"\",\"publisher\":{\"@id\":\"https:\/\/www.satlabgeo.com\/#organization\"},\"potentialAction\":[{\"@type\":\"SearchAction\",\"target\":{\"@type\":\"EntryPoint\",\"urlTemplate\":\"https:\/\/www.satlabgeo.com\/?s={search_term_string}\"},\"query-input\":\"required name=search_term_string\"}],\"inLanguage\":\"fr-FR\"},{\"@type\":\"Organization\",\"@id\":\"https:\/\/www.satlabgeo.com\/#organization\",\"name\":\"Global Satellite Positioning Solutions | SatLab Geosolutions AB\",\"url\":\"https:\/\/www.satlabgeo.com\/\",\"sameAs\":[],\"logo\":{\"@type\":\"ImageObject\",\"inLanguage\":\"fr-FR\",\"@id\":\"https:\/\/www.satlabgeo.com\/#\/schema\/logo\/image\/\",\"url\":\"https:\/\/www.satlabgeo.com\/wp-content\/uploads\/2025\/08\/satlab-logo.webp\",\"contentUrl\":\"https:\/\/www.satlabgeo.com\/wp-content\/uploads\/2025\/08\/satlab-logo.webp\",\"width\":191,\"height\":48,\"caption\":\"Global Satellite Positioning Solutions | SatLab Geosolutions AB\"},\"image\":{\"@id\":\"https:\/\/www.satlabgeo.com\/#\/schema\/logo\/image\/\"}}]}<\/script>\n<!-- \/ Yoast SEO plugin. -->","yoast_head_json":{"title":"Njord GNSS Receiver | SatLab","description":"The Njord is a next-generation multi-GNSS, multi-frequency positioning and heading receiver purpose-built for marine and construction applications.","robots":{"index":"index","follow":"follow","max-snippet":"max-snippet:-1","max-image-preview":"max-image-preview:large","max-video-preview":"max-video-preview:-1"},"canonical":"https:\/\/www.satlabgeo.com\/fr\/product\/njord-gnss-receiver\/","og_locale":"fr_FR","og_type":"article","og_title":"Njord GNSS Receiver | SatLab","og_description":"The Njord is a next-generation multi-GNSS, multi-frequency positioning and heading receiver purpose-built for marine and construction applications.","og_url":"https:\/\/www.satlabgeo.com\/fr\/product\/njord-gnss-receiver\/","og_site_name":"Global Satellite Positioning Solutions | SatLab Geosolutions AB","article_modified_time":"2025-04-23T09:17:05+00:00","og_image":[{"width":800,"height":800,"url":"https:\/\/www.satlabgeo.com\/wp-content\/uploads\/2022\/09\/Njord-01.png","type":"image\/png"}],"twitter_card":"summary_large_image","twitter_misc":{"Dur\u00e9e de lecture estim\u00e9e":"1 minute"},"schema":{"@context":"https:\/\/schema.org","@graph":[{"@type":"WebPage","@id":"https:\/\/www.satlabgeo.com\/product\/njord-gnss-receiver\/","url":"https:\/\/www.satlabgeo.com\/product\/njord-gnss-receiver\/","name":"Njord GNSS Receiver | SatLab","isPartOf":{"@id":"https:\/\/www.satlabgeo.com\/#website"},"datePublished":"2022-09-28T01:16:30+00:00","dateModified":"2025-04-23T09:17:05+00:00","description":"The Njord is a next-generation multi-GNSS, multi-frequency positioning and heading receiver purpose-built for marine and construction applications.","breadcrumb":{"@id":"https:\/\/www.satlabgeo.com\/product\/njord-gnss-receiver\/#breadcrumb"},"inLanguage":"fr-FR","potentialAction":[{"@type":"ReadAction","target":["https:\/\/www.satlabgeo.com\/product\/njord-gnss-receiver\/"]}]},{"@type":"BreadcrumbList","@id":"https:\/\/www.satlabgeo.com\/product\/njord-gnss-receiver\/#breadcrumb","itemListElement":[{"@type":"ListItem","position":1,"name":"Home","item":"https:\/\/www.satlabgeo.com\/"},{"@type":"ListItem","position":2,"name":"Products","item":"https:\/\/www.satlabgeo.com\/products\/"},{"@type":"ListItem","position":3,"name":"Njord Positioning and Heading GNSS Receiver"}]},{"@type":"WebSite","@id":"https:\/\/www.satlabgeo.com\/#website","url":"https:\/\/www.satlabgeo.com\/","name":"Global Satellite Positioning Solutions | SatLab Geosolutions AB","description":"","publisher":{"@id":"https:\/\/www.satlabgeo.com\/#organization"},"potentialAction":[{"@type":"SearchAction","target":{"@type":"EntryPoint","urlTemplate":"https:\/\/www.satlabgeo.com\/?s={search_term_string}"},"query-input":"required name=search_term_string"}],"inLanguage":"fr-FR"},{"@type":"Organization","@id":"https:\/\/www.satlabgeo.com\/#organization","name":"Global Satellite Positioning Solutions | SatLab Geosolutions AB","url":"https:\/\/www.satlabgeo.com\/","sameAs":[],"logo":{"@type":"ImageObject","inLanguage":"fr-FR","@id":"https:\/\/www.satlabgeo.com\/#\/schema\/logo\/image\/","url":"https:\/\/www.satlabgeo.com\/wp-content\/uploads\/2025\/08\/satlab-logo.webp","contentUrl":"https:\/\/www.satlabgeo.com\/wp-content\/uploads\/2025\/08\/satlab-logo.webp","width":191,"height":48,"caption":"Global Satellite Positioning Solutions | SatLab Geosolutions AB"},"image":{"@id":"https:\/\/www.satlabgeo.com\/#\/schema\/logo\/image\/"}}]}},"_links":{"self":[{"href":"https:\/\/www.satlabgeo.com\/fr\/wp-json\/wp\/v2\/product\/688"}],"collection":[{"href":"https:\/\/www.satlabgeo.com\/fr\/wp-json\/wp\/v2\/product"}],"about":[{"href":"https:\/\/www.satlabgeo.com\/fr\/wp-json\/wp\/v2\/types\/product"}],"replies":[{"embeddable":true,"href":"https:\/\/www.satlabgeo.com\/fr\/wp-json\/wp\/v2\/comments?post=688"}],"version-history":[{"count":1,"href":"https:\/\/www.satlabgeo.com\/fr\/wp-json\/wp\/v2\/product\/688\/revisions"}],"predecessor-version":[{"id":716,"href":"https:\/\/www.satlabgeo.com\/fr\/wp-json\/wp\/v2\/product\/688\/revisions\/716"}],"wp:featuredmedia":[{"embeddable":true,"href":"https:\/\/www.satlabgeo.com\/fr\/wp-json\/wp\/v2\/media\/689"}],"wp:attachment":[{"href":"https:\/\/www.satlabgeo.com\/fr\/wp-json\/wp\/v2\/media?parent=688"}],"wp:term":[{"taxonomy":"product_cat","embeddable":true,"href":"https:\/\/www.satlabgeo.com\/fr\/wp-json\/wp\/v2\/product_cat?post=688"},{"taxonomy":"product_tag","embeddable":true,"href":"https:\/\/www.satlabgeo.com\/fr\/wp-json\/wp\/v2\/product_tag?post=688"}],"curies":[{"name":"wp","href":"https:\/\/api.w.org\/{rel}","templated":true}]}}