{"id":604,"date":"2022-06-28T03:26:57","date_gmt":"2022-06-28T03:26:57","guid":{"rendered":"https:\/\/www.satlabgeo.com\/?post_type=product&#038;p=604"},"modified":"2025-03-12T02:12:32","modified_gmt":"2025-03-12T02:12:32","slug":"slt10-total-station","status":"publish","type":"product","link":"https:\/\/www.satlabgeo.com\/fr\/product\/slt10-total-station\/","title":{"rendered":"Station totale SLT10"},"content":{"rendered":"<div class=\"landscape\"><img decoding=\"async\" src=\"https:\/\/www.satlabgeo.com\/wp-content\/uploads\/2022\/06\/banner.jpg\" alt=\"station totale\" class=\"aligncenter\" \/><\/div>\n<h3><\/h3>\n<h3>\u00c9cran HD haute luminosit\u00e9 pour la vision<\/h3>\n<p>Sous un soleil intense, l&#039;\u00e9cran couleur haute luminosit\u00e9 de 2,8 pouces reste parfaitement lisible. Le clavier r\u00e9tro\u00e9clair\u00e9 facilite l&#039;utilisation dans un environnement sombre.<\/p>\n<h3>Configuration optimis\u00e9e pour une plus grande port\u00e9e<\/h3>\n<p>Le SLT10 adopte une nouvelle structure optique. Gr\u00e2ce \u00e0 un nouvel algorithme de t\u00e9l\u00e9m\u00e9trie, il int\u00e8gre des composants \u00e9lectroniques et optiques de haute qualit\u00e9. La port\u00e9e sans r\u00e9flecteur atteint 1\u00a0000 m\u00e8tres avec une pr\u00e9cision de 3+2 ppm. De plus, la plage de mesure en mode prisme d\u00e9passe 6\u00a0000 m\u00e8tres avec une pr\u00e9cision de 2+2 ppm.<\/p>\n<h3>Touche de d\u00e9clenchement pour une utilisation pratique<\/h3>\n<p>La touche de d\u00e9clenchement permet l&#039;acquisition de donn\u00e9es avec une op\u00e9ration simple, am\u00e9liorant consid\u00e9rablement la vitesse et la pr\u00e9cision de mesure.<\/p>","protected":false},"excerpt":{"rendered":"<p>Le SLT10 est dot\u00e9 d&#039;un \u00e9cran couleur haute d\u00e9finition pour une meilleure interaction homme-machine. Sa nouvelle conception optique et sa technologie de codage absolu contribuent \u00e0 de meilleures performances de mesure. L&#039;arbre \u00e0 billes compact de haute pr\u00e9cision et le disque codeur scell\u00e9 am\u00e9liorent la pr\u00e9cision et la stabilit\u00e9. Les nombreux programmes de mesure et proc\u00e9dures de maintenance int\u00e9gr\u00e9s offrent une exp\u00e9rience de mesure in\u00e9dite.<\/p>","protected":false},"featured_media":1912,"comment_status":"open","ping_status":"closed","template":"","meta":{"_links_to":"","_links_to_target":""},"product_cat":[24],"product_tag":[],"yoast_head":"<!-- This site is optimized with the Yoast SEO plugin v19.8 - https:\/\/yoast.com\/wordpress\/plugins\/seo\/ -->\n<title>SLT10 Total Station | Global Satellite Positioning Solutions | SatLab Geosolutions AB<\/title>\n<meta name=\"robots\" content=\"index, follow, max-snippet:-1, max-image-preview:large, max-video-preview:-1\" \/>\n<link rel=\"canonical\" href=\"https:\/\/www.satlabgeo.com\/fr\/product\/slt10-total-station\/\" \/>\n<meta property=\"og:locale\" content=\"fr_FR\" \/>\n<meta property=\"og:type\" content=\"article\" \/>\n<meta property=\"og:title\" content=\"SLT10 Total Station | Global Satellite Positioning Solutions | SatLab Geosolutions AB\" \/>\n<meta property=\"og:description\" content=\"SLT10 adopts a high-definition color screen to provide better human-computer interaction. The new optical design and absolute coding technology contribute to better measurement performance. High-precision compact bead shafting and sealed encoder disk enhance accuracy and stability. A novel measuring experience will be offered by the numerous built-in measurement programs and maintenance procedures.\" \/>\n<meta property=\"og:url\" content=\"https:\/\/www.satlabgeo.com\/fr\/product\/slt10-total-station\/\" \/>\n<meta property=\"og:site_name\" content=\"Global Satellite Positioning Solutions | SatLab Geosolutions AB\" \/>\n<meta property=\"article:modified_time\" content=\"2025-03-12T02:12:32+00:00\" \/>\n<meta property=\"og:image\" content=\"https:\/\/www.satlabgeo.com\/wp-content\/uploads\/2022\/06\/SLT10-HD.png\" \/>\n\t<meta property=\"og:image:width\" content=\"700\" \/>\n\t<meta property=\"og:image:height\" content=\"519\" \/>\n\t<meta property=\"og:image:type\" content=\"image\/png\" \/>\n<meta name=\"twitter:card\" content=\"summary_large_image\" \/>\n<meta name=\"twitter:label1\" content=\"Dur\u00e9e de lecture estim\u00e9e\" \/>\n\t<meta name=\"twitter:data1\" content=\"1 minute\" \/>\n<script type=\"application\/ld+json\" class=\"yoast-schema-graph\">{\"@context\":\"https:\/\/schema.org\",\"@graph\":[{\"@type\":\"WebPage\",\"@id\":\"https:\/\/www.satlabgeo.com\/product\/slt10-total-station\/\",\"url\":\"https:\/\/www.satlabgeo.com\/product\/slt10-total-station\/\",\"name\":\"SLT10 Total Station | Global Satellite Positioning Solutions | SatLab Geosolutions AB\",\"isPartOf\":{\"@id\":\"https:\/\/www.satlabgeo.com\/#website\"},\"datePublished\":\"2022-06-28T03:26:57+00:00\",\"dateModified\":\"2025-03-12T02:12:32+00:00\",\"breadcrumb\":{\"@id\":\"https:\/\/www.satlabgeo.com\/product\/slt10-total-station\/#breadcrumb\"},\"inLanguage\":\"fr-FR\",\"potentialAction\":[{\"@type\":\"ReadAction\",\"target\":[\"https:\/\/www.satlabgeo.com\/product\/slt10-total-station\/\"]}]},{\"@type\":\"BreadcrumbList\",\"@id\":\"https:\/\/www.satlabgeo.com\/product\/slt10-total-station\/#breadcrumb\",\"itemListElement\":[{\"@type\":\"ListItem\",\"position\":1,\"name\":\"Home\",\"item\":\"https:\/\/www.satlabgeo.com\/\"},{\"@type\":\"ListItem\",\"position\":2,\"name\":\"Products\",\"item\":\"https:\/\/www.satlabgeo.com\/products\/\"},{\"@type\":\"ListItem\",\"position\":3,\"name\":\"SLT10 Total Station\"}]},{\"@type\":\"WebSite\",\"@id\":\"https:\/\/www.satlabgeo.com\/#website\",\"url\":\"https:\/\/www.satlabgeo.com\/\",\"name\":\"Global Satellite Positioning Solutions | SatLab Geosolutions AB\",\"description\":\"\",\"publisher\":{\"@id\":\"https:\/\/www.satlabgeo.com\/#organization\"},\"potentialAction\":[{\"@type\":\"SearchAction\",\"target\":{\"@type\":\"EntryPoint\",\"urlTemplate\":\"https:\/\/www.satlabgeo.com\/?s={search_term_string}\"},\"query-input\":\"required name=search_term_string\"}],\"inLanguage\":\"fr-FR\"},{\"@type\":\"Organization\",\"@id\":\"https:\/\/www.satlabgeo.com\/#organization\",\"name\":\"Global Satellite Positioning Solutions | SatLab Geosolutions AB\",\"url\":\"https:\/\/www.satlabgeo.com\/\",\"sameAs\":[],\"logo\":{\"@type\":\"ImageObject\",\"inLanguage\":\"fr-FR\",\"@id\":\"https:\/\/www.satlabgeo.com\/#\/schema\/logo\/image\/\",\"url\":\"https:\/\/www.satlabgeo.com\/wp-content\/uploads\/2025\/08\/satlab-logo.webp\",\"contentUrl\":\"https:\/\/www.satlabgeo.com\/wp-content\/uploads\/2025\/08\/satlab-logo.webp\",\"width\":191,\"height\":48,\"caption\":\"Global Satellite Positioning Solutions | SatLab Geosolutions AB\"},\"image\":{\"@id\":\"https:\/\/www.satlabgeo.com\/#\/schema\/logo\/image\/\"}}]}<\/script>\n<!-- \/ Yoast SEO plugin. -->","yoast_head_json":{"title":"SLT10 Total Station | Global Satellite Positioning Solutions | SatLab Geosolutions AB","robots":{"index":"index","follow":"follow","max-snippet":"max-snippet:-1","max-image-preview":"max-image-preview:large","max-video-preview":"max-video-preview:-1"},"canonical":"https:\/\/www.satlabgeo.com\/fr\/product\/slt10-total-station\/","og_locale":"fr_FR","og_type":"article","og_title":"SLT10 Total Station | Global Satellite Positioning Solutions | SatLab Geosolutions AB","og_description":"SLT10 adopts a high-definition color screen to provide better human-computer interaction. The new optical design and absolute coding technology contribute to better measurement performance. High-precision compact bead shafting and sealed encoder disk enhance accuracy and stability. A novel measuring experience will be offered by the numerous built-in measurement programs and maintenance procedures.","og_url":"https:\/\/www.satlabgeo.com\/fr\/product\/slt10-total-station\/","og_site_name":"Global Satellite Positioning Solutions | SatLab Geosolutions AB","article_modified_time":"2025-03-12T02:12:32+00:00","og_image":[{"width":700,"height":519,"url":"https:\/\/www.satlabgeo.com\/wp-content\/uploads\/2022\/06\/SLT10-HD.png","type":"image\/png"}],"twitter_card":"summary_large_image","twitter_misc":{"Dur\u00e9e de lecture estim\u00e9e":"1 minute"},"schema":{"@context":"https:\/\/schema.org","@graph":[{"@type":"WebPage","@id":"https:\/\/www.satlabgeo.com\/product\/slt10-total-station\/","url":"https:\/\/www.satlabgeo.com\/product\/slt10-total-station\/","name":"SLT10 Total Station | Global Satellite Positioning Solutions | SatLab Geosolutions AB","isPartOf":{"@id":"https:\/\/www.satlabgeo.com\/#website"},"datePublished":"2022-06-28T03:26:57+00:00","dateModified":"2025-03-12T02:12:32+00:00","breadcrumb":{"@id":"https:\/\/www.satlabgeo.com\/product\/slt10-total-station\/#breadcrumb"},"inLanguage":"fr-FR","potentialAction":[{"@type":"ReadAction","target":["https:\/\/www.satlabgeo.com\/product\/slt10-total-station\/"]}]},{"@type":"BreadcrumbList","@id":"https:\/\/www.satlabgeo.com\/product\/slt10-total-station\/#breadcrumb","itemListElement":[{"@type":"ListItem","position":1,"name":"Home","item":"https:\/\/www.satlabgeo.com\/"},{"@type":"ListItem","position":2,"name":"Products","item":"https:\/\/www.satlabgeo.com\/products\/"},{"@type":"ListItem","position":3,"name":"SLT10 Total Station"}]},{"@type":"WebSite","@id":"https:\/\/www.satlabgeo.com\/#website","url":"https:\/\/www.satlabgeo.com\/","name":"Global Satellite Positioning Solutions | SatLab Geosolutions AB","description":"","publisher":{"@id":"https:\/\/www.satlabgeo.com\/#organization"},"potentialAction":[{"@type":"SearchAction","target":{"@type":"EntryPoint","urlTemplate":"https:\/\/www.satlabgeo.com\/?s={search_term_string}"},"query-input":"required name=search_term_string"}],"inLanguage":"fr-FR"},{"@type":"Organization","@id":"https:\/\/www.satlabgeo.com\/#organization","name":"Global Satellite Positioning Solutions | SatLab Geosolutions AB","url":"https:\/\/www.satlabgeo.com\/","sameAs":[],"logo":{"@type":"ImageObject","inLanguage":"fr-FR","@id":"https:\/\/www.satlabgeo.com\/#\/schema\/logo\/image\/","url":"https:\/\/www.satlabgeo.com\/wp-content\/uploads\/2025\/08\/satlab-logo.webp","contentUrl":"https:\/\/www.satlabgeo.com\/wp-content\/uploads\/2025\/08\/satlab-logo.webp","width":191,"height":48,"caption":"Global Satellite Positioning Solutions | SatLab Geosolutions AB"},"image":{"@id":"https:\/\/www.satlabgeo.com\/#\/schema\/logo\/image\/"}}]}},"_links":{"self":[{"href":"https:\/\/www.satlabgeo.com\/fr\/wp-json\/wp\/v2\/product\/604"}],"collection":[{"href":"https:\/\/www.satlabgeo.com\/fr\/wp-json\/wp\/v2\/product"}],"about":[{"href":"https:\/\/www.satlabgeo.com\/fr\/wp-json\/wp\/v2\/types\/product"}],"replies":[{"embeddable":true,"href":"https:\/\/www.satlabgeo.com\/fr\/wp-json\/wp\/v2\/comments?post=604"}],"version-history":[{"count":0,"href":"https:\/\/www.satlabgeo.com\/fr\/wp-json\/wp\/v2\/product\/604\/revisions"}],"wp:featuredmedia":[{"embeddable":true,"href":"https:\/\/www.satlabgeo.com\/fr\/wp-json\/wp\/v2\/media\/1912"}],"wp:attachment":[{"href":"https:\/\/www.satlabgeo.com\/fr\/wp-json\/wp\/v2\/media?parent=604"}],"wp:term":[{"taxonomy":"product_cat","embeddable":true,"href":"https:\/\/www.satlabgeo.com\/fr\/wp-json\/wp\/v2\/product_cat?post=604"},{"taxonomy":"product_tag","embeddable":true,"href":"https:\/\/www.satlabgeo.com\/fr\/wp-json\/wp\/v2\/product_tag?post=604"}],"curies":[{"name":"wp","href":"https:\/\/api.w.org\/{rel}","templated":true}]}}