{"id":355,"date":"2022-04-01T02:09:26","date_gmt":"2022-04-01T02:09:26","guid":{"rendered":"https:\/\/www.satlabgeo.com\/?post_type=product&#038;p=355"},"modified":"2025-05-26T08:16:22","modified_gmt":"2025-05-26T08:16:22","slug":"slx1-ng-multi-application-gnss-receiver","status":"publish","type":"product","link":"https:\/\/www.satlabgeo.com\/fr\/product\/slx1-ng-multi-application-gnss-receiver\/","title":{"rendered":"R\u00e9cepteur GNSS multi-applications SLX-1"},"content":{"rendered":"<h3>Fournir des donn\u00e9es extr\u00eamement pr\u00e9cises et fiables<\/h3>\n<p>Con\u00e7u pour \u00eatre simple, le SLX-1 effectue plusieurs t\u00e2ches simultan\u00e9ment pour simplifier et optimiser le travail sur le terrain. Ce r\u00e9cepteur peut suivre et enregistrer en continu toutes les donn\u00e9es satellite, tout en vous permettant de t\u00e9l\u00e9charger les donn\u00e9es enregistr\u00e9es, de diffuser ou de transmettre diff\u00e9rentes formes de donn\u00e9es de correction.<\/p>\n<h3>Efficace et fiable<\/h3>\n<p>Ce r\u00e9cepteur, \u00e9quip\u00e9 d&#039;un moteur GNSS de nouvelle g\u00e9n\u00e9ration, offre un positionnement pr\u00e9cis et une att\u00e9nuation avanc\u00e9e des interf\u00e9rences. Il est performant m\u00eame dans les environnements les plus recul\u00e9s ou les plus difficiles. Ses capacit\u00e9s de suivi sur 1\u00a0480 canaux permettent de suivre tous les signaux actuels et \u00e0 venir.<br \/>\nsignaux, offrant un positionnement pr\u00e9cis du sous-m\u00e8tre au centim\u00e8tre.<\/p>\n<div class=\"landscape\"><a href=\"https:\/\/www.satlabgeo.com\/fr\/product_category\/gnss\/\"><img decoding=\"async\" src=\"https:\/\/www.satlabgeo.com\/wp-content\/uploads\/2022\/04\/SLX1-NG-Banner-05.png\" alt=\"r\u00e9cepteur GNSS\" \/><\/a><\/div>\n<table border=\"0\" style=\"border-collapse: collapse; width: 100%;\">\n<tbody><\/tbody>\n<\/table>","protected":false},"excerpt":{"rendered":"<p>Le r\u00e9cepteur GNSS multi-applications SLX-1 est dot\u00e9 d&#039;un bo\u00eetier de qualit\u00e9 militaire avec pare-feu int\u00e9gr\u00e9 et cryptage des donn\u00e9es, con\u00e7u principalement pour les applications CORS. Utilisant la technologie multifr\u00e9quence la plus r\u00e9cente et un moteur GNSS de nouvelle g\u00e9n\u00e9ration, ce r\u00e9cepteur permet de mieux suivre toutes les constellations et tous les signaux, et constitue une solution de r\u00e9f\u00e9rence pour des relev\u00e9s satellite pr\u00e9cis.<\/p>","protected":false},"featured_media":357,"comment_status":"open","ping_status":"closed","template":"","meta":{"_links_to":"","_links_to_target":""},"product_cat":[26],"product_tag":[],"yoast_head":"<!-- This site is optimized with the Yoast SEO plugin v19.8 - https:\/\/yoast.com\/wordpress\/plugins\/seo\/ -->\n<title>SLX-1 Multi-application GNSS Receiver | Global Satellite Positioning Solutions | SatLab Geosolutions AB<\/title>\n<meta name=\"robots\" content=\"index, follow, max-snippet:-1, max-image-preview:large, max-video-preview:-1\" \/>\n<link rel=\"canonical\" href=\"https:\/\/www.satlabgeo.com\/fr\/product\/slx1-ng-multi-application-gnss-receiver\/\" \/>\n<meta property=\"og:locale\" content=\"fr_FR\" \/>\n<meta property=\"og:type\" content=\"article\" \/>\n<meta property=\"og:title\" content=\"SLX-1 Multi-application GNSS Receiver | Global Satellite Positioning Solutions | SatLab Geosolutions AB\" \/>\n<meta property=\"og:description\" content=\"SLX-1 multi-application GNSS receiver has military-grade environmental housing with a built-in firewall and data encryption designed primarily for CORS applications. Using the world&#039;s latest multi-frequency technology, powered by a new generation GNSS engine, this receiver can better track all constellations and signals as a reference station solution for accurate satellite readings.\" \/>\n<meta property=\"og:url\" content=\"https:\/\/www.satlabgeo.com\/fr\/product\/slx1-ng-multi-application-gnss-receiver\/\" \/>\n<meta property=\"og:site_name\" content=\"Global Satellite Positioning Solutions | SatLab Geosolutions AB\" \/>\n<meta property=\"article:modified_time\" content=\"2025-05-26T08:16:22+00:00\" \/>\n<meta property=\"og:image\" content=\"https:\/\/www.satlabgeo.com\/wp-content\/uploads\/2022\/04\/SLX1-NG-01.png\" \/>\n\t<meta property=\"og:image:width\" content=\"248\" \/>\n\t<meta property=\"og:image:height\" content=\"235\" \/>\n\t<meta property=\"og:image:type\" content=\"image\/png\" \/>\n<meta name=\"twitter:card\" content=\"summary_large_image\" \/>\n<meta name=\"twitter:label1\" content=\"Dur\u00e9e de lecture estim\u00e9e\" \/>\n\t<meta name=\"twitter:data1\" content=\"1 minute\" \/>\n<script type=\"application\/ld+json\" class=\"yoast-schema-graph\">{\"@context\":\"https:\/\/schema.org\",\"@graph\":[{\"@type\":\"WebPage\",\"@id\":\"https:\/\/www.satlabgeo.com\/product\/slx1-ng-multi-application-gnss-receiver\/\",\"url\":\"https:\/\/www.satlabgeo.com\/product\/slx1-ng-multi-application-gnss-receiver\/\",\"name\":\"SLX-1 Multi-application GNSS Receiver | Global Satellite Positioning Solutions | SatLab Geosolutions AB\",\"isPartOf\":{\"@id\":\"https:\/\/www.satlabgeo.com\/#website\"},\"datePublished\":\"2022-04-01T02:09:26+00:00\",\"dateModified\":\"2025-05-26T08:16:22+00:00\",\"breadcrumb\":{\"@id\":\"https:\/\/www.satlabgeo.com\/product\/slx1-ng-multi-application-gnss-receiver\/#breadcrumb\"},\"inLanguage\":\"fr-FR\",\"potentialAction\":[{\"@type\":\"ReadAction\",\"target\":[\"https:\/\/www.satlabgeo.com\/product\/slx1-ng-multi-application-gnss-receiver\/\"]}]},{\"@type\":\"BreadcrumbList\",\"@id\":\"https:\/\/www.satlabgeo.com\/product\/slx1-ng-multi-application-gnss-receiver\/#breadcrumb\",\"itemListElement\":[{\"@type\":\"ListItem\",\"position\":1,\"name\":\"Home\",\"item\":\"https:\/\/www.satlabgeo.com\/\"},{\"@type\":\"ListItem\",\"position\":2,\"name\":\"Products\",\"item\":\"https:\/\/www.satlabgeo.com\/products\/\"},{\"@type\":\"ListItem\",\"position\":3,\"name\":\"SLX-1 Multi-application GNSS Receiver\"}]},{\"@type\":\"WebSite\",\"@id\":\"https:\/\/www.satlabgeo.com\/#website\",\"url\":\"https:\/\/www.satlabgeo.com\/\",\"name\":\"Global Satellite Positioning Solutions | SatLab Geosolutions AB\",\"description\":\"\",\"publisher\":{\"@id\":\"https:\/\/www.satlabgeo.com\/#organization\"},\"potentialAction\":[{\"@type\":\"SearchAction\",\"target\":{\"@type\":\"EntryPoint\",\"urlTemplate\":\"https:\/\/www.satlabgeo.com\/?s={search_term_string}\"},\"query-input\":\"required name=search_term_string\"}],\"inLanguage\":\"fr-FR\"},{\"@type\":\"Organization\",\"@id\":\"https:\/\/www.satlabgeo.com\/#organization\",\"name\":\"Global Satellite Positioning Solutions | SatLab Geosolutions AB\",\"url\":\"https:\/\/www.satlabgeo.com\/\",\"sameAs\":[],\"logo\":{\"@type\":\"ImageObject\",\"inLanguage\":\"fr-FR\",\"@id\":\"https:\/\/www.satlabgeo.com\/#\/schema\/logo\/image\/\",\"url\":\"https:\/\/www.satlabgeo.com\/wp-content\/uploads\/2025\/08\/satlab-logo.webp\",\"contentUrl\":\"https:\/\/www.satlabgeo.com\/wp-content\/uploads\/2025\/08\/satlab-logo.webp\",\"width\":191,\"height\":48,\"caption\":\"Global Satellite Positioning Solutions | SatLab Geosolutions AB\"},\"image\":{\"@id\":\"https:\/\/www.satlabgeo.com\/#\/schema\/logo\/image\/\"}}]}<\/script>\n<!-- \/ Yoast SEO plugin. -->","yoast_head_json":{"title":"SLX-1 Multi-application GNSS Receiver | Global Satellite Positioning Solutions | SatLab Geosolutions AB","robots":{"index":"index","follow":"follow","max-snippet":"max-snippet:-1","max-image-preview":"max-image-preview:large","max-video-preview":"max-video-preview:-1"},"canonical":"https:\/\/www.satlabgeo.com\/fr\/product\/slx1-ng-multi-application-gnss-receiver\/","og_locale":"fr_FR","og_type":"article","og_title":"SLX-1 Multi-application GNSS Receiver | Global Satellite Positioning Solutions | SatLab Geosolutions AB","og_description":"SLX-1 multi-application GNSS receiver has military-grade environmental housing with a built-in firewall and data encryption designed primarily for CORS applications. Using the world's latest multi-frequency technology, powered by a new generation GNSS engine, this receiver can better track all constellations and signals as a reference station solution for accurate satellite readings.","og_url":"https:\/\/www.satlabgeo.com\/fr\/product\/slx1-ng-multi-application-gnss-receiver\/","og_site_name":"Global Satellite Positioning Solutions | SatLab Geosolutions AB","article_modified_time":"2025-05-26T08:16:22+00:00","og_image":[{"width":248,"height":235,"url":"https:\/\/www.satlabgeo.com\/wp-content\/uploads\/2022\/04\/SLX1-NG-01.png","type":"image\/png"}],"twitter_card":"summary_large_image","twitter_misc":{"Dur\u00e9e de lecture estim\u00e9e":"1 minute"},"schema":{"@context":"https:\/\/schema.org","@graph":[{"@type":"WebPage","@id":"https:\/\/www.satlabgeo.com\/product\/slx1-ng-multi-application-gnss-receiver\/","url":"https:\/\/www.satlabgeo.com\/product\/slx1-ng-multi-application-gnss-receiver\/","name":"SLX-1 Multi-application GNSS Receiver | Global Satellite Positioning Solutions | SatLab Geosolutions AB","isPartOf":{"@id":"https:\/\/www.satlabgeo.com\/#website"},"datePublished":"2022-04-01T02:09:26+00:00","dateModified":"2025-05-26T08:16:22+00:00","breadcrumb":{"@id":"https:\/\/www.satlabgeo.com\/product\/slx1-ng-multi-application-gnss-receiver\/#breadcrumb"},"inLanguage":"fr-FR","potentialAction":[{"@type":"ReadAction","target":["https:\/\/www.satlabgeo.com\/product\/slx1-ng-multi-application-gnss-receiver\/"]}]},{"@type":"BreadcrumbList","@id":"https:\/\/www.satlabgeo.com\/product\/slx1-ng-multi-application-gnss-receiver\/#breadcrumb","itemListElement":[{"@type":"ListItem","position":1,"name":"Home","item":"https:\/\/www.satlabgeo.com\/"},{"@type":"ListItem","position":2,"name":"Products","item":"https:\/\/www.satlabgeo.com\/products\/"},{"@type":"ListItem","position":3,"name":"SLX-1 Multi-application GNSS Receiver"}]},{"@type":"WebSite","@id":"https:\/\/www.satlabgeo.com\/#website","url":"https:\/\/www.satlabgeo.com\/","name":"Global Satellite Positioning Solutions | SatLab Geosolutions AB","description":"","publisher":{"@id":"https:\/\/www.satlabgeo.com\/#organization"},"potentialAction":[{"@type":"SearchAction","target":{"@type":"EntryPoint","urlTemplate":"https:\/\/www.satlabgeo.com\/?s={search_term_string}"},"query-input":"required name=search_term_string"}],"inLanguage":"fr-FR"},{"@type":"Organization","@id":"https:\/\/www.satlabgeo.com\/#organization","name":"Global Satellite Positioning Solutions | SatLab Geosolutions AB","url":"https:\/\/www.satlabgeo.com\/","sameAs":[],"logo":{"@type":"ImageObject","inLanguage":"fr-FR","@id":"https:\/\/www.satlabgeo.com\/#\/schema\/logo\/image\/","url":"https:\/\/www.satlabgeo.com\/wp-content\/uploads\/2025\/08\/satlab-logo.webp","contentUrl":"https:\/\/www.satlabgeo.com\/wp-content\/uploads\/2025\/08\/satlab-logo.webp","width":191,"height":48,"caption":"Global Satellite Positioning Solutions | SatLab Geosolutions AB"},"image":{"@id":"https:\/\/www.satlabgeo.com\/#\/schema\/logo\/image\/"}}]}},"_links":{"self":[{"href":"https:\/\/www.satlabgeo.com\/fr\/wp-json\/wp\/v2\/product\/355"}],"collection":[{"href":"https:\/\/www.satlabgeo.com\/fr\/wp-json\/wp\/v2\/product"}],"about":[{"href":"https:\/\/www.satlabgeo.com\/fr\/wp-json\/wp\/v2\/types\/product"}],"replies":[{"embeddable":true,"href":"https:\/\/www.satlabgeo.com\/fr\/wp-json\/wp\/v2\/comments?post=355"}],"version-history":[{"count":1,"href":"https:\/\/www.satlabgeo.com\/fr\/wp-json\/wp\/v2\/product\/355\/revisions"}],"predecessor-version":[{"id":2378,"href":"https:\/\/www.satlabgeo.com\/fr\/wp-json\/wp\/v2\/product\/355\/revisions\/2378"}],"wp:featuredmedia":[{"embeddable":true,"href":"https:\/\/www.satlabgeo.com\/fr\/wp-json\/wp\/v2\/media\/357"}],"wp:attachment":[{"href":"https:\/\/www.satlabgeo.com\/fr\/wp-json\/wp\/v2\/media?parent=355"}],"wp:term":[{"taxonomy":"product_cat","embeddable":true,"href":"https:\/\/www.satlabgeo.com\/fr\/wp-json\/wp\/v2\/product_cat?post=355"},{"taxonomy":"product_tag","embeddable":true,"href":"https:\/\/www.satlabgeo.com\/fr\/wp-json\/wp\/v2\/product_tag?post=355"}],"curies":[{"name":"wp","href":"https:\/\/api.w.org\/{rel}","templated":true}]}}