{"id":332,"date":"2022-03-31T07:00:14","date_gmt":"2022-03-31T07:00:14","guid":{"rendered":"https:\/\/www.satlabgeo.com\/?post_type=product&#038;p=332"},"modified":"2024-06-21T07:06:47","modified_gmt":"2024-06-21T07:06:47","slug":"sl800-gnss-receiver","status":"publish","type":"product","link":"https:\/\/www.satlabgeo.com\/fr\/product\/sl800-gnss-receiver\/","title":{"rendered":"R\u00e9cepteur GNSS SL800"},"content":{"rendered":"<h3>Entreprise et r\u00e9cepteur GNSS innovant<\/h3>\n<p>Le <span style=\"color: #909090;\"><a href=\"https:\/\/www.satlabgeo.com\/wp-content\/uploads\/2022\/03\/SL800-Banner-02.jpg\" style=\"color: #909090;\">r\u00e9cepteur GNSS<\/a><\/span> Offre une solution simple aux g\u00e9om\u00e8tres professionnels qui ont besoin d&#039;un instrument portable pour collecter des donn\u00e9es de haute pr\u00e9cision pour diverses applications g\u00e9ospatiales. Il offre \u00e0 l&#039;utilisateur une grande flexibilit\u00e9 pour collecter facilement des donn\u00e9es avec un seul appareil. <span style=\"color: #909090;\"><a href=\"https:\/\/www.satlabgeo.com\/fr\/product_category\/gnss\/\" style=\"color: #909090;\">rtk<\/a><\/span> r\u00e9cepteur sur le terrain se connectant \u00e0 CORS via n&#039;importe quel appareil pr\u00e9f\u00e9r\u00e9 pour vous permettre de rester concentr\u00e9 et productif.<\/p>\n<div class=\"landscape\"><img decoding=\"async\" src=\"https:\/\/www.satlabgeo.com\/wp-content\/uploads\/2022\/03\/SL800-Banner-02.jpg\" alt=\"rtk\" width=\"1200\" class=\"alignnone size-full wp-image-1386\" \/><\/div>\n<h3><\/h3>\n<h3>Efficace et fiable<\/h3>\n<p>\u00c9quip\u00e9 du moteur GNSS NovAtel OEM729, ce r\u00e9cepteur offre un positionnement pr\u00e9cis et une att\u00e9nuation avanc\u00e9e des interf\u00e9rences, m\u00eame dans les environnements les plus recul\u00e9s ou les plus difficiles. Gr\u00e2ce \u00e0 ses 555 canaux de suivi, il peut suivre tous les signaux actuels et \u00e0 venir, offrant un positionnement d&#039;une pr\u00e9cision inf\u00e9rieure au m\u00e8tre ou au centim\u00e8tre.<\/p>\n<h3>Service de correction par satellite<\/h3>\n<p>Le SL800 est dot\u00e9 des fonctionnalit\u00e9s TerraStar qui exploitent un r\u00e9seau mondial de stations de r\u00e9f\u00e9rence multi-GNSS et des algorithmes avanc\u00e9s pour g\u00e9n\u00e9rer des donn\u00e9es d&#039;orbite, d&#039;horloge, de biais et d&#039;autres param\u00e8tres syst\u00e8me GNSS extr\u00eamement pr\u00e9cis. Ces donn\u00e9es permettent \u00e0 TerraStar de fournir aux r\u00e9cepteurs des services de correction avec une pr\u00e9cision de positionnement subm\u00e9trique ou centim\u00e9trique. Transmettez vos corrections en temps r\u00e9el, avec une latence minimale, via les satellites et les r\u00e9seaux cellulaires du monde entier.<\/p>\n<table border=\"0\" style=\"border-collapse: collapse; width: 100%;\">\n<tbody><\/tbody>\n<\/table>","protected":false},"excerpt":{"rendered":"<p>Le RTK SL800 offre une solution simple et pratique aux professionnels de l&#039;arpentage n\u00e9cessitant un seul r\u00e9cepteur sur le terrain se connectant \u00e0 CORS.<\/p>","protected":false},"featured_media":334,"comment_status":"open","ping_status":"closed","template":"","meta":{"_links_to":"","_links_to_target":""},"product_cat":[26],"product_tag":[],"yoast_head":"<!-- This site is optimized with the Yoast SEO plugin v19.8 - https:\/\/yoast.com\/wordpress\/plugins\/seo\/ -->\n<title>SL800 GNSS Receiver | Global Satellite Positioning Solutions | SatLab Geosolutions AB<\/title>\n<meta name=\"robots\" content=\"index, follow, max-snippet:-1, max-image-preview:large, max-video-preview:-1\" \/>\n<link rel=\"canonical\" href=\"https:\/\/www.satlabgeo.com\/fr\/product\/sl800-gnss-receiver\/\" \/>\n<meta property=\"og:locale\" content=\"fr_FR\" \/>\n<meta property=\"og:type\" content=\"article\" \/>\n<meta property=\"og:title\" content=\"SL800 GNSS Receiver | Global Satellite Positioning Solutions | SatLab Geosolutions AB\" \/>\n<meta property=\"og:description\" content=\"The RTK SL800 provides an easy and convenient solution to survey professionals requiring just one receiver in the field connecting to CORS.\" \/>\n<meta property=\"og:url\" content=\"https:\/\/www.satlabgeo.com\/fr\/product\/sl800-gnss-receiver\/\" \/>\n<meta property=\"og:site_name\" content=\"Global Satellite Positioning Solutions | SatLab Geosolutions AB\" \/>\n<meta property=\"article:modified_time\" content=\"2024-06-21T07:06:47+00:00\" \/>\n<meta property=\"og:image\" content=\"https:\/\/www.satlabgeo.com\/wp-content\/uploads\/2022\/03\/SL800-03-1.png\" \/>\n\t<meta property=\"og:image:width\" content=\"248\" \/>\n\t<meta property=\"og:image:height\" content=\"235\" \/>\n\t<meta property=\"og:image:type\" content=\"image\/png\" \/>\n<meta name=\"twitter:card\" content=\"summary_large_image\" \/>\n<meta name=\"twitter:label1\" content=\"Dur\u00e9e de lecture estim\u00e9e\" \/>\n\t<meta name=\"twitter:data1\" content=\"1 minute\" \/>\n<script type=\"application\/ld+json\" class=\"yoast-schema-graph\">{\"@context\":\"https:\/\/schema.org\",\"@graph\":[{\"@type\":\"WebPage\",\"@id\":\"https:\/\/www.satlabgeo.com\/product\/sl800-gnss-receiver\/\",\"url\":\"https:\/\/www.satlabgeo.com\/product\/sl800-gnss-receiver\/\",\"name\":\"SL800 GNSS Receiver | Global Satellite Positioning Solutions | SatLab Geosolutions AB\",\"isPartOf\":{\"@id\":\"https:\/\/www.satlabgeo.com\/#website\"},\"datePublished\":\"2022-03-31T07:00:14+00:00\",\"dateModified\":\"2024-06-21T07:06:47+00:00\",\"breadcrumb\":{\"@id\":\"https:\/\/www.satlabgeo.com\/product\/sl800-gnss-receiver\/#breadcrumb\"},\"inLanguage\":\"fr-FR\",\"potentialAction\":[{\"@type\":\"ReadAction\",\"target\":[\"https:\/\/www.satlabgeo.com\/product\/sl800-gnss-receiver\/\"]}]},{\"@type\":\"BreadcrumbList\",\"@id\":\"https:\/\/www.satlabgeo.com\/product\/sl800-gnss-receiver\/#breadcrumb\",\"itemListElement\":[{\"@type\":\"ListItem\",\"position\":1,\"name\":\"Home\",\"item\":\"https:\/\/www.satlabgeo.com\/\"},{\"@type\":\"ListItem\",\"position\":2,\"name\":\"Products\",\"item\":\"https:\/\/www.satlabgeo.com\/products\/\"},{\"@type\":\"ListItem\",\"position\":3,\"name\":\"SL800 GNSS Receiver\"}]},{\"@type\":\"WebSite\",\"@id\":\"https:\/\/www.satlabgeo.com\/#website\",\"url\":\"https:\/\/www.satlabgeo.com\/\",\"name\":\"Global Satellite Positioning Solutions | SatLab Geosolutions AB\",\"description\":\"\",\"publisher\":{\"@id\":\"https:\/\/www.satlabgeo.com\/#organization\"},\"potentialAction\":[{\"@type\":\"SearchAction\",\"target\":{\"@type\":\"EntryPoint\",\"urlTemplate\":\"https:\/\/www.satlabgeo.com\/?s={search_term_string}\"},\"query-input\":\"required name=search_term_string\"}],\"inLanguage\":\"fr-FR\"},{\"@type\":\"Organization\",\"@id\":\"https:\/\/www.satlabgeo.com\/#organization\",\"name\":\"Global Satellite Positioning Solutions | SatLab Geosolutions AB\",\"url\":\"https:\/\/www.satlabgeo.com\/\",\"sameAs\":[],\"logo\":{\"@type\":\"ImageObject\",\"inLanguage\":\"fr-FR\",\"@id\":\"https:\/\/www.satlabgeo.com\/#\/schema\/logo\/image\/\",\"url\":\"https:\/\/www.satlabgeo.com\/wp-content\/uploads\/2025\/08\/satlab-logo.webp\",\"contentUrl\":\"https:\/\/www.satlabgeo.com\/wp-content\/uploads\/2025\/08\/satlab-logo.webp\",\"width\":191,\"height\":48,\"caption\":\"Global Satellite Positioning Solutions | SatLab Geosolutions AB\"},\"image\":{\"@id\":\"https:\/\/www.satlabgeo.com\/#\/schema\/logo\/image\/\"}}]}<\/script>\n<!-- \/ Yoast SEO plugin. -->","yoast_head_json":{"title":"SL800 GNSS Receiver | Global Satellite Positioning Solutions | SatLab Geosolutions AB","robots":{"index":"index","follow":"follow","max-snippet":"max-snippet:-1","max-image-preview":"max-image-preview:large","max-video-preview":"max-video-preview:-1"},"canonical":"https:\/\/www.satlabgeo.com\/fr\/product\/sl800-gnss-receiver\/","og_locale":"fr_FR","og_type":"article","og_title":"SL800 GNSS Receiver | Global Satellite Positioning Solutions | SatLab Geosolutions AB","og_description":"The RTK SL800 provides an easy and convenient solution to survey professionals requiring just one receiver in the field connecting to CORS.","og_url":"https:\/\/www.satlabgeo.com\/fr\/product\/sl800-gnss-receiver\/","og_site_name":"Global Satellite Positioning Solutions | SatLab Geosolutions AB","article_modified_time":"2024-06-21T07:06:47+00:00","og_image":[{"width":248,"height":235,"url":"https:\/\/www.satlabgeo.com\/wp-content\/uploads\/2022\/03\/SL800-03-1.png","type":"image\/png"}],"twitter_card":"summary_large_image","twitter_misc":{"Dur\u00e9e de lecture estim\u00e9e":"1 minute"},"schema":{"@context":"https:\/\/schema.org","@graph":[{"@type":"WebPage","@id":"https:\/\/www.satlabgeo.com\/product\/sl800-gnss-receiver\/","url":"https:\/\/www.satlabgeo.com\/product\/sl800-gnss-receiver\/","name":"SL800 GNSS Receiver | Global Satellite Positioning Solutions | SatLab Geosolutions AB","isPartOf":{"@id":"https:\/\/www.satlabgeo.com\/#website"},"datePublished":"2022-03-31T07:00:14+00:00","dateModified":"2024-06-21T07:06:47+00:00","breadcrumb":{"@id":"https:\/\/www.satlabgeo.com\/product\/sl800-gnss-receiver\/#breadcrumb"},"inLanguage":"fr-FR","potentialAction":[{"@type":"ReadAction","target":["https:\/\/www.satlabgeo.com\/product\/sl800-gnss-receiver\/"]}]},{"@type":"BreadcrumbList","@id":"https:\/\/www.satlabgeo.com\/product\/sl800-gnss-receiver\/#breadcrumb","itemListElement":[{"@type":"ListItem","position":1,"name":"Home","item":"https:\/\/www.satlabgeo.com\/"},{"@type":"ListItem","position":2,"name":"Products","item":"https:\/\/www.satlabgeo.com\/products\/"},{"@type":"ListItem","position":3,"name":"SL800 GNSS Receiver"}]},{"@type":"WebSite","@id":"https:\/\/www.satlabgeo.com\/#website","url":"https:\/\/www.satlabgeo.com\/","name":"Global Satellite Positioning Solutions | SatLab Geosolutions AB","description":"","publisher":{"@id":"https:\/\/www.satlabgeo.com\/#organization"},"potentialAction":[{"@type":"SearchAction","target":{"@type":"EntryPoint","urlTemplate":"https:\/\/www.satlabgeo.com\/?s={search_term_string}"},"query-input":"required name=search_term_string"}],"inLanguage":"fr-FR"},{"@type":"Organization","@id":"https:\/\/www.satlabgeo.com\/#organization","name":"Global Satellite Positioning Solutions | SatLab Geosolutions AB","url":"https:\/\/www.satlabgeo.com\/","sameAs":[],"logo":{"@type":"ImageObject","inLanguage":"fr-FR","@id":"https:\/\/www.satlabgeo.com\/#\/schema\/logo\/image\/","url":"https:\/\/www.satlabgeo.com\/wp-content\/uploads\/2025\/08\/satlab-logo.webp","contentUrl":"https:\/\/www.satlabgeo.com\/wp-content\/uploads\/2025\/08\/satlab-logo.webp","width":191,"height":48,"caption":"Global Satellite Positioning Solutions | SatLab Geosolutions AB"},"image":{"@id":"https:\/\/www.satlabgeo.com\/#\/schema\/logo\/image\/"}}]}},"_links":{"self":[{"href":"https:\/\/www.satlabgeo.com\/fr\/wp-json\/wp\/v2\/product\/332"}],"collection":[{"href":"https:\/\/www.satlabgeo.com\/fr\/wp-json\/wp\/v2\/product"}],"about":[{"href":"https:\/\/www.satlabgeo.com\/fr\/wp-json\/wp\/v2\/types\/product"}],"replies":[{"embeddable":true,"href":"https:\/\/www.satlabgeo.com\/fr\/wp-json\/wp\/v2\/comments?post=332"}],"version-history":[{"count":0,"href":"https:\/\/www.satlabgeo.com\/fr\/wp-json\/wp\/v2\/product\/332\/revisions"}],"wp:featuredmedia":[{"embeddable":true,"href":"https:\/\/www.satlabgeo.com\/fr\/wp-json\/wp\/v2\/media\/334"}],"wp:attachment":[{"href":"https:\/\/www.satlabgeo.com\/fr\/wp-json\/wp\/v2\/media?parent=332"}],"wp:term":[{"taxonomy":"product_cat","embeddable":true,"href":"https:\/\/www.satlabgeo.com\/fr\/wp-json\/wp\/v2\/product_cat?post=332"},{"taxonomy":"product_tag","embeddable":true,"href":"https:\/\/www.satlabgeo.com\/fr\/wp-json\/wp\/v2\/product_tag?post=332"}],"curies":[{"name":"wp","href":"https:\/\/api.w.org\/{rel}","templated":true}]}}