{"id":315,"date":"2022-03-29T03:02:01","date_gmt":"2022-03-29T03:02:01","guid":{"rendered":"https:\/\/www.satlabgeo.com\/?post_type=product&#038;p=315"},"modified":"2026-01-29T05:58:31","modified_gmt":"2026-01-29T05:58:31","slug":"satsurv","status":"publish","type":"product","link":"https:\/\/www.satlabgeo.com\/fr\/product\/satsurv\/","title":{"rendered":"Logiciel d&#039;arpentage sur le terrain Satsurv"},"content":{"rendered":"<p><img decoding=\"async\" loading=\"lazy\" src=\"https:\/\/www.satlabgeo.com\/wp-content\/uploads\/2022\/03\/Satsurv-Banner.png\" alt=\"\" width=\"1189\" height=\"349\" class=\"alignnone size-full wp-image-1366\" \/><\/p>\n<h3><strong>Enqu\u00eate d\u00e9taill\u00e9e<\/strong><\/h3>\n<p>Satsurv prend en charge une vari\u00e9t\u00e9 de m\u00e9thodes de collecte, telles que l&#039;enqu\u00eate d&#039;inclinaison, l&#039;enqu\u00eate quasi-dynamique, la collecte PPK et la collecte statique, etc. Dans l&#039;interface d&#039;enqu\u00eate d\u00e9taill\u00e9e, les utilisateurs peuvent d\u00e9finir la pr\u00e9cision de la collecte, la norme d&#039;implantation ou v\u00e9rifier le nombre actuel de satellites, l&#039;\u00e9tat de la solution, l&#039;\u00e2ge de la correction, la pr\u00e9cision du positionnement, etc.<\/p>\n<h3><strong>Implantation de donn\u00e9es<\/strong><\/h3>\n<p>La fonction avanc\u00e9e d&#039;implantation en r\u00e9alit\u00e9 augment\u00e9e permet aux utilisateurs d&#039;am\u00e9liorer l&#039;efficacit\u00e9 et la pr\u00e9cision de l&#039;implantation des donn\u00e9es sans se concentrer sur l&#039;interface du logiciel en temps r\u00e9el. Gr\u00e2ce aux instructions vocales intelligentes, les utilisateurs peuvent d\u00e9terminer avec pr\u00e9cision la direction de l&#039;implantation des donn\u00e9es gr\u00e2ce \u00e0 une boussole int\u00e9gr\u00e9e.<\/p>\n<p>Data Stakeout prend \u00e9galement en charge l&#039;acc\u00e8s aux donn\u00e9es aux formats DXF et DWG pour l&#039;implantation de points et de lignes. Gr\u00e2ce aux fonctions d&#039;accrochage aux objets INT, TAN, PER et NOD, l&#039;implantation de donn\u00e9es est simplifi\u00e9e.<\/p>\n<h3><strong>Gestion des donn\u00e9es<\/strong><\/h3>\n<p>Data Management prend en charge Google Maps, Google Satellite Maps, les cartes SIG hors ligne et les services cartographiques OGC WMS, TMS, WCS et WFS comme cartes de collecte de donn\u00e9es. De plus, il prend en charge l&#039;acc\u00e8s \u00e0 des t\u00e9l\u00e9m\u00e8tres tiers pour une mesure plus pr\u00e9cise des distances et des angles.<\/p>\n<h3><strong>M\u00e9thodes de raccourci<\/strong><\/h3>\n<p>Satsurv propose des raccourcis pour faciliter l&#039;utilisation, comme le d\u00e9clenchement d&#039;une connexion Bluetooth via le mode raccourci NFC sans avoir \u00e0 rechercher le num\u00e9ro de l&#039;appareil, ou encore l&#039;enregistrement et l&#039;ouverture rapides du dernier syst\u00e8me de coordonn\u00e9es enregistr\u00e9 par lecture de code QR. Gr\u00e2ce \u00e0 la transmission FTP, les utilisateurs peuvent transf\u00e9rer des documents dans le m\u00eame environnement r\u00e9seau sans c\u00e2ble.<\/p>\n<div style=\"text-align: center, max-width: 640px; margin: 0 auto;\"><video width=\"300\" height=\"150\" class=\"wp-video-shortcode\" preload=\"metadata\" controls=\"controls\"><source type=\"video\/youtube\" src=\"https:\/\/youtu.be\/sNHiaGRADQQ\" \/><\/video><\/div>","protected":false},"excerpt":{"rendered":"<p>Satsurv est un logiciel Android personnalis\u00e9 et facile \u00e0 utiliser pour les t\u00e2ches de topographie sur le terrain, telles que les relev\u00e9s d\u00e9taill\u00e9s, l&#039;implantation de donn\u00e9es, le cadastre, l&#039;arpentage, la conception de routes et la gestion de donn\u00e9es. Il prend en charge les modes de topographie d&#039;inclinaison, quasi-dynamique, PPK et statique. Dot\u00e9 des fonctions NFC, Bluetooth et FTP int\u00e9gr\u00e9es, Satsurv offre une solution industrielle pour un travail de terrain efficace.<\/p>\n<p><a href=\"https:\/\/www.satlabgeo.com\/fr\/privacy-policy-for-satsurv-app\/\">Privacy Policy for Satsurv App<\/a><\/p>\n<p><a href=\"https:\/\/members.satlab.com.se\/UploadFiles\/Files\/Software\/Satsurv%20V3.4.8-Software-EN-20260116.zip\">Download the APP<\/a><\/p>","protected":false},"featured_media":1541,"comment_status":"open","ping_status":"closed","template":"","meta":{"_links_to":"","_links_to_target":""},"product_cat":[17],"product_tag":[],"yoast_head":"<!-- This site is optimized with the Yoast SEO plugin v19.8 - https:\/\/yoast.com\/wordpress\/plugins\/seo\/ -->\n<title>Satsurv Field Surveying Software | Global Satellite Positioning Solutions | SatLab Geosolutions AB<\/title>\n<meta name=\"robots\" content=\"index, follow, max-snippet:-1, max-image-preview:large, max-video-preview:-1\" \/>\n<link rel=\"canonical\" href=\"https:\/\/www.satlabgeo.com\/fr\/product\/satsurv\/\" \/>\n<meta property=\"og:locale\" content=\"fr_FR\" \/>\n<meta property=\"og:type\" content=\"article\" \/>\n<meta property=\"og:title\" content=\"Satsurv Field Surveying Software | Global Satellite Positioning Solutions | SatLab Geosolutions AB\" \/>\n<meta property=\"og:description\" content=\"Satsurv is a customized and easy-to-use Android software for field surveying tasks, such as Detail Survey, Data Stakeout, Cadastral, Surveying, Road Design and Data Management. It supports tilt survey, quasi-dynamic, PPK and static surveying mode. Equipped with built-in NFC, Bluetooth, FTP functions, Satsurv provides an industrial solution for efficient fieldwork.  Privacy Policy for Satsurv App  Download the APP\" \/>\n<meta property=\"og:url\" content=\"https:\/\/www.satlabgeo.com\/fr\/product\/satsurv\/\" \/>\n<meta property=\"og:site_name\" content=\"Global Satellite Positioning Solutions | SatLab Geosolutions AB\" \/>\n<meta property=\"article:modified_time\" content=\"2026-01-29T05:58:31+00:00\" \/>\n<meta property=\"og:image\" content=\"https:\/\/www.satlabgeo.com\/wp-content\/uploads\/2022\/03\/Satsurv-logo.png\" \/>\n\t<meta property=\"og:image:width\" content=\"800\" \/>\n\t<meta property=\"og:image:height\" content=\"800\" \/>\n\t<meta property=\"og:image:type\" content=\"image\/png\" \/>\n<meta name=\"twitter:card\" content=\"summary_large_image\" \/>\n<meta name=\"twitter:label1\" content=\"Dur\u00e9e de lecture estim\u00e9e\" \/>\n\t<meta name=\"twitter:data1\" content=\"2 minutes\" \/>\n<script type=\"application\/ld+json\" class=\"yoast-schema-graph\">{\"@context\":\"https:\/\/schema.org\",\"@graph\":[{\"@type\":\"WebPage\",\"@id\":\"https:\/\/www.satlabgeo.com\/product\/satsurv\/\",\"url\":\"https:\/\/www.satlabgeo.com\/product\/satsurv\/\",\"name\":\"Satsurv Field Surveying Software | Global Satellite Positioning Solutions | SatLab Geosolutions AB\",\"isPartOf\":{\"@id\":\"https:\/\/www.satlabgeo.com\/#website\"},\"datePublished\":\"2022-03-29T03:02:01+00:00\",\"dateModified\":\"2026-01-29T05:58:31+00:00\",\"breadcrumb\":{\"@id\":\"https:\/\/www.satlabgeo.com\/product\/satsurv\/#breadcrumb\"},\"inLanguage\":\"fr-FR\",\"potentialAction\":[{\"@type\":\"ReadAction\",\"target\":[\"https:\/\/www.satlabgeo.com\/product\/satsurv\/\"]}]},{\"@type\":\"BreadcrumbList\",\"@id\":\"https:\/\/www.satlabgeo.com\/product\/satsurv\/#breadcrumb\",\"itemListElement\":[{\"@type\":\"ListItem\",\"position\":1,\"name\":\"Home\",\"item\":\"https:\/\/www.satlabgeo.com\/\"},{\"@type\":\"ListItem\",\"position\":2,\"name\":\"Products\",\"item\":\"https:\/\/www.satlabgeo.com\/products\/\"},{\"@type\":\"ListItem\",\"position\":3,\"name\":\"Satsurv Field Surveying Software\"}]},{\"@type\":\"WebSite\",\"@id\":\"https:\/\/www.satlabgeo.com\/#website\",\"url\":\"https:\/\/www.satlabgeo.com\/\",\"name\":\"Global Satellite Positioning Solutions | SatLab Geosolutions AB\",\"description\":\"\",\"publisher\":{\"@id\":\"https:\/\/www.satlabgeo.com\/#organization\"},\"potentialAction\":[{\"@type\":\"SearchAction\",\"target\":{\"@type\":\"EntryPoint\",\"urlTemplate\":\"https:\/\/www.satlabgeo.com\/?s={search_term_string}\"},\"query-input\":\"required name=search_term_string\"}],\"inLanguage\":\"fr-FR\"},{\"@type\":\"Organization\",\"@id\":\"https:\/\/www.satlabgeo.com\/#organization\",\"name\":\"Global Satellite Positioning Solutions | SatLab Geosolutions AB\",\"url\":\"https:\/\/www.satlabgeo.com\/\",\"sameAs\":[],\"logo\":{\"@type\":\"ImageObject\",\"inLanguage\":\"fr-FR\",\"@id\":\"https:\/\/www.satlabgeo.com\/#\/schema\/logo\/image\/\",\"url\":\"https:\/\/www.satlabgeo.com\/wp-content\/uploads\/2025\/08\/satlab-logo.webp\",\"contentUrl\":\"https:\/\/www.satlabgeo.com\/wp-content\/uploads\/2025\/08\/satlab-logo.webp\",\"width\":191,\"height\":48,\"caption\":\"Global Satellite Positioning Solutions | SatLab Geosolutions AB\"},\"image\":{\"@id\":\"https:\/\/www.satlabgeo.com\/#\/schema\/logo\/image\/\"}}]}<\/script>\n<!-- \/ Yoast SEO plugin. -->","yoast_head_json":{"title":"Satsurv Field Surveying Software | Global Satellite Positioning Solutions | SatLab Geosolutions AB","robots":{"index":"index","follow":"follow","max-snippet":"max-snippet:-1","max-image-preview":"max-image-preview:large","max-video-preview":"max-video-preview:-1"},"canonical":"https:\/\/www.satlabgeo.com\/fr\/product\/satsurv\/","og_locale":"fr_FR","og_type":"article","og_title":"Satsurv Field Surveying Software | Global Satellite Positioning Solutions | SatLab Geosolutions AB","og_description":"Satsurv is a customized and easy-to-use Android software for field surveying tasks, such as Detail Survey, Data Stakeout, Cadastral, Surveying, Road Design and Data Management. It supports tilt survey, quasi-dynamic, PPK and static surveying mode. Equipped with built-in NFC, Bluetooth, FTP functions, Satsurv provides an industrial solution for efficient fieldwork.  Privacy Policy for Satsurv App  Download the APP","og_url":"https:\/\/www.satlabgeo.com\/fr\/product\/satsurv\/","og_site_name":"Global Satellite Positioning Solutions | SatLab Geosolutions AB","article_modified_time":"2026-01-29T05:58:31+00:00","og_image":[{"width":800,"height":800,"url":"https:\/\/www.satlabgeo.com\/wp-content\/uploads\/2022\/03\/Satsurv-logo.png","type":"image\/png"}],"twitter_card":"summary_large_image","twitter_misc":{"Dur\u00e9e de lecture estim\u00e9e":"2 minutes"},"schema":{"@context":"https:\/\/schema.org","@graph":[{"@type":"WebPage","@id":"https:\/\/www.satlabgeo.com\/product\/satsurv\/","url":"https:\/\/www.satlabgeo.com\/product\/satsurv\/","name":"Satsurv Field Surveying Software | Global Satellite Positioning Solutions | SatLab Geosolutions AB","isPartOf":{"@id":"https:\/\/www.satlabgeo.com\/#website"},"datePublished":"2022-03-29T03:02:01+00:00","dateModified":"2026-01-29T05:58:31+00:00","breadcrumb":{"@id":"https:\/\/www.satlabgeo.com\/product\/satsurv\/#breadcrumb"},"inLanguage":"fr-FR","potentialAction":[{"@type":"ReadAction","target":["https:\/\/www.satlabgeo.com\/product\/satsurv\/"]}]},{"@type":"BreadcrumbList","@id":"https:\/\/www.satlabgeo.com\/product\/satsurv\/#breadcrumb","itemListElement":[{"@type":"ListItem","position":1,"name":"Home","item":"https:\/\/www.satlabgeo.com\/"},{"@type":"ListItem","position":2,"name":"Products","item":"https:\/\/www.satlabgeo.com\/products\/"},{"@type":"ListItem","position":3,"name":"Satsurv Field Surveying Software"}]},{"@type":"WebSite","@id":"https:\/\/www.satlabgeo.com\/#website","url":"https:\/\/www.satlabgeo.com\/","name":"Global Satellite Positioning Solutions | SatLab Geosolutions AB","description":"","publisher":{"@id":"https:\/\/www.satlabgeo.com\/#organization"},"potentialAction":[{"@type":"SearchAction","target":{"@type":"EntryPoint","urlTemplate":"https:\/\/www.satlabgeo.com\/?s={search_term_string}"},"query-input":"required name=search_term_string"}],"inLanguage":"fr-FR"},{"@type":"Organization","@id":"https:\/\/www.satlabgeo.com\/#organization","name":"Global Satellite Positioning Solutions | SatLab Geosolutions AB","url":"https:\/\/www.satlabgeo.com\/","sameAs":[],"logo":{"@type":"ImageObject","inLanguage":"fr-FR","@id":"https:\/\/www.satlabgeo.com\/#\/schema\/logo\/image\/","url":"https:\/\/www.satlabgeo.com\/wp-content\/uploads\/2025\/08\/satlab-logo.webp","contentUrl":"https:\/\/www.satlabgeo.com\/wp-content\/uploads\/2025\/08\/satlab-logo.webp","width":191,"height":48,"caption":"Global Satellite Positioning Solutions | SatLab Geosolutions AB"},"image":{"@id":"https:\/\/www.satlabgeo.com\/#\/schema\/logo\/image\/"}}]}},"_links":{"self":[{"href":"https:\/\/www.satlabgeo.com\/fr\/wp-json\/wp\/v2\/product\/315"}],"collection":[{"href":"https:\/\/www.satlabgeo.com\/fr\/wp-json\/wp\/v2\/product"}],"about":[{"href":"https:\/\/www.satlabgeo.com\/fr\/wp-json\/wp\/v2\/types\/product"}],"replies":[{"embeddable":true,"href":"https:\/\/www.satlabgeo.com\/fr\/wp-json\/wp\/v2\/comments?post=315"}],"version-history":[{"count":8,"href":"https:\/\/www.satlabgeo.com\/fr\/wp-json\/wp\/v2\/product\/315\/revisions"}],"predecessor-version":[{"id":3402,"href":"https:\/\/www.satlabgeo.com\/fr\/wp-json\/wp\/v2\/product\/315\/revisions\/3402"}],"wp:featuredmedia":[{"embeddable":true,"href":"https:\/\/www.satlabgeo.com\/fr\/wp-json\/wp\/v2\/media\/1541"}],"wp:attachment":[{"href":"https:\/\/www.satlabgeo.com\/fr\/wp-json\/wp\/v2\/media?parent=315"}],"wp:term":[{"taxonomy":"product_cat","embeddable":true,"href":"https:\/\/www.satlabgeo.com\/fr\/wp-json\/wp\/v2\/product_cat?post=315"},{"taxonomy":"product_tag","embeddable":true,"href":"https:\/\/www.satlabgeo.com\/fr\/wp-json\/wp\/v2\/product_tag?post=315"}],"curies":[{"name":"wp","href":"https:\/\/api.w.org\/{rel}","templated":true}]}}