{"id":3125,"date":"2025-11-26T02:48:13","date_gmt":"2025-11-26T02:48:13","guid":{"rendered":"https:\/\/www.satlabgeo.com\/?post_type=product&#038;p=3125"},"modified":"2026-04-27T12:35:31","modified_gmt":"2026-04-27T12:35:31","slug":"sl8-laser-rtk-receiver","status":"publish","type":"product","link":"https:\/\/www.satlabgeo.com\/fr\/product\/sl8-laser-rtk-receiver\/","title":{"rendered":"R\u00e9cepteur laser RTK SL8"},"content":{"rendered":"<div class=\"landscape\"><img decoding=\"async\" src=\"https:\/\/www.satlabgeo.com\/wp-content\/uploads\/2025\/11\/SL8-SLAM-RTK.webp\" alt=\"SL8-SLAM-RTK\" class=\"aligncenter\" \/><\/div>\n<p>&nbsp;<\/p>\n<h4>Mesure laser \u2014 Large couverture pour les t\u00e2ches courantes<\/h4>\n<p>Obtenez une pr\u00e9cision de 2 cm \u00e0 moins de 10 m gr\u00e2ce au RTK laser, m\u00eame dans des environnements sans GNSS.<br \/>\nId\u00e9al pour les ponts, les tunnels, les berges des rivi\u00e8res et autres sites complexes o\u00f9 les syst\u00e8mes GNSS traditionnels ne peuvent pas fonctionner.<\/p>\n<h4>Ciblage exclusif assist\u00e9 par image \u2014 Vis\u00e9e rapide et pr\u00e9cise<\/h4>\n<p>Dans le logiciel SatSurv, les points laser sont directement superpos\u00e9s aux images en temps r\u00e9el, permettant aux utilisateurs de localiser et de viser instantan\u00e9ment des objets distants.<br \/>\nCe flux de travail visuel am\u00e9liore consid\u00e9rablement la rapidit\u00e9 et la confiance sur le terrain.<\/p>\n<h4>IMU de qualit\u00e9 automobile \u2014 Efficacit\u00e9 consid\u00e9rablement accrue<\/h4>\n<p>L&#039;IMU de qualit\u00e9 automobile ne n\u00e9cessite aucun \u00e9talonnage ni initialisation manuelle\u00a0: il suffit de la mettre sous tension et de mesurer.<br \/>\nIl offre des r\u00e9sultats stables et pr\u00e9cis et am\u00e9liore la pr\u00e9cision jusqu&#039;\u00e0 40%, m\u00eame dans les zones o\u00f9 le GNSS est difficile.<\/p>\n<h4>Communication LoRa \u00e0 port\u00e9e \u00e9tendue \u2014 Transmission fiable au-del\u00e0 de 15 km<\/h4>\n<p>Gr\u00e2ce \u00e0 son \u00e9metteur-r\u00e9cepteur LoRa multiprotocole int\u00e9gr\u00e9, le SL8 assure une communication stable sur 15 km et une compatibilit\u00e9 parfaite avec diff\u00e9rentes marques RTK.<br \/>\nNos algorithmes LoRa, d\u00e9velopp\u00e9s en interne, maintiennent des liaisons robustes et fiables sur de longues distances.<\/p>\n<h4>CAO et implantation visuelle \u2014 50% Mise en page plus rapide<\/h4>\n<p>Un moteur de CAO haute performance associ\u00e9 \u00e0 des images de sc\u00e8nes r\u00e9elles permet aux utilisateurs de r\u00e9aliser des implantations directement \u00e0 partir de vues visuelles et CAO.<br \/>\nVisualisez vos points cibles sur site pour un flux de travail plus s\u00fbr, plus rapide et plus intuitif, am\u00e9liorant ainsi l&#039;efficacit\u00e9 jusqu&#039;\u00e0 50%.<\/p>\n<div style=\"text-align: center, max-width: 640px; margin: 0 auto;\"><video width=\"300\" height=\"150\" class=\"wp-video-shortcode\" preload=\"metadata\" controls=\"controls\"><source type=\"video\/youtube\" src=\"https:\/\/youtu.be\/Dw8NDRDsD_8\" \/><\/video><\/div>","protected":false},"excerpt":{"rendered":"<p>Le syst\u00e8me RTK laser SatLab SL8 combine deux cam\u00e9ras, un GNSS, une centrale inertielle et la technologie laser visible pour simplifier et acc\u00e9l\u00e9rer les lev\u00e9s topographiques. Gr\u00e2ce \u00e0 la mesure sans contact, au ciblage assist\u00e9 par image, \u00e0 l&#039;implantation en direct avec visualisation CAO et \u00e0 la radio LoRa int\u00e9gr\u00e9e, il garantit un fonctionnement fluide et fiable, m\u00eame dans des environnements complexes ou \u00e0 couverture GNSS limit\u00e9e.<\/p>","protected":false},"featured_media":3163,"comment_status":"open","ping_status":"closed","template":"","meta":{"_links_to":"","_links_to_target":""},"product_cat":[26],"product_tag":[],"yoast_head":"<!-- This site is optimized with the Yoast SEO plugin v19.8 - https:\/\/yoast.com\/wordpress\/plugins\/seo\/ -->\n<title>SL8 Laser RTK Receiver | Global Satellite Positioning Solutions | SatLab Geosolutions AB<\/title>\n<meta name=\"robots\" content=\"index, follow, max-snippet:-1, max-image-preview:large, max-video-preview:-1\" \/>\n<link rel=\"canonical\" href=\"https:\/\/www.satlabgeo.com\/fr\/product\/sl8-laser-rtk-receiver\/\" \/>\n<meta property=\"og:locale\" content=\"fr_FR\" \/>\n<meta property=\"og:type\" content=\"article\" \/>\n<meta property=\"og:title\" content=\"SL8 Laser RTK Receiver | Global Satellite Positioning Solutions | SatLab Geosolutions AB\" \/>\n<meta property=\"og:description\" content=\"SatLab SL8 Laser RTK combines dual cameras, GNSS, IMU,and visible laser technology to make surveying faster and easier. With non-contact measurement, image-assisted targeting, CAD live-view stakeout, and a built-in LoRa radio,It ensures smooth, reliable work even in complex or GNSS-limited environments.\" \/>\n<meta property=\"og:url\" content=\"https:\/\/www.satlabgeo.com\/fr\/product\/sl8-laser-rtk-receiver\/\" \/>\n<meta property=\"og:site_name\" content=\"Global Satellite Positioning Solutions | SatLab Geosolutions AB\" \/>\n<meta property=\"article:modified_time\" content=\"2026-04-27T12:35:31+00:00\" \/>\n<meta property=\"og:image\" content=\"https:\/\/www.satlabgeo.com\/wp-content\/uploads\/2025\/11\/SL8-2.webp\" \/>\n\t<meta property=\"og:image:width\" content=\"744\" \/>\n\t<meta property=\"og:image:height\" content=\"705\" \/>\n\t<meta property=\"og:image:type\" content=\"image\/webp\" \/>\n<meta name=\"twitter:card\" content=\"summary_large_image\" \/>\n<meta name=\"twitter:label1\" content=\"Dur\u00e9e de lecture estim\u00e9e\" \/>\n\t<meta name=\"twitter:data1\" content=\"2 minutes\" \/>\n<script type=\"application\/ld+json\" class=\"yoast-schema-graph\">{\"@context\":\"https:\/\/schema.org\",\"@graph\":[{\"@type\":\"WebPage\",\"@id\":\"https:\/\/www.satlabgeo.com\/product\/sl8-laser-rtk-receiver\/\",\"url\":\"https:\/\/www.satlabgeo.com\/product\/sl8-laser-rtk-receiver\/\",\"name\":\"SL8 Laser RTK Receiver | Global Satellite Positioning Solutions | SatLab Geosolutions AB\",\"isPartOf\":{\"@id\":\"https:\/\/www.satlabgeo.com\/#website\"},\"datePublished\":\"2025-11-26T02:48:13+00:00\",\"dateModified\":\"2026-04-27T12:35:31+00:00\",\"breadcrumb\":{\"@id\":\"https:\/\/www.satlabgeo.com\/product\/sl8-laser-rtk-receiver\/#breadcrumb\"},\"inLanguage\":\"fr-FR\",\"potentialAction\":[{\"@type\":\"ReadAction\",\"target\":[\"https:\/\/www.satlabgeo.com\/product\/sl8-laser-rtk-receiver\/\"]}]},{\"@type\":\"BreadcrumbList\",\"@id\":\"https:\/\/www.satlabgeo.com\/product\/sl8-laser-rtk-receiver\/#breadcrumb\",\"itemListElement\":[{\"@type\":\"ListItem\",\"position\":1,\"name\":\"Home\",\"item\":\"https:\/\/www.satlabgeo.com\/\"},{\"@type\":\"ListItem\",\"position\":2,\"name\":\"Products\",\"item\":\"https:\/\/www.satlabgeo.com\/products\/\"},{\"@type\":\"ListItem\",\"position\":3,\"name\":\"SL8 Laser RTK Receiver\"}]},{\"@type\":\"WebSite\",\"@id\":\"https:\/\/www.satlabgeo.com\/#website\",\"url\":\"https:\/\/www.satlabgeo.com\/\",\"name\":\"Global Satellite Positioning Solutions | SatLab Geosolutions AB\",\"description\":\"\",\"publisher\":{\"@id\":\"https:\/\/www.satlabgeo.com\/#organization\"},\"potentialAction\":[{\"@type\":\"SearchAction\",\"target\":{\"@type\":\"EntryPoint\",\"urlTemplate\":\"https:\/\/www.satlabgeo.com\/?s={search_term_string}\"},\"query-input\":\"required name=search_term_string\"}],\"inLanguage\":\"fr-FR\"},{\"@type\":\"Organization\",\"@id\":\"https:\/\/www.satlabgeo.com\/#organization\",\"name\":\"Global Satellite Positioning Solutions | SatLab Geosolutions AB\",\"url\":\"https:\/\/www.satlabgeo.com\/\",\"sameAs\":[],\"logo\":{\"@type\":\"ImageObject\",\"inLanguage\":\"fr-FR\",\"@id\":\"https:\/\/www.satlabgeo.com\/#\/schema\/logo\/image\/\",\"url\":\"https:\/\/www.satlabgeo.com\/wp-content\/uploads\/2025\/08\/satlab-logo.webp\",\"contentUrl\":\"https:\/\/www.satlabgeo.com\/wp-content\/uploads\/2025\/08\/satlab-logo.webp\",\"width\":191,\"height\":48,\"caption\":\"Global Satellite Positioning Solutions | SatLab Geosolutions AB\"},\"image\":{\"@id\":\"https:\/\/www.satlabgeo.com\/#\/schema\/logo\/image\/\"}}]}<\/script>\n<!-- \/ Yoast SEO plugin. -->","yoast_head_json":{"title":"SL8 Laser RTK Receiver | Global Satellite Positioning Solutions | SatLab Geosolutions AB","robots":{"index":"index","follow":"follow","max-snippet":"max-snippet:-1","max-image-preview":"max-image-preview:large","max-video-preview":"max-video-preview:-1"},"canonical":"https:\/\/www.satlabgeo.com\/fr\/product\/sl8-laser-rtk-receiver\/","og_locale":"fr_FR","og_type":"article","og_title":"SL8 Laser RTK Receiver | Global Satellite Positioning Solutions | SatLab Geosolutions AB","og_description":"SatLab SL8 Laser RTK combines dual cameras, GNSS, IMU,and visible laser technology to make surveying faster and easier. With non-contact measurement, image-assisted targeting, CAD live-view stakeout, and a built-in LoRa radio,It ensures smooth, reliable work even in complex or GNSS-limited environments.","og_url":"https:\/\/www.satlabgeo.com\/fr\/product\/sl8-laser-rtk-receiver\/","og_site_name":"Global Satellite Positioning Solutions | SatLab Geosolutions AB","article_modified_time":"2026-04-27T12:35:31+00:00","og_image":[{"width":744,"height":705,"url":"https:\/\/www.satlabgeo.com\/wp-content\/uploads\/2025\/11\/SL8-2.webp","type":"image\/webp"}],"twitter_card":"summary_large_image","twitter_misc":{"Dur\u00e9e de lecture estim\u00e9e":"2 minutes"},"schema":{"@context":"https:\/\/schema.org","@graph":[{"@type":"WebPage","@id":"https:\/\/www.satlabgeo.com\/product\/sl8-laser-rtk-receiver\/","url":"https:\/\/www.satlabgeo.com\/product\/sl8-laser-rtk-receiver\/","name":"SL8 Laser RTK Receiver | Global Satellite Positioning Solutions | SatLab Geosolutions AB","isPartOf":{"@id":"https:\/\/www.satlabgeo.com\/#website"},"datePublished":"2025-11-26T02:48:13+00:00","dateModified":"2026-04-27T12:35:31+00:00","breadcrumb":{"@id":"https:\/\/www.satlabgeo.com\/product\/sl8-laser-rtk-receiver\/#breadcrumb"},"inLanguage":"fr-FR","potentialAction":[{"@type":"ReadAction","target":["https:\/\/www.satlabgeo.com\/product\/sl8-laser-rtk-receiver\/"]}]},{"@type":"BreadcrumbList","@id":"https:\/\/www.satlabgeo.com\/product\/sl8-laser-rtk-receiver\/#breadcrumb","itemListElement":[{"@type":"ListItem","position":1,"name":"Home","item":"https:\/\/www.satlabgeo.com\/"},{"@type":"ListItem","position":2,"name":"Products","item":"https:\/\/www.satlabgeo.com\/products\/"},{"@type":"ListItem","position":3,"name":"SL8 Laser RTK Receiver"}]},{"@type":"WebSite","@id":"https:\/\/www.satlabgeo.com\/#website","url":"https:\/\/www.satlabgeo.com\/","name":"Global Satellite Positioning Solutions | SatLab Geosolutions AB","description":"","publisher":{"@id":"https:\/\/www.satlabgeo.com\/#organization"},"potentialAction":[{"@type":"SearchAction","target":{"@type":"EntryPoint","urlTemplate":"https:\/\/www.satlabgeo.com\/?s={search_term_string}"},"query-input":"required name=search_term_string"}],"inLanguage":"fr-FR"},{"@type":"Organization","@id":"https:\/\/www.satlabgeo.com\/#organization","name":"Global Satellite Positioning Solutions | SatLab Geosolutions AB","url":"https:\/\/www.satlabgeo.com\/","sameAs":[],"logo":{"@type":"ImageObject","inLanguage":"fr-FR","@id":"https:\/\/www.satlabgeo.com\/#\/schema\/logo\/image\/","url":"https:\/\/www.satlabgeo.com\/wp-content\/uploads\/2025\/08\/satlab-logo.webp","contentUrl":"https:\/\/www.satlabgeo.com\/wp-content\/uploads\/2025\/08\/satlab-logo.webp","width":191,"height":48,"caption":"Global Satellite Positioning Solutions | SatLab Geosolutions AB"},"image":{"@id":"https:\/\/www.satlabgeo.com\/#\/schema\/logo\/image\/"}}]}},"_links":{"self":[{"href":"https:\/\/www.satlabgeo.com\/fr\/wp-json\/wp\/v2\/product\/3125"}],"collection":[{"href":"https:\/\/www.satlabgeo.com\/fr\/wp-json\/wp\/v2\/product"}],"about":[{"href":"https:\/\/www.satlabgeo.com\/fr\/wp-json\/wp\/v2\/types\/product"}],"replies":[{"embeddable":true,"href":"https:\/\/www.satlabgeo.com\/fr\/wp-json\/wp\/v2\/comments?post=3125"}],"version-history":[{"count":33,"href":"https:\/\/www.satlabgeo.com\/fr\/wp-json\/wp\/v2\/product\/3125\/revisions"}],"predecessor-version":[{"id":3487,"href":"https:\/\/www.satlabgeo.com\/fr\/wp-json\/wp\/v2\/product\/3125\/revisions\/3487"}],"wp:featuredmedia":[{"embeddable":true,"href":"https:\/\/www.satlabgeo.com\/fr\/wp-json\/wp\/v2\/media\/3163"}],"wp:attachment":[{"href":"https:\/\/www.satlabgeo.com\/fr\/wp-json\/wp\/v2\/media?parent=3125"}],"wp:term":[{"taxonomy":"product_cat","embeddable":true,"href":"https:\/\/www.satlabgeo.com\/fr\/wp-json\/wp\/v2\/product_cat?post=3125"},{"taxonomy":"product_tag","embeddable":true,"href":"https:\/\/www.satlabgeo.com\/fr\/wp-json\/wp\/v2\/product_tag?post=3125"}],"curies":[{"name":"wp","href":"https:\/\/api.w.org\/{rel}","templated":true}]}}