{"id":2700,"date":"2025-06-25T11:05:35","date_gmt":"2025-06-25T11:05:35","guid":{"rendered":"https:\/\/www.satlabgeo.com\/?post_type=product&#038;p=2700"},"modified":"2025-12-04T07:59:55","modified_gmt":"2025-12-04T07:59:55","slug":"sl9-slam-rtk","status":"publish","type":"product","link":"https:\/\/www.satlabgeo.com\/fr\/product\/sl9-slam-rtk\/","title":{"rendered":"SL9 SLAM RTK"},"content":{"rendered":"<div class=\"landscape\"><img decoding=\"async\" src=\"https:\/\/www.satlabgeo.com\/wp-content\/uploads\/2025\/06\/SL9-SLAM-RTK-banner-scaled.webp\" alt=\"SLAM RTK-SL9\" class=\"aligncenter\" \/><\/div>\n<p>&nbsp;<\/p>\n<h4>1. Nouvelle exp\u00e9rience de mesure d&#039;image<\/h4>\n<p>Gr\u00e2ce \u00e0 ses trois cam\u00e9ras HD et \u00e0 l&#039;int\u00e9gration SLAM, le SL9 vous permet de mesurer en temps r\u00e9el\u00a0: il suffit de s\u00e9lectionner le point cible dans l&#039;image pour obtenir ses coordonn\u00e9es 3D. Obtenez une pr\u00e9cision de 2 \u00e0 5\u00a0cm \u00e0 15\u00a0m\u00e8tres pr\u00e8s gr\u00e2ce \u00e0 l&#039;application Satsurv.<\/p>\n<h4>2. Arpentage sans limites avec la technologie SLAM-Fix<\/h4>\n<p>Le SL9 bascule intelligemment entre RTK et SLAM. Obtenez des coordonn\u00e9es fiables m\u00eame sous les ponts, les avant-toits ou \u00e0 l&#039;int\u00e9rieur\u00a0: sans signal, aucun probl\u00e8me.<\/p>\n<h4>3. Syst\u00e8me de coordonn\u00e9es unifi\u00e9<\/h4>\n<p>Fini les donn\u00e9es de couture. SL9 maintient vos coordonn\u00e9es unifi\u00e9es dans tous les environnements\u00a0: pas de points de contr\u00f4le, pas de fermeture de boucle, pas de souci.<\/p>\n<h4>4. Calcul du volume rapide et facile<\/h4>\n<p>G\u00e9n\u00e9rez instantan\u00e9ment un terrain 3D et calculez les volumes directement sur site \u00e0 l&#039;aide de l&#039;application Satsurv bas\u00e9e sur Android.<\/p>\n<h4>5. Signal fiable, donn\u00e9es de haute qualit\u00e9<\/h4>\n<p>Suivez toutes les principales constellations avec des performances sup\u00e9rieures dans des environnements difficiles, atteignant une pr\u00e9cision au centim\u00e8tre pr\u00e8s.<\/p>\n<h4>6. Post-traitement de pr\u00e9cision avec Sat-LiDAR<\/h4>\n<p>Post-traitez vos donn\u00e9es avec Sat-LiDAR pour une \u00e9paisseur inf\u00e9rieure \u00e0 2 cm et une pr\u00e9cision inf\u00e9rieure \u00e0 1 cm. Le logiciel prend en charge l&#039;analyse des travaux d&#039;excavation de tunnels, le suivi de leur avancement et les contr\u00f4les de r\u00e9ception. Il facilite \u00e9galement les projets de r\u00e9novation gr\u00e2ce \u00e0 des coupes transversales, des plans et des \u00e9l\u00e9vations.<\/p>\n<div style=\"text-align: center, max-width: 640px; margin: 0 auto;\"><video width=\"300\" height=\"150\" class=\"wp-video-shortcode\" preload=\"metadata\" controls=\"controls\"><source type=\"video\/youtube\" src=\"https:\/\/youtu.be\/hms9r8y7s0M\" \/><\/video><\/div>","protected":false},"excerpt":{"rendered":"<p>Le SatLab SL9 SLAM RTK associe un positionnement GNSS de la pr\u00e9cision \u00e9lev\u00e9e \u00e0 la technologie SLAM de pointe, \u00e9liminant ainsi les contraintes spatiales des mesures RTK traditionnelles. Que ce soit en milieu urbain, en for\u00eat dense ou en int\u00e9rieur, le SL9 garantit des mesures fiables et pr\u00e9cises, red\u00e9finissant l'efficacit\u00e9 et la polyvalence du travail sur le terrain.<\/p>","protected":false},"featured_media":2739,"comment_status":"open","ping_status":"closed","template":"","meta":{"_links_to":"","_links_to_target":""},"product_cat":[26],"product_tag":[81],"yoast_head":"<!-- This site is optimized with the Yoast SEO plugin v19.8 - https:\/\/yoast.com\/wordpress\/plugins\/seo\/ -->\n<title>SL9 SLAM RTK | Global Satellite Positioning Solutions | SatLab Geosolutions AB<\/title>\n<meta name=\"description\" content=\"SatLab SL9 SLAM RTK combines high-precision GNSS positioning with cutting-edge SLAM technology, eliminating the spatial constraints of traditional RTK measurements.\" \/>\n<meta name=\"robots\" content=\"index, follow, max-snippet:-1, max-image-preview:large, max-video-preview:-1\" \/>\n<link rel=\"canonical\" href=\"https:\/\/www.satlabgeo.com\/fr\/product\/sl9-slam-rtk\/\" \/>\n<meta property=\"og:locale\" content=\"fr_FR\" \/>\n<meta property=\"og:type\" content=\"article\" \/>\n<meta property=\"og:title\" content=\"SL9 SLAM RTK | Global Satellite Positioning Solutions | SatLab Geosolutions AB\" \/>\n<meta property=\"og:description\" content=\"SatLab SL9 SLAM RTK combines high-precision GNSS positioning with cutting-edge SLAM technology, eliminating the spatial constraints of traditional RTK measurements.\" \/>\n<meta property=\"og:url\" content=\"https:\/\/www.satlabgeo.com\/fr\/product\/sl9-slam-rtk\/\" \/>\n<meta property=\"og:site_name\" content=\"Global Satellite Positioning Solutions | SatLab Geosolutions AB\" \/>\n<meta property=\"article:modified_time\" content=\"2025-12-04T07:59:55+00:00\" \/>\n<meta property=\"og:image\" content=\"https:\/\/www.satlabgeo.com\/wp-content\/uploads\/2025\/06\/SL-SLAM-RTK-4.webp\" \/>\n\t<meta property=\"og:image:width\" content=\"600\" \/>\n\t<meta property=\"og:image:height\" content=\"445\" \/>\n\t<meta property=\"og:image:type\" content=\"image\/webp\" \/>\n<meta name=\"twitter:card\" content=\"summary_large_image\" \/>\n<meta name=\"twitter:label1\" content=\"Dur\u00e9e de lecture estim\u00e9e\" \/>\n\t<meta name=\"twitter:data1\" content=\"1 minute\" \/>\n<script type=\"application\/ld+json\" class=\"yoast-schema-graph\">{\"@context\":\"https:\/\/schema.org\",\"@graph\":[{\"@type\":\"WebPage\",\"@id\":\"https:\/\/www.satlabgeo.com\/product\/sl9-slam-rtk\/\",\"url\":\"https:\/\/www.satlabgeo.com\/product\/sl9-slam-rtk\/\",\"name\":\"SL9 SLAM RTK | Global Satellite Positioning Solutions | SatLab Geosolutions AB\",\"isPartOf\":{\"@id\":\"https:\/\/www.satlabgeo.com\/#website\"},\"datePublished\":\"2025-06-25T11:05:35+00:00\",\"dateModified\":\"2025-12-04T07:59:55+00:00\",\"description\":\"SatLab SL9 SLAM RTK combines high-precision GNSS positioning with cutting-edge SLAM technology, eliminating the spatial constraints of traditional RTK measurements.\",\"breadcrumb\":{\"@id\":\"https:\/\/www.satlabgeo.com\/product\/sl9-slam-rtk\/#breadcrumb\"},\"inLanguage\":\"fr-FR\",\"potentialAction\":[{\"@type\":\"ReadAction\",\"target\":[\"https:\/\/www.satlabgeo.com\/product\/sl9-slam-rtk\/\"]}]},{\"@type\":\"BreadcrumbList\",\"@id\":\"https:\/\/www.satlabgeo.com\/product\/sl9-slam-rtk\/#breadcrumb\",\"itemListElement\":[{\"@type\":\"ListItem\",\"position\":1,\"name\":\"Home\",\"item\":\"https:\/\/www.satlabgeo.com\/\"},{\"@type\":\"ListItem\",\"position\":2,\"name\":\"Products\",\"item\":\"https:\/\/www.satlabgeo.com\/products\/\"},{\"@type\":\"ListItem\",\"position\":3,\"name\":\"SL9 SLAM RTK\"}]},{\"@type\":\"WebSite\",\"@id\":\"https:\/\/www.satlabgeo.com\/#website\",\"url\":\"https:\/\/www.satlabgeo.com\/\",\"name\":\"Global Satellite Positioning Solutions | SatLab Geosolutions AB\",\"description\":\"\",\"publisher\":{\"@id\":\"https:\/\/www.satlabgeo.com\/#organization\"},\"potentialAction\":[{\"@type\":\"SearchAction\",\"target\":{\"@type\":\"EntryPoint\",\"urlTemplate\":\"https:\/\/www.satlabgeo.com\/?s={search_term_string}\"},\"query-input\":\"required name=search_term_string\"}],\"inLanguage\":\"fr-FR\"},{\"@type\":\"Organization\",\"@id\":\"https:\/\/www.satlabgeo.com\/#organization\",\"name\":\"Global Satellite Positioning Solutions | SatLab Geosolutions AB\",\"url\":\"https:\/\/www.satlabgeo.com\/\",\"sameAs\":[],\"logo\":{\"@type\":\"ImageObject\",\"inLanguage\":\"fr-FR\",\"@id\":\"https:\/\/www.satlabgeo.com\/#\/schema\/logo\/image\/\",\"url\":\"https:\/\/www.satlabgeo.com\/wp-content\/uploads\/2025\/08\/satlab-logo.webp\",\"contentUrl\":\"https:\/\/www.satlabgeo.com\/wp-content\/uploads\/2025\/08\/satlab-logo.webp\",\"width\":191,\"height\":48,\"caption\":\"Global Satellite Positioning Solutions | SatLab Geosolutions AB\"},\"image\":{\"@id\":\"https:\/\/www.satlabgeo.com\/#\/schema\/logo\/image\/\"}}]}<\/script>\n<!-- \/ Yoast SEO plugin. -->","yoast_head_json":{"title":"SL9 SLAM RTK | Global Satellite Positioning Solutions | SatLab Geosolutions AB","description":"SatLab SL9 SLAM RTK combines high-precision GNSS positioning with cutting-edge SLAM technology, eliminating the spatial constraints of traditional RTK measurements.","robots":{"index":"index","follow":"follow","max-snippet":"max-snippet:-1","max-image-preview":"max-image-preview:large","max-video-preview":"max-video-preview:-1"},"canonical":"https:\/\/www.satlabgeo.com\/fr\/product\/sl9-slam-rtk\/","og_locale":"fr_FR","og_type":"article","og_title":"SL9 SLAM RTK | Global Satellite Positioning Solutions | SatLab Geosolutions AB","og_description":"SatLab SL9 SLAM RTK combines high-precision GNSS positioning with cutting-edge SLAM technology, eliminating the spatial constraints of traditional RTK measurements.","og_url":"https:\/\/www.satlabgeo.com\/fr\/product\/sl9-slam-rtk\/","og_site_name":"Global Satellite Positioning Solutions | SatLab Geosolutions AB","article_modified_time":"2025-12-04T07:59:55+00:00","og_image":[{"width":600,"height":445,"url":"https:\/\/www.satlabgeo.com\/wp-content\/uploads\/2025\/06\/SL-SLAM-RTK-4.webp","type":"image\/webp"}],"twitter_card":"summary_large_image","twitter_misc":{"Dur\u00e9e de lecture estim\u00e9e":"1 minute"},"schema":{"@context":"https:\/\/schema.org","@graph":[{"@type":"WebPage","@id":"https:\/\/www.satlabgeo.com\/product\/sl9-slam-rtk\/","url":"https:\/\/www.satlabgeo.com\/product\/sl9-slam-rtk\/","name":"SL9 SLAM RTK | Global Satellite Positioning Solutions | SatLab Geosolutions AB","isPartOf":{"@id":"https:\/\/www.satlabgeo.com\/#website"},"datePublished":"2025-06-25T11:05:35+00:00","dateModified":"2025-12-04T07:59:55+00:00","description":"SatLab SL9 SLAM RTK combines high-precision GNSS positioning with cutting-edge SLAM technology, eliminating the spatial constraints of traditional RTK measurements.","breadcrumb":{"@id":"https:\/\/www.satlabgeo.com\/product\/sl9-slam-rtk\/#breadcrumb"},"inLanguage":"fr-FR","potentialAction":[{"@type":"ReadAction","target":["https:\/\/www.satlabgeo.com\/product\/sl9-slam-rtk\/"]}]},{"@type":"BreadcrumbList","@id":"https:\/\/www.satlabgeo.com\/product\/sl9-slam-rtk\/#breadcrumb","itemListElement":[{"@type":"ListItem","position":1,"name":"Home","item":"https:\/\/www.satlabgeo.com\/"},{"@type":"ListItem","position":2,"name":"Products","item":"https:\/\/www.satlabgeo.com\/products\/"},{"@type":"ListItem","position":3,"name":"SL9 SLAM RTK"}]},{"@type":"WebSite","@id":"https:\/\/www.satlabgeo.com\/#website","url":"https:\/\/www.satlabgeo.com\/","name":"Global Satellite Positioning Solutions | SatLab Geosolutions AB","description":"","publisher":{"@id":"https:\/\/www.satlabgeo.com\/#organization"},"potentialAction":[{"@type":"SearchAction","target":{"@type":"EntryPoint","urlTemplate":"https:\/\/www.satlabgeo.com\/?s={search_term_string}"},"query-input":"required name=search_term_string"}],"inLanguage":"fr-FR"},{"@type":"Organization","@id":"https:\/\/www.satlabgeo.com\/#organization","name":"Global Satellite Positioning Solutions | SatLab Geosolutions AB","url":"https:\/\/www.satlabgeo.com\/","sameAs":[],"logo":{"@type":"ImageObject","inLanguage":"fr-FR","@id":"https:\/\/www.satlabgeo.com\/#\/schema\/logo\/image\/","url":"https:\/\/www.satlabgeo.com\/wp-content\/uploads\/2025\/08\/satlab-logo.webp","contentUrl":"https:\/\/www.satlabgeo.com\/wp-content\/uploads\/2025\/08\/satlab-logo.webp","width":191,"height":48,"caption":"Global Satellite Positioning Solutions | SatLab Geosolutions AB"},"image":{"@id":"https:\/\/www.satlabgeo.com\/#\/schema\/logo\/image\/"}}]}},"_links":{"self":[{"href":"https:\/\/www.satlabgeo.com\/fr\/wp-json\/wp\/v2\/product\/2700"}],"collection":[{"href":"https:\/\/www.satlabgeo.com\/fr\/wp-json\/wp\/v2\/product"}],"about":[{"href":"https:\/\/www.satlabgeo.com\/fr\/wp-json\/wp\/v2\/types\/product"}],"replies":[{"embeddable":true,"href":"https:\/\/www.satlabgeo.com\/fr\/wp-json\/wp\/v2\/comments?post=2700"}],"version-history":[{"count":23,"href":"https:\/\/www.satlabgeo.com\/fr\/wp-json\/wp\/v2\/product\/2700\/revisions"}],"predecessor-version":[{"id":3266,"href":"https:\/\/www.satlabgeo.com\/fr\/wp-json\/wp\/v2\/product\/2700\/revisions\/3266"}],"wp:featuredmedia":[{"embeddable":true,"href":"https:\/\/www.satlabgeo.com\/fr\/wp-json\/wp\/v2\/media\/2739"}],"wp:attachment":[{"href":"https:\/\/www.satlabgeo.com\/fr\/wp-json\/wp\/v2\/media?parent=2700"}],"wp:term":[{"taxonomy":"product_cat","embeddable":true,"href":"https:\/\/www.satlabgeo.com\/fr\/wp-json\/wp\/v2\/product_cat?post=2700"},{"taxonomy":"product_tag","embeddable":true,"href":"https:\/\/www.satlabgeo.com\/fr\/wp-json\/wp\/v2\/product_tag?post=2700"}],"curies":[{"name":"wp","href":"https:\/\/api.w.org\/{rel}","templated":true}]}}