{"id":2541,"date":"2025-06-04T11:03:59","date_gmt":"2025-06-04T11:03:59","guid":{"rendered":"https:\/\/www.satlabgeo.com\/?post_type=product&#038;p=2541"},"modified":"2025-12-16T03:09:07","modified_gmt":"2025-12-16T03:09:07","slug":"hydroboat-1200mb-usv-multibeam-solution","status":"publish","type":"product","link":"https:\/\/www.satlabgeo.com\/fr\/product\/hydroboat-1200mb-usv-multibeam-solution\/","title":{"rendered":"Solution multifaisceaux USV HydroBoat 1200MB"},"content":{"rendered":"<div class=\"landscape\"><img decoding=\"async\" loading=\"lazy\" width=\"2560\" height=\"896\" src=\"https:\/\/www.satlabgeo.com\/wp-content\/uploads\/2025\/06\/1200M-FR-scaled.webp\" alt=\"\" class=\"alignnone size-full wp-image-2586\" srcset=\"https:\/\/www.satlabgeo.com\/wp-content\/uploads\/2025\/06\/1200M-FR-scaled.webp 2560w, https:\/\/www.satlabgeo.com\/wp-content\/uploads\/2025\/06\/1200M-FR-300x105.webp 300w, https:\/\/www.satlabgeo.com\/wp-content\/uploads\/2025\/06\/1200M-FR-1024x358.webp 1024w, https:\/\/www.satlabgeo.com\/wp-content\/uploads\/2025\/06\/1200M-FR-768x269.webp 768w, https:\/\/www.satlabgeo.com\/wp-content\/uploads\/2025\/06\/1200M-FR-1536x538.webp 1536w, https:\/\/www.satlabgeo.com\/wp-content\/uploads\/2025\/06\/1200M-FR-2048x717.webp 2048w, https:\/\/www.satlabgeo.com\/wp-content\/uploads\/2025\/06\/1200M-FR-18x6.webp 18w, https:\/\/www.satlabgeo.com\/wp-content\/uploads\/2025\/06\/1200M-FR-600x210.webp 600w\" sizes=\"(max-width: 2560px) 100vw, 2560px\" \/><\/div>\n<p>&nbsp;<\/p>\n<h2 title=\"v\u00e9hicule sans pilote intelligent\"><span style=\"font-size: 18pt;\">Flux de travail ultra-int\u00e9gr\u00e9<\/span><\/h2>\n<p><span>Construit sur un contr\u00f4le de plate-forme sans pilote avanc\u00e9, le syst\u00e8me int\u00e8gre efficacement l&#039;ensemble du flux de travail, de l&#039;acquisition des donn\u00e9es aux livrables.<br \/>\n<\/span><\/p>\n<p>&nbsp;<\/p>\n<h3 title=\"navires de surveillance sans pilote\"><span style=\"font-size: 18pt;\">Nuage de points 3D en direct et imagerie lat\u00e9rale<\/span><\/h3>\n<p><span>Nuage de points XYZ en temps r\u00e9el et images de balayage lat\u00e9ral sur plusieurs terminaux : visualisez et surveillez pendant l&#039;arpentage.<\/span><\/p>\n<p>&nbsp;<\/p>\n<h3 title=\"navire autonome\"><span style=\"font-size: 18pt;\">Correction de la vitesse du son sans SVP<\/span><\/h3>\n<p><span>Aliment\u00e9 par SPIN (Sound Speed Profile Inversion), le syst\u00e8me assure une correction pr\u00e9cise de la vitesse du son sans dispositifs SVP suppl\u00e9mentaires.<\/span><\/p>\n<div style=\"text-align: center, max-width: 640px; margin: 0 auto; \"><video width=\"300\" height=\"150\" class=\"wp-video-shortcode\" preload=\"metadata\" controls=\"controls\"><source type=\"video\/youtube\" src=\"https:\/\/youtu.be\/0gLXfYLMR4M\" \/><\/video><\/div>","protected":false},"excerpt":{"rendered":"<p>L&#039;HydroBoat 1200MB est la derni\u00e8re solution multifaisceaux USV de SatLab. Elle associe la technologie \u00e9prouv\u00e9e des navires sans \u00e9quipage \u00e0 l&#039;\u00e9chosondeur multifaisceaux HydroBeam M2. Compact et facile \u00e0 d\u00e9ployer, il permet des lev\u00e9s hydrographiques efficaces et pr\u00e9cis, tout en r\u00e9duisant le temps de configuration et la complexit\u00e9 op\u00e9rationnelle. Con\u00e7u pour les environnements int\u00e9rieurs et c\u00f4tiers, sa conception l\u00e9g\u00e8re et agile garantit des performances fiables l\u00e0 o\u00f9 la pr\u00e9cision est primordiale.<\/p>\n<p>Dot\u00e9 de commandes intuitives et d&#039;une interface conviviale, l&#039;HydroBoat 1200MB permet aux petites \u00e9quipes d&#039;obtenir des r\u00e9sultats professionnels avec un minimum d&#039;effort. Alliant performance, simplicit\u00e9 et rapport qualit\u00e9-prix, il offre une solution fiable et \u00e9conomique aux g\u00e9om\u00e8tres recherchant un syst\u00e8me USV multifaisceaux int\u00e9gr\u00e9.<\/p>","protected":false},"featured_media":2562,"comment_status":"open","ping_status":"closed","template":"","meta":{"_links_to":"","_links_to_target":""},"product_cat":[73],"product_tag":[],"yoast_head":"<!-- This site is optimized with the Yoast SEO plugin v19.8 - https:\/\/yoast.com\/wordpress\/plugins\/seo\/ -->\n<title>HydroBoat 1200MB USV Multibeam Solution | SatLab<\/title>\n<meta name=\"description\" content=\"SatLab\u2019s HydroBoat 1200MB is a USV multibeam solution integrating proven unmanned vessel tech with HydroBeam M2 MBES. it enables efficient, accurate hydrographic surveys.\" \/>\n<meta name=\"robots\" content=\"index, follow, max-snippet:-1, max-image-preview:large, max-video-preview:-1\" \/>\n<link rel=\"canonical\" href=\"https:\/\/www.satlabgeo.com\/fr\/product\/hydroboat-1200mb-usv-multibeam-solution\/\" \/>\n<meta property=\"og:locale\" content=\"fr_FR\" \/>\n<meta property=\"og:type\" content=\"article\" \/>\n<meta property=\"og:title\" content=\"HydroBoat 1200MB USV Multibeam Solution | SatLab\" \/>\n<meta property=\"og:description\" content=\"SatLab\u2019s HydroBoat 1200MB is a USV multibeam solution integrating proven unmanned vessel tech with HydroBeam M2 MBES. it enables efficient, accurate hydrographic surveys.\" \/>\n<meta property=\"og:url\" content=\"https:\/\/www.satlabgeo.com\/fr\/product\/hydroboat-1200mb-usv-multibeam-solution\/\" \/>\n<meta property=\"og:site_name\" content=\"Global Satellite Positioning Solutions | SatLab Geosolutions AB\" \/>\n<meta property=\"article:modified_time\" content=\"2025-12-16T03:09:07+00:00\" \/>\n<meta property=\"og:image\" content=\"https:\/\/www.satlabgeo.com\/wp-content\/uploads\/2025\/06\/\u672a\u6807\u9898-1.webp\" \/>\n\t<meta property=\"og:image:width\" content=\"445\" \/>\n\t<meta property=\"og:image:height\" content=\"400\" \/>\n\t<meta property=\"og:image:type\" content=\"image\/webp\" \/>\n<meta name=\"twitter:card\" content=\"summary_large_image\" \/>\n<meta name=\"twitter:label1\" content=\"Dur\u00e9e de lecture estim\u00e9e\" \/>\n\t<meta name=\"twitter:data1\" content=\"1 minute\" \/>\n<script type=\"application\/ld+json\" class=\"yoast-schema-graph\">{\"@context\":\"https:\/\/schema.org\",\"@graph\":[{\"@type\":\"WebPage\",\"@id\":\"https:\/\/www.satlabgeo.com\/product\/hydroboat-1200mb-usv-multibeam-solution\/\",\"url\":\"https:\/\/www.satlabgeo.com\/product\/hydroboat-1200mb-usv-multibeam-solution\/\",\"name\":\"HydroBoat 1200MB USV Multibeam Solution | SatLab\",\"isPartOf\":{\"@id\":\"https:\/\/www.satlabgeo.com\/#website\"},\"datePublished\":\"2025-06-04T11:03:59+00:00\",\"dateModified\":\"2025-12-16T03:09:07+00:00\",\"description\":\"SatLab\u2019s HydroBoat 1200MB is a USV multibeam solution integrating proven unmanned vessel tech with HydroBeam M2 MBES. it enables efficient, accurate hydrographic surveys.\",\"breadcrumb\":{\"@id\":\"https:\/\/www.satlabgeo.com\/product\/hydroboat-1200mb-usv-multibeam-solution\/#breadcrumb\"},\"inLanguage\":\"fr-FR\",\"potentialAction\":[{\"@type\":\"ReadAction\",\"target\":[\"https:\/\/www.satlabgeo.com\/product\/hydroboat-1200mb-usv-multibeam-solution\/\"]}]},{\"@type\":\"BreadcrumbList\",\"@id\":\"https:\/\/www.satlabgeo.com\/product\/hydroboat-1200mb-usv-multibeam-solution\/#breadcrumb\",\"itemListElement\":[{\"@type\":\"ListItem\",\"position\":1,\"name\":\"Home\",\"item\":\"https:\/\/www.satlabgeo.com\/\"},{\"@type\":\"ListItem\",\"position\":2,\"name\":\"Products\",\"item\":\"https:\/\/www.satlabgeo.com\/products\/\"},{\"@type\":\"ListItem\",\"position\":3,\"name\":\"HydroBoat 1200MB USV Multibeam Solution\"}]},{\"@type\":\"WebSite\",\"@id\":\"https:\/\/www.satlabgeo.com\/#website\",\"url\":\"https:\/\/www.satlabgeo.com\/\",\"name\":\"Global Satellite Positioning Solutions | SatLab Geosolutions AB\",\"description\":\"\",\"publisher\":{\"@id\":\"https:\/\/www.satlabgeo.com\/#organization\"},\"potentialAction\":[{\"@type\":\"SearchAction\",\"target\":{\"@type\":\"EntryPoint\",\"urlTemplate\":\"https:\/\/www.satlabgeo.com\/?s={search_term_string}\"},\"query-input\":\"required name=search_term_string\"}],\"inLanguage\":\"fr-FR\"},{\"@type\":\"Organization\",\"@id\":\"https:\/\/www.satlabgeo.com\/#organization\",\"name\":\"Global Satellite Positioning Solutions | SatLab Geosolutions AB\",\"url\":\"https:\/\/www.satlabgeo.com\/\",\"sameAs\":[],\"logo\":{\"@type\":\"ImageObject\",\"inLanguage\":\"fr-FR\",\"@id\":\"https:\/\/www.satlabgeo.com\/#\/schema\/logo\/image\/\",\"url\":\"https:\/\/www.satlabgeo.com\/wp-content\/uploads\/2025\/08\/satlab-logo.webp\",\"contentUrl\":\"https:\/\/www.satlabgeo.com\/wp-content\/uploads\/2025\/08\/satlab-logo.webp\",\"width\":191,\"height\":48,\"caption\":\"Global Satellite Positioning Solutions | SatLab Geosolutions AB\"},\"image\":{\"@id\":\"https:\/\/www.satlabgeo.com\/#\/schema\/logo\/image\/\"}}]}<\/script>\n<!-- \/ Yoast SEO plugin. -->","yoast_head_json":{"title":"HydroBoat 1200MB USV Multibeam Solution | SatLab","description":"SatLab\u2019s HydroBoat 1200MB is a USV multibeam solution integrating proven unmanned vessel tech with HydroBeam M2 MBES. it enables efficient, accurate hydrographic surveys.","robots":{"index":"index","follow":"follow","max-snippet":"max-snippet:-1","max-image-preview":"max-image-preview:large","max-video-preview":"max-video-preview:-1"},"canonical":"https:\/\/www.satlabgeo.com\/fr\/product\/hydroboat-1200mb-usv-multibeam-solution\/","og_locale":"fr_FR","og_type":"article","og_title":"HydroBoat 1200MB USV Multibeam Solution | SatLab","og_description":"SatLab\u2019s HydroBoat 1200MB is a USV multibeam solution integrating proven unmanned vessel tech with HydroBeam M2 MBES. it enables efficient, accurate hydrographic surveys.","og_url":"https:\/\/www.satlabgeo.com\/fr\/product\/hydroboat-1200mb-usv-multibeam-solution\/","og_site_name":"Global Satellite Positioning Solutions | SatLab Geosolutions AB","article_modified_time":"2025-12-16T03:09:07+00:00","og_image":[{"width":445,"height":400,"url":"https:\/\/www.satlabgeo.com\/wp-content\/uploads\/2025\/06\/\u672a\u6807\u9898-1.webp","type":"image\/webp"}],"twitter_card":"summary_large_image","twitter_misc":{"Dur\u00e9e de lecture estim\u00e9e":"1 minute"},"schema":{"@context":"https:\/\/schema.org","@graph":[{"@type":"WebPage","@id":"https:\/\/www.satlabgeo.com\/product\/hydroboat-1200mb-usv-multibeam-solution\/","url":"https:\/\/www.satlabgeo.com\/product\/hydroboat-1200mb-usv-multibeam-solution\/","name":"HydroBoat 1200MB USV Multibeam Solution | SatLab","isPartOf":{"@id":"https:\/\/www.satlabgeo.com\/#website"},"datePublished":"2025-06-04T11:03:59+00:00","dateModified":"2025-12-16T03:09:07+00:00","description":"SatLab\u2019s HydroBoat 1200MB is a USV multibeam solution integrating proven unmanned vessel tech with HydroBeam M2 MBES. it enables efficient, accurate hydrographic surveys.","breadcrumb":{"@id":"https:\/\/www.satlabgeo.com\/product\/hydroboat-1200mb-usv-multibeam-solution\/#breadcrumb"},"inLanguage":"fr-FR","potentialAction":[{"@type":"ReadAction","target":["https:\/\/www.satlabgeo.com\/product\/hydroboat-1200mb-usv-multibeam-solution\/"]}]},{"@type":"BreadcrumbList","@id":"https:\/\/www.satlabgeo.com\/product\/hydroboat-1200mb-usv-multibeam-solution\/#breadcrumb","itemListElement":[{"@type":"ListItem","position":1,"name":"Home","item":"https:\/\/www.satlabgeo.com\/"},{"@type":"ListItem","position":2,"name":"Products","item":"https:\/\/www.satlabgeo.com\/products\/"},{"@type":"ListItem","position":3,"name":"HydroBoat 1200MB USV Multibeam Solution"}]},{"@type":"WebSite","@id":"https:\/\/www.satlabgeo.com\/#website","url":"https:\/\/www.satlabgeo.com\/","name":"Global Satellite Positioning Solutions | SatLab Geosolutions AB","description":"","publisher":{"@id":"https:\/\/www.satlabgeo.com\/#organization"},"potentialAction":[{"@type":"SearchAction","target":{"@type":"EntryPoint","urlTemplate":"https:\/\/www.satlabgeo.com\/?s={search_term_string}"},"query-input":"required name=search_term_string"}],"inLanguage":"fr-FR"},{"@type":"Organization","@id":"https:\/\/www.satlabgeo.com\/#organization","name":"Global Satellite Positioning Solutions | SatLab Geosolutions AB","url":"https:\/\/www.satlabgeo.com\/","sameAs":[],"logo":{"@type":"ImageObject","inLanguage":"fr-FR","@id":"https:\/\/www.satlabgeo.com\/#\/schema\/logo\/image\/","url":"https:\/\/www.satlabgeo.com\/wp-content\/uploads\/2025\/08\/satlab-logo.webp","contentUrl":"https:\/\/www.satlabgeo.com\/wp-content\/uploads\/2025\/08\/satlab-logo.webp","width":191,"height":48,"caption":"Global Satellite Positioning Solutions | SatLab Geosolutions AB"},"image":{"@id":"https:\/\/www.satlabgeo.com\/#\/schema\/logo\/image\/"}}]}},"_links":{"self":[{"href":"https:\/\/www.satlabgeo.com\/fr\/wp-json\/wp\/v2\/product\/2541"}],"collection":[{"href":"https:\/\/www.satlabgeo.com\/fr\/wp-json\/wp\/v2\/product"}],"about":[{"href":"https:\/\/www.satlabgeo.com\/fr\/wp-json\/wp\/v2\/types\/product"}],"replies":[{"embeddable":true,"href":"https:\/\/www.satlabgeo.com\/fr\/wp-json\/wp\/v2\/comments?post=2541"}],"version-history":[{"count":10,"href":"https:\/\/www.satlabgeo.com\/fr\/wp-json\/wp\/v2\/product\/2541\/revisions"}],"predecessor-version":[{"id":3268,"href":"https:\/\/www.satlabgeo.com\/fr\/wp-json\/wp\/v2\/product\/2541\/revisions\/3268"}],"wp:featuredmedia":[{"embeddable":true,"href":"https:\/\/www.satlabgeo.com\/fr\/wp-json\/wp\/v2\/media\/2562"}],"wp:attachment":[{"href":"https:\/\/www.satlabgeo.com\/fr\/wp-json\/wp\/v2\/media?parent=2541"}],"wp:term":[{"taxonomy":"product_cat","embeddable":true,"href":"https:\/\/www.satlabgeo.com\/fr\/wp-json\/wp\/v2\/product_cat?post=2541"},{"taxonomy":"product_tag","embeddable":true,"href":"https:\/\/www.satlabgeo.com\/fr\/wp-json\/wp\/v2\/product_tag?post=2541"}],"curies":[{"name":"wp","href":"https:\/\/api.w.org\/{rel}","templated":true}]}}