{"id":2044,"date":"2024-09-09T11:42:00","date_gmt":"2024-09-09T11:42:00","guid":{"rendered":"https:\/\/www.satlabgeo.com\/?post_type=product&#038;p=2044"},"modified":"2025-11-26T09:05:19","modified_gmt":"2025-11-26T09:05:19","slug":"ecs-d60-bulldozer-control-system","status":"publish","type":"product","link":"https:\/\/www.satlabgeo.com\/fr\/product\/ecs-d60-bulldozer-control-system\/","title":{"rendered":"Syst\u00e8me de contr\u00f4le de bulldozer ECS-D60"},"content":{"rendered":"<h3><img decoding=\"async\" src=\"https:\/\/www.satlabgeo.com\/wp-content\/uploads\/2025\/09\/ECS-D60-scaled.webp\" alt=\"\" class=\"alignnone size-full wp-image-2260\" \/><\/h3>\n<h3>Visualisation 3D compl\u00e8te<\/h3>\n<p><span>Le syst\u00e8me de contr\u00f4le du bulldozer ECS-D60 offre une visualisation 3D intuitive sur une tablette en cabine, offrant aux op\u00e9rateurs des donn\u00e9es de construction compl\u00e8tes telles que les surfaces de conception, les informations de coupe\/remblai, les pentes, les \u00e9l\u00e9vations, les lignes de r\u00e9f\u00e9rence et la progression du terrassement, permettant aux op\u00e9rateurs de visualiser les mouvements du bulldozer en temps r\u00e9el.<\/span><\/p>\n<h3>Pr\u00e9cision exceptionnelle<\/h3>\n<p><span>Equipped with high-precision dual-GNSS, a customized IMU sensor, and advanced algorithms, the ECS-D60 dozer control system achieves an accuracy of \u00b13 cm. This precision is maintained across both sides of the bucket tip and throughout various working positions.<\/span><\/p>\n<h3>S\u00e9curit\u00e9 renforc\u00e9e<\/h3>\n<p>La fonction de g\u00e9orep\u00e9rage alerte les op\u00e9rateurs des dangers potentiels et les emp\u00eache d&#039;entrer dans les zones d&#039;\u00e9vitement d\u00e9sign\u00e9es, r\u00e9duisant ainsi le besoin de personnel suppl\u00e9mentaire sur site.<\/p>\n<h3>Compatibilit\u00e9 adaptable<\/h3>\n<p><span>La conception adaptable du syst\u00e8me de guidage pour bulldozer ECS-D60 assure sa compatibilit\u00e9 avec une large gamme d&#039;\u00e9quipements, notamment les pelles, les niveleuses et les bulldozers. Les op\u00e9rateurs peuvent facilement changer de r\u00e9cepteur, d&#039;antenne et de tablette entre ces types d&#039;\u00e9quipements, garantissant ainsi des op\u00e9rations efficaces et polyvalentes sur l&#039;ensemble de leur flotte.<\/span><\/p>","protected":false},"excerpt":{"rendered":"<p>Le syst\u00e8me de contr\u00f4le de bulldozer ECS-D60 offre une visualisation 3D en temps r\u00e9el, une pr\u00e9cision exceptionnelle et des donn\u00e9es de terrassement compl\u00e8tes pour optimiser les op\u00e9rations de nivellement et minimiser les risques. Gr\u00e2ce \u00e0 des analyses d\u00e9taill\u00e9es et \u00e0 une interface conviviale, le syst\u00e8me am\u00e9liore la productivit\u00e9 et maximise l&#039;efficacit\u00e9.<\/p>","protected":false},"featured_media":2732,"comment_status":"open","ping_status":"closed","template":"","meta":{"_links_to":"","_links_to_target":""},"product_cat":[101],"product_tag":[],"yoast_head":"<!-- This site is optimized with the Yoast SEO plugin v19.8 - https:\/\/yoast.com\/wordpress\/plugins\/seo\/ -->\n<title>ECS-D60 Dozer Guidance System | SatLab<\/title>\n<meta name=\"robots\" content=\"index, follow, max-snippet:-1, max-image-preview:large, max-video-preview:-1\" \/>\n<link rel=\"canonical\" href=\"https:\/\/www.satlabgeo.com\/fr\/product\/ecs-d60-bulldozer-control-system\/\" \/>\n<meta property=\"og:locale\" content=\"fr_FR\" \/>\n<meta property=\"og:type\" content=\"article\" \/>\n<meta property=\"og:title\" content=\"ECS-D60 Dozer Guidance System | SatLab\" \/>\n<meta property=\"og:description\" content=\"The ECS-D60 dozer control system offers real-time 3D visualization, exceptional accuracy, and comprehensive earthwork data to optimize grading operations and minimize risks. With detailed analytics and a user-friendly interface, the system enhances productivity and maximizes efficiency.\" \/>\n<meta property=\"og:url\" content=\"https:\/\/www.satlabgeo.com\/fr\/product\/ecs-d60-bulldozer-control-system\/\" \/>\n<meta property=\"og:site_name\" content=\"Global Satellite Positioning Solutions | SatLab Geosolutions AB\" \/>\n<meta property=\"article:modified_time\" content=\"2025-11-26T09:05:19+00:00\" \/>\n<meta property=\"og:image\" content=\"https:\/\/www.satlabgeo.com\/wp-content\/uploads\/2024\/09\/ECS-D60\uff08700X519\uff09-250627-scaled.webp\" \/>\n\t<meta property=\"og:image:width\" content=\"2560\" \/>\n\t<meta property=\"og:image:height\" content=\"1903\" \/>\n\t<meta property=\"og:image:type\" content=\"image\/webp\" \/>\n<meta name=\"twitter:card\" content=\"summary_large_image\" \/>\n<meta name=\"twitter:label1\" content=\"Dur\u00e9e de lecture estim\u00e9e\" \/>\n\t<meta name=\"twitter:data1\" content=\"1 minute\" \/>\n<script type=\"application\/ld+json\" class=\"yoast-schema-graph\">{\"@context\":\"https:\/\/schema.org\",\"@graph\":[{\"@type\":\"WebPage\",\"@id\":\"https:\/\/www.satlabgeo.com\/product\/ecs-d60-bulldozer-control-system\/\",\"url\":\"https:\/\/www.satlabgeo.com\/product\/ecs-d60-bulldozer-control-system\/\",\"name\":\"ECS-D60 Dozer Guidance System | SatLab\",\"isPartOf\":{\"@id\":\"https:\/\/www.satlabgeo.com\/#website\"},\"datePublished\":\"2024-09-09T11:42:00+00:00\",\"dateModified\":\"2025-11-26T09:05:19+00:00\",\"breadcrumb\":{\"@id\":\"https:\/\/www.satlabgeo.com\/product\/ecs-d60-bulldozer-control-system\/#breadcrumb\"},\"inLanguage\":\"fr-FR\",\"potentialAction\":[{\"@type\":\"ReadAction\",\"target\":[\"https:\/\/www.satlabgeo.com\/product\/ecs-d60-bulldozer-control-system\/\"]}]},{\"@type\":\"BreadcrumbList\",\"@id\":\"https:\/\/www.satlabgeo.com\/product\/ecs-d60-bulldozer-control-system\/#breadcrumb\",\"itemListElement\":[{\"@type\":\"ListItem\",\"position\":1,\"name\":\"Home\",\"item\":\"https:\/\/www.satlabgeo.com\/\"},{\"@type\":\"ListItem\",\"position\":2,\"name\":\"Products\",\"item\":\"https:\/\/www.satlabgeo.com\/products\/\"},{\"@type\":\"ListItem\",\"position\":3,\"name\":\"ECS-D60 Bulldozer Control System\"}]},{\"@type\":\"WebSite\",\"@id\":\"https:\/\/www.satlabgeo.com\/#website\",\"url\":\"https:\/\/www.satlabgeo.com\/\",\"name\":\"Global Satellite Positioning Solutions | SatLab Geosolutions AB\",\"description\":\"\",\"publisher\":{\"@id\":\"https:\/\/www.satlabgeo.com\/#organization\"},\"potentialAction\":[{\"@type\":\"SearchAction\",\"target\":{\"@type\":\"EntryPoint\",\"urlTemplate\":\"https:\/\/www.satlabgeo.com\/?s={search_term_string}\"},\"query-input\":\"required name=search_term_string\"}],\"inLanguage\":\"fr-FR\"},{\"@type\":\"Organization\",\"@id\":\"https:\/\/www.satlabgeo.com\/#organization\",\"name\":\"Global Satellite Positioning Solutions | SatLab Geosolutions AB\",\"url\":\"https:\/\/www.satlabgeo.com\/\",\"sameAs\":[],\"logo\":{\"@type\":\"ImageObject\",\"inLanguage\":\"fr-FR\",\"@id\":\"https:\/\/www.satlabgeo.com\/#\/schema\/logo\/image\/\",\"url\":\"https:\/\/www.satlabgeo.com\/wp-content\/uploads\/2025\/08\/satlab-logo.webp\",\"contentUrl\":\"https:\/\/www.satlabgeo.com\/wp-content\/uploads\/2025\/08\/satlab-logo.webp\",\"width\":191,\"height\":48,\"caption\":\"Global Satellite Positioning Solutions | SatLab Geosolutions AB\"},\"image\":{\"@id\":\"https:\/\/www.satlabgeo.com\/#\/schema\/logo\/image\/\"}}]}<\/script>\n<!-- \/ Yoast SEO plugin. -->","yoast_head_json":{"title":"ECS-D60 Dozer Guidance System | SatLab","robots":{"index":"index","follow":"follow","max-snippet":"max-snippet:-1","max-image-preview":"max-image-preview:large","max-video-preview":"max-video-preview:-1"},"canonical":"https:\/\/www.satlabgeo.com\/fr\/product\/ecs-d60-bulldozer-control-system\/","og_locale":"fr_FR","og_type":"article","og_title":"ECS-D60 Dozer Guidance System | SatLab","og_description":"The ECS-D60 dozer control system offers real-time 3D visualization, exceptional accuracy, and comprehensive earthwork data to optimize grading operations and minimize risks. With detailed analytics and a user-friendly interface, the system enhances productivity and maximizes efficiency.","og_url":"https:\/\/www.satlabgeo.com\/fr\/product\/ecs-d60-bulldozer-control-system\/","og_site_name":"Global Satellite Positioning Solutions | SatLab Geosolutions AB","article_modified_time":"2025-11-26T09:05:19+00:00","og_image":[{"width":2560,"height":1903,"url":"https:\/\/www.satlabgeo.com\/wp-content\/uploads\/2024\/09\/ECS-D60\uff08700X519\uff09-250627-scaled.webp","type":"image\/webp"}],"twitter_card":"summary_large_image","twitter_misc":{"Dur\u00e9e de lecture estim\u00e9e":"1 minute"},"schema":{"@context":"https:\/\/schema.org","@graph":[{"@type":"WebPage","@id":"https:\/\/www.satlabgeo.com\/product\/ecs-d60-bulldozer-control-system\/","url":"https:\/\/www.satlabgeo.com\/product\/ecs-d60-bulldozer-control-system\/","name":"ECS-D60 Dozer Guidance System | SatLab","isPartOf":{"@id":"https:\/\/www.satlabgeo.com\/#website"},"datePublished":"2024-09-09T11:42:00+00:00","dateModified":"2025-11-26T09:05:19+00:00","breadcrumb":{"@id":"https:\/\/www.satlabgeo.com\/product\/ecs-d60-bulldozer-control-system\/#breadcrumb"},"inLanguage":"fr-FR","potentialAction":[{"@type":"ReadAction","target":["https:\/\/www.satlabgeo.com\/product\/ecs-d60-bulldozer-control-system\/"]}]},{"@type":"BreadcrumbList","@id":"https:\/\/www.satlabgeo.com\/product\/ecs-d60-bulldozer-control-system\/#breadcrumb","itemListElement":[{"@type":"ListItem","position":1,"name":"Home","item":"https:\/\/www.satlabgeo.com\/"},{"@type":"ListItem","position":2,"name":"Products","item":"https:\/\/www.satlabgeo.com\/products\/"},{"@type":"ListItem","position":3,"name":"ECS-D60 Bulldozer Control System"}]},{"@type":"WebSite","@id":"https:\/\/www.satlabgeo.com\/#website","url":"https:\/\/www.satlabgeo.com\/","name":"Global Satellite Positioning Solutions | SatLab Geosolutions AB","description":"","publisher":{"@id":"https:\/\/www.satlabgeo.com\/#organization"},"potentialAction":[{"@type":"SearchAction","target":{"@type":"EntryPoint","urlTemplate":"https:\/\/www.satlabgeo.com\/?s={search_term_string}"},"query-input":"required name=search_term_string"}],"inLanguage":"fr-FR"},{"@type":"Organization","@id":"https:\/\/www.satlabgeo.com\/#organization","name":"Global Satellite Positioning Solutions | SatLab Geosolutions AB","url":"https:\/\/www.satlabgeo.com\/","sameAs":[],"logo":{"@type":"ImageObject","inLanguage":"fr-FR","@id":"https:\/\/www.satlabgeo.com\/#\/schema\/logo\/image\/","url":"https:\/\/www.satlabgeo.com\/wp-content\/uploads\/2025\/08\/satlab-logo.webp","contentUrl":"https:\/\/www.satlabgeo.com\/wp-content\/uploads\/2025\/08\/satlab-logo.webp","width":191,"height":48,"caption":"Global Satellite Positioning Solutions | SatLab Geosolutions AB"},"image":{"@id":"https:\/\/www.satlabgeo.com\/#\/schema\/logo\/image\/"}}]}},"_links":{"self":[{"href":"https:\/\/www.satlabgeo.com\/fr\/wp-json\/wp\/v2\/product\/2044"}],"collection":[{"href":"https:\/\/www.satlabgeo.com\/fr\/wp-json\/wp\/v2\/product"}],"about":[{"href":"https:\/\/www.satlabgeo.com\/fr\/wp-json\/wp\/v2\/types\/product"}],"replies":[{"embeddable":true,"href":"https:\/\/www.satlabgeo.com\/fr\/wp-json\/wp\/v2\/comments?post=2044"}],"version-history":[{"count":6,"href":"https:\/\/www.satlabgeo.com\/fr\/wp-json\/wp\/v2\/product\/2044\/revisions"}],"predecessor-version":[{"id":3200,"href":"https:\/\/www.satlabgeo.com\/fr\/wp-json\/wp\/v2\/product\/2044\/revisions\/3200"}],"wp:featuredmedia":[{"embeddable":true,"href":"https:\/\/www.satlabgeo.com\/fr\/wp-json\/wp\/v2\/media\/2732"}],"wp:attachment":[{"href":"https:\/\/www.satlabgeo.com\/fr\/wp-json\/wp\/v2\/media?parent=2044"}],"wp:term":[{"taxonomy":"product_cat","embeddable":true,"href":"https:\/\/www.satlabgeo.com\/fr\/wp-json\/wp\/v2\/product_cat?post=2044"},{"taxonomy":"product_tag","embeddable":true,"href":"https:\/\/www.satlabgeo.com\/fr\/wp-json\/wp\/v2\/product_tag?post=2044"}],"curies":[{"name":"wp","href":"https:\/\/api.w.org\/{rel}","templated":true}]}}