{"id":2042,"date":"2024-09-09T11:33:41","date_gmt":"2024-09-09T11:33:41","guid":{"rendered":"https:\/\/www.satlabgeo.com\/?post_type=product&#038;p=2042"},"modified":"2025-09-09T06:36:55","modified_gmt":"2025-09-09T06:36:55","slug":"ecs-g60-grader-control-system","status":"publish","type":"product","link":"https:\/\/www.satlabgeo.com\/fr\/product\/ecs-g60-grader-control-system\/","title":{"rendered":"Syst\u00e8me de contr\u00f4le de niveleuse ECS-G60"},"content":{"rendered":"<h3><img decoding=\"async\" src=\"https:\/\/www.satlabgeo.com\/wp-content\/uploads\/2025\/09\/ECS-G60-scaled.webp\" alt=\"\" class=\"alignnone size-full wp-image-2259\" \/><\/h3>\n<h3>Visualisation 3D compl\u00e8te<\/h3>\n<p>Le syst\u00e8me de contr\u00f4le de niveleuse ECS-G60 offre une visualisation 3D intuitive sur une tablette en cabine, offrant aux op\u00e9rateurs des donn\u00e9es de construction compl\u00e8tes telles que les surfaces de conception, les informations de coupe\/remblai, les pentes, les \u00e9l\u00e9vations, les lignes de r\u00e9f\u00e9rence et la progression du nivellement, permettant aux op\u00e9rateurs de visualiser les mouvements de la niveleuse en temps r\u00e9el.<\/p>\n<h3>Contr\u00f4le automatis\u00e9<\/h3>\n<p>L&#039;algorithme du mod\u00e8le Grader@3D, associ\u00e9 au positionnement GNSS haute pr\u00e9cision, \u00e0 la d\u00e9tection d&#039;inclinaison et au contr\u00f4le hydraulique, permet au syst\u00e8me de contr\u00f4le de la niveleuse ECS-G60 d&#039;ajuster automatiquement l&#039;attitude de la lame en fonction des documents de conception et des conditions de terrain. Cette automatisation am\u00e9liore l&#039;efficacit\u00e9 et la pr\u00e9cision du nivellement, permettant aux op\u00e9rateurs de se concentrer sur l&#039;ex\u00e9cution efficace de leurs t\u00e2ches.<\/p>\n<h3>Pr\u00e9cision exceptionnelle<\/h3>\n<p>Le syst\u00e8me de contr\u00f4le de niveleuse ECS-G60 offre une pr\u00e9cision exceptionnelle, atteignant une pr\u00e9cision d&#039;\u00e9l\u00e9vation de \u00b1 2 cm et une plan\u00e9it\u00e9 de 15 mm par 3 m. L&#039;algorithme de mod\u00e9lisation dynamique et le r\u00e9cepteur hautes performances garantissent une pr\u00e9cision constante sur divers terrains.<\/p>\n<h3>S\u00e9curit\u00e9 renforc\u00e9e<\/h3>\n<p>La fonction de g\u00e9olocalisation du syst\u00e8me de contr\u00f4le de niveleuse ECS-G60 alerte les op\u00e9rateurs des dangers potentiels et les emp\u00eache d&#039;acc\u00e9der aux zones r\u00e9glement\u00e9es. En r\u00e9duisant le recours \u00e0 du personnel d&#039;arpentage suppl\u00e9mentaire, le syst\u00e8me am\u00e9liore la s\u00e9curit\u00e9 du chantier.<\/p>\n<h3>Compatibilit\u00e9 adaptable<\/h3>\n<p><span>La conception adaptable du syst\u00e8me de contr\u00f4le de niveleuse ECS-G60 assure sa compatibilit\u00e9 avec une large gamme d&#039;\u00e9quipements, notamment les excavatrices, les niveleuses et les bulldozers. Les op\u00e9rateurs peuvent facilement changer de r\u00e9cepteur, d&#039;antenne et de tablette entre ces types d&#039;\u00e9quipements, garantissant ainsi des op\u00e9rations efficaces et polyvalentes sur l&#039;ensemble de leur flotte.<\/span><\/p>","protected":false},"excerpt":{"rendered":"<p>Le syst\u00e8me de contr\u00f4le de niveleuse ECS-G60 est une solution r\u00e9volutionnaire qui am\u00e9liore consid\u00e9rablement l&#039;efficacit\u00e9 des travaux de terrassement. Gr\u00e2ce \u00e0 des technologies de pointe telles que le positionnement GNSS haute pr\u00e9cision, la d\u00e9tection d&#039;inclinaison, le contr\u00f4le hydraulique et l&#039;algorithme innovant de mod\u00e9lisation Grader@3D, l&#039;ECS-G60 offre une pr\u00e9cision et une r\u00e9gularit\u00e9 in\u00e9gal\u00e9es lors des travaux de nivellement. Ses capacit\u00e9s de surveillance et de r\u00e9glage en temps r\u00e9el garantissent une pr\u00e9cision exceptionnelle, atteignant une pr\u00e9cision d&#039;\u00e9l\u00e9vation de \u00b1 2 cm et une plan\u00e9it\u00e9 de 15 mm par 3 m.<\/p>","protected":false},"featured_media":2279,"comment_status":"open","ping_status":"closed","template":"","meta":{"_links_to":"","_links_to_target":""},"product_cat":[101],"product_tag":[],"yoast_head":"<!-- This site is optimized with the Yoast SEO plugin v19.8 - https:\/\/yoast.com\/wordpress\/plugins\/seo\/ -->\n<title>ECS-G60 Grader Control System | SatLab<\/title>\n<meta name=\"robots\" content=\"index, follow, max-snippet:-1, max-image-preview:large, max-video-preview:-1\" \/>\n<link rel=\"canonical\" href=\"https:\/\/www.satlabgeo.com\/fr\/product\/ecs-g60-grader-control-system\/\" \/>\n<meta property=\"og:locale\" content=\"fr_FR\" \/>\n<meta property=\"og:type\" content=\"article\" \/>\n<meta property=\"og:title\" content=\"ECS-G60 Grader Control System | SatLab\" \/>\n<meta property=\"og:description\" content=\"The ECS-G60 grader control system is a revolutionary solution that significantly improves earthmoving efficiency. By incorporating cutting-edge technologies such as GNSS high-precision positioning, tilt sensing, hydraulic control, and the innovative Grader@3D model algorithm, the ECS-G60 delivers unmatched accuracy and consistency in grading tasks. Its real-time monitoring and adjustment capabilities ensure exceptional precision, achieving an elevation accuracy of \u00b12 cm and a flatness of 15 mm per 3 m.\" \/>\n<meta property=\"og:url\" content=\"https:\/\/www.satlabgeo.com\/fr\/product\/ecs-g60-grader-control-system\/\" \/>\n<meta property=\"og:site_name\" content=\"Global Satellite Positioning Solutions | SatLab Geosolutions AB\" \/>\n<meta property=\"article:modified_time\" content=\"2025-09-09T06:36:55+00:00\" \/>\n<meta property=\"og:image\" content=\"https:\/\/www.satlabgeo.com\/wp-content\/uploads\/2024\/09\/700X519-2-1.png\" \/>\n\t<meta property=\"og:image:width\" content=\"700\" \/>\n\t<meta property=\"og:image:height\" content=\"519\" \/>\n\t<meta property=\"og:image:type\" content=\"image\/png\" \/>\n<meta name=\"twitter:card\" content=\"summary_large_image\" \/>\n<meta name=\"twitter:label1\" content=\"Dur\u00e9e de lecture estim\u00e9e\" \/>\n\t<meta name=\"twitter:data1\" content=\"2 minutes\" \/>\n<script type=\"application\/ld+json\" class=\"yoast-schema-graph\">{\"@context\":\"https:\/\/schema.org\",\"@graph\":[{\"@type\":\"WebPage\",\"@id\":\"https:\/\/www.satlabgeo.com\/product\/ecs-g60-grader-control-system\/\",\"url\":\"https:\/\/www.satlabgeo.com\/product\/ecs-g60-grader-control-system\/\",\"name\":\"ECS-G60 Grader Control System | SatLab\",\"isPartOf\":{\"@id\":\"https:\/\/www.satlabgeo.com\/#website\"},\"datePublished\":\"2024-09-09T11:33:41+00:00\",\"dateModified\":\"2025-09-09T06:36:55+00:00\",\"breadcrumb\":{\"@id\":\"https:\/\/www.satlabgeo.com\/product\/ecs-g60-grader-control-system\/#breadcrumb\"},\"inLanguage\":\"fr-FR\",\"potentialAction\":[{\"@type\":\"ReadAction\",\"target\":[\"https:\/\/www.satlabgeo.com\/product\/ecs-g60-grader-control-system\/\"]}]},{\"@type\":\"BreadcrumbList\",\"@id\":\"https:\/\/www.satlabgeo.com\/product\/ecs-g60-grader-control-system\/#breadcrumb\",\"itemListElement\":[{\"@type\":\"ListItem\",\"position\":1,\"name\":\"Home\",\"item\":\"https:\/\/www.satlabgeo.com\/\"},{\"@type\":\"ListItem\",\"position\":2,\"name\":\"Products\",\"item\":\"https:\/\/www.satlabgeo.com\/products\/\"},{\"@type\":\"ListItem\",\"position\":3,\"name\":\"ECS-G60 Grader Control System\"}]},{\"@type\":\"WebSite\",\"@id\":\"https:\/\/www.satlabgeo.com\/#website\",\"url\":\"https:\/\/www.satlabgeo.com\/\",\"name\":\"Global Satellite Positioning Solutions | SatLab Geosolutions AB\",\"description\":\"\",\"publisher\":{\"@id\":\"https:\/\/www.satlabgeo.com\/#organization\"},\"potentialAction\":[{\"@type\":\"SearchAction\",\"target\":{\"@type\":\"EntryPoint\",\"urlTemplate\":\"https:\/\/www.satlabgeo.com\/?s={search_term_string}\"},\"query-input\":\"required name=search_term_string\"}],\"inLanguage\":\"fr-FR\"},{\"@type\":\"Organization\",\"@id\":\"https:\/\/www.satlabgeo.com\/#organization\",\"name\":\"Global Satellite Positioning Solutions | SatLab Geosolutions AB\",\"url\":\"https:\/\/www.satlabgeo.com\/\",\"sameAs\":[],\"logo\":{\"@type\":\"ImageObject\",\"inLanguage\":\"fr-FR\",\"@id\":\"https:\/\/www.satlabgeo.com\/#\/schema\/logo\/image\/\",\"url\":\"https:\/\/www.satlabgeo.com\/wp-content\/uploads\/2025\/08\/satlab-logo.webp\",\"contentUrl\":\"https:\/\/www.satlabgeo.com\/wp-content\/uploads\/2025\/08\/satlab-logo.webp\",\"width\":191,\"height\":48,\"caption\":\"Global Satellite Positioning Solutions | SatLab Geosolutions AB\"},\"image\":{\"@id\":\"https:\/\/www.satlabgeo.com\/#\/schema\/logo\/image\/\"}}]}<\/script>\n<!-- \/ Yoast SEO plugin. -->","yoast_head_json":{"title":"ECS-G60 Grader Control System | SatLab","robots":{"index":"index","follow":"follow","max-snippet":"max-snippet:-1","max-image-preview":"max-image-preview:large","max-video-preview":"max-video-preview:-1"},"canonical":"https:\/\/www.satlabgeo.com\/fr\/product\/ecs-g60-grader-control-system\/","og_locale":"fr_FR","og_type":"article","og_title":"ECS-G60 Grader Control System | SatLab","og_description":"The ECS-G60 grader control system is a revolutionary solution that significantly improves earthmoving efficiency. By incorporating cutting-edge technologies such as GNSS high-precision positioning, tilt sensing, hydraulic control, and the innovative Grader@3D model algorithm, the ECS-G60 delivers unmatched accuracy and consistency in grading tasks. Its real-time monitoring and adjustment capabilities ensure exceptional precision, achieving an elevation accuracy of \u00b12 cm and a flatness of 15 mm per 3 m.","og_url":"https:\/\/www.satlabgeo.com\/fr\/product\/ecs-g60-grader-control-system\/","og_site_name":"Global Satellite Positioning Solutions | SatLab Geosolutions AB","article_modified_time":"2025-09-09T06:36:55+00:00","og_image":[{"width":700,"height":519,"url":"https:\/\/www.satlabgeo.com\/wp-content\/uploads\/2024\/09\/700X519-2-1.png","type":"image\/png"}],"twitter_card":"summary_large_image","twitter_misc":{"Dur\u00e9e de lecture estim\u00e9e":"2 minutes"},"schema":{"@context":"https:\/\/schema.org","@graph":[{"@type":"WebPage","@id":"https:\/\/www.satlabgeo.com\/product\/ecs-g60-grader-control-system\/","url":"https:\/\/www.satlabgeo.com\/product\/ecs-g60-grader-control-system\/","name":"ECS-G60 Grader Control System | SatLab","isPartOf":{"@id":"https:\/\/www.satlabgeo.com\/#website"},"datePublished":"2024-09-09T11:33:41+00:00","dateModified":"2025-09-09T06:36:55+00:00","breadcrumb":{"@id":"https:\/\/www.satlabgeo.com\/product\/ecs-g60-grader-control-system\/#breadcrumb"},"inLanguage":"fr-FR","potentialAction":[{"@type":"ReadAction","target":["https:\/\/www.satlabgeo.com\/product\/ecs-g60-grader-control-system\/"]}]},{"@type":"BreadcrumbList","@id":"https:\/\/www.satlabgeo.com\/product\/ecs-g60-grader-control-system\/#breadcrumb","itemListElement":[{"@type":"ListItem","position":1,"name":"Home","item":"https:\/\/www.satlabgeo.com\/"},{"@type":"ListItem","position":2,"name":"Products","item":"https:\/\/www.satlabgeo.com\/products\/"},{"@type":"ListItem","position":3,"name":"ECS-G60 Grader Control System"}]},{"@type":"WebSite","@id":"https:\/\/www.satlabgeo.com\/#website","url":"https:\/\/www.satlabgeo.com\/","name":"Global Satellite Positioning Solutions | SatLab Geosolutions AB","description":"","publisher":{"@id":"https:\/\/www.satlabgeo.com\/#organization"},"potentialAction":[{"@type":"SearchAction","target":{"@type":"EntryPoint","urlTemplate":"https:\/\/www.satlabgeo.com\/?s={search_term_string}"},"query-input":"required name=search_term_string"}],"inLanguage":"fr-FR"},{"@type":"Organization","@id":"https:\/\/www.satlabgeo.com\/#organization","name":"Global Satellite Positioning Solutions | SatLab Geosolutions AB","url":"https:\/\/www.satlabgeo.com\/","sameAs":[],"logo":{"@type":"ImageObject","inLanguage":"fr-FR","@id":"https:\/\/www.satlabgeo.com\/#\/schema\/logo\/image\/","url":"https:\/\/www.satlabgeo.com\/wp-content\/uploads\/2025\/08\/satlab-logo.webp","contentUrl":"https:\/\/www.satlabgeo.com\/wp-content\/uploads\/2025\/08\/satlab-logo.webp","width":191,"height":48,"caption":"Global Satellite Positioning Solutions | SatLab Geosolutions AB"},"image":{"@id":"https:\/\/www.satlabgeo.com\/#\/schema\/logo\/image\/"}}]}},"_links":{"self":[{"href":"https:\/\/www.satlabgeo.com\/fr\/wp-json\/wp\/v2\/product\/2042"}],"collection":[{"href":"https:\/\/www.satlabgeo.com\/fr\/wp-json\/wp\/v2\/product"}],"about":[{"href":"https:\/\/www.satlabgeo.com\/fr\/wp-json\/wp\/v2\/types\/product"}],"replies":[{"embeddable":true,"href":"https:\/\/www.satlabgeo.com\/fr\/wp-json\/wp\/v2\/comments?post=2042"}],"version-history":[{"count":5,"href":"https:\/\/www.satlabgeo.com\/fr\/wp-json\/wp\/v2\/product\/2042\/revisions"}],"predecessor-version":[{"id":2855,"href":"https:\/\/www.satlabgeo.com\/fr\/wp-json\/wp\/v2\/product\/2042\/revisions\/2855"}],"wp:featuredmedia":[{"embeddable":true,"href":"https:\/\/www.satlabgeo.com\/fr\/wp-json\/wp\/v2\/media\/2279"}],"wp:attachment":[{"href":"https:\/\/www.satlabgeo.com\/fr\/wp-json\/wp\/v2\/media?parent=2042"}],"wp:term":[{"taxonomy":"product_cat","embeddable":true,"href":"https:\/\/www.satlabgeo.com\/fr\/wp-json\/wp\/v2\/product_cat?post=2042"},{"taxonomy":"product_tag","embeddable":true,"href":"https:\/\/www.satlabgeo.com\/fr\/wp-json\/wp\/v2\/product_tag?post=2042"}],"curies":[{"name":"wp","href":"https:\/\/api.w.org\/{rel}","templated":true}]}}