{"id":2027,"date":"2024-09-09T10:01:54","date_gmt":"2024-09-09T10:01:54","guid":{"rendered":"https:\/\/www.satlabgeo.com\/?post_type=product&#038;p=2027"},"modified":"2025-11-14T07:17:34","modified_gmt":"2025-11-14T07:17:34","slug":"ecs-e30-pro-excavator-guidance-system","status":"publish","type":"product","link":"https:\/\/www.satlabgeo.com\/fr\/product\/ecs-e30-pro-excavator-guidance-system\/","title":{"rendered":"Syst\u00e8me de guidage pour excavatrice ECS-E30 PRO"},"content":{"rendered":"<p><img decoding=\"async\" src=\"https:\/\/www.satlabgeo.com\/wp-content\/uploads\/2025\/09\/ECS-E30-PRO--scaled.webp\" alt=\"\" class=\"alignnone size-full wp-image-2261\" \/><\/p>\n<h3>Visualisation 3D compl\u00e8te<\/h3>\n<p>Le syst\u00e8me de guidage d&#039;excavatrice ECS-E30 PRO offre une visualisation 3D intuitive sur une tablette embarqu\u00e9e, fournissant aux op\u00e9rateurs des donn\u00e9es de construction compl\u00e8tes telles que les surfaces de conception, les informations de d\u00e9blai\/remblai, les pentes, les profondeurs, les lignes de r\u00e9f\u00e9rence et l&#039;avancement de l&#039;excavation, permettant aux op\u00e9rateurs de visualiser les mouvements de l&#039;excavatrice en temps r\u00e9el.<\/p>\n<h3>Pr\u00e9cision exceptionnelle<\/h3>\n<p>Gr\u00e2ce \u00e0 ses capteurs GNSS double haute pr\u00e9cision et \u00e0 son centrale inertielle personnalis\u00e9e, le syst\u00e8me de guidage pour pelle hydraulique ECS-E30 PRO offre une pr\u00e9cision de \u00b13 cm. Son algorithme de mod\u00e9lisation dynamique garantit une pr\u00e9cision optimale du godet dans toutes les positions, tandis que son r\u00e9cepteur haute performance assure un positionnement pr\u00e9cis sur tous types de terrains.<\/p>\n<h3>S\u00e9curit\u00e9 renforc\u00e9e<\/h3>\n<p>La fonction de g\u00e9orep\u00e9rage alerte proactivement les op\u00e9rateurs des dangers potentiels, emp\u00eachant l&#039;acc\u00e8s non autoris\u00e9 aux zones r\u00e9glement\u00e9es et am\u00e9liorant consid\u00e9rablement la s\u00e9curit\u00e9 sur le chantier. En \u00e9liminant le besoin de personnel de topographie suppl\u00e9mentaire, le syst\u00e8me de guidage d&#039;excavatrice ECS-E30 PRO r\u00e9duit davantage les risques et renforce les normes de s\u00e9curit\u00e9 globales.<\/p>\n<h3>Compatibilit\u00e9 adaptable<\/h3>\n<p>Le syst\u00e8me de guidage pour pelles hydrauliques ECS-E30 PRO, gr\u00e2ce \u00e0 sa conception adaptable, est compatible avec une large gamme d&#039;\u00e9quipements, notamment les pelles hydrauliques, les niveleuses et les bulldozers. Les op\u00e9rateurs peuvent facilement passer d&#039;un engin \u00e0 l&#039;autre. <span>r\u00e9cepteurs de machines, antenne et tablette<\/span> entre ces types d\u2019\u00e9quipements, permettant des op\u00e9rations efficaces et polyvalentes sur l\u2019ensemble de leur flotte.<\/p>","protected":false},"excerpt":{"rendered":"<p>Le syst\u00e8me de guidage pour pelle hydraulique ECS-E30 PRO fournit des informations pr\u00e9cises en temps r\u00e9el sur le positionnement et l&#039;orientation, am\u00e9liorant consid\u00e9rablement la pr\u00e9cision et l&#039;efficacit\u00e9 des travaux d&#039;excavation aux coordonn\u00e9es cibles. Son interface intuitive et conviviale, associ\u00e9e \u00e0 une technologie de positionnement GNSS avanc\u00e9e et \u00e0 des capteurs propri\u00e9taires, permet m\u00eame aux op\u00e9rateurs novices de r\u00e9aliser des travaux d&#039;excavation plus rapidement et plus efficacement que jamais.<\/p>","protected":false},"featured_media":2284,"comment_status":"open","ping_status":"closed","template":"","meta":{"_links_to":"","_links_to_target":""},"product_cat":[101],"product_tag":[],"yoast_head":"<!-- This site is optimized with the Yoast SEO plugin v19.8 - https:\/\/yoast.com\/wordpress\/plugins\/seo\/ -->\n<title>ECS-E30 PRO Excavator Guidance System | SatLab<\/title>\n<meta name=\"robots\" content=\"index, follow, max-snippet:-1, max-image-preview:large, max-video-preview:-1\" \/>\n<link rel=\"canonical\" href=\"https:\/\/www.satlabgeo.com\/fr\/product\/ecs-e30-pro-excavator-guidance-system\/\" \/>\n<meta property=\"og:locale\" content=\"fr_FR\" \/>\n<meta property=\"og:type\" content=\"article\" \/>\n<meta property=\"og:title\" content=\"ECS-E30 PRO Excavator Guidance System | SatLab\" \/>\n<meta property=\"og:description\" content=\"The ECS-E30 PRO excavator guidance system provides real-time, precise positioning and heading information, significantly improving the accuracy and efficiency of excavating to target design coordinates. Its intuitive, user-friendly interface and advanced GNSS antenna positioning technology, combined with proprietary sensors, enable even novice operators to complete excavation tasks more quickly and productively than ever before.\" \/>\n<meta property=\"og:url\" content=\"https:\/\/www.satlabgeo.com\/fr\/product\/ecs-e30-pro-excavator-guidance-system\/\" \/>\n<meta property=\"og:site_name\" content=\"Global Satellite Positioning Solutions | SatLab Geosolutions AB\" \/>\n<meta property=\"article:modified_time\" content=\"2025-11-14T07:17:34+00:00\" \/>\n<meta property=\"og:image\" content=\"https:\/\/www.satlabgeo.com\/wp-content\/uploads\/2024\/09\/\u753b\u677f-1-\u526f\u672c-1.png\" \/>\n\t<meta property=\"og:image:width\" content=\"700\" \/>\n\t<meta property=\"og:image:height\" content=\"519\" \/>\n\t<meta property=\"og:image:type\" content=\"image\/png\" \/>\n<meta name=\"twitter:card\" content=\"summary_large_image\" \/>\n<meta name=\"twitter:label1\" content=\"Dur\u00e9e de lecture estim\u00e9e\" \/>\n\t<meta name=\"twitter:data1\" content=\"1 minute\" \/>\n<script type=\"application\/ld+json\" class=\"yoast-schema-graph\">{\"@context\":\"https:\/\/schema.org\",\"@graph\":[{\"@type\":\"WebPage\",\"@id\":\"https:\/\/www.satlabgeo.com\/product\/ecs-e30-pro-excavator-guidance-system\/\",\"url\":\"https:\/\/www.satlabgeo.com\/product\/ecs-e30-pro-excavator-guidance-system\/\",\"name\":\"ECS-E30 PRO Excavator Guidance System | SatLab\",\"isPartOf\":{\"@id\":\"https:\/\/www.satlabgeo.com\/#website\"},\"datePublished\":\"2024-09-09T10:01:54+00:00\",\"dateModified\":\"2025-11-14T07:17:34+00:00\",\"breadcrumb\":{\"@id\":\"https:\/\/www.satlabgeo.com\/product\/ecs-e30-pro-excavator-guidance-system\/#breadcrumb\"},\"inLanguage\":\"fr-FR\",\"potentialAction\":[{\"@type\":\"ReadAction\",\"target\":[\"https:\/\/www.satlabgeo.com\/product\/ecs-e30-pro-excavator-guidance-system\/\"]}]},{\"@type\":\"BreadcrumbList\",\"@id\":\"https:\/\/www.satlabgeo.com\/product\/ecs-e30-pro-excavator-guidance-system\/#breadcrumb\",\"itemListElement\":[{\"@type\":\"ListItem\",\"position\":1,\"name\":\"Home\",\"item\":\"https:\/\/www.satlabgeo.com\/\"},{\"@type\":\"ListItem\",\"position\":2,\"name\":\"Products\",\"item\":\"https:\/\/www.satlabgeo.com\/products\/\"},{\"@type\":\"ListItem\",\"position\":3,\"name\":\"ECS-E30 PRO Excavator Guidance System\"}]},{\"@type\":\"WebSite\",\"@id\":\"https:\/\/www.satlabgeo.com\/#website\",\"url\":\"https:\/\/www.satlabgeo.com\/\",\"name\":\"Global Satellite Positioning Solutions | SatLab Geosolutions AB\",\"description\":\"\",\"publisher\":{\"@id\":\"https:\/\/www.satlabgeo.com\/#organization\"},\"potentialAction\":[{\"@type\":\"SearchAction\",\"target\":{\"@type\":\"EntryPoint\",\"urlTemplate\":\"https:\/\/www.satlabgeo.com\/?s={search_term_string}\"},\"query-input\":\"required name=search_term_string\"}],\"inLanguage\":\"fr-FR\"},{\"@type\":\"Organization\",\"@id\":\"https:\/\/www.satlabgeo.com\/#organization\",\"name\":\"Global Satellite Positioning Solutions | SatLab Geosolutions AB\",\"url\":\"https:\/\/www.satlabgeo.com\/\",\"sameAs\":[],\"logo\":{\"@type\":\"ImageObject\",\"inLanguage\":\"fr-FR\",\"@id\":\"https:\/\/www.satlabgeo.com\/#\/schema\/logo\/image\/\",\"url\":\"https:\/\/www.satlabgeo.com\/wp-content\/uploads\/2025\/08\/satlab-logo.webp\",\"contentUrl\":\"https:\/\/www.satlabgeo.com\/wp-content\/uploads\/2025\/08\/satlab-logo.webp\",\"width\":191,\"height\":48,\"caption\":\"Global Satellite Positioning Solutions | SatLab Geosolutions AB\"},\"image\":{\"@id\":\"https:\/\/www.satlabgeo.com\/#\/schema\/logo\/image\/\"}}]}<\/script>\n<!-- \/ Yoast SEO plugin. -->","yoast_head_json":{"title":"ECS-E30 PRO Excavator Guidance System | SatLab","robots":{"index":"index","follow":"follow","max-snippet":"max-snippet:-1","max-image-preview":"max-image-preview:large","max-video-preview":"max-video-preview:-1"},"canonical":"https:\/\/www.satlabgeo.com\/fr\/product\/ecs-e30-pro-excavator-guidance-system\/","og_locale":"fr_FR","og_type":"article","og_title":"ECS-E30 PRO Excavator Guidance System | SatLab","og_description":"The ECS-E30 PRO excavator guidance system provides real-time, precise positioning and heading information, significantly improving the accuracy and efficiency of excavating to target design coordinates. Its intuitive, user-friendly interface and advanced GNSS antenna positioning technology, combined with proprietary sensors, enable even novice operators to complete excavation tasks more quickly and productively than ever before.","og_url":"https:\/\/www.satlabgeo.com\/fr\/product\/ecs-e30-pro-excavator-guidance-system\/","og_site_name":"Global Satellite Positioning Solutions | SatLab Geosolutions AB","article_modified_time":"2025-11-14T07:17:34+00:00","og_image":[{"width":700,"height":519,"url":"https:\/\/www.satlabgeo.com\/wp-content\/uploads\/2024\/09\/\u753b\u677f-1-\u526f\u672c-1.png","type":"image\/png"}],"twitter_card":"summary_large_image","twitter_misc":{"Dur\u00e9e de lecture estim\u00e9e":"1 minute"},"schema":{"@context":"https:\/\/schema.org","@graph":[{"@type":"WebPage","@id":"https:\/\/www.satlabgeo.com\/product\/ecs-e30-pro-excavator-guidance-system\/","url":"https:\/\/www.satlabgeo.com\/product\/ecs-e30-pro-excavator-guidance-system\/","name":"ECS-E30 PRO Excavator Guidance System | SatLab","isPartOf":{"@id":"https:\/\/www.satlabgeo.com\/#website"},"datePublished":"2024-09-09T10:01:54+00:00","dateModified":"2025-11-14T07:17:34+00:00","breadcrumb":{"@id":"https:\/\/www.satlabgeo.com\/product\/ecs-e30-pro-excavator-guidance-system\/#breadcrumb"},"inLanguage":"fr-FR","potentialAction":[{"@type":"ReadAction","target":["https:\/\/www.satlabgeo.com\/product\/ecs-e30-pro-excavator-guidance-system\/"]}]},{"@type":"BreadcrumbList","@id":"https:\/\/www.satlabgeo.com\/product\/ecs-e30-pro-excavator-guidance-system\/#breadcrumb","itemListElement":[{"@type":"ListItem","position":1,"name":"Home","item":"https:\/\/www.satlabgeo.com\/"},{"@type":"ListItem","position":2,"name":"Products","item":"https:\/\/www.satlabgeo.com\/products\/"},{"@type":"ListItem","position":3,"name":"ECS-E30 PRO Excavator Guidance System"}]},{"@type":"WebSite","@id":"https:\/\/www.satlabgeo.com\/#website","url":"https:\/\/www.satlabgeo.com\/","name":"Global Satellite Positioning Solutions | SatLab Geosolutions AB","description":"","publisher":{"@id":"https:\/\/www.satlabgeo.com\/#organization"},"potentialAction":[{"@type":"SearchAction","target":{"@type":"EntryPoint","urlTemplate":"https:\/\/www.satlabgeo.com\/?s={search_term_string}"},"query-input":"required name=search_term_string"}],"inLanguage":"fr-FR"},{"@type":"Organization","@id":"https:\/\/www.satlabgeo.com\/#organization","name":"Global Satellite Positioning Solutions | SatLab Geosolutions AB","url":"https:\/\/www.satlabgeo.com\/","sameAs":[],"logo":{"@type":"ImageObject","inLanguage":"fr-FR","@id":"https:\/\/www.satlabgeo.com\/#\/schema\/logo\/image\/","url":"https:\/\/www.satlabgeo.com\/wp-content\/uploads\/2025\/08\/satlab-logo.webp","contentUrl":"https:\/\/www.satlabgeo.com\/wp-content\/uploads\/2025\/08\/satlab-logo.webp","width":191,"height":48,"caption":"Global Satellite Positioning Solutions | SatLab Geosolutions AB"},"image":{"@id":"https:\/\/www.satlabgeo.com\/#\/schema\/logo\/image\/"}}]}},"_links":{"self":[{"href":"https:\/\/www.satlabgeo.com\/fr\/wp-json\/wp\/v2\/product\/2027"}],"collection":[{"href":"https:\/\/www.satlabgeo.com\/fr\/wp-json\/wp\/v2\/product"}],"about":[{"href":"https:\/\/www.satlabgeo.com\/fr\/wp-json\/wp\/v2\/types\/product"}],"replies":[{"embeddable":true,"href":"https:\/\/www.satlabgeo.com\/fr\/wp-json\/wp\/v2\/comments?post=2027"}],"version-history":[{"count":7,"href":"https:\/\/www.satlabgeo.com\/fr\/wp-json\/wp\/v2\/product\/2027\/revisions"}],"predecessor-version":[{"id":3117,"href":"https:\/\/www.satlabgeo.com\/fr\/wp-json\/wp\/v2\/product\/2027\/revisions\/3117"}],"wp:featuredmedia":[{"embeddable":true,"href":"https:\/\/www.satlabgeo.com\/fr\/wp-json\/wp\/v2\/media\/2284"}],"wp:attachment":[{"href":"https:\/\/www.satlabgeo.com\/fr\/wp-json\/wp\/v2\/media?parent=2027"}],"wp:term":[{"taxonomy":"product_cat","embeddable":true,"href":"https:\/\/www.satlabgeo.com\/fr\/wp-json\/wp\/v2\/product_cat?post=2027"},{"taxonomy":"product_tag","embeddable":true,"href":"https:\/\/www.satlabgeo.com\/fr\/wp-json\/wp\/v2\/product_tag?post=2027"}],"curies":[{"name":"wp","href":"https:\/\/api.w.org\/{rel}","templated":true}]}}