{"id":1990,"date":"2024-09-09T06:58:47","date_gmt":"2024-09-09T06:58:47","guid":{"rendered":"https:\/\/www.satlabgeo.com\/?post_type=product&#038;p=1990"},"modified":"2025-04-23T09:00:47","modified_gmt":"2025-04-23T09:00:47","slug":"hydrobeam-s2-dual-channel-echo-sounder","status":"publish","type":"product","link":"https:\/\/www.satlabgeo.com\/fr\/product\/hydrobeam-s2-dual-channel-echo-sounder\/","title":{"rendered":"\u00c9chosondeur double canal HydroBeam S2"},"content":{"rendered":"<h3><img decoding=\"async\" loading=\"lazy\" width=\"1920\" height=\"550\" src=\"https:\/\/www.satlabgeo.com\/wp-content\/uploads\/2024\/09\/S2-960x336-\u62f7\u8d1d.png\" alt=\"\u00e9chosondeur \u00e0 deux canaux\" class=\"alignnone size-full wp-image-2022\" srcset=\"https:\/\/www.satlabgeo.com\/wp-content\/uploads\/2024\/09\/S2-960x336-\u62f7\u8d1d.png 1920w, https:\/\/www.satlabgeo.com\/wp-content\/uploads\/2024\/09\/S2-960x336-\u62f7\u8d1d-300x86.png 300w, https:\/\/www.satlabgeo.com\/wp-content\/uploads\/2024\/09\/S2-960x336-\u62f7\u8d1d-1024x293.png 1024w, https:\/\/www.satlabgeo.com\/wp-content\/uploads\/2024\/09\/S2-960x336-\u62f7\u8d1d-768x220.png 768w, https:\/\/www.satlabgeo.com\/wp-content\/uploads\/2024\/09\/S2-960x336-\u62f7\u8d1d-1536x440.png 1536w, https:\/\/www.satlabgeo.com\/wp-content\/uploads\/2024\/09\/S2-960x336-\u62f7\u8d1d-600x172.png 600w\" sizes=\"(max-width: 1920px) 100vw, 1920px\" \/><\/h3>\n<h3>Unit\u00e9 d&#039;acquisition fiable<\/h3>\n<p>Le S2 int\u00e8gre non seulement un IPC plus puissant avec 1 To de m\u00e9moire de stockage, mais passe \u00e9galement des tests rigoureux de r\u00e9sistance au brouillard salin, \u00e0 l&#039;immersion dans l&#039;eau et aux chocs pour une durabilit\u00e9 et une fiabilit\u00e9 sup\u00e9rieures, r\u00e9pondant aux normes IHO.<\/p>\n<h3>Transducteur de haute pr\u00e9cision<\/h3>\n<p>Le nouveau transducteur int\u00e8gre un capteur de temp\u00e9rature pour calculer la vitesse du son en temps r\u00e9el et corriger les donn\u00e9es bathym\u00e9triques.<\/p>\n<h3>Nouvel algorithme SmartEcho 2.0<\/h3>\n<p>Les algorithmes SmartEcho 2.0 am\u00e9liorent non seulement le suivi automatique sur les terrains accident\u00e9s, mais am\u00e9liorent \u00e9galement l&#039;identification du substrat pour les applications \u00e0 forte teneur en s\u00e9diments et en sable.<\/p>\n<h3>Logiciel de sondeur SLHydro am\u00e9lior\u00e9<\/h3>\n<p>SLHydro Sounder fournit non seulement un flux de travail complet pour la connexion, l&#039;acquisition, le traitement et l&#039;exportation, mais offre \u00e9galement une large gamme de corrections pour l&#039;attitude, le PPK, le retard, etc.<\/p>","protected":false},"excerpt":{"rendered":"<p>L&#039;HydroBeam S2, le dernier \u00e9chosondeur double canal de SatLab, est con\u00e7u pour simplifier vos relev\u00e9s bathym\u00e9triques. Fonctionnant sous Windows 10 et dot\u00e9 de l&#039;algorithme avanc\u00e9 SmartEcho 2.0 et du logiciel SLHydro Sounder complet, il offre une solution compl\u00e8te et pr\u00eate \u00e0 l&#039;emploi. Avec son capteur de temp\u00e9rature int\u00e9gr\u00e9 et son bo\u00eetier IP66 robuste, l&#039;HydroBeam S2 est l&#039;outil id\u00e9al pour une collecte de donn\u00e9es efficace et fiable.<\/p>","protected":false},"featured_media":2019,"comment_status":"open","ping_status":"closed","template":"","meta":{"_links_to":"","_links_to_target":""},"product_cat":[73],"product_tag":[],"yoast_head":"<!-- This site is optimized with the Yoast SEO plugin v19.8 - https:\/\/yoast.com\/wordpress\/plugins\/seo\/ -->\n<title>HydroBeam S2 Dual-Channel Echo Sounder | SatLab<\/title>\n<meta name=\"description\" content=\"The HydroBeam S2, SatLab\u2019s latest dual-channel echo sounder, is designed to simplify your bathymetric surveys.it offers a complete, out-of-the-box solution.\" \/>\n<meta name=\"robots\" content=\"index, follow, max-snippet:-1, max-image-preview:large, max-video-preview:-1\" \/>\n<link rel=\"canonical\" href=\"https:\/\/www.satlabgeo.com\/fr\/product\/hydrobeam-s2-dual-channel-echo-sounder\/\" \/>\n<meta property=\"og:locale\" content=\"fr_FR\" \/>\n<meta property=\"og:type\" content=\"article\" \/>\n<meta property=\"og:title\" content=\"HydroBeam S2 Dual-Channel Echo Sounder | SatLab\" \/>\n<meta property=\"og:description\" content=\"The HydroBeam S2, SatLab\u2019s latest dual-channel echo sounder, is designed to simplify your bathymetric surveys.it offers a complete, out-of-the-box solution.\" \/>\n<meta property=\"og:url\" content=\"https:\/\/www.satlabgeo.com\/fr\/product\/hydrobeam-s2-dual-channel-echo-sounder\/\" \/>\n<meta property=\"og:site_name\" content=\"Global Satellite Positioning Solutions | SatLab Geosolutions AB\" \/>\n<meta property=\"article:modified_time\" content=\"2025-04-23T09:00:47+00:00\" \/>\n<meta property=\"og:image\" content=\"https:\/\/www.satlabgeo.com\/wp-content\/uploads\/2024\/09\/\u753b\u677f-8.png\" \/>\n\t<meta property=\"og:image:width\" content=\"700\" \/>\n\t<meta property=\"og:image:height\" content=\"519\" \/>\n\t<meta property=\"og:image:type\" content=\"image\/png\" \/>\n<meta name=\"twitter:card\" content=\"summary_large_image\" \/>\n<meta name=\"twitter:label1\" content=\"Dur\u00e9e de lecture estim\u00e9e\" \/>\n\t<meta name=\"twitter:data1\" content=\"1 minute\" \/>\n<script type=\"application\/ld+json\" class=\"yoast-schema-graph\">{\"@context\":\"https:\/\/schema.org\",\"@graph\":[{\"@type\":\"WebPage\",\"@id\":\"https:\/\/www.satlabgeo.com\/product\/hydrobeam-s2-dual-channel-echo-sounder\/\",\"url\":\"https:\/\/www.satlabgeo.com\/product\/hydrobeam-s2-dual-channel-echo-sounder\/\",\"name\":\"HydroBeam S2 Dual-Channel Echo Sounder | SatLab\",\"isPartOf\":{\"@id\":\"https:\/\/www.satlabgeo.com\/#website\"},\"datePublished\":\"2024-09-09T06:58:47+00:00\",\"dateModified\":\"2025-04-23T09:00:47+00:00\",\"description\":\"The HydroBeam S2, SatLab\u2019s latest dual-channel echo sounder, is designed to simplify your bathymetric surveys.it offers a complete, out-of-the-box solution.\",\"breadcrumb\":{\"@id\":\"https:\/\/www.satlabgeo.com\/product\/hydrobeam-s2-dual-channel-echo-sounder\/#breadcrumb\"},\"inLanguage\":\"fr-FR\",\"potentialAction\":[{\"@type\":\"ReadAction\",\"target\":[\"https:\/\/www.satlabgeo.com\/product\/hydrobeam-s2-dual-channel-echo-sounder\/\"]}]},{\"@type\":\"BreadcrumbList\",\"@id\":\"https:\/\/www.satlabgeo.com\/product\/hydrobeam-s2-dual-channel-echo-sounder\/#breadcrumb\",\"itemListElement\":[{\"@type\":\"ListItem\",\"position\":1,\"name\":\"Home\",\"item\":\"https:\/\/www.satlabgeo.com\/\"},{\"@type\":\"ListItem\",\"position\":2,\"name\":\"Products\",\"item\":\"https:\/\/www.satlabgeo.com\/products\/\"},{\"@type\":\"ListItem\",\"position\":3,\"name\":\"HydroBeam S2 Dual-Channel Echo Sounder\"}]},{\"@type\":\"WebSite\",\"@id\":\"https:\/\/www.satlabgeo.com\/#website\",\"url\":\"https:\/\/www.satlabgeo.com\/\",\"name\":\"Global Satellite Positioning Solutions | SatLab Geosolutions AB\",\"description\":\"\",\"publisher\":{\"@id\":\"https:\/\/www.satlabgeo.com\/#organization\"},\"potentialAction\":[{\"@type\":\"SearchAction\",\"target\":{\"@type\":\"EntryPoint\",\"urlTemplate\":\"https:\/\/www.satlabgeo.com\/?s={search_term_string}\"},\"query-input\":\"required name=search_term_string\"}],\"inLanguage\":\"fr-FR\"},{\"@type\":\"Organization\",\"@id\":\"https:\/\/www.satlabgeo.com\/#organization\",\"name\":\"Global Satellite Positioning Solutions | SatLab Geosolutions AB\",\"url\":\"https:\/\/www.satlabgeo.com\/\",\"sameAs\":[],\"logo\":{\"@type\":\"ImageObject\",\"inLanguage\":\"fr-FR\",\"@id\":\"https:\/\/www.satlabgeo.com\/#\/schema\/logo\/image\/\",\"url\":\"https:\/\/www.satlabgeo.com\/wp-content\/uploads\/2025\/08\/satlab-logo.webp\",\"contentUrl\":\"https:\/\/www.satlabgeo.com\/wp-content\/uploads\/2025\/08\/satlab-logo.webp\",\"width\":191,\"height\":48,\"caption\":\"Global Satellite Positioning Solutions | SatLab Geosolutions AB\"},\"image\":{\"@id\":\"https:\/\/www.satlabgeo.com\/#\/schema\/logo\/image\/\"}}]}<\/script>\n<!-- \/ Yoast SEO plugin. -->","yoast_head_json":{"title":"HydroBeam S2 Dual-Channel Echo Sounder | SatLab","description":"The HydroBeam S2, SatLab\u2019s latest dual-channel echo sounder, is designed to simplify your bathymetric surveys.it offers a complete, out-of-the-box solution.","robots":{"index":"index","follow":"follow","max-snippet":"max-snippet:-1","max-image-preview":"max-image-preview:large","max-video-preview":"max-video-preview:-1"},"canonical":"https:\/\/www.satlabgeo.com\/fr\/product\/hydrobeam-s2-dual-channel-echo-sounder\/","og_locale":"fr_FR","og_type":"article","og_title":"HydroBeam S2 Dual-Channel Echo Sounder | SatLab","og_description":"The HydroBeam S2, SatLab\u2019s latest dual-channel echo sounder, is designed to simplify your bathymetric surveys.it offers a complete, out-of-the-box solution.","og_url":"https:\/\/www.satlabgeo.com\/fr\/product\/hydrobeam-s2-dual-channel-echo-sounder\/","og_site_name":"Global Satellite Positioning Solutions | SatLab Geosolutions AB","article_modified_time":"2025-04-23T09:00:47+00:00","og_image":[{"width":700,"height":519,"url":"https:\/\/www.satlabgeo.com\/wp-content\/uploads\/2024\/09\/\u753b\u677f-8.png","type":"image\/png"}],"twitter_card":"summary_large_image","twitter_misc":{"Dur\u00e9e de lecture estim\u00e9e":"1 minute"},"schema":{"@context":"https:\/\/schema.org","@graph":[{"@type":"WebPage","@id":"https:\/\/www.satlabgeo.com\/product\/hydrobeam-s2-dual-channel-echo-sounder\/","url":"https:\/\/www.satlabgeo.com\/product\/hydrobeam-s2-dual-channel-echo-sounder\/","name":"HydroBeam S2 Dual-Channel Echo Sounder | SatLab","isPartOf":{"@id":"https:\/\/www.satlabgeo.com\/#website"},"datePublished":"2024-09-09T06:58:47+00:00","dateModified":"2025-04-23T09:00:47+00:00","description":"The HydroBeam S2, SatLab\u2019s latest dual-channel echo sounder, is designed to simplify your bathymetric surveys.it offers a complete, out-of-the-box solution.","breadcrumb":{"@id":"https:\/\/www.satlabgeo.com\/product\/hydrobeam-s2-dual-channel-echo-sounder\/#breadcrumb"},"inLanguage":"fr-FR","potentialAction":[{"@type":"ReadAction","target":["https:\/\/www.satlabgeo.com\/product\/hydrobeam-s2-dual-channel-echo-sounder\/"]}]},{"@type":"BreadcrumbList","@id":"https:\/\/www.satlabgeo.com\/product\/hydrobeam-s2-dual-channel-echo-sounder\/#breadcrumb","itemListElement":[{"@type":"ListItem","position":1,"name":"Home","item":"https:\/\/www.satlabgeo.com\/"},{"@type":"ListItem","position":2,"name":"Products","item":"https:\/\/www.satlabgeo.com\/products\/"},{"@type":"ListItem","position":3,"name":"HydroBeam S2 Dual-Channel Echo Sounder"}]},{"@type":"WebSite","@id":"https:\/\/www.satlabgeo.com\/#website","url":"https:\/\/www.satlabgeo.com\/","name":"Global Satellite Positioning Solutions | SatLab Geosolutions AB","description":"","publisher":{"@id":"https:\/\/www.satlabgeo.com\/#organization"},"potentialAction":[{"@type":"SearchAction","target":{"@type":"EntryPoint","urlTemplate":"https:\/\/www.satlabgeo.com\/?s={search_term_string}"},"query-input":"required name=search_term_string"}],"inLanguage":"fr-FR"},{"@type":"Organization","@id":"https:\/\/www.satlabgeo.com\/#organization","name":"Global Satellite Positioning Solutions | SatLab Geosolutions AB","url":"https:\/\/www.satlabgeo.com\/","sameAs":[],"logo":{"@type":"ImageObject","inLanguage":"fr-FR","@id":"https:\/\/www.satlabgeo.com\/#\/schema\/logo\/image\/","url":"https:\/\/www.satlabgeo.com\/wp-content\/uploads\/2025\/08\/satlab-logo.webp","contentUrl":"https:\/\/www.satlabgeo.com\/wp-content\/uploads\/2025\/08\/satlab-logo.webp","width":191,"height":48,"caption":"Global Satellite Positioning Solutions | SatLab Geosolutions AB"},"image":{"@id":"https:\/\/www.satlabgeo.com\/#\/schema\/logo\/image\/"}}]}},"_links":{"self":[{"href":"https:\/\/www.satlabgeo.com\/fr\/wp-json\/wp\/v2\/product\/1990"}],"collection":[{"href":"https:\/\/www.satlabgeo.com\/fr\/wp-json\/wp\/v2\/product"}],"about":[{"href":"https:\/\/www.satlabgeo.com\/fr\/wp-json\/wp\/v2\/types\/product"}],"replies":[{"embeddable":true,"href":"https:\/\/www.satlabgeo.com\/fr\/wp-json\/wp\/v2\/comments?post=1990"}],"version-history":[{"count":1,"href":"https:\/\/www.satlabgeo.com\/fr\/wp-json\/wp\/v2\/product\/1990\/revisions"}],"predecessor-version":[{"id":2011,"href":"https:\/\/www.satlabgeo.com\/fr\/wp-json\/wp\/v2\/product\/1990\/revisions\/2011"}],"wp:featuredmedia":[{"embeddable":true,"href":"https:\/\/www.satlabgeo.com\/fr\/wp-json\/wp\/v2\/media\/2019"}],"wp:attachment":[{"href":"https:\/\/www.satlabgeo.com\/fr\/wp-json\/wp\/v2\/media?parent=1990"}],"wp:term":[{"taxonomy":"product_cat","embeddable":true,"href":"https:\/\/www.satlabgeo.com\/fr\/wp-json\/wp\/v2\/product_cat?post=1990"},{"taxonomy":"product_tag","embeddable":true,"href":"https:\/\/www.satlabgeo.com\/fr\/wp-json\/wp\/v2\/product_tag?post=1990"}],"curies":[{"name":"wp","href":"https:\/\/api.w.org\/{rel}","templated":true}]}}