{"id":1927,"date":"2024-08-29T09:42:41","date_gmt":"2024-08-29T09:42:41","guid":{"rendered":"https:\/\/www.satlabgeo.com\/?post_type=product&#038;p=1927"},"modified":"2025-11-26T03:15:18","modified_gmt":"2025-11-26T03:15:18","slug":"cygnus-2-handheld-slam-scanner","status":"publish","type":"product","link":"https:\/\/www.satlabgeo.com\/fr\/product\/cygnus-2-handheld-slam-scanner\/","title":{"rendered":"Cygnus 2<br> Scanner SLAM portable"},"content":{"rendered":"<p><img decoding=\"async\" src=\"https:\/\/www.satlabgeo.com\/wp-content\/uploads\/2024\/08\/CY2-main-page-banner\uff081920x800\uff09.png\" alt=\"Scanner 3D SLAM portable\" \/><\/p>\n<h4 title=\"Scanner 3D SLAM portable\">1. Pr\u00e9cision in\u00e9gal\u00e9e<\/h4>\n<p>Obtenez une pr\u00e9cision de 1,5 cm gr\u00e2ce \u00e0 l&#039;int\u00e9gration avanc\u00e9e du GNSS RTK et du SLAM visuel.<\/p>\n<h4>2. Traitement en temps r\u00e9el<\/h4>\n<p>Mod\u00e9lisation 3D instantan\u00e9e et exportation de donn\u00e9es avec des processeurs puissants et des algorithmes SLAM avanc\u00e9s.<\/p>\n<h4>3. Portable et l\u00e9ger<\/h4>\n<p>Avec un poids de seulement 1,9 kg et une autonomie de 90 minutes, il est parfait pour les grands projets et r\u00e9duit la fatigue de l&#039;op\u00e9rateur.<\/p>\n<div style=\"text-align: center, max-width: 640px; margin: 0 auto;\"><video width=\"300\" height=\"150\" class=\"wp-video-shortcode\" preload=\"metadata\" controls=\"controls\"><source type=\"video\/youtube\" src=\"https:\/\/youtu.be\/5b5qIhEC4OE\" \/><\/video><\/div>","protected":false},"excerpt":{"rendered":"<p>Le scanner SLAM portable Cygnus 2 offre une pr\u00e9cision et des performances de pointe gr\u00e2ce \u00e0 une technologie LiDAR de pointe et \u00e0 la fusion visuelle SLAM. Con\u00e7u pour la pr\u00e9cision et la fiabilit\u00e9, il assure une pr\u00e9cision de positionnement au centim\u00e8tre pr\u00e8s dans les environnements o\u00f9 la pr\u00e9cision des donn\u00e9es de localisation est cruciale, et excelle dans le suivi en temps r\u00e9el dans les zones non couvertes par le GPS.<\/p>","protected":false},"featured_media":1966,"comment_status":"open","ping_status":"closed","template":"","meta":{"_links_to":"","_links_to_target":""},"product_cat":[22],"product_tag":[],"yoast_head":"<!-- This site is optimized with the Yoast SEO plugin v19.8 - https:\/\/yoast.com\/wordpress\/plugins\/seo\/ -->\n<title>Cygnus 2 Handheld 3D SLAM scanner | SatLab<\/title>\n<meta name=\"description\" content=\"The Cygnus 2 Handheld 3D SLAM scanner delivers industry-leading accuracy and performance, utilizing cutting-edge LiDAR and visual fusion SLAM.\" \/>\n<meta name=\"robots\" content=\"index, follow, max-snippet:-1, max-image-preview:large, max-video-preview:-1\" \/>\n<link rel=\"canonical\" href=\"https:\/\/www.satlabgeo.com\/fr\/product\/cygnus-2-handheld-slam-scanner\/\" \/>\n<meta property=\"og:locale\" content=\"fr_FR\" \/>\n<meta property=\"og:type\" content=\"article\" \/>\n<meta property=\"og:title\" content=\"Cygnus 2 Handheld 3D SLAM scanner | SatLab\" \/>\n<meta property=\"og:description\" content=\"The Cygnus 2 Handheld 3D SLAM scanner delivers industry-leading accuracy and performance, utilizing cutting-edge LiDAR and visual fusion SLAM.\" \/>\n<meta property=\"og:url\" content=\"https:\/\/www.satlabgeo.com\/fr\/product\/cygnus-2-handheld-slam-scanner\/\" \/>\n<meta property=\"og:site_name\" content=\"Global Satellite Positioning Solutions | SatLab Geosolutions AB\" \/>\n<meta property=\"article:modified_time\" content=\"2025-11-26T03:15:18+00:00\" \/>\n<meta property=\"og:image\" content=\"https:\/\/www.satlabgeo.com\/wp-content\/uploads\/2024\/08\/Cygnus-2-700x519-1.png\" \/>\n\t<meta property=\"og:image:width\" content=\"700\" \/>\n\t<meta property=\"og:image:height\" content=\"519\" \/>\n\t<meta property=\"og:image:type\" content=\"image\/png\" \/>\n<meta name=\"twitter:card\" content=\"summary_large_image\" \/>\n<meta name=\"twitter:label1\" content=\"Dur\u00e9e de lecture estim\u00e9e\" \/>\n\t<meta name=\"twitter:data1\" content=\"1 minute\" \/>\n<script type=\"application\/ld+json\" class=\"yoast-schema-graph\">{\"@context\":\"https:\/\/schema.org\",\"@graph\":[{\"@type\":\"WebPage\",\"@id\":\"https:\/\/www.satlabgeo.com\/product\/cygnus-2-handheld-slam-scanner\/\",\"url\":\"https:\/\/www.satlabgeo.com\/product\/cygnus-2-handheld-slam-scanner\/\",\"name\":\"Cygnus 2 Handheld 3D SLAM scanner | SatLab\",\"isPartOf\":{\"@id\":\"https:\/\/www.satlabgeo.com\/#website\"},\"datePublished\":\"2024-08-29T09:42:41+00:00\",\"dateModified\":\"2025-11-26T03:15:18+00:00\",\"description\":\"The Cygnus 2 Handheld 3D SLAM scanner delivers industry-leading accuracy and performance, utilizing cutting-edge LiDAR and visual fusion SLAM.\",\"breadcrumb\":{\"@id\":\"https:\/\/www.satlabgeo.com\/product\/cygnus-2-handheld-slam-scanner\/#breadcrumb\"},\"inLanguage\":\"fr-FR\",\"potentialAction\":[{\"@type\":\"ReadAction\",\"target\":[\"https:\/\/www.satlabgeo.com\/product\/cygnus-2-handheld-slam-scanner\/\"]}]},{\"@type\":\"BreadcrumbList\",\"@id\":\"https:\/\/www.satlabgeo.com\/product\/cygnus-2-handheld-slam-scanner\/#breadcrumb\",\"itemListElement\":[{\"@type\":\"ListItem\",\"position\":1,\"name\":\"Home\",\"item\":\"https:\/\/www.satlabgeo.com\/\"},{\"@type\":\"ListItem\",\"position\":2,\"name\":\"Products\",\"item\":\"https:\/\/www.satlabgeo.com\/products\/\"},{\"@type\":\"ListItem\",\"position\":3,\"name\":\"Cygnus 2 Handheld SLAM Scanner\"}]},{\"@type\":\"WebSite\",\"@id\":\"https:\/\/www.satlabgeo.com\/#website\",\"url\":\"https:\/\/www.satlabgeo.com\/\",\"name\":\"Global Satellite Positioning Solutions | SatLab Geosolutions AB\",\"description\":\"\",\"publisher\":{\"@id\":\"https:\/\/www.satlabgeo.com\/#organization\"},\"potentialAction\":[{\"@type\":\"SearchAction\",\"target\":{\"@type\":\"EntryPoint\",\"urlTemplate\":\"https:\/\/www.satlabgeo.com\/?s={search_term_string}\"},\"query-input\":\"required name=search_term_string\"}],\"inLanguage\":\"fr-FR\"},{\"@type\":\"Organization\",\"@id\":\"https:\/\/www.satlabgeo.com\/#organization\",\"name\":\"Global Satellite Positioning Solutions | SatLab Geosolutions AB\",\"url\":\"https:\/\/www.satlabgeo.com\/\",\"sameAs\":[],\"logo\":{\"@type\":\"ImageObject\",\"inLanguage\":\"fr-FR\",\"@id\":\"https:\/\/www.satlabgeo.com\/#\/schema\/logo\/image\/\",\"url\":\"https:\/\/www.satlabgeo.com\/wp-content\/uploads\/2025\/08\/satlab-logo.webp\",\"contentUrl\":\"https:\/\/www.satlabgeo.com\/wp-content\/uploads\/2025\/08\/satlab-logo.webp\",\"width\":191,\"height\":48,\"caption\":\"Global Satellite Positioning Solutions | SatLab Geosolutions AB\"},\"image\":{\"@id\":\"https:\/\/www.satlabgeo.com\/#\/schema\/logo\/image\/\"}}]}<\/script>\n<!-- \/ Yoast SEO plugin. -->","yoast_head_json":{"title":"Cygnus 2 Handheld 3D SLAM scanner | SatLab","description":"The Cygnus 2 Handheld 3D SLAM scanner delivers industry-leading accuracy and performance, utilizing cutting-edge LiDAR and visual fusion SLAM.","robots":{"index":"index","follow":"follow","max-snippet":"max-snippet:-1","max-image-preview":"max-image-preview:large","max-video-preview":"max-video-preview:-1"},"canonical":"https:\/\/www.satlabgeo.com\/fr\/product\/cygnus-2-handheld-slam-scanner\/","og_locale":"fr_FR","og_type":"article","og_title":"Cygnus 2 Handheld 3D SLAM scanner | SatLab","og_description":"The Cygnus 2 Handheld 3D SLAM scanner delivers industry-leading accuracy and performance, utilizing cutting-edge LiDAR and visual fusion SLAM.","og_url":"https:\/\/www.satlabgeo.com\/fr\/product\/cygnus-2-handheld-slam-scanner\/","og_site_name":"Global Satellite Positioning Solutions | SatLab Geosolutions AB","article_modified_time":"2025-11-26T03:15:18+00:00","og_image":[{"width":700,"height":519,"url":"https:\/\/www.satlabgeo.com\/wp-content\/uploads\/2024\/08\/Cygnus-2-700x519-1.png","type":"image\/png"}],"twitter_card":"summary_large_image","twitter_misc":{"Dur\u00e9e de lecture estim\u00e9e":"1 minute"},"schema":{"@context":"https:\/\/schema.org","@graph":[{"@type":"WebPage","@id":"https:\/\/www.satlabgeo.com\/product\/cygnus-2-handheld-slam-scanner\/","url":"https:\/\/www.satlabgeo.com\/product\/cygnus-2-handheld-slam-scanner\/","name":"Cygnus 2 Handheld 3D SLAM scanner | SatLab","isPartOf":{"@id":"https:\/\/www.satlabgeo.com\/#website"},"datePublished":"2024-08-29T09:42:41+00:00","dateModified":"2025-11-26T03:15:18+00:00","description":"The Cygnus 2 Handheld 3D SLAM scanner delivers industry-leading accuracy and performance, utilizing cutting-edge LiDAR and visual fusion SLAM.","breadcrumb":{"@id":"https:\/\/www.satlabgeo.com\/product\/cygnus-2-handheld-slam-scanner\/#breadcrumb"},"inLanguage":"fr-FR","potentialAction":[{"@type":"ReadAction","target":["https:\/\/www.satlabgeo.com\/product\/cygnus-2-handheld-slam-scanner\/"]}]},{"@type":"BreadcrumbList","@id":"https:\/\/www.satlabgeo.com\/product\/cygnus-2-handheld-slam-scanner\/#breadcrumb","itemListElement":[{"@type":"ListItem","position":1,"name":"Home","item":"https:\/\/www.satlabgeo.com\/"},{"@type":"ListItem","position":2,"name":"Products","item":"https:\/\/www.satlabgeo.com\/products\/"},{"@type":"ListItem","position":3,"name":"Cygnus 2 Handheld SLAM Scanner"}]},{"@type":"WebSite","@id":"https:\/\/www.satlabgeo.com\/#website","url":"https:\/\/www.satlabgeo.com\/","name":"Global Satellite Positioning Solutions | SatLab Geosolutions AB","description":"","publisher":{"@id":"https:\/\/www.satlabgeo.com\/#organization"},"potentialAction":[{"@type":"SearchAction","target":{"@type":"EntryPoint","urlTemplate":"https:\/\/www.satlabgeo.com\/?s={search_term_string}"},"query-input":"required name=search_term_string"}],"inLanguage":"fr-FR"},{"@type":"Organization","@id":"https:\/\/www.satlabgeo.com\/#organization","name":"Global Satellite Positioning Solutions | SatLab Geosolutions AB","url":"https:\/\/www.satlabgeo.com\/","sameAs":[],"logo":{"@type":"ImageObject","inLanguage":"fr-FR","@id":"https:\/\/www.satlabgeo.com\/#\/schema\/logo\/image\/","url":"https:\/\/www.satlabgeo.com\/wp-content\/uploads\/2025\/08\/satlab-logo.webp","contentUrl":"https:\/\/www.satlabgeo.com\/wp-content\/uploads\/2025\/08\/satlab-logo.webp","width":191,"height":48,"caption":"Global Satellite Positioning Solutions | SatLab Geosolutions AB"},"image":{"@id":"https:\/\/www.satlabgeo.com\/#\/schema\/logo\/image\/"}}]}},"_links":{"self":[{"href":"https:\/\/www.satlabgeo.com\/fr\/wp-json\/wp\/v2\/product\/1927"}],"collection":[{"href":"https:\/\/www.satlabgeo.com\/fr\/wp-json\/wp\/v2\/product"}],"about":[{"href":"https:\/\/www.satlabgeo.com\/fr\/wp-json\/wp\/v2\/types\/product"}],"replies":[{"embeddable":true,"href":"https:\/\/www.satlabgeo.com\/fr\/wp-json\/wp\/v2\/comments?post=1927"}],"version-history":[{"count":3,"href":"https:\/\/www.satlabgeo.com\/fr\/wp-json\/wp\/v2\/product\/1927\/revisions"}],"predecessor-version":[{"id":3168,"href":"https:\/\/www.satlabgeo.com\/fr\/wp-json\/wp\/v2\/product\/1927\/revisions\/3168"}],"wp:featuredmedia":[{"embeddable":true,"href":"https:\/\/www.satlabgeo.com\/fr\/wp-json\/wp\/v2\/media\/1966"}],"wp:attachment":[{"href":"https:\/\/www.satlabgeo.com\/fr\/wp-json\/wp\/v2\/media?parent=1927"}],"wp:term":[{"taxonomy":"product_cat","embeddable":true,"href":"https:\/\/www.satlabgeo.com\/fr\/wp-json\/wp\/v2\/product_cat?post=1927"},{"taxonomy":"product_tag","embeddable":true,"href":"https:\/\/www.satlabgeo.com\/fr\/wp-json\/wp\/v2\/product_tag?post=1927"}],"curies":[{"name":"wp","href":"https:\/\/api.w.org\/{rel}","templated":true}]}}