{"id":1895,"date":"2024-08-01T09:56:55","date_gmt":"2024-08-01T09:56:55","guid":{"rendered":"https:\/\/www.satlabgeo.com\/?post_type=product&#038;p=1895"},"modified":"2025-11-26T03:17:28","modified_gmt":"2025-11-26T03:17:28","slug":"sl700-gnss-receiver-copy","status":"publish","type":"product","link":"https:\/\/www.satlabgeo.com\/fr\/product\/sl700-gnss-receiver-copy\/","title":{"rendered":"R\u00e9cepteur GNSS SL700"},"content":{"rendered":"<div style=\"text-align: center, max-width: 640px; margin: 0 auto;\"><video width=\"300\" height=\"150\" class=\"wp-video-shortcode\" preload=\"metadata\" controls=\"controls\"><source type=\"video\/youtube\" src=\"https:\/\/youtu.be\/fb856rj-_QE\" \/><\/video><\/div>\n<p><\/p>\n<h3>Technologie d&#039;innovation nouvelle et am\u00e9lior\u00e9e<\/h3>\n<p>Dot\u00e9 d&#039;un syst\u00e8me de suivi multi-constellations, le r\u00e9cepteur GNSS SL700 offre des r\u00e9sultats pr\u00e9cis et exacts avec des performances am\u00e9lior\u00e9es. Dot\u00e9 d&#039;un moteur avanc\u00e9, ce <span style=\"color: #909090;\">R\u00e9cepteur GNSS<\/span> dispose d&#039;une interface multi-appareils en fonction de votre application qui augmente votre productivit\u00e9 et votre efficacit\u00e9.<\/p>\n<div class=\"landscape\"><img decoding=\"async\" loading=\"lazy\" src=\"https:\/\/www.satlabgeo.com\/wp-content\/uploads\/2022\/03\/SL700-Banner-01-2-1.jpg\" alt=\"R\u00e9cepteur GNSS\" width=\"1259\" height=\"684\" class=\"alignnone size-full wp-image-1486\" \/><\/div>\n<h3><\/h3>\n<h3>Efficace et fiable<\/h3>\n<p>Dot\u00e9 d&#039;un moteur avanc\u00e9, ce r\u00e9cepteur offre un positionnement pr\u00e9cis et une att\u00e9nuation avanc\u00e9e des interf\u00e9rences, m\u00eame dans les environnements les plus recul\u00e9s ou les plus difficiles. Gr\u00e2ce \u00e0 ses 555 canaux de suivi, il peut suivre tous les signaux actuels et \u00e0 venir, offrant un positionnement d&#039;une pr\u00e9cision inf\u00e9rieure au m\u00e8tre ou au centim\u00e8tre, avec diff\u00e9rents modes.<span style=\"color: #333333;\">RTK<\/span>, PPK, Statique).<\/p>\n<h3>Service de correction par satellite<\/h3>\n<p>Le SL700 est dot\u00e9 des fonctionnalit\u00e9s TerraStar qui exploitent un r\u00e9seau mondial de stations de r\u00e9f\u00e9rence multi-GNSS et des algorithmes avanc\u00e9s pour g\u00e9n\u00e9rer des donn\u00e9es d&#039;orbite, d&#039;horloge, de biais et d&#039;autres param\u00e8tres syst\u00e8me GNSS extr\u00eamement pr\u00e9cis. Ces donn\u00e9es permettent \u00e0 TerraStar de fournir des services de correction avec une pr\u00e9cision de positionnement subm\u00e9trique ou centim\u00e9trique aux r\u00e9cepteurs SL700. Transmettez vos corrections en temps r\u00e9el, avec une latence minimale, via les satellites et les r\u00e9seaux cellulaires du monde entier.<\/p>\n<table border=\"0\" style=\"border-collapse: collapse; width: 100%;\">\n<tbody>\n<tr><\/tr>\n<\/tbody>\n<\/table>","protected":false},"excerpt":{"rendered":"<p>Le r\u00e9cepteur GNSS est un appareil facile \u00e0 utiliser, compact et robuste, id\u00e9al pour vos travaux topographiques quotidiens. Con\u00e7u pour r\u00e9sister aux conditions climatiques les plus difficiles, le SL700 offre une grande mobilit\u00e9 et une grande flexibilit\u00e9. Ce r\u00e9cepteur innovant fournit des r\u00e9sultats extr\u00eamement pr\u00e9cis et performants pour vos travaux de terrain.<\/p>","protected":false},"featured_media":1915,"comment_status":"open","ping_status":"closed","template":"","meta":{"_links_to":"","_links_to_target":""},"product_cat":[26],"product_tag":[],"yoast_head":"<!-- This site is optimized with the Yoast SEO plugin v19.8 - https:\/\/yoast.com\/wordpress\/plugins\/seo\/ -->\n<title>SL700 GNSS Receiver | SatLab<\/title>\n<meta name=\"description\" content=\"SL700 GNSS Receiver is an easy-to-use gnss device that is designed to be compact and rugged for your everyday surveying usage.\" \/>\n<meta name=\"robots\" content=\"index, follow, max-snippet:-1, max-image-preview:large, max-video-preview:-1\" \/>\n<link rel=\"canonical\" href=\"https:\/\/www.satlabgeo.com\/fr\/product\/sl700-gnss-receiver-copy\/\" \/>\n<meta property=\"og:locale\" content=\"fr_FR\" \/>\n<meta property=\"og:type\" content=\"article\" \/>\n<meta property=\"og:title\" content=\"SL700 GNSS Receiver | SatLab\" \/>\n<meta property=\"og:description\" content=\"SL700 GNSS Receiver is an easy-to-use gnss device that is designed to be compact and rugged for your everyday surveying usage.\" \/>\n<meta property=\"og:url\" content=\"https:\/\/www.satlabgeo.com\/fr\/product\/sl700-gnss-receiver-copy\/\" \/>\n<meta property=\"og:site_name\" content=\"Global Satellite Positioning Solutions | SatLab Geosolutions AB\" \/>\n<meta property=\"article:modified_time\" content=\"2025-11-26T03:17:28+00:00\" \/>\n<meta property=\"og:image\" content=\"https:\/\/www.satlabgeo.com\/wp-content\/uploads\/2024\/08\/SL700-22.png\" \/>\n\t<meta property=\"og:image:width\" content=\"700\" \/>\n\t<meta property=\"og:image:height\" content=\"519\" \/>\n\t<meta property=\"og:image:type\" content=\"image\/png\" \/>\n<meta name=\"twitter:card\" content=\"summary_large_image\" \/>\n<meta name=\"twitter:label1\" content=\"Dur\u00e9e de lecture estim\u00e9e\" \/>\n\t<meta name=\"twitter:data1\" content=\"1 minute\" \/>\n<script type=\"application\/ld+json\" class=\"yoast-schema-graph\">{\"@context\":\"https:\/\/schema.org\",\"@graph\":[{\"@type\":\"WebPage\",\"@id\":\"https:\/\/www.satlabgeo.com\/product\/sl700-gnss-receiver-copy\/\",\"url\":\"https:\/\/www.satlabgeo.com\/product\/sl700-gnss-receiver-copy\/\",\"name\":\"SL700 GNSS Receiver | SatLab\",\"isPartOf\":{\"@id\":\"https:\/\/www.satlabgeo.com\/#website\"},\"datePublished\":\"2024-08-01T09:56:55+00:00\",\"dateModified\":\"2025-11-26T03:17:28+00:00\",\"description\":\"SL700 GNSS Receiver is an easy-to-use gnss device that is designed to be compact and rugged for your everyday surveying usage.\",\"breadcrumb\":{\"@id\":\"https:\/\/www.satlabgeo.com\/product\/sl700-gnss-receiver-copy\/#breadcrumb\"},\"inLanguage\":\"fr-FR\",\"potentialAction\":[{\"@type\":\"ReadAction\",\"target\":[\"https:\/\/www.satlabgeo.com\/product\/sl700-gnss-receiver-copy\/\"]}]},{\"@type\":\"BreadcrumbList\",\"@id\":\"https:\/\/www.satlabgeo.com\/product\/sl700-gnss-receiver-copy\/#breadcrumb\",\"itemListElement\":[{\"@type\":\"ListItem\",\"position\":1,\"name\":\"Home\",\"item\":\"https:\/\/www.satlabgeo.com\/\"},{\"@type\":\"ListItem\",\"position\":2,\"name\":\"Products\",\"item\":\"https:\/\/www.satlabgeo.com\/products\/\"},{\"@type\":\"ListItem\",\"position\":3,\"name\":\"SL700 GNSS Receiver\"}]},{\"@type\":\"WebSite\",\"@id\":\"https:\/\/www.satlabgeo.com\/#website\",\"url\":\"https:\/\/www.satlabgeo.com\/\",\"name\":\"Global Satellite Positioning Solutions | SatLab Geosolutions AB\",\"description\":\"\",\"publisher\":{\"@id\":\"https:\/\/www.satlabgeo.com\/#organization\"},\"potentialAction\":[{\"@type\":\"SearchAction\",\"target\":{\"@type\":\"EntryPoint\",\"urlTemplate\":\"https:\/\/www.satlabgeo.com\/?s={search_term_string}\"},\"query-input\":\"required name=search_term_string\"}],\"inLanguage\":\"fr-FR\"},{\"@type\":\"Organization\",\"@id\":\"https:\/\/www.satlabgeo.com\/#organization\",\"name\":\"Global Satellite Positioning Solutions | SatLab Geosolutions AB\",\"url\":\"https:\/\/www.satlabgeo.com\/\",\"sameAs\":[],\"logo\":{\"@type\":\"ImageObject\",\"inLanguage\":\"fr-FR\",\"@id\":\"https:\/\/www.satlabgeo.com\/#\/schema\/logo\/image\/\",\"url\":\"https:\/\/www.satlabgeo.com\/wp-content\/uploads\/2025\/08\/satlab-logo.webp\",\"contentUrl\":\"https:\/\/www.satlabgeo.com\/wp-content\/uploads\/2025\/08\/satlab-logo.webp\",\"width\":191,\"height\":48,\"caption\":\"Global Satellite Positioning Solutions | SatLab Geosolutions AB\"},\"image\":{\"@id\":\"https:\/\/www.satlabgeo.com\/#\/schema\/logo\/image\/\"}}]}<\/script>\n<!-- \/ Yoast SEO plugin. -->","yoast_head_json":{"title":"SL700 GNSS Receiver | SatLab","description":"SL700 GNSS Receiver is an easy-to-use gnss device that is designed to be compact and rugged for your everyday surveying usage.","robots":{"index":"index","follow":"follow","max-snippet":"max-snippet:-1","max-image-preview":"max-image-preview:large","max-video-preview":"max-video-preview:-1"},"canonical":"https:\/\/www.satlabgeo.com\/fr\/product\/sl700-gnss-receiver-copy\/","og_locale":"fr_FR","og_type":"article","og_title":"SL700 GNSS Receiver | SatLab","og_description":"SL700 GNSS Receiver is an easy-to-use gnss device that is designed to be compact and rugged for your everyday surveying usage.","og_url":"https:\/\/www.satlabgeo.com\/fr\/product\/sl700-gnss-receiver-copy\/","og_site_name":"Global Satellite Positioning Solutions | SatLab Geosolutions AB","article_modified_time":"2025-11-26T03:17:28+00:00","og_image":[{"width":700,"height":519,"url":"https:\/\/www.satlabgeo.com\/wp-content\/uploads\/2024\/08\/SL700-22.png","type":"image\/png"}],"twitter_card":"summary_large_image","twitter_misc":{"Dur\u00e9e de lecture estim\u00e9e":"1 minute"},"schema":{"@context":"https:\/\/schema.org","@graph":[{"@type":"WebPage","@id":"https:\/\/www.satlabgeo.com\/product\/sl700-gnss-receiver-copy\/","url":"https:\/\/www.satlabgeo.com\/product\/sl700-gnss-receiver-copy\/","name":"SL700 GNSS Receiver | SatLab","isPartOf":{"@id":"https:\/\/www.satlabgeo.com\/#website"},"datePublished":"2024-08-01T09:56:55+00:00","dateModified":"2025-11-26T03:17:28+00:00","description":"SL700 GNSS Receiver is an easy-to-use gnss device that is designed to be compact and rugged for your everyday surveying usage.","breadcrumb":{"@id":"https:\/\/www.satlabgeo.com\/product\/sl700-gnss-receiver-copy\/#breadcrumb"},"inLanguage":"fr-FR","potentialAction":[{"@type":"ReadAction","target":["https:\/\/www.satlabgeo.com\/product\/sl700-gnss-receiver-copy\/"]}]},{"@type":"BreadcrumbList","@id":"https:\/\/www.satlabgeo.com\/product\/sl700-gnss-receiver-copy\/#breadcrumb","itemListElement":[{"@type":"ListItem","position":1,"name":"Home","item":"https:\/\/www.satlabgeo.com\/"},{"@type":"ListItem","position":2,"name":"Products","item":"https:\/\/www.satlabgeo.com\/products\/"},{"@type":"ListItem","position":3,"name":"SL700 GNSS Receiver"}]},{"@type":"WebSite","@id":"https:\/\/www.satlabgeo.com\/#website","url":"https:\/\/www.satlabgeo.com\/","name":"Global Satellite Positioning Solutions | SatLab Geosolutions AB","description":"","publisher":{"@id":"https:\/\/www.satlabgeo.com\/#organization"},"potentialAction":[{"@type":"SearchAction","target":{"@type":"EntryPoint","urlTemplate":"https:\/\/www.satlabgeo.com\/?s={search_term_string}"},"query-input":"required name=search_term_string"}],"inLanguage":"fr-FR"},{"@type":"Organization","@id":"https:\/\/www.satlabgeo.com\/#organization","name":"Global Satellite Positioning Solutions | SatLab Geosolutions AB","url":"https:\/\/www.satlabgeo.com\/","sameAs":[],"logo":{"@type":"ImageObject","inLanguage":"fr-FR","@id":"https:\/\/www.satlabgeo.com\/#\/schema\/logo\/image\/","url":"https:\/\/www.satlabgeo.com\/wp-content\/uploads\/2025\/08\/satlab-logo.webp","contentUrl":"https:\/\/www.satlabgeo.com\/wp-content\/uploads\/2025\/08\/satlab-logo.webp","width":191,"height":48,"caption":"Global Satellite Positioning Solutions | SatLab Geosolutions AB"},"image":{"@id":"https:\/\/www.satlabgeo.com\/#\/schema\/logo\/image\/"}}]}},"_links":{"self":[{"href":"https:\/\/www.satlabgeo.com\/fr\/wp-json\/wp\/v2\/product\/1895"}],"collection":[{"href":"https:\/\/www.satlabgeo.com\/fr\/wp-json\/wp\/v2\/product"}],"about":[{"href":"https:\/\/www.satlabgeo.com\/fr\/wp-json\/wp\/v2\/types\/product"}],"replies":[{"embeddable":true,"href":"https:\/\/www.satlabgeo.com\/fr\/wp-json\/wp\/v2\/comments?post=1895"}],"version-history":[{"count":3,"href":"https:\/\/www.satlabgeo.com\/fr\/wp-json\/wp\/v2\/product\/1895\/revisions"}],"predecessor-version":[{"id":3170,"href":"https:\/\/www.satlabgeo.com\/fr\/wp-json\/wp\/v2\/product\/1895\/revisions\/3170"}],"wp:featuredmedia":[{"embeddable":true,"href":"https:\/\/www.satlabgeo.com\/fr\/wp-json\/wp\/v2\/media\/1915"}],"wp:attachment":[{"href":"https:\/\/www.satlabgeo.com\/fr\/wp-json\/wp\/v2\/media?parent=1895"}],"wp:term":[{"taxonomy":"product_cat","embeddable":true,"href":"https:\/\/www.satlabgeo.com\/fr\/wp-json\/wp\/v2\/product_cat?post=1895"},{"taxonomy":"product_tag","embeddable":true,"href":"https:\/\/www.satlabgeo.com\/fr\/wp-json\/wp\/v2\/product_tag?post=1895"}],"curies":[{"name":"wp","href":"https:\/\/api.w.org\/{rel}","templated":true}]}}