{"id":181,"date":"2020-03-20T14:06:07","date_gmt":"2020-03-20T14:06:07","guid":{"rendered":"https:\/\/www.satlabgeo.com\/?post_type=product&#038;p=181"},"modified":"2025-12-01T10:03:01","modified_gmt":"2025-12-01T10:03:01","slug":"slt2-total-station","status":"publish","type":"product","link":"https:\/\/www.satlabgeo.com\/fr\/product\/slt2-total-station\/","title":{"rendered":"Station totale SLT2"},"content":{"rendered":"<h3>Flexibilit\u00e9 maximale et excellentes performances<\/h3>\n<p>Con\u00e7u pour r\u00e9pondre aux situations de travail les plus difficiles, Satlab a combin\u00e9 les meilleures technologies de terrain et des fonctionnalit\u00e9s d&#039;ing\u00e9nierie sp\u00e9cialis\u00e9es pour garantir au SLT2 un niveau de pr\u00e9cision optimal. Prenez des mesures plus rapidement et plus facilement gr\u00e2ce \u00e0 notre logiciel embarqu\u00e9 intuitif (Satcont) et \u00e0 son \u00e9cran LCD bicolore.<\/p>\n<h3>Efficacit\u00e9 accrue avec une pr\u00e9cision am\u00e9lior\u00e9e<\/h3>\n<p>Le SLT2 est l&#039;outil d&#039;arpentage de chantier d&#039;entr\u00e9e de gamme id\u00e9al. Il offre flexibilit\u00e9 et fiabilit\u00e9, vous permettant d&#039;effectuer vos travaux sans sacrifier les fonctionnalit\u00e9s. \u00c9quip\u00e9 d&#039;un EDM rapide et sans r\u00e9flecteur, ainsi que du logiciel embarqu\u00e9 Satcont, le SLT2 est con\u00e7u pour durer.<\/p>\n<div class=\"landscape\"><img decoding=\"async\" src=\"https:\/\/www.satlabgeo.com\/wp-content\/uploads\/2020\/03\/SAL32-01-1024x429-1.jpg\" alt=\"station totale\" class=\"aligncenter\" \/><\/div>\n<h3><\/h3>\n<h3><strong>Fournir des \u00e9quipements de qualit\u00e9<\/strong><\/h3>\n<p>Fabriqu\u00e9e dans une usine certifi\u00e9e ISO et CE, chaque station totale est fabriqu\u00e9e selon un protocole et une proc\u00e9dure appropri\u00e9s qui adh\u00e8rent \u00e0 chaque aspect op\u00e9rationnel ainsi qu&#039;\u00e0 des contr\u00f4les d&#039;assurance qualit\u00e9 rigoureux qui garantissent la plus haute qualit\u00e9.<\/p>","protected":false},"excerpt":{"rendered":"<p>La station totale SLT2 est \u00e9quip\u00e9e d&#039;un EDM sans r\u00e9flecteur rapide et puissant (0,8 seconde), con\u00e7u pour offrir une pr\u00e9cision avanc\u00e9e et un flux de travail efficace dans un bo\u00eetier \u00e9l\u00e9gant. Afin de garantir un fonctionnement durable de la station totale dans des conditions m\u00e9t\u00e9orologiques d\u00e9favorables, divers tests environnementaux ont \u00e9t\u00e9 r\u00e9alis\u00e9s avec la station totale robotis\u00e9e, notamment en mati\u00e8re de vibrations, de chutes, de temp\u00e9rature et d&#039;humidit\u00e9, afin d&#039;obtenir une qualit\u00e9 optimale.<\/p>","protected":false},"featured_media":406,"comment_status":"open","ping_status":"closed","template":"","meta":{"_links_to":"","_links_to_target":""},"product_cat":[24],"product_tag":[],"yoast_head":"<!-- This site is optimized with the Yoast SEO plugin v19.8 - https:\/\/yoast.com\/wordpress\/plugins\/seo\/ -->\n<title>SLT2 Total Station | Global Satellite Positioning Solutions | SatLab Geosolutions AB<\/title>\n<meta name=\"robots\" content=\"index, follow, max-snippet:-1, max-image-preview:large, max-video-preview:-1\" \/>\n<link rel=\"canonical\" href=\"https:\/\/www.satlabgeo.com\/fr\/product\/slt2-total-station\/\" \/>\n<meta property=\"og:locale\" content=\"fr_FR\" \/>\n<meta property=\"og:type\" content=\"article\" \/>\n<meta property=\"og:title\" content=\"SLT2 Total Station | Global Satellite Positioning Solutions | SatLab Geosolutions AB\" \/>\n<meta property=\"og:description\" content=\"The SLT2 Total Station has a fast and powerful reflectorless EDM (0.8 seconds) that is designed to provide advanced accuracy with an efficient workflow in a sleek body. In order to ensure long-term operation total station surveying in adverse weather conditions, various environmental tests by robotic total station such as vibration, drop, temperature, and humidity were performed to achieve the highest quality.\" \/>\n<meta property=\"og:url\" content=\"https:\/\/www.satlabgeo.com\/fr\/product\/slt2-total-station\/\" \/>\n<meta property=\"og:site_name\" content=\"Global Satellite Positioning Solutions | SatLab Geosolutions AB\" \/>\n<meta property=\"article:modified_time\" content=\"2025-12-01T10:03:01+00:00\" \/>\n<meta property=\"og:image\" content=\"https:\/\/www.satlabgeo.com\/wp-content\/uploads\/2020\/03\/SLT-248x235-01.png\" \/>\n\t<meta property=\"og:image:width\" content=\"248\" \/>\n\t<meta property=\"og:image:height\" content=\"235\" \/>\n\t<meta property=\"og:image:type\" content=\"image\/png\" \/>\n<meta name=\"twitter:card\" content=\"summary_large_image\" \/>\n<meta name=\"twitter:label1\" content=\"Dur\u00e9e de lecture estim\u00e9e\" \/>\n\t<meta name=\"twitter:data1\" content=\"1 minute\" \/>\n<script type=\"application\/ld+json\" class=\"yoast-schema-graph\">{\"@context\":\"https:\/\/schema.org\",\"@graph\":[{\"@type\":\"WebPage\",\"@id\":\"https:\/\/www.satlabgeo.com\/product\/slt2-total-station\/\",\"url\":\"https:\/\/www.satlabgeo.com\/product\/slt2-total-station\/\",\"name\":\"SLT2 Total Station | Global Satellite Positioning Solutions | SatLab Geosolutions AB\",\"isPartOf\":{\"@id\":\"https:\/\/www.satlabgeo.com\/#website\"},\"datePublished\":\"2020-03-20T14:06:07+00:00\",\"dateModified\":\"2025-12-01T10:03:01+00:00\",\"breadcrumb\":{\"@id\":\"https:\/\/www.satlabgeo.com\/product\/slt2-total-station\/#breadcrumb\"},\"inLanguage\":\"fr-FR\",\"potentialAction\":[{\"@type\":\"ReadAction\",\"target\":[\"https:\/\/www.satlabgeo.com\/product\/slt2-total-station\/\"]}]},{\"@type\":\"BreadcrumbList\",\"@id\":\"https:\/\/www.satlabgeo.com\/product\/slt2-total-station\/#breadcrumb\",\"itemListElement\":[{\"@type\":\"ListItem\",\"position\":1,\"name\":\"Home\",\"item\":\"https:\/\/www.satlabgeo.com\/\"},{\"@type\":\"ListItem\",\"position\":2,\"name\":\"Products\",\"item\":\"https:\/\/www.satlabgeo.com\/products\/\"},{\"@type\":\"ListItem\",\"position\":3,\"name\":\"SLT2 Total Station\"}]},{\"@type\":\"WebSite\",\"@id\":\"https:\/\/www.satlabgeo.com\/#website\",\"url\":\"https:\/\/www.satlabgeo.com\/\",\"name\":\"Global Satellite Positioning Solutions | SatLab Geosolutions AB\",\"description\":\"\",\"publisher\":{\"@id\":\"https:\/\/www.satlabgeo.com\/#organization\"},\"potentialAction\":[{\"@type\":\"SearchAction\",\"target\":{\"@type\":\"EntryPoint\",\"urlTemplate\":\"https:\/\/www.satlabgeo.com\/?s={search_term_string}\"},\"query-input\":\"required name=search_term_string\"}],\"inLanguage\":\"fr-FR\"},{\"@type\":\"Organization\",\"@id\":\"https:\/\/www.satlabgeo.com\/#organization\",\"name\":\"Global Satellite Positioning Solutions | SatLab Geosolutions AB\",\"url\":\"https:\/\/www.satlabgeo.com\/\",\"sameAs\":[],\"logo\":{\"@type\":\"ImageObject\",\"inLanguage\":\"fr-FR\",\"@id\":\"https:\/\/www.satlabgeo.com\/#\/schema\/logo\/image\/\",\"url\":\"https:\/\/www.satlabgeo.com\/wp-content\/uploads\/2025\/08\/satlab-logo.webp\",\"contentUrl\":\"https:\/\/www.satlabgeo.com\/wp-content\/uploads\/2025\/08\/satlab-logo.webp\",\"width\":191,\"height\":48,\"caption\":\"Global Satellite Positioning Solutions | SatLab Geosolutions AB\"},\"image\":{\"@id\":\"https:\/\/www.satlabgeo.com\/#\/schema\/logo\/image\/\"}}]}<\/script>\n<!-- \/ Yoast SEO plugin. -->","yoast_head_json":{"title":"SLT2 Total Station | Global Satellite Positioning Solutions | SatLab Geosolutions AB","robots":{"index":"index","follow":"follow","max-snippet":"max-snippet:-1","max-image-preview":"max-image-preview:large","max-video-preview":"max-video-preview:-1"},"canonical":"https:\/\/www.satlabgeo.com\/fr\/product\/slt2-total-station\/","og_locale":"fr_FR","og_type":"article","og_title":"SLT2 Total Station | Global Satellite Positioning Solutions | SatLab Geosolutions AB","og_description":"The SLT2 Total Station has a fast and powerful reflectorless EDM (0.8 seconds) that is designed to provide advanced accuracy with an efficient workflow in a sleek body. In order to ensure long-term operation total station surveying in adverse weather conditions, various environmental tests by robotic total station such as vibration, drop, temperature, and humidity were performed to achieve the highest quality.","og_url":"https:\/\/www.satlabgeo.com\/fr\/product\/slt2-total-station\/","og_site_name":"Global Satellite Positioning Solutions | SatLab Geosolutions AB","article_modified_time":"2025-12-01T10:03:01+00:00","og_image":[{"width":248,"height":235,"url":"https:\/\/www.satlabgeo.com\/wp-content\/uploads\/2020\/03\/SLT-248x235-01.png","type":"image\/png"}],"twitter_card":"summary_large_image","twitter_misc":{"Dur\u00e9e de lecture estim\u00e9e":"1 minute"},"schema":{"@context":"https:\/\/schema.org","@graph":[{"@type":"WebPage","@id":"https:\/\/www.satlabgeo.com\/product\/slt2-total-station\/","url":"https:\/\/www.satlabgeo.com\/product\/slt2-total-station\/","name":"SLT2 Total Station | Global Satellite Positioning Solutions | SatLab Geosolutions AB","isPartOf":{"@id":"https:\/\/www.satlabgeo.com\/#website"},"datePublished":"2020-03-20T14:06:07+00:00","dateModified":"2025-12-01T10:03:01+00:00","breadcrumb":{"@id":"https:\/\/www.satlabgeo.com\/product\/slt2-total-station\/#breadcrumb"},"inLanguage":"fr-FR","potentialAction":[{"@type":"ReadAction","target":["https:\/\/www.satlabgeo.com\/product\/slt2-total-station\/"]}]},{"@type":"BreadcrumbList","@id":"https:\/\/www.satlabgeo.com\/product\/slt2-total-station\/#breadcrumb","itemListElement":[{"@type":"ListItem","position":1,"name":"Home","item":"https:\/\/www.satlabgeo.com\/"},{"@type":"ListItem","position":2,"name":"Products","item":"https:\/\/www.satlabgeo.com\/products\/"},{"@type":"ListItem","position":3,"name":"SLT2 Total Station"}]},{"@type":"WebSite","@id":"https:\/\/www.satlabgeo.com\/#website","url":"https:\/\/www.satlabgeo.com\/","name":"Global Satellite Positioning Solutions | SatLab Geosolutions AB","description":"","publisher":{"@id":"https:\/\/www.satlabgeo.com\/#organization"},"potentialAction":[{"@type":"SearchAction","target":{"@type":"EntryPoint","urlTemplate":"https:\/\/www.satlabgeo.com\/?s={search_term_string}"},"query-input":"required name=search_term_string"}],"inLanguage":"fr-FR"},{"@type":"Organization","@id":"https:\/\/www.satlabgeo.com\/#organization","name":"Global Satellite Positioning Solutions | SatLab Geosolutions AB","url":"https:\/\/www.satlabgeo.com\/","sameAs":[],"logo":{"@type":"ImageObject","inLanguage":"fr-FR","@id":"https:\/\/www.satlabgeo.com\/#\/schema\/logo\/image\/","url":"https:\/\/www.satlabgeo.com\/wp-content\/uploads\/2025\/08\/satlab-logo.webp","contentUrl":"https:\/\/www.satlabgeo.com\/wp-content\/uploads\/2025\/08\/satlab-logo.webp","width":191,"height":48,"caption":"Global Satellite Positioning Solutions | SatLab Geosolutions AB"},"image":{"@id":"https:\/\/www.satlabgeo.com\/#\/schema\/logo\/image\/"}}]}},"_links":{"self":[{"href":"https:\/\/www.satlabgeo.com\/fr\/wp-json\/wp\/v2\/product\/181"}],"collection":[{"href":"https:\/\/www.satlabgeo.com\/fr\/wp-json\/wp\/v2\/product"}],"about":[{"href":"https:\/\/www.satlabgeo.com\/fr\/wp-json\/wp\/v2\/types\/product"}],"replies":[{"embeddable":true,"href":"https:\/\/www.satlabgeo.com\/fr\/wp-json\/wp\/v2\/comments?post=181"}],"version-history":[{"count":4,"href":"https:\/\/www.satlabgeo.com\/fr\/wp-json\/wp\/v2\/product\/181\/revisions"}],"predecessor-version":[{"id":3255,"href":"https:\/\/www.satlabgeo.com\/fr\/wp-json\/wp\/v2\/product\/181\/revisions\/3255"}],"wp:featuredmedia":[{"embeddable":true,"href":"https:\/\/www.satlabgeo.com\/fr\/wp-json\/wp\/v2\/media\/406"}],"wp:attachment":[{"href":"https:\/\/www.satlabgeo.com\/fr\/wp-json\/wp\/v2\/media?parent=181"}],"wp:term":[{"taxonomy":"product_cat","embeddable":true,"href":"https:\/\/www.satlabgeo.com\/fr\/wp-json\/wp\/v2\/product_cat?post=181"},{"taxonomy":"product_tag","embeddable":true,"href":"https:\/\/www.satlabgeo.com\/fr\/wp-json\/wp\/v2\/product_tag?post=181"}],"curies":[{"name":"wp","href":"https:\/\/api.w.org\/{rel}","templated":true}]}}