{"id":1739,"date":"2024-05-22T03:53:12","date_gmt":"2024-05-22T03:53:12","guid":{"rendered":"https:\/\/www.satlabgeo.com\/?post_type=product&#038;p=1739"},"modified":"2025-06-17T23:11:08","modified_gmt":"2025-06-17T23:11:08","slug":"satlab-geobiz-solutions-2-0","status":"publish","type":"product","link":"https:\/\/www.satlabgeo.com\/fr\/product\/satlab-geobiz-solutions-2-0\/","title":{"rendered":"Logiciel de post-traitement SGS 2.0"},"content":{"rendered":"<h3><strong>Moteur de post-traitement fiable et rapide<\/strong><\/h3>\n<p>Avec un algorithme fiable, plus rapide et plus pr\u00e9cis, SGS2.0 prend en charge le traitement par lots de plus de 100 lignes de base de donn\u00e9es statiques GPS, GLONASS, Beidou et Galileo avec un syst\u00e8me de coordonn\u00e9es pr\u00e9d\u00e9fini et plusieurs antennes de fabricants.<\/p>\n<h3><strong>Capacit\u00e9s de traitement de donn\u00e9es tout-en-un<\/strong><\/h3>\n<p>Finis les tracas li\u00e9s \u00e0 l&#039;importation et \u00e0 l&#039;exportation entre diff\u00e9rents logiciels. Soyez compatible avec les donn\u00e9es logicielles de diff\u00e9rents fournisseurs. Avec SGS 2.0, vous pouvez traiter facilement une large gamme de donn\u00e9es, notamment les donn\u00e9es statiques GNSS, les donn\u00e9es RTK, les donn\u00e9es de station totale, les fichiers routiers, les MNT, les cartes de base, etc.<\/p>\n<h3><strong>Ensemble complet d&#039;outils de mesure<\/strong><\/h3>\n<p>SGS2.0 propose un ensemble d&#039;outils complet, comprenant des convertisseurs de coordonn\u00e9es et RINEX, des outils de calcul angulaire, de distance et divers outils de calcul COGO, des gestionnaires d&#039;antennes GNSS et la fusion de fichiers d&#039;observation GNSS.<\/p>\n<p>&nbsp;<\/p>","protected":false},"excerpt":{"rendered":"<p>SatLab Geobiz Solutions 2.0 (SGS 2.0) est un logiciel bureautique int\u00e9gr\u00e9 int\u00e9grant des modules tels que GNSS, RTK, station totale, drone, etc. Il \u00e9limine les tracas li\u00e9s au transfert de donn\u00e9es entre diff\u00e9rents logiciels de traitement, simplifie le flux de travail et am\u00e9liore l&#039;efficacit\u00e9 du traitement des donn\u00e9es. SGS 2.0 est parfaitement adapt\u00e9 au traitement des donn\u00e9es collect\u00e9es \u00e0 partir de plusieurs types de produits topographiques au sein d&#039;un m\u00eame projet.<\/p>","protected":false},"featured_media":1749,"comment_status":"open","ping_status":"closed","template":"","meta":{"_links_to":"","_links_to_target":""},"product_cat":[17],"product_tag":[],"yoast_head":"<!-- This site is optimized with the Yoast SEO plugin v19.8 - https:\/\/yoast.com\/wordpress\/plugins\/seo\/ -->\n<title>SGS 2.0 Post-processing Software | Global Satellite Positioning Solutions | SatLab Geosolutions AB<\/title>\n<meta name=\"robots\" content=\"index, follow, max-snippet:-1, max-image-preview:large, max-video-preview:-1\" \/>\n<link rel=\"canonical\" href=\"https:\/\/www.satlabgeo.com\/fr\/product\/satlab-geobiz-solutions-2-0\/\" \/>\n<meta property=\"og:locale\" content=\"fr_FR\" \/>\n<meta property=\"og:type\" content=\"article\" \/>\n<meta property=\"og:title\" content=\"SGS 2.0 Post-processing Software | Global Satellite Positioning Solutions | SatLab Geosolutions AB\" \/>\n<meta property=\"og:description\" content=\"SatLab Geobiz Solutions 2.0 (SGS 2.0) is an integrated office software that incorporates modules such as GNSS, RTK, Total Station, UAV, etc. It eliminates the hassle of switching data between different types of processing software, simplifies the workflow, and improves data processing efficiency. SGS 2.0 is very suitable for processing data collected from multiple types of surveying products within the same project.\" \/>\n<meta property=\"og:url\" content=\"https:\/\/www.satlabgeo.com\/fr\/product\/satlab-geobiz-solutions-2-0\/\" \/>\n<meta property=\"og:site_name\" content=\"Global Satellite Positioning Solutions | SatLab Geosolutions AB\" \/>\n<meta property=\"article:modified_time\" content=\"2025-06-17T23:11:08+00:00\" \/>\n<meta property=\"og:image\" content=\"https:\/\/www.satlabgeo.com\/wp-content\/uploads\/2024\/05\/SGS-2.0-post-processing-software.png\" \/>\n\t<meta property=\"og:image:width\" content=\"744\" \/>\n\t<meta property=\"og:image:height\" content=\"705\" \/>\n\t<meta property=\"og:image:type\" content=\"image\/png\" \/>\n<meta name=\"twitter:card\" content=\"summary_large_image\" \/>\n<meta name=\"twitter:label1\" content=\"Dur\u00e9e de lecture estim\u00e9e\" \/>\n\t<meta name=\"twitter:data1\" content=\"1 minute\" \/>\n<script type=\"application\/ld+json\" class=\"yoast-schema-graph\">{\"@context\":\"https:\/\/schema.org\",\"@graph\":[{\"@type\":\"WebPage\",\"@id\":\"https:\/\/www.satlabgeo.com\/product\/satlab-geobiz-solutions-2-0\/\",\"url\":\"https:\/\/www.satlabgeo.com\/product\/satlab-geobiz-solutions-2-0\/\",\"name\":\"SGS 2.0 Post-processing Software | Global Satellite Positioning Solutions | SatLab Geosolutions AB\",\"isPartOf\":{\"@id\":\"https:\/\/www.satlabgeo.com\/#website\"},\"datePublished\":\"2024-05-22T03:53:12+00:00\",\"dateModified\":\"2025-06-17T23:11:08+00:00\",\"breadcrumb\":{\"@id\":\"https:\/\/www.satlabgeo.com\/product\/satlab-geobiz-solutions-2-0\/#breadcrumb\"},\"inLanguage\":\"fr-FR\",\"potentialAction\":[{\"@type\":\"ReadAction\",\"target\":[\"https:\/\/www.satlabgeo.com\/product\/satlab-geobiz-solutions-2-0\/\"]}]},{\"@type\":\"BreadcrumbList\",\"@id\":\"https:\/\/www.satlabgeo.com\/product\/satlab-geobiz-solutions-2-0\/#breadcrumb\",\"itemListElement\":[{\"@type\":\"ListItem\",\"position\":1,\"name\":\"Home\",\"item\":\"https:\/\/www.satlabgeo.com\/\"},{\"@type\":\"ListItem\",\"position\":2,\"name\":\"Products\",\"item\":\"https:\/\/www.satlabgeo.com\/products\/\"},{\"@type\":\"ListItem\",\"position\":3,\"name\":\"SGS 2.0 Post-processing Software\"}]},{\"@type\":\"WebSite\",\"@id\":\"https:\/\/www.satlabgeo.com\/#website\",\"url\":\"https:\/\/www.satlabgeo.com\/\",\"name\":\"Global Satellite Positioning Solutions | SatLab Geosolutions AB\",\"description\":\"\",\"publisher\":{\"@id\":\"https:\/\/www.satlabgeo.com\/#organization\"},\"potentialAction\":[{\"@type\":\"SearchAction\",\"target\":{\"@type\":\"EntryPoint\",\"urlTemplate\":\"https:\/\/www.satlabgeo.com\/?s={search_term_string}\"},\"query-input\":\"required name=search_term_string\"}],\"inLanguage\":\"fr-FR\"},{\"@type\":\"Organization\",\"@id\":\"https:\/\/www.satlabgeo.com\/#organization\",\"name\":\"Global Satellite Positioning Solutions | SatLab Geosolutions AB\",\"url\":\"https:\/\/www.satlabgeo.com\/\",\"sameAs\":[],\"logo\":{\"@type\":\"ImageObject\",\"inLanguage\":\"fr-FR\",\"@id\":\"https:\/\/www.satlabgeo.com\/#\/schema\/logo\/image\/\",\"url\":\"https:\/\/www.satlabgeo.com\/wp-content\/uploads\/2025\/08\/satlab-logo.webp\",\"contentUrl\":\"https:\/\/www.satlabgeo.com\/wp-content\/uploads\/2025\/08\/satlab-logo.webp\",\"width\":191,\"height\":48,\"caption\":\"Global Satellite Positioning Solutions | SatLab Geosolutions AB\"},\"image\":{\"@id\":\"https:\/\/www.satlabgeo.com\/#\/schema\/logo\/image\/\"}}]}<\/script>\n<!-- \/ Yoast SEO plugin. -->","yoast_head_json":{"title":"SGS 2.0 Post-processing Software | Global Satellite Positioning Solutions | SatLab Geosolutions AB","robots":{"index":"index","follow":"follow","max-snippet":"max-snippet:-1","max-image-preview":"max-image-preview:large","max-video-preview":"max-video-preview:-1"},"canonical":"https:\/\/www.satlabgeo.com\/fr\/product\/satlab-geobiz-solutions-2-0\/","og_locale":"fr_FR","og_type":"article","og_title":"SGS 2.0 Post-processing Software | Global Satellite Positioning Solutions | SatLab Geosolutions AB","og_description":"SatLab Geobiz Solutions 2.0 (SGS 2.0) is an integrated office software that incorporates modules such as GNSS, RTK, Total Station, UAV, etc. It eliminates the hassle of switching data between different types of processing software, simplifies the workflow, and improves data processing efficiency. SGS 2.0 is very suitable for processing data collected from multiple types of surveying products within the same project.","og_url":"https:\/\/www.satlabgeo.com\/fr\/product\/satlab-geobiz-solutions-2-0\/","og_site_name":"Global Satellite Positioning Solutions | SatLab Geosolutions AB","article_modified_time":"2025-06-17T23:11:08+00:00","og_image":[{"width":744,"height":705,"url":"https:\/\/www.satlabgeo.com\/wp-content\/uploads\/2024\/05\/SGS-2.0-post-processing-software.png","type":"image\/png"}],"twitter_card":"summary_large_image","twitter_misc":{"Dur\u00e9e de lecture estim\u00e9e":"1 minute"},"schema":{"@context":"https:\/\/schema.org","@graph":[{"@type":"WebPage","@id":"https:\/\/www.satlabgeo.com\/product\/satlab-geobiz-solutions-2-0\/","url":"https:\/\/www.satlabgeo.com\/product\/satlab-geobiz-solutions-2-0\/","name":"SGS 2.0 Post-processing Software | Global Satellite Positioning Solutions | SatLab Geosolutions AB","isPartOf":{"@id":"https:\/\/www.satlabgeo.com\/#website"},"datePublished":"2024-05-22T03:53:12+00:00","dateModified":"2025-06-17T23:11:08+00:00","breadcrumb":{"@id":"https:\/\/www.satlabgeo.com\/product\/satlab-geobiz-solutions-2-0\/#breadcrumb"},"inLanguage":"fr-FR","potentialAction":[{"@type":"ReadAction","target":["https:\/\/www.satlabgeo.com\/product\/satlab-geobiz-solutions-2-0\/"]}]},{"@type":"BreadcrumbList","@id":"https:\/\/www.satlabgeo.com\/product\/satlab-geobiz-solutions-2-0\/#breadcrumb","itemListElement":[{"@type":"ListItem","position":1,"name":"Home","item":"https:\/\/www.satlabgeo.com\/"},{"@type":"ListItem","position":2,"name":"Products","item":"https:\/\/www.satlabgeo.com\/products\/"},{"@type":"ListItem","position":3,"name":"SGS 2.0 Post-processing Software"}]},{"@type":"WebSite","@id":"https:\/\/www.satlabgeo.com\/#website","url":"https:\/\/www.satlabgeo.com\/","name":"Global Satellite Positioning Solutions | SatLab Geosolutions AB","description":"","publisher":{"@id":"https:\/\/www.satlabgeo.com\/#organization"},"potentialAction":[{"@type":"SearchAction","target":{"@type":"EntryPoint","urlTemplate":"https:\/\/www.satlabgeo.com\/?s={search_term_string}"},"query-input":"required name=search_term_string"}],"inLanguage":"fr-FR"},{"@type":"Organization","@id":"https:\/\/www.satlabgeo.com\/#organization","name":"Global Satellite Positioning Solutions | SatLab Geosolutions AB","url":"https:\/\/www.satlabgeo.com\/","sameAs":[],"logo":{"@type":"ImageObject","inLanguage":"fr-FR","@id":"https:\/\/www.satlabgeo.com\/#\/schema\/logo\/image\/","url":"https:\/\/www.satlabgeo.com\/wp-content\/uploads\/2025\/08\/satlab-logo.webp","contentUrl":"https:\/\/www.satlabgeo.com\/wp-content\/uploads\/2025\/08\/satlab-logo.webp","width":191,"height":48,"caption":"Global Satellite Positioning Solutions | SatLab Geosolutions AB"},"image":{"@id":"https:\/\/www.satlabgeo.com\/#\/schema\/logo\/image\/"}}]}},"_links":{"self":[{"href":"https:\/\/www.satlabgeo.com\/fr\/wp-json\/wp\/v2\/product\/1739"}],"collection":[{"href":"https:\/\/www.satlabgeo.com\/fr\/wp-json\/wp\/v2\/product"}],"about":[{"href":"https:\/\/www.satlabgeo.com\/fr\/wp-json\/wp\/v2\/types\/product"}],"replies":[{"embeddable":true,"href":"https:\/\/www.satlabgeo.com\/fr\/wp-json\/wp\/v2\/comments?post=1739"}],"version-history":[{"count":1,"href":"https:\/\/www.satlabgeo.com\/fr\/wp-json\/wp\/v2\/product\/1739\/revisions"}],"predecessor-version":[{"id":2654,"href":"https:\/\/www.satlabgeo.com\/fr\/wp-json\/wp\/v2\/product\/1739\/revisions\/2654"}],"wp:featuredmedia":[{"embeddable":true,"href":"https:\/\/www.satlabgeo.com\/fr\/wp-json\/wp\/v2\/media\/1749"}],"wp:attachment":[{"href":"https:\/\/www.satlabgeo.com\/fr\/wp-json\/wp\/v2\/media?parent=1739"}],"wp:term":[{"taxonomy":"product_cat","embeddable":true,"href":"https:\/\/www.satlabgeo.com\/fr\/wp-json\/wp\/v2\/product_cat?post=1739"},{"taxonomy":"product_tag","embeddable":true,"href":"https:\/\/www.satlabgeo.com\/fr\/wp-json\/wp\/v2\/product_tag?post=1739"}],"curies":[{"name":"wp","href":"https:\/\/api.w.org\/{rel}","templated":true}]}}