{"id":1637,"date":"2024-05-10T07:31:20","date_gmt":"2024-05-10T07:31:20","guid":{"rendered":"https:\/\/www.satlabgeo.com\/?post_type=product&#038;p=1637"},"modified":"2025-11-27T02:33:30","modified_gmt":"2025-11-27T02:33:30","slug":"hydroboat-1500-usv","status":"publish","type":"product","link":"https:\/\/www.satlabgeo.com\/fr\/product\/hydroboat-1500-usv\/","title":{"rendered":"HydroBoat 1500 USV"},"content":{"rendered":"<p><img decoding=\"async\" src=\"https:\/\/www.satlabgeo.com\/wp-content\/uploads\/2024\/05\/Hydroboat-1500-Youtube-2048x1152-1.jpg\" alt=\"v\u00e9hicule sans pilote intelligent\" \/><\/p>\n<h3 title=\"v\u00e9hicule sans pilote intelligent\">Capacit\u00e9 de charge utile exceptionnelle<\/h3>\n<p>Peut accueillir jusqu&#039;\u00e0 60 kg de charges utiles gr\u00e2ce \u00e0 une conception traversante pour s&#039;adapter \u00e0 diverses t\u00e2ches d&#039;arpentage.<\/p>\n<h3 title=\"navires de surveillance sans pilote\">Contr\u00f4le Android intuitif<\/h3>\n<p>Simplifiez vos op\u00e9rations avec le logiciel convivial SLHydro USV, dot\u00e9 de fonctions de planification d&#039;itin\u00e9raire, de contr\u00f4le du bateau et de surveillance de l&#039;\u00e9tat.<\/p>\n<h3 title=\"navire autonome\">Transmission \u00e0 port\u00e9e illimit\u00e9e<\/h3>\n<p>B\u00e9n\u00e9ficiez d&#039;un contr\u00f4le et d&#039;une communication \u00e0 double canal 4G et 2,4G pour une port\u00e9e illimit\u00e9e et une collecte de donn\u00e9es en temps r\u00e9el, m\u00eame depuis le bureau.<\/p>\n<h3>S\u00e9curit\u00e9 sans compromis<\/h3>\n<p>Naviguez en toute confiance gr\u00e2ce \u00e0 une cam\u00e9ra omnidirectionnelle \u00e0 360\u00b0, un radar \u00e0 ondes millim\u00e9triques, une coque anti-naufrage \u00e0 double couche et des capacit\u00e9s de vol stationnaire en eau peu profonde.<\/p>\n<div style=\"text-align: center, max-width: 640px; margin: 0 auto;\"><video width=\"300\" height=\"150\" class=\"wp-video-shortcode\" preload=\"metadata\" controls=\"controls\"><source type=\"video\/youtube\" src=\"https:\/\/youtu.be\/8KzI6mkGlLE\" \/><\/video><\/div>","protected":false},"excerpt":{"rendered":"<p>L&#039;HydroBoat 1500 est un v\u00e9hicule sans pilote (USV) polyvalent et intelligent, con\u00e7u pour les relev\u00e9s topographiques sous-marins de lacs, rivi\u00e8res et r\u00e9servoirs. Il embarque le syst\u00e8me d&#039;\u00e9chosondeur multifaisceaux portable HydroBeam M4. \u00c9quip\u00e9 d&#039;un r\u00e9cepteur GNSS haute pr\u00e9cision et d&#039;une centrale inertielle (IMU) pour le positionnement et l&#039;orientation, l&#039;HydroBoat 1500 garantit une pr\u00e9cision subm\u00e9trique, m\u00eame en cas de blocage des signaux satellites. Sa coque l\u00e9g\u00e8re et robuste, certifi\u00e9e IP67, ainsi que ses quatre puissants propulseurs lat\u00e9raux optimisent sa mobilit\u00e9 et sa flexibilit\u00e9, lui permettant de s&#039;adapter facilement \u00e0 divers environnements aquatiques et de r\u00e9aliser efficacement des relev\u00e9s de terrain sous-marin.<\/p>","protected":false},"featured_media":1782,"comment_status":"open","ping_status":"closed","template":"","meta":{"_links_to":"","_links_to_target":""},"product_cat":[73],"product_tag":[],"yoast_head":"<!-- This site is optimized with the Yoast SEO plugin v19.8 - https:\/\/yoast.com\/wordpress\/plugins\/seo\/ -->\n<title>HydroBoat 1500 USV | SatLab<\/title>\n<meta name=\"description\" content=\"HydroBoat 1500 is a versatile, intelligent USV designed for underwater topographic surveys of lakes, reservoirs by carrying the HydroBeam M4 Portable MEBS.\" \/>\n<meta name=\"robots\" content=\"index, follow, max-snippet:-1, max-image-preview:large, max-video-preview:-1\" \/>\n<link rel=\"canonical\" href=\"https:\/\/www.satlabgeo.com\/fr\/product\/hydroboat-1500-usv\/\" \/>\n<meta property=\"og:locale\" content=\"fr_FR\" \/>\n<meta property=\"og:type\" content=\"article\" \/>\n<meta property=\"og:title\" content=\"HydroBoat 1500 USV | SatLab\" \/>\n<meta property=\"og:description\" content=\"HydroBoat 1500 is a versatile, intelligent USV designed for underwater topographic surveys of lakes, reservoirs by carrying the HydroBeam M4 Portable MEBS.\" \/>\n<meta property=\"og:url\" content=\"https:\/\/www.satlabgeo.com\/fr\/product\/hydroboat-1500-usv\/\" \/>\n<meta property=\"og:site_name\" content=\"Global Satellite Positioning Solutions | SatLab Geosolutions AB\" \/>\n<meta property=\"article:modified_time\" content=\"2025-11-27T02:33:30+00:00\" \/>\n<meta property=\"og:image\" content=\"https:\/\/www.satlabgeo.com\/wp-content\/uploads\/2024\/05\/1.6.png\" \/>\n\t<meta property=\"og:image:width\" content=\"300\" \/>\n\t<meta property=\"og:image:height\" content=\"229\" \/>\n\t<meta property=\"og:image:type\" content=\"image\/png\" \/>\n<meta name=\"twitter:card\" content=\"summary_large_image\" \/>\n<meta name=\"twitter:label1\" content=\"Dur\u00e9e de lecture estim\u00e9e\" \/>\n\t<meta name=\"twitter:data1\" content=\"1 minute\" \/>\n<script type=\"application\/ld+json\" class=\"yoast-schema-graph\">{\"@context\":\"https:\/\/schema.org\",\"@graph\":[{\"@type\":\"WebPage\",\"@id\":\"https:\/\/www.satlabgeo.com\/product\/hydroboat-1500-usv\/\",\"url\":\"https:\/\/www.satlabgeo.com\/product\/hydroboat-1500-usv\/\",\"name\":\"HydroBoat 1500 USV | SatLab\",\"isPartOf\":{\"@id\":\"https:\/\/www.satlabgeo.com\/#website\"},\"datePublished\":\"2024-05-10T07:31:20+00:00\",\"dateModified\":\"2025-11-27T02:33:30+00:00\",\"description\":\"HydroBoat 1500 is a versatile, intelligent USV designed for underwater topographic surveys of lakes, reservoirs by carrying the HydroBeam M4 Portable MEBS.\",\"breadcrumb\":{\"@id\":\"https:\/\/www.satlabgeo.com\/product\/hydroboat-1500-usv\/#breadcrumb\"},\"inLanguage\":\"fr-FR\",\"potentialAction\":[{\"@type\":\"ReadAction\",\"target\":[\"https:\/\/www.satlabgeo.com\/product\/hydroboat-1500-usv\/\"]}]},{\"@type\":\"BreadcrumbList\",\"@id\":\"https:\/\/www.satlabgeo.com\/product\/hydroboat-1500-usv\/#breadcrumb\",\"itemListElement\":[{\"@type\":\"ListItem\",\"position\":1,\"name\":\"Home\",\"item\":\"https:\/\/www.satlabgeo.com\/\"},{\"@type\":\"ListItem\",\"position\":2,\"name\":\"Products\",\"item\":\"https:\/\/www.satlabgeo.com\/products\/\"},{\"@type\":\"ListItem\",\"position\":3,\"name\":\"HydroBoat 1500 USV\"}]},{\"@type\":\"WebSite\",\"@id\":\"https:\/\/www.satlabgeo.com\/#website\",\"url\":\"https:\/\/www.satlabgeo.com\/\",\"name\":\"Global Satellite Positioning Solutions | SatLab Geosolutions AB\",\"description\":\"\",\"publisher\":{\"@id\":\"https:\/\/www.satlabgeo.com\/#organization\"},\"potentialAction\":[{\"@type\":\"SearchAction\",\"target\":{\"@type\":\"EntryPoint\",\"urlTemplate\":\"https:\/\/www.satlabgeo.com\/?s={search_term_string}\"},\"query-input\":\"required name=search_term_string\"}],\"inLanguage\":\"fr-FR\"},{\"@type\":\"Organization\",\"@id\":\"https:\/\/www.satlabgeo.com\/#organization\",\"name\":\"Global Satellite Positioning Solutions | SatLab Geosolutions AB\",\"url\":\"https:\/\/www.satlabgeo.com\/\",\"sameAs\":[],\"logo\":{\"@type\":\"ImageObject\",\"inLanguage\":\"fr-FR\",\"@id\":\"https:\/\/www.satlabgeo.com\/#\/schema\/logo\/image\/\",\"url\":\"https:\/\/www.satlabgeo.com\/wp-content\/uploads\/2025\/08\/satlab-logo.webp\",\"contentUrl\":\"https:\/\/www.satlabgeo.com\/wp-content\/uploads\/2025\/08\/satlab-logo.webp\",\"width\":191,\"height\":48,\"caption\":\"Global Satellite Positioning Solutions | SatLab Geosolutions AB\"},\"image\":{\"@id\":\"https:\/\/www.satlabgeo.com\/#\/schema\/logo\/image\/\"}}]}<\/script>\n<!-- \/ Yoast SEO plugin. -->","yoast_head_json":{"title":"HydroBoat 1500 USV | SatLab","description":"HydroBoat 1500 is a versatile, intelligent USV designed for underwater topographic surveys of lakes, reservoirs by carrying the HydroBeam M4 Portable MEBS.","robots":{"index":"index","follow":"follow","max-snippet":"max-snippet:-1","max-image-preview":"max-image-preview:large","max-video-preview":"max-video-preview:-1"},"canonical":"https:\/\/www.satlabgeo.com\/fr\/product\/hydroboat-1500-usv\/","og_locale":"fr_FR","og_type":"article","og_title":"HydroBoat 1500 USV | SatLab","og_description":"HydroBoat 1500 is a versatile, intelligent USV designed for underwater topographic surveys of lakes, reservoirs by carrying the HydroBeam M4 Portable MEBS.","og_url":"https:\/\/www.satlabgeo.com\/fr\/product\/hydroboat-1500-usv\/","og_site_name":"Global Satellite Positioning Solutions | SatLab Geosolutions AB","article_modified_time":"2025-11-27T02:33:30+00:00","og_image":[{"width":300,"height":229,"url":"https:\/\/www.satlabgeo.com\/wp-content\/uploads\/2024\/05\/1.6.png","type":"image\/png"}],"twitter_card":"summary_large_image","twitter_misc":{"Dur\u00e9e de lecture estim\u00e9e":"1 minute"},"schema":{"@context":"https:\/\/schema.org","@graph":[{"@type":"WebPage","@id":"https:\/\/www.satlabgeo.com\/product\/hydroboat-1500-usv\/","url":"https:\/\/www.satlabgeo.com\/product\/hydroboat-1500-usv\/","name":"HydroBoat 1500 USV | SatLab","isPartOf":{"@id":"https:\/\/www.satlabgeo.com\/#website"},"datePublished":"2024-05-10T07:31:20+00:00","dateModified":"2025-11-27T02:33:30+00:00","description":"HydroBoat 1500 is a versatile, intelligent USV designed for underwater topographic surveys of lakes, reservoirs by carrying the HydroBeam M4 Portable MEBS.","breadcrumb":{"@id":"https:\/\/www.satlabgeo.com\/product\/hydroboat-1500-usv\/#breadcrumb"},"inLanguage":"fr-FR","potentialAction":[{"@type":"ReadAction","target":["https:\/\/www.satlabgeo.com\/product\/hydroboat-1500-usv\/"]}]},{"@type":"BreadcrumbList","@id":"https:\/\/www.satlabgeo.com\/product\/hydroboat-1500-usv\/#breadcrumb","itemListElement":[{"@type":"ListItem","position":1,"name":"Home","item":"https:\/\/www.satlabgeo.com\/"},{"@type":"ListItem","position":2,"name":"Products","item":"https:\/\/www.satlabgeo.com\/products\/"},{"@type":"ListItem","position":3,"name":"HydroBoat 1500 USV"}]},{"@type":"WebSite","@id":"https:\/\/www.satlabgeo.com\/#website","url":"https:\/\/www.satlabgeo.com\/","name":"Global Satellite Positioning Solutions | SatLab Geosolutions AB","description":"","publisher":{"@id":"https:\/\/www.satlabgeo.com\/#organization"},"potentialAction":[{"@type":"SearchAction","target":{"@type":"EntryPoint","urlTemplate":"https:\/\/www.satlabgeo.com\/?s={search_term_string}"},"query-input":"required name=search_term_string"}],"inLanguage":"fr-FR"},{"@type":"Organization","@id":"https:\/\/www.satlabgeo.com\/#organization","name":"Global Satellite Positioning Solutions | SatLab Geosolutions AB","url":"https:\/\/www.satlabgeo.com\/","sameAs":[],"logo":{"@type":"ImageObject","inLanguage":"fr-FR","@id":"https:\/\/www.satlabgeo.com\/#\/schema\/logo\/image\/","url":"https:\/\/www.satlabgeo.com\/wp-content\/uploads\/2025\/08\/satlab-logo.webp","contentUrl":"https:\/\/www.satlabgeo.com\/wp-content\/uploads\/2025\/08\/satlab-logo.webp","width":191,"height":48,"caption":"Global Satellite Positioning Solutions | SatLab Geosolutions AB"},"image":{"@id":"https:\/\/www.satlabgeo.com\/#\/schema\/logo\/image\/"}}]}},"_links":{"self":[{"href":"https:\/\/www.satlabgeo.com\/fr\/wp-json\/wp\/v2\/product\/1637"}],"collection":[{"href":"https:\/\/www.satlabgeo.com\/fr\/wp-json\/wp\/v2\/product"}],"about":[{"href":"https:\/\/www.satlabgeo.com\/fr\/wp-json\/wp\/v2\/types\/product"}],"replies":[{"embeddable":true,"href":"https:\/\/www.satlabgeo.com\/fr\/wp-json\/wp\/v2\/comments?post=1637"}],"version-history":[{"count":10,"href":"https:\/\/www.satlabgeo.com\/fr\/wp-json\/wp\/v2\/product\/1637\/revisions"}],"predecessor-version":[{"id":3207,"href":"https:\/\/www.satlabgeo.com\/fr\/wp-json\/wp\/v2\/product\/1637\/revisions\/3207"}],"wp:featuredmedia":[{"embeddable":true,"href":"https:\/\/www.satlabgeo.com\/fr\/wp-json\/wp\/v2\/media\/1782"}],"wp:attachment":[{"href":"https:\/\/www.satlabgeo.com\/fr\/wp-json\/wp\/v2\/media?parent=1637"}],"wp:term":[{"taxonomy":"product_cat","embeddable":true,"href":"https:\/\/www.satlabgeo.com\/fr\/wp-json\/wp\/v2\/product_cat?post=1637"},{"taxonomy":"product_tag","embeddable":true,"href":"https:\/\/www.satlabgeo.com\/fr\/wp-json\/wp\/v2\/product_tag?post=1637"}],"curies":[{"name":"wp","href":"https:\/\/api.w.org\/{rel}","templated":true}]}}