{"id":131,"date":"2022-01-31T13:45:29","date_gmt":"2022-01-31T13:45:29","guid":{"rendered":"https:\/\/www.satlabgeo.com\/?post_type=product&#038;p=131"},"modified":"2024-06-21T07:10:57","modified_gmt":"2024-06-21T07:10:57","slug":"slc-gnss-receiver","status":"publish","type":"product","link":"https:\/\/www.satlabgeo.com\/fr\/product\/slc-gnss-receiver\/","title":{"rendered":"R\u00e9cepteur GNSS SLC"},"content":{"rendered":"<h3>Solution polyvalente de haute pr\u00e9cision<\/h3>\n<p>Dot\u00e9 d&#039;une antenne interne de suivi bifr\u00e9quence \u00e0 constellation compl\u00e8te, le r\u00e9cepteur GNSS polyvalent SLC est capable d&#039;obtenir des donn\u00e9es pr\u00e9cises pour tout type d&#039;application sur le terrain. Tout logiciel Windows, Android ou iOS acceptant la position GNSS via un port s\u00e9rie est compatible avec le SLC, offrant ainsi une solution de positionnement de haute pr\u00e9cision pour un nombre quasi illimit\u00e9 d&#039;applications.<\/p>\n<h3>Efficace et fiable<\/h3>\n<p>\u00c9quip\u00e9 du moteur GNSS NovAtel OEM719, ce r\u00e9cepteur offre un positionnement pr\u00e9cis et une att\u00e9nuation avanc\u00e9e des interf\u00e9rences, m\u00eame dans les environnements les plus recul\u00e9s ou les plus difficiles. Gr\u00e2ce \u00e0 ses 555 canaux de suivi, il peut suivre tous les signaux actuels et \u00e0 venir, offrant un positionnement d&#039;une pr\u00e9cision inf\u00e9rieure au m\u00e8tre ou au centim\u00e8tre.<\/p>\n<figure><img decoding=\"async\" loading=\"lazy\" width=\"1043\" height=\"437\" src=\"https:\/\/www.satlabgeo.com\/wp-content\/uploads\/2022\/01\/product-info-photo.jpg\" alt=\"\" class=\"alignnone size-medium wp-image-132\" srcset=\"https:\/\/www.satlabgeo.com\/wp-content\/uploads\/2022\/01\/product-info-photo.jpg 1043w, https:\/\/www.satlabgeo.com\/wp-content\/uploads\/2022\/01\/product-info-photo-600x251.jpg 600w, https:\/\/www.satlabgeo.com\/wp-content\/uploads\/2022\/01\/product-info-photo-300x126.jpg 300w, https:\/\/www.satlabgeo.com\/wp-content\/uploads\/2022\/01\/product-info-photo-1024x429.jpg 1024w, https:\/\/www.satlabgeo.com\/wp-content\/uploads\/2022\/01\/product-info-photo-768x322.jpg 768w\" sizes=\"(max-width: 1043px) 100vw, 1043px\" \/><\/figure>\n<h3>Service de correction par satellite<\/h3>\n<p>Le SLC est dot\u00e9 des capacit\u00e9s TerraStar pour g\u00e9n\u00e9rer des orbites, des horloges, des biais et d&#039;autres param\u00e8tres syst\u00e8me GNSS de haute pr\u00e9cision gr\u00e2ce \u00e0 un r\u00e9seau mondial de stations de r\u00e9f\u00e9rence multi-GNSS et \u00e0 des algorithmes avanc\u00e9s. Ces donn\u00e9es permettent \u00e0 TerraStar de fournir des services de correction avec une pr\u00e9cision de positionnement subm\u00e9trique ou centim\u00e9trique au r\u00e9cepteur SLC. Vos corrections sont transmises en temps r\u00e9el, avec une latence minimale, via des satellites du monde entier.<\/p>","protected":false},"excerpt":{"rendered":"<p>Le SatLab SLC est un r\u00e9cepteur GNSS polyvalent, \u00e9quip\u00e9 d&#039;un modem industriel pour acc\u00e9der au r\u00e9seau sans fil et d&#039;un r\u00e9cepteur GNSS RTK \u00e0 commande par simple pression d&#039;un bouton pour une utilisation simplifi\u00e9e. Fixez votre tablette aux plaques de montage disponibles et connectez-la au modem 3,5 GHz. <strong><span style=\"color: #909090;\">GNSS <a href=\"https:\/\/www.satlabgeo.com\/fr\/product_category\/gnss\/\" style=\"color: #909090;\">RTK <\/a>r\u00e9cepteur<\/span>\u00a0<\/strong>Corrections pour une pr\u00e9cision de l&#039;ordre du cm. La connexion s\u00e9rie USB\/RS232 permet \u00e9galement une connexion radio UHF ou filaire \u00e0 l&#039;\u00e9cran.<\/p>","protected":false},"featured_media":350,"comment_status":"open","ping_status":"closed","template":"","meta":{"_links_to":"","_links_to_target":""},"product_cat":[26],"product_tag":[],"yoast_head":"<!-- This site is optimized with the Yoast SEO plugin v19.8 - https:\/\/yoast.com\/wordpress\/plugins\/seo\/ -->\n<title>SLC GNSS Receiver | Global Satellite Positioning Solutions | SatLab Geosolutions AB<\/title>\n<meta name=\"robots\" content=\"index, follow, max-snippet:-1, max-image-preview:large, max-video-preview:-1\" \/>\n<link rel=\"canonical\" href=\"https:\/\/www.satlabgeo.com\/fr\/product\/slc-gnss-receiver\/\" \/>\n<meta property=\"og:locale\" content=\"fr_FR\" \/>\n<meta property=\"og:type\" content=\"article\" \/>\n<meta property=\"og:title\" content=\"SLC GNSS Receiver | Global Satellite Positioning Solutions | SatLab Geosolutions AB\" \/>\n<meta property=\"og:description\" content=\"SatLab SLC is a multi-purpose GNSS receiver, armed with an industrial modem to access the wireless network and a one-button operation of rtk gnss receiver for easy usage. Attach your tablet to the mounting plates available and connect it to the 3.5G modem, with GNSS RTK receiver\u00a0corrections for cm accuracy. The USB\/RS232 serial connection also allows for UHF radio connection or wired connection to the display.\" \/>\n<meta property=\"og:url\" content=\"https:\/\/www.satlabgeo.com\/fr\/product\/slc-gnss-receiver\/\" \/>\n<meta property=\"og:site_name\" content=\"Global Satellite Positioning Solutions | SatLab Geosolutions AB\" \/>\n<meta property=\"article:modified_time\" content=\"2024-06-21T07:10:57+00:00\" \/>\n<meta property=\"og:image\" content=\"https:\/\/www.satlabgeo.com\/wp-content\/uploads\/2022\/01\/SLC-04.png\" \/>\n\t<meta property=\"og:image:width\" content=\"248\" \/>\n\t<meta property=\"og:image:height\" content=\"235\" \/>\n\t<meta property=\"og:image:type\" content=\"image\/png\" \/>\n<meta name=\"twitter:card\" content=\"summary_large_image\" \/>\n<meta name=\"twitter:label1\" content=\"Dur\u00e9e de lecture estim\u00e9e\" \/>\n\t<meta name=\"twitter:data1\" content=\"1 minute\" \/>\n<script type=\"application\/ld+json\" class=\"yoast-schema-graph\">{\"@context\":\"https:\/\/schema.org\",\"@graph\":[{\"@type\":\"WebPage\",\"@id\":\"https:\/\/www.satlabgeo.com\/product\/slc-gnss-receiver\/\",\"url\":\"https:\/\/www.satlabgeo.com\/product\/slc-gnss-receiver\/\",\"name\":\"SLC GNSS Receiver | Global Satellite Positioning Solutions | SatLab Geosolutions AB\",\"isPartOf\":{\"@id\":\"https:\/\/www.satlabgeo.com\/#website\"},\"datePublished\":\"2022-01-31T13:45:29+00:00\",\"dateModified\":\"2024-06-21T07:10:57+00:00\",\"breadcrumb\":{\"@id\":\"https:\/\/www.satlabgeo.com\/product\/slc-gnss-receiver\/#breadcrumb\"},\"inLanguage\":\"fr-FR\",\"potentialAction\":[{\"@type\":\"ReadAction\",\"target\":[\"https:\/\/www.satlabgeo.com\/product\/slc-gnss-receiver\/\"]}]},{\"@type\":\"BreadcrumbList\",\"@id\":\"https:\/\/www.satlabgeo.com\/product\/slc-gnss-receiver\/#breadcrumb\",\"itemListElement\":[{\"@type\":\"ListItem\",\"position\":1,\"name\":\"Home\",\"item\":\"https:\/\/www.satlabgeo.com\/\"},{\"@type\":\"ListItem\",\"position\":2,\"name\":\"Products\",\"item\":\"https:\/\/www.satlabgeo.com\/products\/\"},{\"@type\":\"ListItem\",\"position\":3,\"name\":\"SLC GNSS Receiver\"}]},{\"@type\":\"WebSite\",\"@id\":\"https:\/\/www.satlabgeo.com\/#website\",\"url\":\"https:\/\/www.satlabgeo.com\/\",\"name\":\"Global Satellite Positioning Solutions | SatLab Geosolutions AB\",\"description\":\"\",\"publisher\":{\"@id\":\"https:\/\/www.satlabgeo.com\/#organization\"},\"potentialAction\":[{\"@type\":\"SearchAction\",\"target\":{\"@type\":\"EntryPoint\",\"urlTemplate\":\"https:\/\/www.satlabgeo.com\/?s={search_term_string}\"},\"query-input\":\"required name=search_term_string\"}],\"inLanguage\":\"fr-FR\"},{\"@type\":\"Organization\",\"@id\":\"https:\/\/www.satlabgeo.com\/#organization\",\"name\":\"Global Satellite Positioning Solutions | SatLab Geosolutions AB\",\"url\":\"https:\/\/www.satlabgeo.com\/\",\"sameAs\":[],\"logo\":{\"@type\":\"ImageObject\",\"inLanguage\":\"fr-FR\",\"@id\":\"https:\/\/www.satlabgeo.com\/#\/schema\/logo\/image\/\",\"url\":\"https:\/\/www.satlabgeo.com\/wp-content\/uploads\/2025\/08\/satlab-logo.webp\",\"contentUrl\":\"https:\/\/www.satlabgeo.com\/wp-content\/uploads\/2025\/08\/satlab-logo.webp\",\"width\":191,\"height\":48,\"caption\":\"Global Satellite Positioning Solutions | SatLab Geosolutions AB\"},\"image\":{\"@id\":\"https:\/\/www.satlabgeo.com\/#\/schema\/logo\/image\/\"}}]}<\/script>\n<!-- \/ Yoast SEO plugin. -->","yoast_head_json":{"title":"SLC GNSS Receiver | Global Satellite Positioning Solutions | SatLab Geosolutions AB","robots":{"index":"index","follow":"follow","max-snippet":"max-snippet:-1","max-image-preview":"max-image-preview:large","max-video-preview":"max-video-preview:-1"},"canonical":"https:\/\/www.satlabgeo.com\/fr\/product\/slc-gnss-receiver\/","og_locale":"fr_FR","og_type":"article","og_title":"SLC GNSS Receiver | Global Satellite Positioning Solutions | SatLab Geosolutions AB","og_description":"SatLab SLC is a multi-purpose GNSS receiver, armed with an industrial modem to access the wireless network and a one-button operation of rtk gnss receiver for easy usage. Attach your tablet to the mounting plates available and connect it to the 3.5G modem, with GNSS RTK receiver\u00a0corrections for cm accuracy. The USB\/RS232 serial connection also allows for UHF radio connection or wired connection to the display.","og_url":"https:\/\/www.satlabgeo.com\/fr\/product\/slc-gnss-receiver\/","og_site_name":"Global Satellite Positioning Solutions | SatLab Geosolutions AB","article_modified_time":"2024-06-21T07:10:57+00:00","og_image":[{"width":248,"height":235,"url":"https:\/\/www.satlabgeo.com\/wp-content\/uploads\/2022\/01\/SLC-04.png","type":"image\/png"}],"twitter_card":"summary_large_image","twitter_misc":{"Dur\u00e9e de lecture estim\u00e9e":"1 minute"},"schema":{"@context":"https:\/\/schema.org","@graph":[{"@type":"WebPage","@id":"https:\/\/www.satlabgeo.com\/product\/slc-gnss-receiver\/","url":"https:\/\/www.satlabgeo.com\/product\/slc-gnss-receiver\/","name":"SLC GNSS Receiver | Global Satellite Positioning Solutions | SatLab Geosolutions AB","isPartOf":{"@id":"https:\/\/www.satlabgeo.com\/#website"},"datePublished":"2022-01-31T13:45:29+00:00","dateModified":"2024-06-21T07:10:57+00:00","breadcrumb":{"@id":"https:\/\/www.satlabgeo.com\/product\/slc-gnss-receiver\/#breadcrumb"},"inLanguage":"fr-FR","potentialAction":[{"@type":"ReadAction","target":["https:\/\/www.satlabgeo.com\/product\/slc-gnss-receiver\/"]}]},{"@type":"BreadcrumbList","@id":"https:\/\/www.satlabgeo.com\/product\/slc-gnss-receiver\/#breadcrumb","itemListElement":[{"@type":"ListItem","position":1,"name":"Home","item":"https:\/\/www.satlabgeo.com\/"},{"@type":"ListItem","position":2,"name":"Products","item":"https:\/\/www.satlabgeo.com\/products\/"},{"@type":"ListItem","position":3,"name":"SLC GNSS Receiver"}]},{"@type":"WebSite","@id":"https:\/\/www.satlabgeo.com\/#website","url":"https:\/\/www.satlabgeo.com\/","name":"Global Satellite Positioning Solutions | SatLab Geosolutions AB","description":"","publisher":{"@id":"https:\/\/www.satlabgeo.com\/#organization"},"potentialAction":[{"@type":"SearchAction","target":{"@type":"EntryPoint","urlTemplate":"https:\/\/www.satlabgeo.com\/?s={search_term_string}"},"query-input":"required name=search_term_string"}],"inLanguage":"fr-FR"},{"@type":"Organization","@id":"https:\/\/www.satlabgeo.com\/#organization","name":"Global Satellite Positioning Solutions | SatLab Geosolutions AB","url":"https:\/\/www.satlabgeo.com\/","sameAs":[],"logo":{"@type":"ImageObject","inLanguage":"fr-FR","@id":"https:\/\/www.satlabgeo.com\/#\/schema\/logo\/image\/","url":"https:\/\/www.satlabgeo.com\/wp-content\/uploads\/2025\/08\/satlab-logo.webp","contentUrl":"https:\/\/www.satlabgeo.com\/wp-content\/uploads\/2025\/08\/satlab-logo.webp","width":191,"height":48,"caption":"Global Satellite Positioning Solutions | SatLab Geosolutions AB"},"image":{"@id":"https:\/\/www.satlabgeo.com\/#\/schema\/logo\/image\/"}}]}},"_links":{"self":[{"href":"https:\/\/www.satlabgeo.com\/fr\/wp-json\/wp\/v2\/product\/131"}],"collection":[{"href":"https:\/\/www.satlabgeo.com\/fr\/wp-json\/wp\/v2\/product"}],"about":[{"href":"https:\/\/www.satlabgeo.com\/fr\/wp-json\/wp\/v2\/types\/product"}],"replies":[{"embeddable":true,"href":"https:\/\/www.satlabgeo.com\/fr\/wp-json\/wp\/v2\/comments?post=131"}],"version-history":[{"count":1,"href":"https:\/\/www.satlabgeo.com\/fr\/wp-json\/wp\/v2\/product\/131\/revisions"}],"predecessor-version":[{"id":349,"href":"https:\/\/www.satlabgeo.com\/fr\/wp-json\/wp\/v2\/product\/131\/revisions\/349"}],"wp:featuredmedia":[{"embeddable":true,"href":"https:\/\/www.satlabgeo.com\/fr\/wp-json\/wp\/v2\/media\/350"}],"wp:attachment":[{"href":"https:\/\/www.satlabgeo.com\/fr\/wp-json\/wp\/v2\/media?parent=131"}],"wp:term":[{"taxonomy":"product_cat","embeddable":true,"href":"https:\/\/www.satlabgeo.com\/fr\/wp-json\/wp\/v2\/product_cat?post=131"},{"taxonomy":"product_tag","embeddable":true,"href":"https:\/\/www.satlabgeo.com\/fr\/wp-json\/wp\/v2\/product_tag?post=131"}],"curies":[{"name":"wp","href":"https:\/\/api.w.org\/{rel}","templated":true}]}}