{"id":1277,"date":"2023-10-10T08:00:08","date_gmt":"2023-10-10T08:00:08","guid":{"rendered":"https:\/\/www.satlabgeo.com\/?post_type=product&#038;p=1277"},"modified":"2025-04-23T08:59:55","modified_gmt":"2025-04-23T08:59:55","slug":"hydrobeam-m4-multi-beam-echo-sounder","status":"publish","type":"product","link":"https:\/\/www.satlabgeo.com\/fr\/product\/hydrobeam-m4-multi-beam-echo-sounder\/","title":{"rendered":"\u00c9chosondeur multifaisceaux HydroBeam M4"},"content":{"rendered":"<div class=\"landscape\"><a href=\"https:\/\/www.satlabgeo.com\/fr\/contact-us\/\"><img decoding=\"async\" src=\"https:\/\/www.satlabgeo.com\/wp-content\/uploads\/2023\/10\/M4-FB-851x315-1.jpg\" alt=\"\u00c9chosondeur multifaisceaux M4\" class=\"aligncenter\" \/><\/a><\/div>\n<p>&nbsp;<\/p>\n<h4>Compatibilit\u00e9 diversifi\u00e9e<\/h4>\n<p>La forme cylindrique compacte de \u03a6228 mm et la conception l\u00e9g\u00e8re de 5,9 kg le rendent facilement compatible avec diverses plates-formes sans pilote et facilitent le transport et le d\u00e9ploiement dans divers environnements.<\/p>\n<h4>Performances fiables et int\u00e9gration transparente<\/h4>\n<p>Prend en charge jusqu&#039;\u00e0 1024 faisceaux haute densit\u00e9 avec des r\u00e9solutions allant jusqu&#039;\u00e0 7,5 mm, garantissant des performances et une pr\u00e9cision \u00e9lev\u00e9es dans diff\u00e9rentes t\u00e2ches et conditions. L&#039;INS et le SVS int\u00e9gr\u00e9s au transducteur \u00e9liminent l&#039;\u00e9talonnage complexe de l&#039;attitude, simplifient la configuration et r\u00e9duisent les temps d&#039;arr\u00eat.<\/p>\n<h4>Haute efficacit\u00e9 et fonctionnement intelligent<\/h4>\n<p>Largeur de balayage r\u00e9glable de 8\u00b0 \u00e0 150\u00b0 pour une couverture en profondeur jusqu&#039;\u00e0 7,5 fois sup\u00e9rieure, r\u00e9duisant ainsi les r\u00e9p\u00e9titions de lev\u00e9s et augmentant l&#039;efficacit\u00e9 globale. Un logiciel de lev\u00e9 fonctionnel et intelligent permet aux op\u00e9rateurs de suivre la progression du lev\u00e9 et de r\u00e9duire les op\u00e9rations manuelles. Il prend en charge l&#039;acc\u00e8s aux appareils Kongsberg, R2sonic, Reson et autres.<\/p>","protected":false},"excerpt":{"rendered":"<p>L&#039;HydroBeam M4 est un syst\u00e8me bathym\u00e9trique multifaisceaux portable, ing\u00e9nieux et compact, d\u00e9velopp\u00e9 par SatLab. Sa pr\u00e9cision exceptionnelle, sans \u00e9talonnage fr\u00e9quent, en fait un choix id\u00e9al pour les op\u00e9rations l\u00e9g\u00e8res.<\/p>\n<p>Sa conception compacte, associ\u00e9e \u00e0 ses fonctionnalit\u00e9s intelligentes et \u00e0 son transducteur circulaire, permet un d\u00e9ploiement ais\u00e9 sur diverses plateformes, notamment les USV, les AUV et les ROV. Cette polyvalence permet aux utilisateurs d&#039;effectuer rapidement des mesures pr\u00e9cises, o\u00f9 qu&#039;ils soient et \u00e0 tout moment, les lib\u00e9rant ainsi des contraintes des syst\u00e8mes multifaisceaux traditionnels. De plus, elle garantit la fiabilit\u00e9 et la stabilit\u00e9 des missions sans pilote dans des environnements vari\u00e9s, des lacs paisibles et des rivi\u00e8res sinueuses aux ports, terminaux et voies navigables complexes.<\/p>","protected":false},"featured_media":1281,"comment_status":"open","ping_status":"closed","template":"","meta":{"_links_to":"","_links_to_target":""},"product_cat":[73],"product_tag":[],"yoast_head":"<!-- This site is optimized with the Yoast SEO plugin v19.8 - https:\/\/yoast.com\/wordpress\/plugins\/seo\/ -->\n<title>HydroBeam M4 Multi-Beam Echo Sounder | SatLab<\/title>\n<meta name=\"description\" content=\"HydroBeam M4 Multi-Beam Echo Sounder is a portable multi-beam bathymetry system suitable for various rivers, lakes, and complex waterways.\" \/>\n<meta name=\"robots\" content=\"index, follow, max-snippet:-1, max-image-preview:large, max-video-preview:-1\" \/>\n<link rel=\"canonical\" href=\"https:\/\/www.satlabgeo.com\/fr\/product\/hydrobeam-m4-multi-beam-echo-sounder\/\" \/>\n<meta property=\"og:locale\" content=\"fr_FR\" \/>\n<meta property=\"og:type\" content=\"article\" \/>\n<meta property=\"og:title\" content=\"HydroBeam M4 Multi-Beam Echo Sounder | SatLab\" \/>\n<meta property=\"og:description\" content=\"HydroBeam M4 Multi-Beam Echo Sounder is a portable multi-beam bathymetry system suitable for various rivers, lakes, and complex waterways.\" \/>\n<meta property=\"og:url\" content=\"https:\/\/www.satlabgeo.com\/fr\/product\/hydrobeam-m4-multi-beam-echo-sounder\/\" \/>\n<meta property=\"og:site_name\" content=\"Global Satellite Positioning Solutions | SatLab Geosolutions AB\" \/>\n<meta property=\"article:modified_time\" content=\"2025-04-23T08:59:55+00:00\" \/>\n<meta property=\"og:image\" content=\"https:\/\/www.satlabgeo.com\/wp-content\/uploads\/2023\/10\/M4800-800.png\" \/>\n\t<meta property=\"og:image:width\" content=\"800\" \/>\n\t<meta property=\"og:image:height\" content=\"800\" \/>\n\t<meta property=\"og:image:type\" content=\"image\/png\" \/>\n<meta name=\"twitter:card\" content=\"summary_large_image\" \/>\n<meta name=\"twitter:label1\" content=\"Dur\u00e9e de lecture estim\u00e9e\" \/>\n\t<meta name=\"twitter:data1\" content=\"1 minute\" \/>\n<script type=\"application\/ld+json\" class=\"yoast-schema-graph\">{\"@context\":\"https:\/\/schema.org\",\"@graph\":[{\"@type\":\"WebPage\",\"@id\":\"https:\/\/www.satlabgeo.com\/product\/hydrobeam-m4-multi-beam-echo-sounder\/\",\"url\":\"https:\/\/www.satlabgeo.com\/product\/hydrobeam-m4-multi-beam-echo-sounder\/\",\"name\":\"HydroBeam M4 Multi-Beam Echo Sounder | SatLab\",\"isPartOf\":{\"@id\":\"https:\/\/www.satlabgeo.com\/#website\"},\"datePublished\":\"2023-10-10T08:00:08+00:00\",\"dateModified\":\"2025-04-23T08:59:55+00:00\",\"description\":\"HydroBeam M4 Multi-Beam Echo Sounder is a portable multi-beam bathymetry system suitable for various rivers, lakes, and complex waterways.\",\"breadcrumb\":{\"@id\":\"https:\/\/www.satlabgeo.com\/product\/hydrobeam-m4-multi-beam-echo-sounder\/#breadcrumb\"},\"inLanguage\":\"fr-FR\",\"potentialAction\":[{\"@type\":\"ReadAction\",\"target\":[\"https:\/\/www.satlabgeo.com\/product\/hydrobeam-m4-multi-beam-echo-sounder\/\"]}]},{\"@type\":\"BreadcrumbList\",\"@id\":\"https:\/\/www.satlabgeo.com\/product\/hydrobeam-m4-multi-beam-echo-sounder\/#breadcrumb\",\"itemListElement\":[{\"@type\":\"ListItem\",\"position\":1,\"name\":\"Home\",\"item\":\"https:\/\/www.satlabgeo.com\/\"},{\"@type\":\"ListItem\",\"position\":2,\"name\":\"Products\",\"item\":\"https:\/\/www.satlabgeo.com\/products\/\"},{\"@type\":\"ListItem\",\"position\":3,\"name\":\"HydroBeam M4 Multi-Beam Echo Sounder\"}]},{\"@type\":\"WebSite\",\"@id\":\"https:\/\/www.satlabgeo.com\/#website\",\"url\":\"https:\/\/www.satlabgeo.com\/\",\"name\":\"Global Satellite Positioning Solutions | SatLab Geosolutions AB\",\"description\":\"\",\"publisher\":{\"@id\":\"https:\/\/www.satlabgeo.com\/#organization\"},\"potentialAction\":[{\"@type\":\"SearchAction\",\"target\":{\"@type\":\"EntryPoint\",\"urlTemplate\":\"https:\/\/www.satlabgeo.com\/?s={search_term_string}\"},\"query-input\":\"required name=search_term_string\"}],\"inLanguage\":\"fr-FR\"},{\"@type\":\"Organization\",\"@id\":\"https:\/\/www.satlabgeo.com\/#organization\",\"name\":\"Global Satellite Positioning Solutions | SatLab Geosolutions AB\",\"url\":\"https:\/\/www.satlabgeo.com\/\",\"sameAs\":[],\"logo\":{\"@type\":\"ImageObject\",\"inLanguage\":\"fr-FR\",\"@id\":\"https:\/\/www.satlabgeo.com\/#\/schema\/logo\/image\/\",\"url\":\"https:\/\/www.satlabgeo.com\/wp-content\/uploads\/2025\/08\/satlab-logo.webp\",\"contentUrl\":\"https:\/\/www.satlabgeo.com\/wp-content\/uploads\/2025\/08\/satlab-logo.webp\",\"width\":191,\"height\":48,\"caption\":\"Global Satellite Positioning Solutions | SatLab Geosolutions AB\"},\"image\":{\"@id\":\"https:\/\/www.satlabgeo.com\/#\/schema\/logo\/image\/\"}}]}<\/script>\n<!-- \/ Yoast SEO plugin. -->","yoast_head_json":{"title":"HydroBeam M4 Multi-Beam Echo Sounder | SatLab","description":"HydroBeam M4 Multi-Beam Echo Sounder is a portable multi-beam bathymetry system suitable for various rivers, lakes, and complex waterways.","robots":{"index":"index","follow":"follow","max-snippet":"max-snippet:-1","max-image-preview":"max-image-preview:large","max-video-preview":"max-video-preview:-1"},"canonical":"https:\/\/www.satlabgeo.com\/fr\/product\/hydrobeam-m4-multi-beam-echo-sounder\/","og_locale":"fr_FR","og_type":"article","og_title":"HydroBeam M4 Multi-Beam Echo Sounder | SatLab","og_description":"HydroBeam M4 Multi-Beam Echo Sounder is a portable multi-beam bathymetry system suitable for various rivers, lakes, and complex waterways.","og_url":"https:\/\/www.satlabgeo.com\/fr\/product\/hydrobeam-m4-multi-beam-echo-sounder\/","og_site_name":"Global Satellite Positioning Solutions | SatLab Geosolutions AB","article_modified_time":"2025-04-23T08:59:55+00:00","og_image":[{"width":800,"height":800,"url":"https:\/\/www.satlabgeo.com\/wp-content\/uploads\/2023\/10\/M4800-800.png","type":"image\/png"}],"twitter_card":"summary_large_image","twitter_misc":{"Dur\u00e9e de lecture estim\u00e9e":"1 minute"},"schema":{"@context":"https:\/\/schema.org","@graph":[{"@type":"WebPage","@id":"https:\/\/www.satlabgeo.com\/product\/hydrobeam-m4-multi-beam-echo-sounder\/","url":"https:\/\/www.satlabgeo.com\/product\/hydrobeam-m4-multi-beam-echo-sounder\/","name":"HydroBeam M4 Multi-Beam Echo Sounder | SatLab","isPartOf":{"@id":"https:\/\/www.satlabgeo.com\/#website"},"datePublished":"2023-10-10T08:00:08+00:00","dateModified":"2025-04-23T08:59:55+00:00","description":"HydroBeam M4 Multi-Beam Echo Sounder is a portable multi-beam bathymetry system suitable for various rivers, lakes, and complex waterways.","breadcrumb":{"@id":"https:\/\/www.satlabgeo.com\/product\/hydrobeam-m4-multi-beam-echo-sounder\/#breadcrumb"},"inLanguage":"fr-FR","potentialAction":[{"@type":"ReadAction","target":["https:\/\/www.satlabgeo.com\/product\/hydrobeam-m4-multi-beam-echo-sounder\/"]}]},{"@type":"BreadcrumbList","@id":"https:\/\/www.satlabgeo.com\/product\/hydrobeam-m4-multi-beam-echo-sounder\/#breadcrumb","itemListElement":[{"@type":"ListItem","position":1,"name":"Home","item":"https:\/\/www.satlabgeo.com\/"},{"@type":"ListItem","position":2,"name":"Products","item":"https:\/\/www.satlabgeo.com\/products\/"},{"@type":"ListItem","position":3,"name":"HydroBeam M4 Multi-Beam Echo Sounder"}]},{"@type":"WebSite","@id":"https:\/\/www.satlabgeo.com\/#website","url":"https:\/\/www.satlabgeo.com\/","name":"Global Satellite Positioning Solutions | SatLab Geosolutions AB","description":"","publisher":{"@id":"https:\/\/www.satlabgeo.com\/#organization"},"potentialAction":[{"@type":"SearchAction","target":{"@type":"EntryPoint","urlTemplate":"https:\/\/www.satlabgeo.com\/?s={search_term_string}"},"query-input":"required name=search_term_string"}],"inLanguage":"fr-FR"},{"@type":"Organization","@id":"https:\/\/www.satlabgeo.com\/#organization","name":"Global Satellite Positioning Solutions | SatLab Geosolutions AB","url":"https:\/\/www.satlabgeo.com\/","sameAs":[],"logo":{"@type":"ImageObject","inLanguage":"fr-FR","@id":"https:\/\/www.satlabgeo.com\/#\/schema\/logo\/image\/","url":"https:\/\/www.satlabgeo.com\/wp-content\/uploads\/2025\/08\/satlab-logo.webp","contentUrl":"https:\/\/www.satlabgeo.com\/wp-content\/uploads\/2025\/08\/satlab-logo.webp","width":191,"height":48,"caption":"Global Satellite Positioning Solutions | SatLab Geosolutions AB"},"image":{"@id":"https:\/\/www.satlabgeo.com\/#\/schema\/logo\/image\/"}}]}},"_links":{"self":[{"href":"https:\/\/www.satlabgeo.com\/fr\/wp-json\/wp\/v2\/product\/1277"}],"collection":[{"href":"https:\/\/www.satlabgeo.com\/fr\/wp-json\/wp\/v2\/product"}],"about":[{"href":"https:\/\/www.satlabgeo.com\/fr\/wp-json\/wp\/v2\/types\/product"}],"replies":[{"embeddable":true,"href":"https:\/\/www.satlabgeo.com\/fr\/wp-json\/wp\/v2\/comments?post=1277"}],"version-history":[{"count":0,"href":"https:\/\/www.satlabgeo.com\/fr\/wp-json\/wp\/v2\/product\/1277\/revisions"}],"wp:featuredmedia":[{"embeddable":true,"href":"https:\/\/www.satlabgeo.com\/fr\/wp-json\/wp\/v2\/media\/1281"}],"wp:attachment":[{"href":"https:\/\/www.satlabgeo.com\/fr\/wp-json\/wp\/v2\/media?parent=1277"}],"wp:term":[{"taxonomy":"product_cat","embeddable":true,"href":"https:\/\/www.satlabgeo.com\/fr\/wp-json\/wp\/v2\/product_cat?post=1277"},{"taxonomy":"product_tag","embeddable":true,"href":"https:\/\/www.satlabgeo.com\/fr\/wp-json\/wp\/v2\/product_tag?post=1277"}],"curies":[{"name":"wp","href":"https:\/\/api.w.org\/{rel}","templated":true}]}}