{"id":1264,"date":"2023-10-07T07:45:38","date_gmt":"2023-10-07T07:45:38","guid":{"rendered":"https:\/\/www.satlabgeo.com\/?post_type=product&#038;p=1264"},"modified":"2025-11-26T03:23:13","modified_gmt":"2025-11-26T03:23:13","slug":"apus-uav-lidar","status":"publish","type":"product","link":"https:\/\/www.satlabgeo.com\/fr\/product\/apus-uav-lidar\/","title":{"rendered":"LiDAR pour drone Apus"},"content":{"rendered":"<p><img decoding=\"async\" src=\"https:\/\/www.satlabgeo.com\/wp-content\/uploads\/2023\/10\/APUS-960x336-2.jpg\" alt=\"scanner laser avanc\u00e9\" \/><\/p>\n<h4>1. Simplicit\u00e9 centr\u00e9e sur l&#039;utilisateur<\/h4>\n<p>Le scanner laser avanc\u00e9 Apus incarne l&#039;\u00e9l\u00e9gance et la simplicit\u00e9. Que vous soyez un expert chevronn\u00e9 en lev\u00e9s LiDAR ou un d\u00e9butant, notre installation plug-and-play et notre utilisation intuitive par simple pression d&#039;un bouton rendent la cartographie accessible \u00e0 tous. D\u00e9marrez rapidement et \u00e0 moindre co\u00fbt.<\/p>\n<h4>2. Int\u00e9gration avanc\u00e9e, performances remarquables<\/h4>\n<p>\u00c0 l&#039;int\u00e9rieur d&#039;Apus, vous trouverez une fusion harmonieuse d&#039;innovations. Avec le scanner laser avanc\u00e9 HESAI, un syst\u00e8me de navigation inertielle assist\u00e9 par GNSS de haute pr\u00e9cision et une cam\u00e9ra haute r\u00e9solution, le tout \u00e9l\u00e9gamment log\u00e9 dans un bo\u00eetier compact de 1 kg. Son mode trois retours lui permet de conqu\u00e9rir des terrains vari\u00e9s sans effort.<\/p>\n<h4>3. Flux de travail fluide, r\u00e9sultats sans effort<\/h4>\n<p>Gr\u00e2ce \u00e0 la puissance du logiciel Sat-LiDAR, Apus r\u00e9volutionne le flux de travail en un seul clic. L&#039;ensemble du processus est rationalis\u00e9 et simplifi\u00e9 gr\u00e2ce \u00e0 l&#039;int\u00e9gration transparente de la r\u00e9solution de trajectoire, de la fusion de donn\u00e9es, de l&#039;ajustement des bandes, de l&#039;optimisation des nuages de points et de la colorisation dynamique. Le r\u00e9sultat est une combinaison remarquable de pr\u00e9cision et d&#039;excellence visuelle dans les donn\u00e9es produites, obtenue avec une simplicit\u00e9 et une efficacit\u00e9 in\u00e9gal\u00e9es.<\/p>\n<div style=\"text-align: center, max-width: 640px; margin: 0 auto;\"><video width=\"300\" height=\"150\" class=\"wp-video-shortcode\" preload=\"metadata\" controls=\"controls\"><source type=\"video\/youtube\" src=\"https:\/\/youtu.be\/6LFP6fbxp5E\" \/><\/video><\/div>","protected":false},"excerpt":{"rendered":"<p>L&#039;Apus repr\u00e9sente l&#039;\u00e9volution des solutions LiDAR de SatLab. Ce syst\u00e8me l\u00e9ger, compact et performant int\u00e8gre un scanner laser avanc\u00e9, une cam\u00e9ra industrielle et un syst\u00e8me de navigation inertielle sophistiqu\u00e9. Il est capable de collecter des nuages de points fiables et d\u00e9taill\u00e9s, ainsi que des images riches en informations.<br \/>\nSes diverses applications couvrent l\u2019acquisition de donn\u00e9es spatiales 3D pour la cartographie du terrain, l\u2019\u00e9lectricit\u00e9, les relev\u00e9s forestiers et agricoles, les interventions d\u2019urgence et l\u2019am\u00e9nagement du territoire.<\/p>","protected":false},"featured_media":1273,"comment_status":"open","ping_status":"closed","template":"","meta":{"_links_to":"","_links_to_target":""},"product_cat":[22],"product_tag":[],"yoast_head":"<!-- This site is optimized with the Yoast SEO plugin v19.8 - https:\/\/yoast.com\/wordpress\/plugins\/seo\/ -->\n<title>Apus Airborne LiDAR System | SatLab<\/title>\n<meta name=\"description\" content=\"The Apus is a Advanced Laser Scanner LiDAR system, Its diverse applications span across 3D spatial data acquisition for terrain mapping,etc.\" \/>\n<meta name=\"robots\" content=\"index, follow, max-snippet:-1, max-image-preview:large, max-video-preview:-1\" \/>\n<link rel=\"canonical\" href=\"https:\/\/www.satlabgeo.com\/fr\/product\/apus-uav-lidar\/\" \/>\n<meta property=\"og:locale\" content=\"fr_FR\" \/>\n<meta property=\"og:type\" content=\"article\" \/>\n<meta property=\"og:title\" content=\"Apus Airborne LiDAR System | SatLab\" \/>\n<meta property=\"og:description\" content=\"The Apus is a Advanced Laser Scanner LiDAR system, Its diverse applications span across 3D spatial data acquisition for terrain mapping,etc.\" \/>\n<meta property=\"og:url\" content=\"https:\/\/www.satlabgeo.com\/fr\/product\/apus-uav-lidar\/\" \/>\n<meta property=\"og:site_name\" content=\"Global Satellite Positioning Solutions | SatLab Geosolutions AB\" \/>\n<meta property=\"article:modified_time\" content=\"2025-11-26T03:23:13+00:00\" \/>\n<meta property=\"og:image\" content=\"https:\/\/www.satlabgeo.com\/wp-content\/uploads\/2023\/10\/APUSM300\uff08700-700\uff09.png\" \/>\n\t<meta property=\"og:image:width\" content=\"700\" \/>\n\t<meta property=\"og:image:height\" content=\"519\" \/>\n\t<meta property=\"og:image:type\" content=\"image\/png\" \/>\n<meta name=\"twitter:card\" content=\"summary_large_image\" \/>\n<meta name=\"twitter:label1\" content=\"Dur\u00e9e de lecture estim\u00e9e\" \/>\n\t<meta name=\"twitter:data1\" content=\"1 minute\" \/>\n<script type=\"application\/ld+json\" class=\"yoast-schema-graph\">{\"@context\":\"https:\/\/schema.org\",\"@graph\":[{\"@type\":\"WebPage\",\"@id\":\"https:\/\/www.satlabgeo.com\/product\/apus-uav-lidar\/\",\"url\":\"https:\/\/www.satlabgeo.com\/product\/apus-uav-lidar\/\",\"name\":\"Apus Airborne LiDAR System | SatLab\",\"isPartOf\":{\"@id\":\"https:\/\/www.satlabgeo.com\/#website\"},\"datePublished\":\"2023-10-07T07:45:38+00:00\",\"dateModified\":\"2025-11-26T03:23:13+00:00\",\"description\":\"The Apus is a Advanced Laser Scanner LiDAR system, Its diverse applications span across 3D spatial data acquisition for terrain mapping,etc.\",\"breadcrumb\":{\"@id\":\"https:\/\/www.satlabgeo.com\/product\/apus-uav-lidar\/#breadcrumb\"},\"inLanguage\":\"fr-FR\",\"potentialAction\":[{\"@type\":\"ReadAction\",\"target\":[\"https:\/\/www.satlabgeo.com\/product\/apus-uav-lidar\/\"]}]},{\"@type\":\"BreadcrumbList\",\"@id\":\"https:\/\/www.satlabgeo.com\/product\/apus-uav-lidar\/#breadcrumb\",\"itemListElement\":[{\"@type\":\"ListItem\",\"position\":1,\"name\":\"Home\",\"item\":\"https:\/\/www.satlabgeo.com\/\"},{\"@type\":\"ListItem\",\"position\":2,\"name\":\"Products\",\"item\":\"https:\/\/www.satlabgeo.com\/products\/\"},{\"@type\":\"ListItem\",\"position\":3,\"name\":\"Apus UAV LiDAR\"}]},{\"@type\":\"WebSite\",\"@id\":\"https:\/\/www.satlabgeo.com\/#website\",\"url\":\"https:\/\/www.satlabgeo.com\/\",\"name\":\"Global Satellite Positioning Solutions | SatLab Geosolutions AB\",\"description\":\"\",\"publisher\":{\"@id\":\"https:\/\/www.satlabgeo.com\/#organization\"},\"potentialAction\":[{\"@type\":\"SearchAction\",\"target\":{\"@type\":\"EntryPoint\",\"urlTemplate\":\"https:\/\/www.satlabgeo.com\/?s={search_term_string}\"},\"query-input\":\"required name=search_term_string\"}],\"inLanguage\":\"fr-FR\"},{\"@type\":\"Organization\",\"@id\":\"https:\/\/www.satlabgeo.com\/#organization\",\"name\":\"Global Satellite Positioning Solutions | SatLab Geosolutions AB\",\"url\":\"https:\/\/www.satlabgeo.com\/\",\"sameAs\":[],\"logo\":{\"@type\":\"ImageObject\",\"inLanguage\":\"fr-FR\",\"@id\":\"https:\/\/www.satlabgeo.com\/#\/schema\/logo\/image\/\",\"url\":\"https:\/\/www.satlabgeo.com\/wp-content\/uploads\/2025\/08\/satlab-logo.webp\",\"contentUrl\":\"https:\/\/www.satlabgeo.com\/wp-content\/uploads\/2025\/08\/satlab-logo.webp\",\"width\":191,\"height\":48,\"caption\":\"Global Satellite Positioning Solutions | SatLab Geosolutions AB\"},\"image\":{\"@id\":\"https:\/\/www.satlabgeo.com\/#\/schema\/logo\/image\/\"}}]}<\/script>\n<!-- \/ Yoast SEO plugin. -->","yoast_head_json":{"title":"Apus Airborne LiDAR System | SatLab","description":"The Apus is a Advanced Laser Scanner LiDAR system, Its diverse applications span across 3D spatial data acquisition for terrain mapping,etc.","robots":{"index":"index","follow":"follow","max-snippet":"max-snippet:-1","max-image-preview":"max-image-preview:large","max-video-preview":"max-video-preview:-1"},"canonical":"https:\/\/www.satlabgeo.com\/fr\/product\/apus-uav-lidar\/","og_locale":"fr_FR","og_type":"article","og_title":"Apus Airborne LiDAR System | SatLab","og_description":"The Apus is a Advanced Laser Scanner LiDAR system, Its diverse applications span across 3D spatial data acquisition for terrain mapping,etc.","og_url":"https:\/\/www.satlabgeo.com\/fr\/product\/apus-uav-lidar\/","og_site_name":"Global Satellite Positioning Solutions | SatLab Geosolutions AB","article_modified_time":"2025-11-26T03:23:13+00:00","og_image":[{"width":700,"height":519,"url":"https:\/\/www.satlabgeo.com\/wp-content\/uploads\/2023\/10\/APUSM300\uff08700-700\uff09.png","type":"image\/png"}],"twitter_card":"summary_large_image","twitter_misc":{"Dur\u00e9e de lecture estim\u00e9e":"1 minute"},"schema":{"@context":"https:\/\/schema.org","@graph":[{"@type":"WebPage","@id":"https:\/\/www.satlabgeo.com\/product\/apus-uav-lidar\/","url":"https:\/\/www.satlabgeo.com\/product\/apus-uav-lidar\/","name":"Apus Airborne LiDAR System | SatLab","isPartOf":{"@id":"https:\/\/www.satlabgeo.com\/#website"},"datePublished":"2023-10-07T07:45:38+00:00","dateModified":"2025-11-26T03:23:13+00:00","description":"The Apus is a Advanced Laser Scanner LiDAR system, Its diverse applications span across 3D spatial data acquisition for terrain mapping,etc.","breadcrumb":{"@id":"https:\/\/www.satlabgeo.com\/product\/apus-uav-lidar\/#breadcrumb"},"inLanguage":"fr-FR","potentialAction":[{"@type":"ReadAction","target":["https:\/\/www.satlabgeo.com\/product\/apus-uav-lidar\/"]}]},{"@type":"BreadcrumbList","@id":"https:\/\/www.satlabgeo.com\/product\/apus-uav-lidar\/#breadcrumb","itemListElement":[{"@type":"ListItem","position":1,"name":"Home","item":"https:\/\/www.satlabgeo.com\/"},{"@type":"ListItem","position":2,"name":"Products","item":"https:\/\/www.satlabgeo.com\/products\/"},{"@type":"ListItem","position":3,"name":"Apus UAV LiDAR"}]},{"@type":"WebSite","@id":"https:\/\/www.satlabgeo.com\/#website","url":"https:\/\/www.satlabgeo.com\/","name":"Global Satellite Positioning Solutions | SatLab Geosolutions AB","description":"","publisher":{"@id":"https:\/\/www.satlabgeo.com\/#organization"},"potentialAction":[{"@type":"SearchAction","target":{"@type":"EntryPoint","urlTemplate":"https:\/\/www.satlabgeo.com\/?s={search_term_string}"},"query-input":"required name=search_term_string"}],"inLanguage":"fr-FR"},{"@type":"Organization","@id":"https:\/\/www.satlabgeo.com\/#organization","name":"Global Satellite Positioning Solutions | SatLab Geosolutions AB","url":"https:\/\/www.satlabgeo.com\/","sameAs":[],"logo":{"@type":"ImageObject","inLanguage":"fr-FR","@id":"https:\/\/www.satlabgeo.com\/#\/schema\/logo\/image\/","url":"https:\/\/www.satlabgeo.com\/wp-content\/uploads\/2025\/08\/satlab-logo.webp","contentUrl":"https:\/\/www.satlabgeo.com\/wp-content\/uploads\/2025\/08\/satlab-logo.webp","width":191,"height":48,"caption":"Global Satellite Positioning Solutions | SatLab Geosolutions AB"},"image":{"@id":"https:\/\/www.satlabgeo.com\/#\/schema\/logo\/image\/"}}]}},"_links":{"self":[{"href":"https:\/\/www.satlabgeo.com\/fr\/wp-json\/wp\/v2\/product\/1264"}],"collection":[{"href":"https:\/\/www.satlabgeo.com\/fr\/wp-json\/wp\/v2\/product"}],"about":[{"href":"https:\/\/www.satlabgeo.com\/fr\/wp-json\/wp\/v2\/types\/product"}],"replies":[{"embeddable":true,"href":"https:\/\/www.satlabgeo.com\/fr\/wp-json\/wp\/v2\/comments?post=1264"}],"version-history":[{"count":2,"href":"https:\/\/www.satlabgeo.com\/fr\/wp-json\/wp\/v2\/product\/1264\/revisions"}],"predecessor-version":[{"id":3174,"href":"https:\/\/www.satlabgeo.com\/fr\/wp-json\/wp\/v2\/product\/1264\/revisions\/3174"}],"wp:featuredmedia":[{"embeddable":true,"href":"https:\/\/www.satlabgeo.com\/fr\/wp-json\/wp\/v2\/media\/1273"}],"wp:attachment":[{"href":"https:\/\/www.satlabgeo.com\/fr\/wp-json\/wp\/v2\/media?parent=1264"}],"wp:term":[{"taxonomy":"product_cat","embeddable":true,"href":"https:\/\/www.satlabgeo.com\/fr\/wp-json\/wp\/v2\/product_cat?post=1264"},{"taxonomy":"product_tag","embeddable":true,"href":"https:\/\/www.satlabgeo.com\/fr\/wp-json\/wp\/v2\/product_tag?post=1264"}],"curies":[{"name":"wp","href":"https:\/\/api.w.org\/{rel}","templated":true}]}}