{"id":1143,"date":"2023-09-04T02:15:05","date_gmt":"2023-09-04T02:15:05","guid":{"rendered":"https:\/\/www.satlabgeo.com\/?post_type=product&#038;p=1143"},"modified":"2025-06-20T16:04:59","modified_gmt":"2025-06-20T16:04:59","slug":"hydroboat-1200-usv","status":"publish","type":"product","link":"https:\/\/www.satlabgeo.com\/fr\/product\/hydroboat-1200-usv\/","title":{"rendered":"HydroBoat 1200 USV"},"content":{"rendered":"<div class=\"landscape\"><a href=\"https:\/\/www.satlabgeo.com\/fr\/contact-us\/\"><img decoding=\"async\" src=\"https:\/\/www.satlabgeo.com\/wp-content\/uploads\/2023\/09\/HydroBoat-1200-.jpg\" alt=\"navire autonome\" class=\"aligncenter\" \/><\/a><\/div>\n<p>&nbsp;<\/p>\n<h2 title=\"navire autonome\"><span style=\"font-size: 18pt;\">Polyvalence et portabilit\u00e9 in\u00e9gal\u00e9es<\/span><\/h2>\n<p><span>Une plateforme compl\u00e8te sp\u00e9cialement con\u00e7ue pour s&#039;int\u00e9grer \u00e0 divers appareils de mesure de l&#039;eau pour les lev\u00e9s hydrographiques et la surveillance environnementale. Sa conception l\u00e9g\u00e8re et sa maniabilit\u00e9 am\u00e9lior\u00e9e offrent une flexibilit\u00e9 op\u00e9rationnelle pour le d\u00e9ploiement et le transport de diff\u00e9rents instruments lors des lev\u00e9s entre diff\u00e9rents sites.<\/span><\/p>\n<h3 title=\"navires de surveillance sans pilote\"><span style=\"font-size: 18pt;\">D\u00e9bit d&#039;eau adaptatif<\/span><\/h3>\n<p><span>Stationnement pr\u00e9cis et suivi de trajectoire efficace. Aucune crainte des vagues et du vent. Suivez la trajectoire pr\u00e9d\u00e9finie avec pr\u00e9cision, m\u00eame dans des environnements difficiles. La conception hydrodynamiquement efficace pour les op\u00e9rations pr\u00e9vues de l&#039;USV, guid\u00e9e par la simulation CFD, am\u00e9liore la stabilit\u00e9 de la coque et la r\u00e9duction du bruit dans des conditions d&#039;eau et de charges vari\u00e9es.<\/span><\/p>\n<h3 title=\"navire autonome\"><span style=\"font-size: 18pt;\">Nouvel algorithme combin\u00e9 GNSS+IMU<\/span><\/h3>\n<p><span>Avec une r\u00e9ponse dynamique au niveau de la milliseconde, le moteur de CAO haute performance simplifie la s\u00e9lection des points et des lignes d&#039;implantation, rendant le processus incroyablement intuitif et efficace en un seul clic.<\/span><\/p>\n<h3><span style=\"font-size: 18pt;\">Am\u00e9lioration compl\u00e8te de la s\u00e9curit\u00e9<\/span><\/h3>\n<p><span>S\u00e9curit\u00e9 et pr\u00e9cision \u00e0 360\u00b0. Les syst\u00e8mes SBES, GNSS, IMU, cam\u00e9ra PTZ 360\u00b0, radar \u00e0 ondes millim\u00e9triques et feux de navigation bicolores int\u00e9gr\u00e9s garantissent des donn\u00e9es pr\u00e9cises de profondeur d&#039;eau et de positionnement, ainsi qu&#039;une protection compl\u00e8te contre les \u00e9chouements et les collisions.<\/span><br \/>\n<\/p>\n<div style=\"text-align: center; max-width: 640px; margin: 0 auto; max-height: 400px;\" >\n<video class=\"wp-video-shortcode\" preload=\"metadata\" controls=\"controls\"><source type=\"video\/youtube\" src=\"https:\/\/youtu.be\/J4VMHv0T0-E\" \/><\/video>\n<\/div>","protected":false},"excerpt":{"rendered":"<p>HydroBoat 1200 : une incarnation de la compacit\u00e9 et de la simplicit\u00e9, con\u00e7ue pour un fonctionnement transparent sur une large gamme d&#039;\u00e9quipements.<br \/>\nGr\u00e2ce \u00e0 la technologie CFD professionnelle, sa stabilit\u00e9 atteint des sommets. Associ\u00e9 \u00e0 un \u00e9chosondeur monofaisceau de haute pr\u00e9cision, \u00e0 un r\u00e9cepteur de positionnement directionnel GNSS et \u00e0 un syst\u00e8me de contr\u00f4le intelligent avanc\u00e9, il r\u00e9pond avec brio aux exigences op\u00e9rationnelles vari\u00e9es sur l&#039;eau.<br \/>\nLa s\u00e9curit\u00e9 renforc\u00e9e gr\u00e2ce \u00e0 une centrale inertielle int\u00e9gr\u00e9e, une cam\u00e9ra panoramique \u00e0 360\u00b0 et un radar \u00e0 ondes millim\u00e9triques renforce consid\u00e9rablement ses caract\u00e9ristiques. Ce navire autonome, qui peut \u00eatre \u00e9quip\u00e9 d&#039;un ADCP de pointe, d&#039;un sonar \u00e0 balayage lat\u00e9ral, d&#039;un sondeur bifr\u00e9quence, d&#039;un hydrom\u00e8tre multiparam\u00e8tre, d&#039;un sonar imageur et bien plus encore, s&#039;impose comme le partenaire id\u00e9al pour les t\u00e2ches de mesure du courant, de bathym\u00e9trie, de surveillance sous-marine et d&#039;\u00e9valuation de la qualit\u00e9 de l&#039;eau.<\/p>","protected":false},"featured_media":1157,"comment_status":"open","ping_status":"closed","template":"","meta":{"_links_to":"","_links_to_target":""},"product_cat":[73],"product_tag":[],"yoast_head":"<!-- This site is optimized with the Yoast SEO plugin v19.8 - https:\/\/yoast.com\/wordpress\/plugins\/seo\/ -->\n<title>HydroBoat 1200 USV | SatLab<\/title>\n<meta name=\"description\" content=\"Efficient &amp; reliable, our autonomous vessel are perfect for marine data collection. Hydrographic Surveys. Coastal &amp; Harbor Monitoring.\" \/>\n<meta name=\"robots\" content=\"index, follow, max-snippet:-1, max-image-preview:large, max-video-preview:-1\" \/>\n<link rel=\"canonical\" href=\"https:\/\/www.satlabgeo.com\/fr\/product\/hydroboat-1200-usv\/\" \/>\n<meta property=\"og:locale\" content=\"fr_FR\" \/>\n<meta property=\"og:type\" content=\"article\" \/>\n<meta property=\"og:title\" content=\"HydroBoat 1200 USV | SatLab\" \/>\n<meta property=\"og:description\" content=\"Efficient &amp; reliable, our autonomous vessel are perfect for marine data collection. Hydrographic Surveys. Coastal &amp; Harbor Monitoring.\" \/>\n<meta property=\"og:url\" content=\"https:\/\/www.satlabgeo.com\/fr\/product\/hydroboat-1200-usv\/\" \/>\n<meta property=\"og:site_name\" content=\"Global Satellite Positioning Solutions | SatLab Geosolutions AB\" \/>\n<meta property=\"article:modified_time\" content=\"2025-06-20T16:04:59+00:00\" \/>\n<meta property=\"og:image\" content=\"https:\/\/www.satlabgeo.com\/wp-content\/uploads\/2023\/09\/1.1.png\" \/>\n\t<meta property=\"og:image:width\" content=\"300\" \/>\n\t<meta property=\"og:image:height\" content=\"229\" \/>\n\t<meta property=\"og:image:type\" content=\"image\/png\" \/>\n<meta name=\"twitter:card\" content=\"summary_large_image\" \/>\n<meta name=\"twitter:label1\" content=\"Dur\u00e9e de lecture estim\u00e9e\" \/>\n\t<meta name=\"twitter:data1\" content=\"1 minute\" \/>\n<script type=\"application\/ld+json\" class=\"yoast-schema-graph\">{\"@context\":\"https:\/\/schema.org\",\"@graph\":[{\"@type\":\"WebPage\",\"@id\":\"https:\/\/www.satlabgeo.com\/product\/hydroboat-1200-usv\/\",\"url\":\"https:\/\/www.satlabgeo.com\/product\/hydroboat-1200-usv\/\",\"name\":\"HydroBoat 1200 USV | SatLab\",\"isPartOf\":{\"@id\":\"https:\/\/www.satlabgeo.com\/#website\"},\"datePublished\":\"2023-09-04T02:15:05+00:00\",\"dateModified\":\"2025-06-20T16:04:59+00:00\",\"description\":\"Efficient & reliable, our autonomous vessel are perfect for marine data collection. Hydrographic Surveys. Coastal & Harbor Monitoring.\",\"breadcrumb\":{\"@id\":\"https:\/\/www.satlabgeo.com\/product\/hydroboat-1200-usv\/#breadcrumb\"},\"inLanguage\":\"fr-FR\",\"potentialAction\":[{\"@type\":\"ReadAction\",\"target\":[\"https:\/\/www.satlabgeo.com\/product\/hydroboat-1200-usv\/\"]}]},{\"@type\":\"BreadcrumbList\",\"@id\":\"https:\/\/www.satlabgeo.com\/product\/hydroboat-1200-usv\/#breadcrumb\",\"itemListElement\":[{\"@type\":\"ListItem\",\"position\":1,\"name\":\"Home\",\"item\":\"https:\/\/www.satlabgeo.com\/\"},{\"@type\":\"ListItem\",\"position\":2,\"name\":\"Products\",\"item\":\"https:\/\/www.satlabgeo.com\/products\/\"},{\"@type\":\"ListItem\",\"position\":3,\"name\":\"HydroBoat 1200 USV\"}]},{\"@type\":\"WebSite\",\"@id\":\"https:\/\/www.satlabgeo.com\/#website\",\"url\":\"https:\/\/www.satlabgeo.com\/\",\"name\":\"Global Satellite Positioning Solutions | SatLab Geosolutions AB\",\"description\":\"\",\"publisher\":{\"@id\":\"https:\/\/www.satlabgeo.com\/#organization\"},\"potentialAction\":[{\"@type\":\"SearchAction\",\"target\":{\"@type\":\"EntryPoint\",\"urlTemplate\":\"https:\/\/www.satlabgeo.com\/?s={search_term_string}\"},\"query-input\":\"required name=search_term_string\"}],\"inLanguage\":\"fr-FR\"},{\"@type\":\"Organization\",\"@id\":\"https:\/\/www.satlabgeo.com\/#organization\",\"name\":\"Global Satellite Positioning Solutions | SatLab Geosolutions AB\",\"url\":\"https:\/\/www.satlabgeo.com\/\",\"sameAs\":[],\"logo\":{\"@type\":\"ImageObject\",\"inLanguage\":\"fr-FR\",\"@id\":\"https:\/\/www.satlabgeo.com\/#\/schema\/logo\/image\/\",\"url\":\"https:\/\/www.satlabgeo.com\/wp-content\/uploads\/2025\/08\/satlab-logo.webp\",\"contentUrl\":\"https:\/\/www.satlabgeo.com\/wp-content\/uploads\/2025\/08\/satlab-logo.webp\",\"width\":191,\"height\":48,\"caption\":\"Global Satellite Positioning Solutions | SatLab Geosolutions AB\"},\"image\":{\"@id\":\"https:\/\/www.satlabgeo.com\/#\/schema\/logo\/image\/\"}}]}<\/script>\n<!-- \/ Yoast SEO plugin. -->","yoast_head_json":{"title":"HydroBoat 1200 USV | SatLab","description":"Efficient & reliable, our autonomous vessel are perfect for marine data collection. Hydrographic Surveys. Coastal & Harbor Monitoring.","robots":{"index":"index","follow":"follow","max-snippet":"max-snippet:-1","max-image-preview":"max-image-preview:large","max-video-preview":"max-video-preview:-1"},"canonical":"https:\/\/www.satlabgeo.com\/fr\/product\/hydroboat-1200-usv\/","og_locale":"fr_FR","og_type":"article","og_title":"HydroBoat 1200 USV | SatLab","og_description":"Efficient & reliable, our autonomous vessel are perfect for marine data collection. Hydrographic Surveys. Coastal & Harbor Monitoring.","og_url":"https:\/\/www.satlabgeo.com\/fr\/product\/hydroboat-1200-usv\/","og_site_name":"Global Satellite Positioning Solutions | SatLab Geosolutions AB","article_modified_time":"2025-06-20T16:04:59+00:00","og_image":[{"width":300,"height":229,"url":"https:\/\/www.satlabgeo.com\/wp-content\/uploads\/2023\/09\/1.1.png","type":"image\/png"}],"twitter_card":"summary_large_image","twitter_misc":{"Dur\u00e9e de lecture estim\u00e9e":"1 minute"},"schema":{"@context":"https:\/\/schema.org","@graph":[{"@type":"WebPage","@id":"https:\/\/www.satlabgeo.com\/product\/hydroboat-1200-usv\/","url":"https:\/\/www.satlabgeo.com\/product\/hydroboat-1200-usv\/","name":"HydroBoat 1200 USV | SatLab","isPartOf":{"@id":"https:\/\/www.satlabgeo.com\/#website"},"datePublished":"2023-09-04T02:15:05+00:00","dateModified":"2025-06-20T16:04:59+00:00","description":"Efficient & reliable, our autonomous vessel are perfect for marine data collection. Hydrographic Surveys. Coastal & Harbor Monitoring.","breadcrumb":{"@id":"https:\/\/www.satlabgeo.com\/product\/hydroboat-1200-usv\/#breadcrumb"},"inLanguage":"fr-FR","potentialAction":[{"@type":"ReadAction","target":["https:\/\/www.satlabgeo.com\/product\/hydroboat-1200-usv\/"]}]},{"@type":"BreadcrumbList","@id":"https:\/\/www.satlabgeo.com\/product\/hydroboat-1200-usv\/#breadcrumb","itemListElement":[{"@type":"ListItem","position":1,"name":"Home","item":"https:\/\/www.satlabgeo.com\/"},{"@type":"ListItem","position":2,"name":"Products","item":"https:\/\/www.satlabgeo.com\/products\/"},{"@type":"ListItem","position":3,"name":"HydroBoat 1200 USV"}]},{"@type":"WebSite","@id":"https:\/\/www.satlabgeo.com\/#website","url":"https:\/\/www.satlabgeo.com\/","name":"Global Satellite Positioning Solutions | SatLab Geosolutions AB","description":"","publisher":{"@id":"https:\/\/www.satlabgeo.com\/#organization"},"potentialAction":[{"@type":"SearchAction","target":{"@type":"EntryPoint","urlTemplate":"https:\/\/www.satlabgeo.com\/?s={search_term_string}"},"query-input":"required name=search_term_string"}],"inLanguage":"fr-FR"},{"@type":"Organization","@id":"https:\/\/www.satlabgeo.com\/#organization","name":"Global Satellite Positioning Solutions | SatLab Geosolutions AB","url":"https:\/\/www.satlabgeo.com\/","sameAs":[],"logo":{"@type":"ImageObject","inLanguage":"fr-FR","@id":"https:\/\/www.satlabgeo.com\/#\/schema\/logo\/image\/","url":"https:\/\/www.satlabgeo.com\/wp-content\/uploads\/2025\/08\/satlab-logo.webp","contentUrl":"https:\/\/www.satlabgeo.com\/wp-content\/uploads\/2025\/08\/satlab-logo.webp","width":191,"height":48,"caption":"Global Satellite Positioning Solutions | SatLab Geosolutions AB"},"image":{"@id":"https:\/\/www.satlabgeo.com\/#\/schema\/logo\/image\/"}}]}},"_links":{"self":[{"href":"https:\/\/www.satlabgeo.com\/fr\/wp-json\/wp\/v2\/product\/1143"}],"collection":[{"href":"https:\/\/www.satlabgeo.com\/fr\/wp-json\/wp\/v2\/product"}],"about":[{"href":"https:\/\/www.satlabgeo.com\/fr\/wp-json\/wp\/v2\/types\/product"}],"replies":[{"embeddable":true,"href":"https:\/\/www.satlabgeo.com\/fr\/wp-json\/wp\/v2\/comments?post=1143"}],"version-history":[{"count":18,"href":"https:\/\/www.satlabgeo.com\/fr\/wp-json\/wp\/v2\/product\/1143\/revisions"}],"predecessor-version":[{"id":2677,"href":"https:\/\/www.satlabgeo.com\/fr\/wp-json\/wp\/v2\/product\/1143\/revisions\/2677"}],"wp:featuredmedia":[{"embeddable":true,"href":"https:\/\/www.satlabgeo.com\/fr\/wp-json\/wp\/v2\/media\/1157"}],"wp:attachment":[{"href":"https:\/\/www.satlabgeo.com\/fr\/wp-json\/wp\/v2\/media?parent=1143"}],"wp:term":[{"taxonomy":"product_cat","embeddable":true,"href":"https:\/\/www.satlabgeo.com\/fr\/wp-json\/wp\/v2\/product_cat?post=1143"},{"taxonomy":"product_tag","embeddable":true,"href":"https:\/\/www.satlabgeo.com\/fr\/wp-json\/wp\/v2\/product_tag?post=1143"}],"curies":[{"name":"wp","href":"https:\/\/api.w.org\/{rel}","templated":true}]}}