{"id":1043,"date":"2023-07-18T08:42:15","date_gmt":"2023-07-18T08:42:15","guid":{"rendered":"https:\/\/www.satlabgeo.com\/?post_type=product&#038;p=1043"},"modified":"2026-02-03T07:35:32","modified_gmt":"2026-02-03T07:35:32","slug":"slt12-android-total-station","status":"publish","type":"product","link":"https:\/\/www.satlabgeo.com\/fr\/product\/slt12-android-total-station\/","title":{"rendered":"Station totale Android SLT12"},"content":{"rendered":"<div class=\"landscape\"><img decoding=\"async\" src=\"https:\/\/www.satlabgeo.com\/wp-content\/uploads\/2023\/07\/SLT12-banner.jpg\" alt=\"Station totale-SLT12\" class=\"aligncenter\" \/><\/div>\n<p>&nbsp;<\/p>\n<h4>1. Logiciel ST-Surv simplifi\u00e9<\/h4>\n<p>Configure sans effort une gamme de sc\u00e9narios avec une commodit\u00e9 rapide et prend en charge les mises \u00e0 jour en ligne, vous assurant de rester \u00e0 jour avec les derni\u00e8res fonctionnalit\u00e9s et am\u00e9liorations.<\/p>\n<h4>2. Implantation guid\u00e9e visuellement<\/h4>\n<p>La visualisation des points de rep\u00e9rage via le flux de la cam\u00e9ra vous permet de positionner pr\u00e9cis\u00e9ment les \u00e9l\u00e9ments et les marqueurs au sol. En r\u00e9duisant la fr\u00e9quence d&#039;observation du t\u00e9lescope, vous localisez facilement les points gr\u00e2ce au guidage par image et v\u00e9rifiez visuellement vos mesures en temps r\u00e9el.<\/p>\n<h4>3. Implantation CAO<\/h4>\n<p>Avec une r\u00e9ponse dynamique au niveau de la milliseconde, le moteur de CAO haute performance simplifie la s\u00e9lection des points et des lignes d&#039;implantation, rendant le processus incroyablement intuitif et efficace en un seul clic.<\/p>\n<h4>4. Documentation visuelle<\/h4>\n<p>La cam\u00e9ra int\u00e9gr\u00e9e vous permet de capturer des images et des enregistrements visuels des points mesur\u00e9s. Cette documentation peut \u00eatre utile pour r\u00e9f\u00e9rence, analyse et reporting ult\u00e9rieurs.<\/p>\n<h4>5. Guidage anim\u00e9 E-bubbles<\/h4>\n<p>Les instructions anim\u00e9es simplifient la configuration, permettant aux utilisateurs d&#039;ajuster la vis du pied et de niveler l&#039;instrument simultan\u00e9ment, sans avoir besoin de rotations r\u00e9p\u00e9t\u00e9es.<\/p>\n<div style=\"text-align: center, max-width: 640px; margin: 0 auto;\"><video width=\"300\" height=\"150\" class=\"wp-video-shortcode\" preload=\"metadata\" controls=\"controls\"><source type=\"video\/youtube\" src=\"https:\/\/youtu.be\/AFK4gctZlsY\" \/><\/video><\/div>","protected":false},"excerpt":{"rendered":"<p>Dot\u00e9 d&#039;un syst\u00e8me d&#039;exploitation Android int\u00e9gr\u00e9 et d&#039;un logiciel Android sp\u00e9cialis\u00e9, le SLT12 int\u00e8gre parfaitement une technologie de pointe \u00e0 chaque t\u00e2che de mesure. Les deux \u00e9crans tactiles haute d\u00e9finition optimisent la fluidit\u00e9 op\u00e9rationnelle, tandis que la cam\u00e9ra int\u00e9gr\u00e9e permet une implantation en r\u00e9alit\u00e9 augment\u00e9e sans effort. Le SLT12 est ainsi un outil indispensable pour optimiser les flux de travail et obtenir des r\u00e9sultats exceptionnels.<\/p>","protected":false},"featured_media":1369,"comment_status":"open","ping_status":"closed","template":"","meta":{"_links_to":"","_links_to_target":""},"product_cat":[24],"product_tag":[81],"yoast_head":"<!-- This site is optimized with the Yoast SEO plugin v19.8 - https:\/\/yoast.com\/wordpress\/plugins\/seo\/ -->\n<title>SLT12 Android Total Station | Global Satellite Positioning Solutions | SatLab Geosolutions AB<\/title>\n<meta name=\"description\" content=\"Streamline workflows with Android total station solutions from SatLab. Surveyors around the world trust SatLab high-performance ...\" \/>\n<meta name=\"robots\" content=\"index, follow, max-snippet:-1, max-image-preview:large, max-video-preview:-1\" \/>\n<link rel=\"canonical\" href=\"https:\/\/www.satlabgeo.com\/fr\/product\/slt12-android-total-station\/\" \/>\n<meta property=\"og:locale\" content=\"fr_FR\" \/>\n<meta property=\"og:type\" content=\"article\" \/>\n<meta property=\"og:title\" content=\"SLT12 Android Total Station | Global Satellite Positioning Solutions | SatLab Geosolutions AB\" \/>\n<meta property=\"og:description\" content=\"Streamline workflows with Android total station solutions from SatLab. Surveyors around the world trust SatLab high-performance ...\" \/>\n<meta property=\"og:url\" content=\"https:\/\/www.satlabgeo.com\/fr\/product\/slt12-android-total-station\/\" \/>\n<meta property=\"og:site_name\" content=\"Global Satellite Positioning Solutions | SatLab Geosolutions AB\" \/>\n<meta property=\"article:modified_time\" content=\"2026-02-03T07:35:32+00:00\" \/>\n<meta property=\"og:image\" content=\"https:\/\/www.satlabgeo.com\/wp-content\/uploads\/2023\/07\/total-station.png\" \/>\n\t<meta property=\"og:image:width\" content=\"800\" \/>\n\t<meta property=\"og:image:height\" content=\"800\" \/>\n\t<meta property=\"og:image:type\" content=\"image\/png\" \/>\n<meta name=\"twitter:card\" content=\"summary_large_image\" \/>\n<meta name=\"twitter:label1\" content=\"Dur\u00e9e de lecture estim\u00e9e\" \/>\n\t<meta name=\"twitter:data1\" content=\"1 minute\" \/>\n<script type=\"application\/ld+json\" class=\"yoast-schema-graph\">{\"@context\":\"https:\/\/schema.org\",\"@graph\":[{\"@type\":\"WebPage\",\"@id\":\"https:\/\/www.satlabgeo.com\/product\/slt12-android-total-station\/\",\"url\":\"https:\/\/www.satlabgeo.com\/product\/slt12-android-total-station\/\",\"name\":\"SLT12 Android Total Station | Global Satellite Positioning Solutions | SatLab Geosolutions AB\",\"isPartOf\":{\"@id\":\"https:\/\/www.satlabgeo.com\/#website\"},\"datePublished\":\"2023-07-18T08:42:15+00:00\",\"dateModified\":\"2026-02-03T07:35:32+00:00\",\"description\":\"Streamline workflows with Android total station solutions from SatLab. Surveyors around the world trust SatLab high-performance ...\",\"breadcrumb\":{\"@id\":\"https:\/\/www.satlabgeo.com\/product\/slt12-android-total-station\/#breadcrumb\"},\"inLanguage\":\"fr-FR\",\"potentialAction\":[{\"@type\":\"ReadAction\",\"target\":[\"https:\/\/www.satlabgeo.com\/product\/slt12-android-total-station\/\"]}]},{\"@type\":\"BreadcrumbList\",\"@id\":\"https:\/\/www.satlabgeo.com\/product\/slt12-android-total-station\/#breadcrumb\",\"itemListElement\":[{\"@type\":\"ListItem\",\"position\":1,\"name\":\"Home\",\"item\":\"https:\/\/www.satlabgeo.com\/\"},{\"@type\":\"ListItem\",\"position\":2,\"name\":\"Products\",\"item\":\"https:\/\/www.satlabgeo.com\/products\/\"},{\"@type\":\"ListItem\",\"position\":3,\"name\":\"SLT12 Android Total Station\"}]},{\"@type\":\"WebSite\",\"@id\":\"https:\/\/www.satlabgeo.com\/#website\",\"url\":\"https:\/\/www.satlabgeo.com\/\",\"name\":\"Global Satellite Positioning Solutions | SatLab Geosolutions AB\",\"description\":\"\",\"publisher\":{\"@id\":\"https:\/\/www.satlabgeo.com\/#organization\"},\"potentialAction\":[{\"@type\":\"SearchAction\",\"target\":{\"@type\":\"EntryPoint\",\"urlTemplate\":\"https:\/\/www.satlabgeo.com\/?s={search_term_string}\"},\"query-input\":\"required name=search_term_string\"}],\"inLanguage\":\"fr-FR\"},{\"@type\":\"Organization\",\"@id\":\"https:\/\/www.satlabgeo.com\/#organization\",\"name\":\"Global Satellite Positioning Solutions | SatLab Geosolutions AB\",\"url\":\"https:\/\/www.satlabgeo.com\/\",\"sameAs\":[],\"logo\":{\"@type\":\"ImageObject\",\"inLanguage\":\"fr-FR\",\"@id\":\"https:\/\/www.satlabgeo.com\/#\/schema\/logo\/image\/\",\"url\":\"https:\/\/www.satlabgeo.com\/wp-content\/uploads\/2025\/08\/satlab-logo.webp\",\"contentUrl\":\"https:\/\/www.satlabgeo.com\/wp-content\/uploads\/2025\/08\/satlab-logo.webp\",\"width\":191,\"height\":48,\"caption\":\"Global Satellite Positioning Solutions | SatLab Geosolutions AB\"},\"image\":{\"@id\":\"https:\/\/www.satlabgeo.com\/#\/schema\/logo\/image\/\"}}]}<\/script>\n<!-- \/ Yoast SEO plugin. -->","yoast_head_json":{"title":"SLT12 Android Total Station | Global Satellite Positioning Solutions | SatLab Geosolutions AB","description":"Streamline workflows with Android total station solutions from SatLab. Surveyors around the world trust SatLab high-performance ...","robots":{"index":"index","follow":"follow","max-snippet":"max-snippet:-1","max-image-preview":"max-image-preview:large","max-video-preview":"max-video-preview:-1"},"canonical":"https:\/\/www.satlabgeo.com\/fr\/product\/slt12-android-total-station\/","og_locale":"fr_FR","og_type":"article","og_title":"SLT12 Android Total Station | Global Satellite Positioning Solutions | SatLab Geosolutions AB","og_description":"Streamline workflows with Android total station solutions from SatLab. Surveyors around the world trust SatLab high-performance ...","og_url":"https:\/\/www.satlabgeo.com\/fr\/product\/slt12-android-total-station\/","og_site_name":"Global Satellite Positioning Solutions | SatLab Geosolutions AB","article_modified_time":"2026-02-03T07:35:32+00:00","og_image":[{"width":800,"height":800,"url":"https:\/\/www.satlabgeo.com\/wp-content\/uploads\/2023\/07\/total-station.png","type":"image\/png"}],"twitter_card":"summary_large_image","twitter_misc":{"Dur\u00e9e de lecture estim\u00e9e":"1 minute"},"schema":{"@context":"https:\/\/schema.org","@graph":[{"@type":"WebPage","@id":"https:\/\/www.satlabgeo.com\/product\/slt12-android-total-station\/","url":"https:\/\/www.satlabgeo.com\/product\/slt12-android-total-station\/","name":"SLT12 Android Total Station | Global Satellite Positioning Solutions | SatLab Geosolutions AB","isPartOf":{"@id":"https:\/\/www.satlabgeo.com\/#website"},"datePublished":"2023-07-18T08:42:15+00:00","dateModified":"2026-02-03T07:35:32+00:00","description":"Streamline workflows with Android total station solutions from SatLab. Surveyors around the world trust SatLab high-performance ...","breadcrumb":{"@id":"https:\/\/www.satlabgeo.com\/product\/slt12-android-total-station\/#breadcrumb"},"inLanguage":"fr-FR","potentialAction":[{"@type":"ReadAction","target":["https:\/\/www.satlabgeo.com\/product\/slt12-android-total-station\/"]}]},{"@type":"BreadcrumbList","@id":"https:\/\/www.satlabgeo.com\/product\/slt12-android-total-station\/#breadcrumb","itemListElement":[{"@type":"ListItem","position":1,"name":"Home","item":"https:\/\/www.satlabgeo.com\/"},{"@type":"ListItem","position":2,"name":"Products","item":"https:\/\/www.satlabgeo.com\/products\/"},{"@type":"ListItem","position":3,"name":"SLT12 Android Total Station"}]},{"@type":"WebSite","@id":"https:\/\/www.satlabgeo.com\/#website","url":"https:\/\/www.satlabgeo.com\/","name":"Global Satellite Positioning Solutions | SatLab Geosolutions AB","description":"","publisher":{"@id":"https:\/\/www.satlabgeo.com\/#organization"},"potentialAction":[{"@type":"SearchAction","target":{"@type":"EntryPoint","urlTemplate":"https:\/\/www.satlabgeo.com\/?s={search_term_string}"},"query-input":"required name=search_term_string"}],"inLanguage":"fr-FR"},{"@type":"Organization","@id":"https:\/\/www.satlabgeo.com\/#organization","name":"Global Satellite Positioning Solutions | SatLab Geosolutions AB","url":"https:\/\/www.satlabgeo.com\/","sameAs":[],"logo":{"@type":"ImageObject","inLanguage":"fr-FR","@id":"https:\/\/www.satlabgeo.com\/#\/schema\/logo\/image\/","url":"https:\/\/www.satlabgeo.com\/wp-content\/uploads\/2025\/08\/satlab-logo.webp","contentUrl":"https:\/\/www.satlabgeo.com\/wp-content\/uploads\/2025\/08\/satlab-logo.webp","width":191,"height":48,"caption":"Global Satellite Positioning Solutions | SatLab Geosolutions AB"},"image":{"@id":"https:\/\/www.satlabgeo.com\/#\/schema\/logo\/image\/"}}]}},"_links":{"self":[{"href":"https:\/\/www.satlabgeo.com\/fr\/wp-json\/wp\/v2\/product\/1043"}],"collection":[{"href":"https:\/\/www.satlabgeo.com\/fr\/wp-json\/wp\/v2\/product"}],"about":[{"href":"https:\/\/www.satlabgeo.com\/fr\/wp-json\/wp\/v2\/types\/product"}],"replies":[{"embeddable":true,"href":"https:\/\/www.satlabgeo.com\/fr\/wp-json\/wp\/v2\/comments?post=1043"}],"version-history":[{"count":7,"href":"https:\/\/www.satlabgeo.com\/fr\/wp-json\/wp\/v2\/product\/1043\/revisions"}],"predecessor-version":[{"id":3405,"href":"https:\/\/www.satlabgeo.com\/fr\/wp-json\/wp\/v2\/product\/1043\/revisions\/3405"}],"wp:featuredmedia":[{"embeddable":true,"href":"https:\/\/www.satlabgeo.com\/fr\/wp-json\/wp\/v2\/media\/1369"}],"wp:attachment":[{"href":"https:\/\/www.satlabgeo.com\/fr\/wp-json\/wp\/v2\/media?parent=1043"}],"wp:term":[{"taxonomy":"product_cat","embeddable":true,"href":"https:\/\/www.satlabgeo.com\/fr\/wp-json\/wp\/v2\/product_cat?post=1043"},{"taxonomy":"product_tag","embeddable":true,"href":"https:\/\/www.satlabgeo.com\/fr\/wp-json\/wp\/v2\/product_tag?post=1043"}],"curies":[{"name":"wp","href":"https:\/\/api.w.org\/{rel}","templated":true}]}}