{"id":1016,"date":"2023-07-11T06:10:08","date_gmt":"2023-07-11T06:10:08","guid":{"rendered":"https:\/\/www.satlabgeo.com\/?post_type=product&#038;p=1016"},"modified":"2025-11-26T03:25:42","modified_gmt":"2025-11-26T03:25:42","slug":"sl7-gnss-rtk-system","status":"publish","type":"product","link":"https:\/\/www.satlabgeo.com\/fr\/product\/sl7-gnss-rtk-system\/","title":{"rendered":"Syst\u00e8me GNSS RTK SL7"},"content":{"rendered":"<div class=\"landscape\"><img decoding=\"async\" src=\"https:\/\/www.satlabgeo.com\/wp-content\/uploads\/2023\/07\/SL7-banner.jpg\" alt=\"r\u00e9cepteur GNSS portable\" class=\"aligncenter\" \/><\/div>\n<p>&nbsp;<\/p>\n<h4 title=\"r\u00e9cepteur GNSS portable\"><span style=\"font-size: 18pt;\">1. Puissantes capacit\u00e9s de suivi des satellites et d&#039;antibrouillage<\/span><\/h4>\n<p><span>La conception unique de SatLab et son antenne d\u00e9velopp\u00e9e en interne garantissent un fonctionnement stable et efficace. Une puce de carte m\u00e8re hautement int\u00e9gr\u00e9e et \u00e0 faible consommation d&#039;\u00e9nergie, prenant en charge jusqu&#039;\u00e0 1408\/1760 canaux, permet de suivre l&#039;int\u00e9gralit\u00e9 des constellations et des fr\u00e9quences. L&#039;excellente configuration mat\u00e9rielle supprime les interf\u00e9rences et obtient des donn\u00e9es de suivi satellite de haute qualit\u00e9, garantissant performances et pr\u00e9cision, m\u00eame dans des environnements complexes.<\/span><\/p>\n<h4>2. La navigation visuelle facilite la surveillance<\/h4>\n<p><span>La cam\u00e9ra HD Star-level offre aux utilisateurs une exp\u00e9rience immersive de navigation visuelle et d&#039;implantation en 3D. La fonction d&#039;implantation en r\u00e9alit\u00e9 augment\u00e9e (RA) du logiciel Satsurv guide les utilisateurs gr\u00e2ce \u00e0 la fl\u00e8che de pointage sur la sc\u00e8ne r\u00e9elle et affiche la distance en temps r\u00e9el pour une localisation rapide du point cible. La RA est \u00e9galement compatible avec des activit\u00e9s telles que l&#039;implantation de lignes et de cartes CAO. L&#039;implantation en RA am\u00e9liore l&#039;efficacit\u00e9 du travail de pr\u00e8s de 50% par rapport \u00e0 l&#039;implantation traditionnelle en mode graphique et texte.<\/span><\/p>\n<h4>3. Mesure d&#039;inclinaison pr\u00e9cise et fiable<\/h4>\n<p><span>Le r\u00e9cepteur GNSS portable SL7 utilise la technologie de mesure d&#039;inclinaison la plus avanc\u00e9e de SatLab. Gr\u00e2ce \u00e0 son module IMU 200 Hz int\u00e9gr\u00e9 et \u00e0 son initialisation automatique \u00e0 la mise sous tension, il peut effectuer automatiquement l&#039;\u00e9talonnage de l&#039;inclinaison sans attendre une solution fixe en cours de fonctionnement. Il peut mesurer et implanter avec une pr\u00e9cision de niveau topographique dans une plage de compensation d&#039;inclinaison allant jusqu&#039;\u00e0 60\u00b0, augmentant ainsi son efficacit\u00e9 de pr\u00e8s de 30%.<\/span><\/p>\n<h4>4. Dur\u00e9e de vie de la batterie plus longue et meilleure portabilit\u00e9<\/h4>\n<p><span>Optimis\u00e9 toute la structure avec un nouveau mat\u00e9riel, le r\u00e9cepteur GNSS portable ne p\u00e8se que 750 g. Sa conception mat\u00e9rielle \u00e9conome en \u00e9nergie garantit une dur\u00e9e de vie prolong\u00e9e de la batterie jusqu&#039;\u00e0 24 heures, permettant aux utilisateurs de profiter de la portabilit\u00e9 sans se soucier de l&#039;\u00e9puisement de la batterie.<\/span><\/p>\n<div style=\"text-align: center, max-width: 640px; margin: 0 auto;\"><video width=\"300\" height=\"150\" class=\"wp-video-shortcode\" preload=\"metadata\" controls=\"controls\"><source type=\"video\/youtube\" src=\"https:\/\/youtu.be\/5CsGRtWIPqU\" \/><\/video><\/div>","protected":false},"excerpt":{"rendered":"<p>SatLab SL7, un r\u00e9cepteur GNSS compact et portable avec fonction de jalonnement visuel, il est \u00e9conome en \u00e9nergie et suraliment\u00e9 par une puce avanc\u00e9e, offrant jusqu&#039;\u00e0 24 heures de temps de fonctionnement. La cam\u00e9ra HD de qualit\u00e9 starlight en bas vous permet d&#039;effectuer une jalonnement visuelle avec pr\u00e9cision, et son corps l\u00e9ger de 750 g et sa fonction de jalonnement AR rendent le travail d&#039;arpentage et de cartographie traditionnel plus facile et plus simple.<\/p>","protected":false},"featured_media":1020,"comment_status":"open","ping_status":"closed","template":"","meta":{"_links_to":"","_links_to_target":""},"product_cat":[26],"product_tag":[81,82,78,79,80],"yoast_head":"<!-- This site is optimized with the Yoast SEO plugin v19.8 - https:\/\/yoast.com\/wordpress\/plugins\/seo\/ -->\n<title>SL7 GNSS RTK System | Global Satellite Positioning Solutions | SatLab Geosolutions AB<\/title>\n<meta name=\"description\" content=\"The portable GNSS receiver-SL7 is integrates the latest GNSS, IMU, RTK, and premium dual-camera technologies to boost survey efficiency.\" \/>\n<meta name=\"robots\" content=\"index, follow, max-snippet:-1, max-image-preview:large, max-video-preview:-1\" \/>\n<link rel=\"canonical\" href=\"https:\/\/www.satlabgeo.com\/fr\/product\/sl7-gnss-rtk-system\/\" \/>\n<meta property=\"og:locale\" content=\"fr_FR\" \/>\n<meta property=\"og:type\" content=\"article\" \/>\n<meta property=\"og:title\" content=\"SL7 GNSS RTK System | Global Satellite Positioning Solutions | SatLab Geosolutions AB\" \/>\n<meta property=\"og:description\" content=\"The portable GNSS receiver-SL7 is integrates the latest GNSS, IMU, RTK, and premium dual-camera technologies to boost survey efficiency.\" \/>\n<meta property=\"og:url\" content=\"https:\/\/www.satlabgeo.com\/fr\/product\/sl7-gnss-rtk-system\/\" \/>\n<meta property=\"og:site_name\" content=\"Global Satellite Positioning Solutions | SatLab Geosolutions AB\" \/>\n<meta property=\"article:modified_time\" content=\"2025-11-26T03:25:42+00:00\" \/>\n<meta property=\"og:image\" content=\"https:\/\/www.satlabgeo.com\/wp-content\/uploads\/2023\/07\/SL7-02.png\" \/>\n\t<meta property=\"og:image:width\" content=\"744\" \/>\n\t<meta property=\"og:image:height\" content=\"705\" \/>\n\t<meta property=\"og:image:type\" content=\"image\/png\" \/>\n<meta name=\"twitter:card\" content=\"summary_large_image\" \/>\n<meta name=\"twitter:label1\" content=\"Dur\u00e9e de lecture estim\u00e9e\" \/>\n\t<meta name=\"twitter:data1\" content=\"2 minutes\" \/>\n<script type=\"application\/ld+json\" class=\"yoast-schema-graph\">{\"@context\":\"https:\/\/schema.org\",\"@graph\":[{\"@type\":\"WebPage\",\"@id\":\"https:\/\/www.satlabgeo.com\/product\/sl7-gnss-rtk-system\/\",\"url\":\"https:\/\/www.satlabgeo.com\/product\/sl7-gnss-rtk-system\/\",\"name\":\"SL7 GNSS RTK System | Global Satellite Positioning Solutions | SatLab Geosolutions AB\",\"isPartOf\":{\"@id\":\"https:\/\/www.satlabgeo.com\/#website\"},\"datePublished\":\"2023-07-11T06:10:08+00:00\",\"dateModified\":\"2025-11-26T03:25:42+00:00\",\"description\":\"The portable GNSS receiver-SL7 is integrates the latest GNSS, IMU, RTK, and premium dual-camera technologies to boost survey efficiency.\",\"breadcrumb\":{\"@id\":\"https:\/\/www.satlabgeo.com\/product\/sl7-gnss-rtk-system\/#breadcrumb\"},\"inLanguage\":\"fr-FR\",\"potentialAction\":[{\"@type\":\"ReadAction\",\"target\":[\"https:\/\/www.satlabgeo.com\/product\/sl7-gnss-rtk-system\/\"]}]},{\"@type\":\"BreadcrumbList\",\"@id\":\"https:\/\/www.satlabgeo.com\/product\/sl7-gnss-rtk-system\/#breadcrumb\",\"itemListElement\":[{\"@type\":\"ListItem\",\"position\":1,\"name\":\"Home\",\"item\":\"https:\/\/www.satlabgeo.com\/\"},{\"@type\":\"ListItem\",\"position\":2,\"name\":\"Products\",\"item\":\"https:\/\/www.satlabgeo.com\/products\/\"},{\"@type\":\"ListItem\",\"position\":3,\"name\":\"SL7 GNSS RTK System\"}]},{\"@type\":\"WebSite\",\"@id\":\"https:\/\/www.satlabgeo.com\/#website\",\"url\":\"https:\/\/www.satlabgeo.com\/\",\"name\":\"Global Satellite Positioning Solutions | SatLab Geosolutions AB\",\"description\":\"\",\"publisher\":{\"@id\":\"https:\/\/www.satlabgeo.com\/#organization\"},\"potentialAction\":[{\"@type\":\"SearchAction\",\"target\":{\"@type\":\"EntryPoint\",\"urlTemplate\":\"https:\/\/www.satlabgeo.com\/?s={search_term_string}\"},\"query-input\":\"required name=search_term_string\"}],\"inLanguage\":\"fr-FR\"},{\"@type\":\"Organization\",\"@id\":\"https:\/\/www.satlabgeo.com\/#organization\",\"name\":\"Global Satellite Positioning Solutions | SatLab Geosolutions AB\",\"url\":\"https:\/\/www.satlabgeo.com\/\",\"sameAs\":[],\"logo\":{\"@type\":\"ImageObject\",\"inLanguage\":\"fr-FR\",\"@id\":\"https:\/\/www.satlabgeo.com\/#\/schema\/logo\/image\/\",\"url\":\"https:\/\/www.satlabgeo.com\/wp-content\/uploads\/2025\/08\/satlab-logo.webp\",\"contentUrl\":\"https:\/\/www.satlabgeo.com\/wp-content\/uploads\/2025\/08\/satlab-logo.webp\",\"width\":191,\"height\":48,\"caption\":\"Global Satellite Positioning Solutions | SatLab Geosolutions AB\"},\"image\":{\"@id\":\"https:\/\/www.satlabgeo.com\/#\/schema\/logo\/image\/\"}}]}<\/script>\n<!-- \/ Yoast SEO plugin. -->","yoast_head_json":{"title":"SL7 GNSS RTK System | Global Satellite Positioning Solutions | SatLab Geosolutions AB","description":"The portable GNSS receiver-SL7 is integrates the latest GNSS, IMU, RTK, and premium dual-camera technologies to boost survey efficiency.","robots":{"index":"index","follow":"follow","max-snippet":"max-snippet:-1","max-image-preview":"max-image-preview:large","max-video-preview":"max-video-preview:-1"},"canonical":"https:\/\/www.satlabgeo.com\/fr\/product\/sl7-gnss-rtk-system\/","og_locale":"fr_FR","og_type":"article","og_title":"SL7 GNSS RTK System | Global Satellite Positioning Solutions | SatLab Geosolutions AB","og_description":"The portable GNSS receiver-SL7 is integrates the latest GNSS, IMU, RTK, and premium dual-camera technologies to boost survey efficiency.","og_url":"https:\/\/www.satlabgeo.com\/fr\/product\/sl7-gnss-rtk-system\/","og_site_name":"Global Satellite Positioning Solutions | SatLab Geosolutions AB","article_modified_time":"2025-11-26T03:25:42+00:00","og_image":[{"width":744,"height":705,"url":"https:\/\/www.satlabgeo.com\/wp-content\/uploads\/2023\/07\/SL7-02.png","type":"image\/png"}],"twitter_card":"summary_large_image","twitter_misc":{"Dur\u00e9e de lecture estim\u00e9e":"2 minutes"},"schema":{"@context":"https:\/\/schema.org","@graph":[{"@type":"WebPage","@id":"https:\/\/www.satlabgeo.com\/product\/sl7-gnss-rtk-system\/","url":"https:\/\/www.satlabgeo.com\/product\/sl7-gnss-rtk-system\/","name":"SL7 GNSS RTK System | Global Satellite Positioning Solutions | SatLab Geosolutions AB","isPartOf":{"@id":"https:\/\/www.satlabgeo.com\/#website"},"datePublished":"2023-07-11T06:10:08+00:00","dateModified":"2025-11-26T03:25:42+00:00","description":"The portable GNSS receiver-SL7 is integrates the latest GNSS, IMU, RTK, and premium dual-camera technologies to boost survey efficiency.","breadcrumb":{"@id":"https:\/\/www.satlabgeo.com\/product\/sl7-gnss-rtk-system\/#breadcrumb"},"inLanguage":"fr-FR","potentialAction":[{"@type":"ReadAction","target":["https:\/\/www.satlabgeo.com\/product\/sl7-gnss-rtk-system\/"]}]},{"@type":"BreadcrumbList","@id":"https:\/\/www.satlabgeo.com\/product\/sl7-gnss-rtk-system\/#breadcrumb","itemListElement":[{"@type":"ListItem","position":1,"name":"Home","item":"https:\/\/www.satlabgeo.com\/"},{"@type":"ListItem","position":2,"name":"Products","item":"https:\/\/www.satlabgeo.com\/products\/"},{"@type":"ListItem","position":3,"name":"SL7 GNSS RTK System"}]},{"@type":"WebSite","@id":"https:\/\/www.satlabgeo.com\/#website","url":"https:\/\/www.satlabgeo.com\/","name":"Global Satellite Positioning Solutions | SatLab Geosolutions AB","description":"","publisher":{"@id":"https:\/\/www.satlabgeo.com\/#organization"},"potentialAction":[{"@type":"SearchAction","target":{"@type":"EntryPoint","urlTemplate":"https:\/\/www.satlabgeo.com\/?s={search_term_string}"},"query-input":"required name=search_term_string"}],"inLanguage":"fr-FR"},{"@type":"Organization","@id":"https:\/\/www.satlabgeo.com\/#organization","name":"Global Satellite Positioning Solutions | SatLab Geosolutions AB","url":"https:\/\/www.satlabgeo.com\/","sameAs":[],"logo":{"@type":"ImageObject","inLanguage":"fr-FR","@id":"https:\/\/www.satlabgeo.com\/#\/schema\/logo\/image\/","url":"https:\/\/www.satlabgeo.com\/wp-content\/uploads\/2025\/08\/satlab-logo.webp","contentUrl":"https:\/\/www.satlabgeo.com\/wp-content\/uploads\/2025\/08\/satlab-logo.webp","width":191,"height":48,"caption":"Global Satellite Positioning Solutions | SatLab Geosolutions AB"},"image":{"@id":"https:\/\/www.satlabgeo.com\/#\/schema\/logo\/image\/"}}]}},"_links":{"self":[{"href":"https:\/\/www.satlabgeo.com\/fr\/wp-json\/wp\/v2\/product\/1016"}],"collection":[{"href":"https:\/\/www.satlabgeo.com\/fr\/wp-json\/wp\/v2\/product"}],"about":[{"href":"https:\/\/www.satlabgeo.com\/fr\/wp-json\/wp\/v2\/types\/product"}],"replies":[{"embeddable":true,"href":"https:\/\/www.satlabgeo.com\/fr\/wp-json\/wp\/v2\/comments?post=1016"}],"version-history":[{"count":6,"href":"https:\/\/www.satlabgeo.com\/fr\/wp-json\/wp\/v2\/product\/1016\/revisions"}],"predecessor-version":[{"id":3176,"href":"https:\/\/www.satlabgeo.com\/fr\/wp-json\/wp\/v2\/product\/1016\/revisions\/3176"}],"wp:featuredmedia":[{"embeddable":true,"href":"https:\/\/www.satlabgeo.com\/fr\/wp-json\/wp\/v2\/media\/1020"}],"wp:attachment":[{"href":"https:\/\/www.satlabgeo.com\/fr\/wp-json\/wp\/v2\/media?parent=1016"}],"wp:term":[{"taxonomy":"product_cat","embeddable":true,"href":"https:\/\/www.satlabgeo.com\/fr\/wp-json\/wp\/v2\/product_cat?post=1016"},{"taxonomy":"product_tag","embeddable":true,"href":"https:\/\/www.satlabgeo.com\/fr\/wp-json\/wp\/v2\/product_tag?post=1016"}],"curies":[{"name":"wp","href":"https:\/\/api.w.org\/{rel}","templated":true}]}}