{"id":877,"date":"2023-03-03T01:31:36","date_gmt":"2023-03-03T01:31:36","guid":{"rendered":"http:\/\/satlab.aiorange.cn\/?page_id=877"},"modified":"2023-04-12T02:18:07","modified_gmt":"2023-04-12T02:18:07","slug":"industries-detail","status":"publish","type":"page","link":"https:\/\/www.satlabgeo.com\/fr\/industries-detail\/","title":{"rendered":"Industries-D\u00e9tail"},"content":{"rendered":"<div class=\"electricity base-container\" data-aos=\"fade-up\">\n<div class=\"container\">\n<div class=\"slide-button alt\"><button class=\"sprev\"><i class=\"fas fa-angle-left\"><\/i><\/button><br \/>\n<button class=\"snext\"><i class=\"fas fa-angle-right\"><\/i><\/button><\/div>\n<div class=\"electricitySlider\">\n<div class=\"banner-slide\">\n<div class=\"electricity-flex\">\n<div class=\"electricity-layout\">\n<h3>\u00c9lectricit\u00e9<\/h3>\n<h4>Protection de la s\u00e9curit\u00e9 du personnel<\/h4>\n<p><strong>Gestion de l&#039;arri\u00e8re-plan : <\/strong><\/p>\n<p>gestion du personnel, gestion du mat\u00e9riel<\/p>\n<p><strong>Protection de la s\u00e9curit\u00e9 du personnel :<\/strong><\/p>\n<p>cl\u00f4ture \u00e9lectronique, avertissement de s\u00e9curit\u00e9<\/p>\n<p><strong>Inspection de patrouille intelligente : <\/strong><\/p>\n<p>interphone de r\u00e9partition, historique des ant\u00e9c\u00e9dents, suivi des dangers cach\u00e9s<\/p>\n<p><strong>Services de cartographie : <\/strong><\/p>\n<p>carte vectorielle, orthophoto, carte 3D<br \/>\n<a class=\"learn-more\">APPRENDRE ENCORE PLUS<\/a><\/p>\n<\/div>\n<figure><img decoding=\"async\" src=\"\/wp-content\/themes\/hi-target\/images\/industries-5.jpg\" alt=\"\" \/><\/figure>\n<\/div>\n<\/div>\n<div class=\"banner-slide\">\n<div class=\"electricity-flex\">\n<div class=\"electricity-layout\">\n<h3>\u00c9lectricit\u00e91<\/h3>\n<h4>Protection de la s\u00e9curit\u00e9 du personnel<\/h4>\n<p><strong>Gestion de l&#039;arri\u00e8re-plan : <\/strong><\/p>\n<p>gestion du personnel, gestion du mat\u00e9riel<\/p>\n<p><strong>Protection de la s\u00e9curit\u00e9 du personnel :<\/strong><\/p>\n<p>cl\u00f4ture \u00e9lectronique, avertissement de s\u00e9curit\u00e9<\/p>\n<p><strong>Inspection de patrouille intelligente : <\/strong><\/p>\n<p>interphone de r\u00e9partition, historique des ant\u00e9c\u00e9dents, suivi des dangers cach\u00e9s<\/p>\n<p><strong>Services de cartographie : <\/strong><\/p>\n<p>carte vectorielle, orthophoto, carte 3D<br \/>\n<a class=\"learn-more\">APPRENDRE ENCORE PLUS<\/a><\/p>\n<\/div>\n<figure><img decoding=\"async\" src=\"\/wp-content\/themes\/hi-target\/images\/resources-img.jpg\" alt=\"\" \/><\/figure>\n<\/div>\n<\/div>\n<div class=\"banner-slide\">\n<div class=\"electricity-flex\">\n<div class=\"electricity-layout\">\n<h3>\u00c9lectricit\u00e92<\/h3>\n<h4>Protection de la s\u00e9curit\u00e9 du personnel<\/h4>\n<p><strong>Gestion de l&#039;arri\u00e8re-plan : <\/strong><\/p>\n<p>gestion du personnel, gestion du mat\u00e9riel<\/p>\n<p><strong>Protection de la s\u00e9curit\u00e9 du personnel :<\/strong><\/p>\n<p>cl\u00f4ture \u00e9lectronique, avertissement de s\u00e9curit\u00e9<\/p>\n<p><strong>Inspection de patrouille intelligente : <\/strong><\/p>\n<p>interphone de r\u00e9partition, historique des ant\u00e9c\u00e9dents, suivi des dangers cach\u00e9s<\/p>\n<p><strong>Services de cartographie : <\/strong><\/p>\n<p>carte vectorielle, orthophoto, carte 3D<br \/>\n<a class=\"learn-more\">APPRENDRE ENCORE PLUS<\/a><\/p>\n<\/div>\n<figure><img decoding=\"async\" src=\"\/wp-content\/themes\/hi-target\/images\/industries-5.jpg\" alt=\"\" \/><\/figure>\n<\/div>\n<\/div>\n<div class=\"banner-slide\">\n<div class=\"electricity-flex\">\n<div class=\"electricity-layout\">\n<h3>\u00c9lectricit\u00e93<\/h3>\n<h4>Protection de la s\u00e9curit\u00e9 du personnel<\/h4>\n<p><strong>Gestion de l&#039;arri\u00e8re-plan : <\/strong><\/p>\n<p>gestion du personnel, gestion du mat\u00e9riel<\/p>\n<p><strong>Protection de la s\u00e9curit\u00e9 du personnel :<\/strong><\/p>\n<p>cl\u00f4ture \u00e9lectronique, avertissement de s\u00e9curit\u00e9<\/p>\n<p><strong>Inspection de patrouille intelligente : <\/strong><\/p>\n<p>interphone de r\u00e9partition, historique des ant\u00e9c\u00e9dents, suivi des dangers cach\u00e9s<\/p>\n<p><strong>Services de cartographie : <\/strong><\/p>\n<p>carte vectorielle, orthophoto, carte 3D<br \/>\n<a class=\"learn-more\">APPRENDRE ENCORE PLUS<\/a><\/p>\n<\/div>\n<figure><img decoding=\"async\" src=\"\/wp-content\/themes\/hi-target\/images\/industries-5.jpg\" alt=\"\" \/><\/figure>\n<\/div>\n<\/div>\n<\/div>\n<\/div>\n<\/div>\n<div class=\"clear\"><\/div>\n<div class=\"case-study base-container\" data-aos=\"fade-up\">\n<div class=\"container\">\n<h3 class=\"case-study-h3\">\u00c9tude de cas<\/h3>\n<div class=\"case-studyswiper\">\n<div class=\"slide-button alt\"><button class=\"sprev1\"><i class=\"fas fa-angle-left\"><\/i><\/button><br \/>\n<button class=\"snext1\"><i class=\"fas fa-angle-right\"><\/i><\/button><\/div>\n<div class=\"featured-slider-box\">\n<div class=\"case-slider\">\n<div class=\"featured-slide\">\n<div class=\"featured-item-box\">\n<a href=\"#\"><\/p>\n<div class=\"featured-photo\">\n<figure><img decoding=\"async\" src=\"\/wp-content\/themes\/hi-target\/images\/industries-6.jpg\" alt=\"\" \/><\/figure>\n<\/div>\n<div class=\"featured-info\">\n<p>Rapide ! Stable ! Pr\u00e9cis !<br \/>\nvRTK acc\u00e9l\u00e8re la route<br \/>\nconstruction avec Live-view<br \/>\nSurveillance<\/p>\n<div class=\"learn-more\">APPRENDRE ENCORE PLUS<\/div>\n<\/div>\n<p><\/a>\n<\/div>\n<\/div>\n<div class=\"featured-slide\">\n<div class=\"featured-item-box\">\n<a href=\"#\"><\/p>\n<div class=\"featured-photo\">\n<figure><img decoding=\"async\" src=\"\/wp-content\/themes\/hi-target\/images\/industries-7.jpg\" alt=\"\" \/><\/figure>\n<\/div>\n<div class=\"featured-info\">\n<p>Arpentage \u2013 Nouvelle Poche-<br \/>\nLa taille du vRTK est parfaite<br \/>\nCombinaison de GNSS,<br \/>\nIMU avanc\u00e9<\/p>\n<div class=\"learn-more\">APPRENDRE ENCORE PLUS<\/div>\n<\/div>\n<p><\/a>\n<\/div>\n<\/div>\n<div class=\"featured-slide\">\n<div class=\"featured-item-box\">\n<a href=\"#\"><\/p>\n<div class=\"featured-photo\">\n<figure><img decoding=\"async\" src=\"\/wp-content\/themes\/hi-target\/images\/industries-8.jpg\" alt=\"\" \/><\/figure>\n<\/div>\n<div class=\"featured-info\">\n<p>GNSS-AR combin\u00e9<br \/>\nLa technologie profite \u00e0 la<br \/>\nDomaine de l&#039;arpentage et de la cartographie<br \/>\nEmploi<\/p>\n<div class=\"learn-more\">APPRENDRE ENCORE PLUS<\/div>\n<\/div>\n<p><\/a>\n<\/div>\n<\/div>\n<\/div>\n<\/div>\n<\/div>\n<\/div>\n<\/div>\n<div class=\"clear\"><\/div>\n<div class=\"related base-container\" data-aos=\"fade-up\">\n<div class=\"container\">\n<h3 class=\"case-study-h3\">Produits connexes<\/h3>\n<div style=\"position:relative;\">\n<div class=\"slide-button alt\"><button class=\"sprev2\"><i class=\"fas fa-angle-left\"><\/i><\/button><br \/>\n<button class=\"snext2\"><i class=\"fas fa-angle-right\"><\/i><\/button><\/div>\n<div class=\"relatedSlider\">\n<div class=\"banner-slide\">\n<div class=\"related-flex\">\n<figure><img decoding=\"async\" src=\"\/wp-content\/themes\/hi-target\/images\/industries.png\" alt=\"\" \/><\/figure>\n<div class=\"related-intro\">\n<h4>Contr\u00f4leur portable iHand30<\/h4>\n<p>Nouveau GNSS RTK \u00e0 la pointe de l&#039;industrie<br \/>\nsolution d&#039;arpentage<\/p>\n<\/div>\n<\/div>\n<div class=\"related-layout\">\n<div class=\"related-flex\">\n<figure><img decoding=\"async\" src=\"\/wp-content\/themes\/hi-target\/images\/industries1.png\" alt=\"\" \/><\/figure>\n<div class=\"related-intro\">\n<h4>GNSS iRTK5<br \/>\nSyst\u00e8me RTK<\/h4>\n<p>Nouveau GNSS RTK \u00e0 la pointe de l&#039;industrie<br \/>\nsolution d&#039;arpentage<\/p>\n<\/div>\n<\/div>\n<div class=\"related-flex\">\n<figure><img decoding=\"async\" src=\"\/wp-content\/themes\/hi-target\/images\/industries2.png\" alt=\"\" \/><\/figure>\n<div class=\"related-intro\">\n<h4>V200 GNSS<br \/>\nSyst\u00e8me RTK<\/h4>\n<p>Nouveau GNSS RTK \u00e0 la pointe de l&#039;industrie<br \/>\nsolution d&#039;arpentage<\/p>\n<\/div>\n<\/div>\n<\/div>\n<\/div>\n<div class=\"banner-slide\">\n<div class=\"related-flex\">\n<figure><img decoding=\"async\" src=\"\/wp-content\/themes\/hi-target\/images\/industries.png\" alt=\"\" \/><\/figure>\n<div class=\"related-intro\">\n<h4>Contr\u00f4leur portable iHand30<\/h4>\n<p>Nouveau GNSS RTK \u00e0 la pointe de l&#039;industrie<br \/>\nsolution d&#039;arpentage<\/p>\n<\/div>\n<\/div>\n<div class=\"related-layout\">\n<div class=\"related-flex\">\n<figure><img decoding=\"async\" src=\"\/wp-content\/themes\/hi-target\/images\/industries1.png\" alt=\"\" \/><\/figure>\n<div class=\"related-intro\">\n<h4>GNSS iRTK5<br \/>\nSyst\u00e8me RTK<\/h4>\n<p>Nouveau GNSS RTK \u00e0 la pointe de l&#039;industrie<br \/>\nsolution d&#039;arpentage<\/p>\n<\/div>\n<\/div>\n<div class=\"related-flex\">\n<figure><img decoding=\"async\" src=\"\/wp-content\/themes\/hi-target\/images\/industries2.png\" alt=\"\" \/><\/figure>\n<div class=\"related-intro\">\n<h4>V200 GNSS<br \/>\nSyst\u00e8me RTK<\/h4>\n<p>Nouveau GNSS RTK \u00e0 la pointe de l&#039;industrie<br \/>\nsolution d&#039;arpentage<\/p>\n<\/div>\n<\/div>\n<\/div>\n<\/div>\n<div class=\"banner-slide\">\n<div class=\"related-flex\">\n<figure><img decoding=\"async\" src=\"\/wp-content\/themes\/hi-target\/images\/industries.png\" alt=\"\" \/><\/figure>\n<div class=\"related-intro\">\n<h4>Contr\u00f4leur portable iHand30<\/h4>\n<p>Nouveau GNSS RTK \u00e0 la pointe de l&#039;industrie<br \/>\nsolution d&#039;arpentage<\/p>\n<\/div>\n<\/div>\n<div class=\"related-layout\">\n<div class=\"related-flex\">\n<figure><img decoding=\"async\" src=\"\/wp-content\/themes\/hi-target\/images\/industries1.png\" alt=\"\" \/><\/figure>\n<div class=\"related-intro\">\n<h4>GNSS iRTK5<br \/>\nSyst\u00e8me RTK<\/h4>\n<p>Nouveau GNSS RTK \u00e0 la pointe de l&#039;industrie<br \/>\nsolution d&#039;arpentage<\/p>\n<\/div>\n<\/div>\n<div class=\"related-flex\">\n<figure><img decoding=\"async\" src=\"\/wp-content\/themes\/hi-target\/images\/industries2.png\" alt=\"\" \/><\/figure>\n<div class=\"related-intro\">\n<h4>V200 GNSS<br \/>\nSyst\u00e8me RTK<\/h4>\n<p>Nouveau GNSS RTK \u00e0 la pointe de l&#039;industrie<br \/>\nsolution d&#039;arpentage<\/p>\n<\/div>\n<\/div>\n<\/div>\n<\/div>\n<\/div>\n<\/div>\n<\/div>\n<\/div>","protected":false},"excerpt":{"rendered":"<p>Electricity Personnel safety protection Background management: personnel management, equipment management Personnel safety protection: electronic fence, [&hellip;]<\/p>","protected":false},"author":1,"featured_media":0,"parent":0,"menu_order":0,"comment_status":"closed","ping_status":"closed","template":"","meta":{"_links_to":"","_links_to_target":""},"yoast_head":"<!-- This site is optimized with the Yoast SEO plugin v19.8 - https:\/\/yoast.com\/wordpress\/plugins\/seo\/ -->\n<title>Industries-Detail | Global Satellite Positioning Solutions | SatLab Geosolutions AB<\/title>\n<meta name=\"robots\" content=\"index, follow, max-snippet:-1, max-image-preview:large, max-video-preview:-1\" \/>\n<link rel=\"canonical\" href=\"https:\/\/www.satlabgeo.com\/fr\/industries-detail\/\" \/>\n<meta property=\"og:locale\" content=\"fr_FR\" \/>\n<meta property=\"og:type\" content=\"article\" \/>\n<meta property=\"og:title\" content=\"Industries-Detail | Global Satellite Positioning Solutions | SatLab Geosolutions AB\" \/>\n<meta property=\"og:description\" content=\"Electricity Personnel safety protection Background management: personnel management, equipment management Personnel safety protection: electronic fence, [&hellip;]\" \/>\n<meta property=\"og:url\" content=\"https:\/\/www.satlabgeo.com\/fr\/industries-detail\/\" \/>\n<meta property=\"og:site_name\" content=\"Global Satellite Positioning Solutions | SatLab Geosolutions AB\" \/>\n<meta property=\"article:modified_time\" content=\"2023-04-12T02:18:07+00:00\" \/>\n<meta name=\"twitter:card\" content=\"summary_large_image\" \/>\n<meta name=\"twitter:label1\" content=\"Dur\u00e9e de lecture estim\u00e9e\" \/>\n\t<meta name=\"twitter:data1\" content=\"1 minute\" \/>\n<script type=\"application\/ld+json\" class=\"yoast-schema-graph\">{\"@context\":\"https:\/\/schema.org\",\"@graph\":[{\"@type\":\"WebPage\",\"@id\":\"https:\/\/www.satlabgeo.com\/industries-detail\/\",\"url\":\"https:\/\/www.satlabgeo.com\/industries-detail\/\",\"name\":\"Industries-Detail | Global Satellite Positioning Solutions | SatLab Geosolutions AB\",\"isPartOf\":{\"@id\":\"https:\/\/www.satlabgeo.com\/#website\"},\"datePublished\":\"2023-03-03T01:31:36+00:00\",\"dateModified\":\"2023-04-12T02:18:07+00:00\",\"breadcrumb\":{\"@id\":\"https:\/\/www.satlabgeo.com\/industries-detail\/#breadcrumb\"},\"inLanguage\":\"fr-FR\",\"potentialAction\":[{\"@type\":\"ReadAction\",\"target\":[\"https:\/\/www.satlabgeo.com\/industries-detail\/\"]}]},{\"@type\":\"BreadcrumbList\",\"@id\":\"https:\/\/www.satlabgeo.com\/industries-detail\/#breadcrumb\",\"itemListElement\":[{\"@type\":\"ListItem\",\"position\":1,\"name\":\"Home\",\"item\":\"https:\/\/www.satlabgeo.com\/\"},{\"@type\":\"ListItem\",\"position\":2,\"name\":\"Industries-Detail\"}]},{\"@type\":\"WebSite\",\"@id\":\"https:\/\/www.satlabgeo.com\/#website\",\"url\":\"https:\/\/www.satlabgeo.com\/\",\"name\":\"Global Satellite Positioning Solutions | SatLab Geosolutions AB\",\"description\":\"\",\"publisher\":{\"@id\":\"https:\/\/www.satlabgeo.com\/#organization\"},\"potentialAction\":[{\"@type\":\"SearchAction\",\"target\":{\"@type\":\"EntryPoint\",\"urlTemplate\":\"https:\/\/www.satlabgeo.com\/?s={search_term_string}\"},\"query-input\":\"required name=search_term_string\"}],\"inLanguage\":\"fr-FR\"},{\"@type\":\"Organization\",\"@id\":\"https:\/\/www.satlabgeo.com\/#organization\",\"name\":\"Global Satellite Positioning Solutions | SatLab Geosolutions AB\",\"url\":\"https:\/\/www.satlabgeo.com\/\",\"sameAs\":[],\"logo\":{\"@type\":\"ImageObject\",\"inLanguage\":\"fr-FR\",\"@id\":\"https:\/\/www.satlabgeo.com\/#\/schema\/logo\/image\/\",\"url\":\"https:\/\/www.satlabgeo.com\/wp-content\/uploads\/2025\/08\/satlab-logo.webp\",\"contentUrl\":\"https:\/\/www.satlabgeo.com\/wp-content\/uploads\/2025\/08\/satlab-logo.webp\",\"width\":191,\"height\":48,\"caption\":\"Global Satellite Positioning Solutions | SatLab Geosolutions AB\"},\"image\":{\"@id\":\"https:\/\/www.satlabgeo.com\/#\/schema\/logo\/image\/\"}}]}<\/script>\n<!-- \/ Yoast SEO plugin. -->","yoast_head_json":{"title":"Industries-Detail | Global Satellite Positioning Solutions | SatLab Geosolutions AB","robots":{"index":"index","follow":"follow","max-snippet":"max-snippet:-1","max-image-preview":"max-image-preview:large","max-video-preview":"max-video-preview:-1"},"canonical":"https:\/\/www.satlabgeo.com\/fr\/industries-detail\/","og_locale":"fr_FR","og_type":"article","og_title":"Industries-Detail | Global Satellite Positioning Solutions | SatLab Geosolutions AB","og_description":"Electricity Personnel safety protection Background management: personnel management, equipment management Personnel safety protection: electronic fence, [&hellip;]","og_url":"https:\/\/www.satlabgeo.com\/fr\/industries-detail\/","og_site_name":"Global Satellite Positioning Solutions | SatLab Geosolutions AB","article_modified_time":"2023-04-12T02:18:07+00:00","twitter_card":"summary_large_image","twitter_misc":{"Dur\u00e9e de lecture estim\u00e9e":"1 minute"},"schema":{"@context":"https:\/\/schema.org","@graph":[{"@type":"WebPage","@id":"https:\/\/www.satlabgeo.com\/industries-detail\/","url":"https:\/\/www.satlabgeo.com\/industries-detail\/","name":"Industries-Detail | Global Satellite Positioning Solutions | SatLab Geosolutions AB","isPartOf":{"@id":"https:\/\/www.satlabgeo.com\/#website"},"datePublished":"2023-03-03T01:31:36+00:00","dateModified":"2023-04-12T02:18:07+00:00","breadcrumb":{"@id":"https:\/\/www.satlabgeo.com\/industries-detail\/#breadcrumb"},"inLanguage":"fr-FR","potentialAction":[{"@type":"ReadAction","target":["https:\/\/www.satlabgeo.com\/industries-detail\/"]}]},{"@type":"BreadcrumbList","@id":"https:\/\/www.satlabgeo.com\/industries-detail\/#breadcrumb","itemListElement":[{"@type":"ListItem","position":1,"name":"Home","item":"https:\/\/www.satlabgeo.com\/"},{"@type":"ListItem","position":2,"name":"Industries-Detail"}]},{"@type":"WebSite","@id":"https:\/\/www.satlabgeo.com\/#website","url":"https:\/\/www.satlabgeo.com\/","name":"Global Satellite Positioning Solutions | SatLab Geosolutions AB","description":"","publisher":{"@id":"https:\/\/www.satlabgeo.com\/#organization"},"potentialAction":[{"@type":"SearchAction","target":{"@type":"EntryPoint","urlTemplate":"https:\/\/www.satlabgeo.com\/?s={search_term_string}"},"query-input":"required name=search_term_string"}],"inLanguage":"fr-FR"},{"@type":"Organization","@id":"https:\/\/www.satlabgeo.com\/#organization","name":"Global Satellite Positioning Solutions | SatLab Geosolutions AB","url":"https:\/\/www.satlabgeo.com\/","sameAs":[],"logo":{"@type":"ImageObject","inLanguage":"fr-FR","@id":"https:\/\/www.satlabgeo.com\/#\/schema\/logo\/image\/","url":"https:\/\/www.satlabgeo.com\/wp-content\/uploads\/2025\/08\/satlab-logo.webp","contentUrl":"https:\/\/www.satlabgeo.com\/wp-content\/uploads\/2025\/08\/satlab-logo.webp","width":191,"height":48,"caption":"Global Satellite Positioning Solutions | SatLab Geosolutions AB"},"image":{"@id":"https:\/\/www.satlabgeo.com\/#\/schema\/logo\/image\/"}}]}},"_links":{"self":[{"href":"https:\/\/www.satlabgeo.com\/fr\/wp-json\/wp\/v2\/pages\/877"}],"collection":[{"href":"https:\/\/www.satlabgeo.com\/fr\/wp-json\/wp\/v2\/pages"}],"about":[{"href":"https:\/\/www.satlabgeo.com\/fr\/wp-json\/wp\/v2\/types\/page"}],"author":[{"embeddable":true,"href":"https:\/\/www.satlabgeo.com\/fr\/wp-json\/wp\/v2\/users\/1"}],"replies":[{"embeddable":true,"href":"https:\/\/www.satlabgeo.com\/fr\/wp-json\/wp\/v2\/comments?post=877"}],"version-history":[{"count":1,"href":"https:\/\/www.satlabgeo.com\/fr\/wp-json\/wp\/v2\/pages\/877\/revisions"}],"predecessor-version":[{"id":878,"href":"https:\/\/www.satlabgeo.com\/fr\/wp-json\/wp\/v2\/pages\/877\/revisions\/878"}],"wp:attachment":[{"href":"https:\/\/www.satlabgeo.com\/fr\/wp-json\/wp\/v2\/media?parent=877"}],"curies":[{"name":"wp","href":"https:\/\/api.w.org\/{rel}","templated":true}]}}