{"id":871,"date":"2023-03-02T06:08:44","date_gmt":"2023-03-02T06:08:44","guid":{"rendered":"http:\/\/satlab.aiorange.cn\/?page_id=871"},"modified":"2023-11-20T07:37:33","modified_gmt":"2023-11-20T07:37:33","slug":"industries","status":"publish","type":"page","link":"https:\/\/www.satlabgeo.com\/fr\/industries\/","title":{"rendered":"Industries"},"content":{"rendered":"<div class=\"industries-flex\" data-aos=\"fade-up\">\n<p><img decoding=\"async\" src=\"https:\/\/www.satlabgeo.com\/wp-content\/uploads\/2023\/11\/Surveying-Engineering-1920x960-1.png\" alt=\"Topographie-Ing\u00e9nierie-Industries\" style=\"width: 100%;\" \/><\/p>\n<div class=\"industries-center\">\n<div class=\"industries-por\">\n<h3>Topographie et ing\u00e9nierie<\/h3>\n<p>Associ\u00e9s \u00e0 des logiciels professionnels de traitement et d&#039;analyse de donn\u00e9es, les produits d&#039;arpentage avanc\u00e9s et les solutions industrielles de SatLab fournissent des mesures et un positionnement pr\u00e9cis des caract\u00e9ristiques physiques pour le g\u00e9nie civil, l&#039;arpentage, l&#039;arpentage topographique, l&#039;arpentage hydrographique et l&#039;arpentage minier.<\/p>\n<p><a href=\"https:\/\/www.satlabgeo.com\/fr\/surveying-engineering\/\" class=\"learn-more\">APPRENDRE ENCORE PLUS<\/a><\/p>\n<\/div>\n<\/div>\n<\/div>\n<div class=\"industries-flex\" data-aos=\"fade-up\">\n<p><img decoding=\"async\" src=\"https:\/\/www.satlabgeo.com\/wp-content\/uploads\/2023\/11\/Hydrography-Bathymetry-industries.png\" alt=\"Hydrographie-Bathym\u00e9trie-Industries\" style=\"width: 100%;\" \/><\/p>\n<div class=\"industries-center\">\n<div class=\"industries-por\">\n<h3>Hydrographie et bathym\u00e9trie<\/h3>\n<p>Tirant parti des syst\u00e8mes innovants de positionnement acoustique sous-marin et des technologies sonar, les produits marins de SatLab fournissent des donn\u00e9es \u00e0 plus haute r\u00e9solution pour le calcul du volume de sable, la mesure du d\u00e9bit d&#039;eau, les \u00e9valuations des inondations, la navigation s\u00fbre et les d\u00e9veloppements potentiels de projets sous-marins en termes de pr\u00e9cision et de fiabilit\u00e9, et contribuent \u00e9galement \u00e0 la gestion des ressources en eau, \u00e0 la restauration \u00e9cologique de l&#039;eau et \u00e0 la protection de l&#039;environnement aquatique.<\/p>\n<p><a href=\"https:\/\/www.satlabgeo.com\/fr\/hydrography-bathymetry\/\" class=\"learn-more\">APPRENDRE ENCORE PLUS<\/a><\/p>\n<\/div>\n<\/div>\n<\/div>\n<div class=\"industries-flex\" data-aos=\"fade-up\">\n<p><img decoding=\"async\" src=\"https:\/\/www.satlabgeo.com\/wp-content\/uploads\/2023\/11\/Electricity-industies.png\" alt=\"Industries de l&#039;\u00e9lectricit\u00e9\" style=\"width: 100%;\" \/><\/p>\n<div class=\"industries-center\">\n<div class=\"industries-por\">\n<h3>\u00c9lectricit\u00e9<\/h3>\n<p>En int\u00e9grant les technologies GNSS, cloud computing, big data et LiDAR, SatLab permet d&#039;obtenir une synchronisation temporelle de haute pr\u00e9cision et d&#039;assurer la stabilit\u00e9 du r\u00e9seau pour les syst\u00e8mes d&#039;infrastructure de r\u00e9seau intelligents, \u00e9liminant ainsi les risques de s\u00e9curit\u00e9 et de contr\u00f4le instable de l&#039;alimentation dans le contr\u00f4le \u00e0 distance, la surveillance, la collecte de donn\u00e9es et d&#039;autres op\u00e9rations sur le terrain.<\/p>\n<p><a href=\"https:\/\/www.satlabgeo.com\/fr\/electricity\/\" class=\"learn-more\">APPRENDRE ENCORE PLUS<\/a><\/p>\n<\/div>\n<\/div>\n<\/div>","protected":false},"excerpt":{"rendered":"<p>Topographie et ing\u00e9nierie Associ\u00e9s \u00e0 des logiciels professionnels de traitement et d&#039;analyse de donn\u00e9es, les produits d&#039;arpentage avanc\u00e9s de SatLab [\u2026]<\/p>","protected":false},"author":1,"featured_media":0,"parent":0,"menu_order":0,"comment_status":"closed","ping_status":"closed","template":"","meta":{"_links_to":"","_links_to_target":""},"yoast_head":"<!-- This site is optimized with the Yoast SEO plugin v19.8 - https:\/\/yoast.com\/wordpress\/plugins\/seo\/ -->\n<title>Industries | Global Satellite Positioning Solutions | SatLab Geosolutions AB<\/title>\n<meta name=\"description\" content=\"3D laser scanner_power_mining_agricultural machinery_underwater terrain survey and other surveying and mapping industry applications-SatLab\" \/>\n<meta name=\"robots\" content=\"index, follow, max-snippet:-1, max-image-preview:large, max-video-preview:-1\" \/>\n<link rel=\"canonical\" href=\"https:\/\/www.satlabgeo.com\/fr\/industries\/\" \/>\n<meta property=\"og:locale\" content=\"fr_FR\" \/>\n<meta property=\"og:type\" content=\"article\" \/>\n<meta property=\"og:title\" content=\"Industries | Global Satellite Positioning Solutions | SatLab Geosolutions AB\" \/>\n<meta property=\"og:description\" content=\"3D laser scanner_power_mining_agricultural machinery_underwater terrain survey and other surveying and mapping industry applications-SatLab\" \/>\n<meta property=\"og:url\" content=\"https:\/\/www.satlabgeo.com\/fr\/industries\/\" \/>\n<meta property=\"og:site_name\" content=\"Global Satellite Positioning Solutions | SatLab Geosolutions AB\" \/>\n<meta property=\"article:modified_time\" content=\"2023-11-20T07:37:33+00:00\" \/>\n<meta property=\"og:image\" content=\"https:\/\/www.satlabgeo.com\/wp-content\/uploads\/2023\/11\/Surveying-Engineering-1920x960-1.png\" \/>\n<meta name=\"twitter:card\" content=\"summary_large_image\" \/>\n<meta name=\"twitter:label1\" content=\"Dur\u00e9e de lecture estim\u00e9e\" \/>\n\t<meta name=\"twitter:data1\" content=\"2 minutes\" \/>\n<script type=\"application\/ld+json\" class=\"yoast-schema-graph\">{\"@context\":\"https:\/\/schema.org\",\"@graph\":[{\"@type\":\"WebPage\",\"@id\":\"https:\/\/www.satlabgeo.com\/industries\/\",\"url\":\"https:\/\/www.satlabgeo.com\/industries\/\",\"name\":\"Industries | Global Satellite Positioning Solutions | SatLab Geosolutions AB\",\"isPartOf\":{\"@id\":\"https:\/\/www.satlabgeo.com\/#website\"},\"datePublished\":\"2023-03-02T06:08:44+00:00\",\"dateModified\":\"2023-11-20T07:37:33+00:00\",\"description\":\"3D laser scanner_power_mining_agricultural machinery_underwater terrain survey and other surveying and mapping industry applications-SatLab\",\"breadcrumb\":{\"@id\":\"https:\/\/www.satlabgeo.com\/industries\/#breadcrumb\"},\"inLanguage\":\"fr-FR\",\"potentialAction\":[{\"@type\":\"ReadAction\",\"target\":[\"https:\/\/www.satlabgeo.com\/industries\/\"]}]},{\"@type\":\"BreadcrumbList\",\"@id\":\"https:\/\/www.satlabgeo.com\/industries\/#breadcrumb\",\"itemListElement\":[{\"@type\":\"ListItem\",\"position\":1,\"name\":\"Home\",\"item\":\"https:\/\/www.satlabgeo.com\/\"},{\"@type\":\"ListItem\",\"position\":2,\"name\":\"Industries\"}]},{\"@type\":\"WebSite\",\"@id\":\"https:\/\/www.satlabgeo.com\/#website\",\"url\":\"https:\/\/www.satlabgeo.com\/\",\"name\":\"Global Satellite Positioning Solutions | SatLab Geosolutions AB\",\"description\":\"\",\"publisher\":{\"@id\":\"https:\/\/www.satlabgeo.com\/#organization\"},\"potentialAction\":[{\"@type\":\"SearchAction\",\"target\":{\"@type\":\"EntryPoint\",\"urlTemplate\":\"https:\/\/www.satlabgeo.com\/?s={search_term_string}\"},\"query-input\":\"required name=search_term_string\"}],\"inLanguage\":\"fr-FR\"},{\"@type\":\"Organization\",\"@id\":\"https:\/\/www.satlabgeo.com\/#organization\",\"name\":\"Global Satellite Positioning Solutions | SatLab Geosolutions AB\",\"url\":\"https:\/\/www.satlabgeo.com\/\",\"sameAs\":[],\"logo\":{\"@type\":\"ImageObject\",\"inLanguage\":\"fr-FR\",\"@id\":\"https:\/\/www.satlabgeo.com\/#\/schema\/logo\/image\/\",\"url\":\"https:\/\/www.satlabgeo.com\/wp-content\/uploads\/2025\/08\/satlab-logo.webp\",\"contentUrl\":\"https:\/\/www.satlabgeo.com\/wp-content\/uploads\/2025\/08\/satlab-logo.webp\",\"width\":191,\"height\":48,\"caption\":\"Global Satellite Positioning Solutions | SatLab Geosolutions AB\"},\"image\":{\"@id\":\"https:\/\/www.satlabgeo.com\/#\/schema\/logo\/image\/\"}}]}<\/script>\n<!-- \/ Yoast SEO plugin. -->","yoast_head_json":{"title":"Industries | Global Satellite Positioning Solutions | SatLab Geosolutions AB","description":"3D laser scanner_power_mining_agricultural machinery_underwater terrain survey and other surveying and mapping industry applications-SatLab","robots":{"index":"index","follow":"follow","max-snippet":"max-snippet:-1","max-image-preview":"max-image-preview:large","max-video-preview":"max-video-preview:-1"},"canonical":"https:\/\/www.satlabgeo.com\/fr\/industries\/","og_locale":"fr_FR","og_type":"article","og_title":"Industries | Global Satellite Positioning Solutions | SatLab Geosolutions AB","og_description":"3D laser scanner_power_mining_agricultural machinery_underwater terrain survey and other surveying and mapping industry applications-SatLab","og_url":"https:\/\/www.satlabgeo.com\/fr\/industries\/","og_site_name":"Global Satellite Positioning Solutions | SatLab Geosolutions AB","article_modified_time":"2023-11-20T07:37:33+00:00","og_image":[{"url":"https:\/\/www.satlabgeo.com\/wp-content\/uploads\/2023\/11\/Surveying-Engineering-1920x960-1.png"}],"twitter_card":"summary_large_image","twitter_misc":{"Dur\u00e9e de lecture estim\u00e9e":"2 minutes"},"schema":{"@context":"https:\/\/schema.org","@graph":[{"@type":"WebPage","@id":"https:\/\/www.satlabgeo.com\/industries\/","url":"https:\/\/www.satlabgeo.com\/industries\/","name":"Industries | Global Satellite Positioning Solutions | SatLab Geosolutions AB","isPartOf":{"@id":"https:\/\/www.satlabgeo.com\/#website"},"datePublished":"2023-03-02T06:08:44+00:00","dateModified":"2023-11-20T07:37:33+00:00","description":"3D laser scanner_power_mining_agricultural machinery_underwater terrain survey and other surveying and mapping industry applications-SatLab","breadcrumb":{"@id":"https:\/\/www.satlabgeo.com\/industries\/#breadcrumb"},"inLanguage":"fr-FR","potentialAction":[{"@type":"ReadAction","target":["https:\/\/www.satlabgeo.com\/industries\/"]}]},{"@type":"BreadcrumbList","@id":"https:\/\/www.satlabgeo.com\/industries\/#breadcrumb","itemListElement":[{"@type":"ListItem","position":1,"name":"Home","item":"https:\/\/www.satlabgeo.com\/"},{"@type":"ListItem","position":2,"name":"Industries"}]},{"@type":"WebSite","@id":"https:\/\/www.satlabgeo.com\/#website","url":"https:\/\/www.satlabgeo.com\/","name":"Global Satellite Positioning Solutions | SatLab Geosolutions AB","description":"","publisher":{"@id":"https:\/\/www.satlabgeo.com\/#organization"},"potentialAction":[{"@type":"SearchAction","target":{"@type":"EntryPoint","urlTemplate":"https:\/\/www.satlabgeo.com\/?s={search_term_string}"},"query-input":"required name=search_term_string"}],"inLanguage":"fr-FR"},{"@type":"Organization","@id":"https:\/\/www.satlabgeo.com\/#organization","name":"Global Satellite Positioning Solutions | SatLab Geosolutions AB","url":"https:\/\/www.satlabgeo.com\/","sameAs":[],"logo":{"@type":"ImageObject","inLanguage":"fr-FR","@id":"https:\/\/www.satlabgeo.com\/#\/schema\/logo\/image\/","url":"https:\/\/www.satlabgeo.com\/wp-content\/uploads\/2025\/08\/satlab-logo.webp","contentUrl":"https:\/\/www.satlabgeo.com\/wp-content\/uploads\/2025\/08\/satlab-logo.webp","width":191,"height":48,"caption":"Global Satellite Positioning Solutions | SatLab Geosolutions AB"},"image":{"@id":"https:\/\/www.satlabgeo.com\/#\/schema\/logo\/image\/"}}]}},"_links":{"self":[{"href":"https:\/\/www.satlabgeo.com\/fr\/wp-json\/wp\/v2\/pages\/871"}],"collection":[{"href":"https:\/\/www.satlabgeo.com\/fr\/wp-json\/wp\/v2\/pages"}],"about":[{"href":"https:\/\/www.satlabgeo.com\/fr\/wp-json\/wp\/v2\/types\/page"}],"author":[{"embeddable":true,"href":"https:\/\/www.satlabgeo.com\/fr\/wp-json\/wp\/v2\/users\/1"}],"replies":[{"embeddable":true,"href":"https:\/\/www.satlabgeo.com\/fr\/wp-json\/wp\/v2\/comments?post=871"}],"version-history":[{"count":1,"href":"https:\/\/www.satlabgeo.com\/fr\/wp-json\/wp\/v2\/pages\/871\/revisions"}],"predecessor-version":[{"id":873,"href":"https:\/\/www.satlabgeo.com\/fr\/wp-json\/wp\/v2\/pages\/871\/revisions\/873"}],"wp:attachment":[{"href":"https:\/\/www.satlabgeo.com\/fr\/wp-json\/wp\/v2\/media?parent=871"}],"curies":[{"name":"wp","href":"https:\/\/api.w.org\/{rel}","templated":true}]}}