{"id":868,"date":"2023-02-27T08:27:23","date_gmt":"2023-02-27T08:27:23","guid":{"rendered":"http:\/\/satlab.aiorange.cn\/?page_id=868"},"modified":"2023-04-12T02:19:05","modified_gmt":"2023-04-12T02:19:05","slug":"explore","status":"publish","type":"page","link":"https:\/\/www.satlabgeo.com\/fr\/explore\/","title":{"rendered":"Explorer"},"content":{"rendered":"<div class=\"explore-container\">\n<h3>Abonnez-vous \u00e0 notre newsletter<\/h3>\n<p>Fournissez votre bo\u00eete mail pour recevoir les derni\u00e8res actualit\u00e9s \u00e0 tout moment<\/p>\n<form id=\"mc4wp-form-1\" class=\"mc4wp-form mc4wp-form-207\" method=\"post\" data-id=\"207\" data-name=\"Subscribe To Our Newsletter\" action=\"\">\n<div class=\"mc4wp-form-fields\">\n<div class=\"newsletter-box\"><input type=\"email\" class=\"form-control\" name=\"EMAIL\" placeholder=\"Adresse email\" required=\"\" \/><br \/>\n<button type=\"submit\" class=\"button\"><i class=\"fas fa-paper-plane\"><\/i><\/button><\/div>\n<\/div>\n<p><label style=\"display: none !important;\">Laissez ce champ vide si vous \u00eates humain : <input type=\"text\" name=\"_mc4wp_honeypot\" value=\"\" autocomplete=\"off\" tabindex=\"-1\" \/><\/label><input type=\"hidden\" name=\"_mc4wp_timestamp\" value=\"1677488213\" \/><input type=\"hidden\" name=\"_mc4wp_form_id\" value=\"207\" \/><input type=\"hidden\" name=\"_mc4wp_form_element_id\" value=\"mc4wp-form-1\" \/><\/p>\n<div class=\"mc4wp-response\"><\/div>\n<input type=\"hidden\" name=\"trp-form-language\" value=\"fr\"\/><\/form>\n<h3>Suivez-nous<\/h3>\n<div class=\"foot-social-media\">\n<ul class=\"clearfix\">\n<li><a href=\"https:\/\/www.facebook.com\/satlabglobal\/\" target=\"_blank\" rel=\"noopener\"><br \/>\n<i class=\"fab fa-facebook\"><\/i><br \/>\n<\/a><\/li>\n<li><a href=\"https:\/\/www.linkedin.com\/company\/28989781\" target=\"_blank\" rel=\"noopener\"><br \/>\n<i class=\"fab fa-linkedin\"><\/i><br \/>\n<\/a><\/li>\n<li><a href=\"https:\/\/www.youtube.com\/channel\/UC1qVhmCUuE4hQ65mqQuztdQ\" target=\"_blank\" rel=\"noopener\"><br \/>\n<i class=\"fab fa-youtube\"><\/i><br \/>\n<\/a><\/li>\n<li><a href=\"mailto:info@satlabgeo.com\" target=\"_blank\" rel=\"noopener\"><br \/>\n<i class=\"far fa-envelope\"><\/i><br \/>\n<\/a><\/li>\n<\/ul>\n<\/div>\n<\/div>","protected":false},"excerpt":{"rendered":"<p>Abonnez-vous \u00e0 notre Newsletter Fournissez votre bo\u00eete mail pour recevoir les derni\u00e8res actualit\u00e9s \u00e0 tout moment [\u2026]<\/p>","protected":false},"author":1,"featured_media":0,"parent":0,"menu_order":0,"comment_status":"closed","ping_status":"closed","template":"","meta":{"_links_to":"","_links_to_target":""},"yoast_head":"<!-- This site is optimized with the Yoast SEO plugin v19.8 - https:\/\/yoast.com\/wordpress\/plugins\/seo\/ -->\n<title>Explore | Global Satellite Positioning Solutions | SatLab Geosolutions AB<\/title>\n<meta name=\"robots\" content=\"index, follow, max-snippet:-1, max-image-preview:large, max-video-preview:-1\" \/>\n<link rel=\"canonical\" href=\"https:\/\/www.satlabgeo.com\/fr\/explore\/\" \/>\n<meta property=\"og:locale\" content=\"fr_FR\" \/>\n<meta property=\"og:type\" content=\"article\" \/>\n<meta property=\"og:title\" content=\"Explore | Global Satellite Positioning Solutions | SatLab Geosolutions AB\" \/>\n<meta property=\"og:description\" content=\"Subcirbe to our Newsletter Provide your mailbox to receive the latest news at any time [&hellip;]\" \/>\n<meta property=\"og:url\" content=\"https:\/\/www.satlabgeo.com\/fr\/explore\/\" \/>\n<meta property=\"og:site_name\" content=\"Global Satellite Positioning Solutions | SatLab Geosolutions AB\" \/>\n<meta property=\"article:modified_time\" content=\"2023-04-12T02:19:05+00:00\" \/>\n<meta name=\"twitter:card\" content=\"summary_large_image\" \/>\n<script type=\"application\/ld+json\" class=\"yoast-schema-graph\">{\"@context\":\"https:\/\/schema.org\",\"@graph\":[{\"@type\":\"WebPage\",\"@id\":\"https:\/\/www.satlabgeo.com\/explore\/\",\"url\":\"https:\/\/www.satlabgeo.com\/explore\/\",\"name\":\"Explore | Global Satellite Positioning Solutions | SatLab Geosolutions AB\",\"isPartOf\":{\"@id\":\"https:\/\/www.satlabgeo.com\/#website\"},\"datePublished\":\"2023-02-27T08:27:23+00:00\",\"dateModified\":\"2023-04-12T02:19:05+00:00\",\"breadcrumb\":{\"@id\":\"https:\/\/www.satlabgeo.com\/explore\/#breadcrumb\"},\"inLanguage\":\"fr-FR\",\"potentialAction\":[{\"@type\":\"ReadAction\",\"target\":[\"https:\/\/www.satlabgeo.com\/explore\/\"]}]},{\"@type\":\"BreadcrumbList\",\"@id\":\"https:\/\/www.satlabgeo.com\/explore\/#breadcrumb\",\"itemListElement\":[{\"@type\":\"ListItem\",\"position\":1,\"name\":\"Home\",\"item\":\"https:\/\/www.satlabgeo.com\/\"},{\"@type\":\"ListItem\",\"position\":2,\"name\":\"Explore\"}]},{\"@type\":\"WebSite\",\"@id\":\"https:\/\/www.satlabgeo.com\/#website\",\"url\":\"https:\/\/www.satlabgeo.com\/\",\"name\":\"Global Satellite Positioning Solutions | SatLab Geosolutions AB\",\"description\":\"\",\"publisher\":{\"@id\":\"https:\/\/www.satlabgeo.com\/#organization\"},\"potentialAction\":[{\"@type\":\"SearchAction\",\"target\":{\"@type\":\"EntryPoint\",\"urlTemplate\":\"https:\/\/www.satlabgeo.com\/?s={search_term_string}\"},\"query-input\":\"required name=search_term_string\"}],\"inLanguage\":\"fr-FR\"},{\"@type\":\"Organization\",\"@id\":\"https:\/\/www.satlabgeo.com\/#organization\",\"name\":\"Global Satellite Positioning Solutions | SatLab Geosolutions AB\",\"url\":\"https:\/\/www.satlabgeo.com\/\",\"sameAs\":[],\"logo\":{\"@type\":\"ImageObject\",\"inLanguage\":\"fr-FR\",\"@id\":\"https:\/\/www.satlabgeo.com\/#\/schema\/logo\/image\/\",\"url\":\"https:\/\/www.satlabgeo.com\/wp-content\/uploads\/2025\/08\/satlab-logo.webp\",\"contentUrl\":\"https:\/\/www.satlabgeo.com\/wp-content\/uploads\/2025\/08\/satlab-logo.webp\",\"width\":191,\"height\":48,\"caption\":\"Global Satellite Positioning Solutions | SatLab Geosolutions AB\"},\"image\":{\"@id\":\"https:\/\/www.satlabgeo.com\/#\/schema\/logo\/image\/\"}}]}<\/script>\n<!-- \/ Yoast SEO plugin. -->","yoast_head_json":{"title":"Explore | Global Satellite Positioning Solutions | SatLab Geosolutions AB","robots":{"index":"index","follow":"follow","max-snippet":"max-snippet:-1","max-image-preview":"max-image-preview:large","max-video-preview":"max-video-preview:-1"},"canonical":"https:\/\/www.satlabgeo.com\/fr\/explore\/","og_locale":"fr_FR","og_type":"article","og_title":"Explore | Global Satellite Positioning Solutions | SatLab Geosolutions AB","og_description":"Subcirbe to our Newsletter Provide your mailbox to receive the latest news at any time [&hellip;]","og_url":"https:\/\/www.satlabgeo.com\/fr\/explore\/","og_site_name":"Global Satellite Positioning Solutions | SatLab Geosolutions AB","article_modified_time":"2023-04-12T02:19:05+00:00","twitter_card":"summary_large_image","schema":{"@context":"https:\/\/schema.org","@graph":[{"@type":"WebPage","@id":"https:\/\/www.satlabgeo.com\/explore\/","url":"https:\/\/www.satlabgeo.com\/explore\/","name":"Explore | Global Satellite Positioning Solutions | SatLab Geosolutions AB","isPartOf":{"@id":"https:\/\/www.satlabgeo.com\/#website"},"datePublished":"2023-02-27T08:27:23+00:00","dateModified":"2023-04-12T02:19:05+00:00","breadcrumb":{"@id":"https:\/\/www.satlabgeo.com\/explore\/#breadcrumb"},"inLanguage":"fr-FR","potentialAction":[{"@type":"ReadAction","target":["https:\/\/www.satlabgeo.com\/explore\/"]}]},{"@type":"BreadcrumbList","@id":"https:\/\/www.satlabgeo.com\/explore\/#breadcrumb","itemListElement":[{"@type":"ListItem","position":1,"name":"Home","item":"https:\/\/www.satlabgeo.com\/"},{"@type":"ListItem","position":2,"name":"Explore"}]},{"@type":"WebSite","@id":"https:\/\/www.satlabgeo.com\/#website","url":"https:\/\/www.satlabgeo.com\/","name":"Global Satellite Positioning Solutions | SatLab Geosolutions AB","description":"","publisher":{"@id":"https:\/\/www.satlabgeo.com\/#organization"},"potentialAction":[{"@type":"SearchAction","target":{"@type":"EntryPoint","urlTemplate":"https:\/\/www.satlabgeo.com\/?s={search_term_string}"},"query-input":"required name=search_term_string"}],"inLanguage":"fr-FR"},{"@type":"Organization","@id":"https:\/\/www.satlabgeo.com\/#organization","name":"Global Satellite Positioning Solutions | SatLab Geosolutions AB","url":"https:\/\/www.satlabgeo.com\/","sameAs":[],"logo":{"@type":"ImageObject","inLanguage":"fr-FR","@id":"https:\/\/www.satlabgeo.com\/#\/schema\/logo\/image\/","url":"https:\/\/www.satlabgeo.com\/wp-content\/uploads\/2025\/08\/satlab-logo.webp","contentUrl":"https:\/\/www.satlabgeo.com\/wp-content\/uploads\/2025\/08\/satlab-logo.webp","width":191,"height":48,"caption":"Global Satellite Positioning Solutions | SatLab Geosolutions AB"},"image":{"@id":"https:\/\/www.satlabgeo.com\/#\/schema\/logo\/image\/"}}]}},"_links":{"self":[{"href":"https:\/\/www.satlabgeo.com\/fr\/wp-json\/wp\/v2\/pages\/868"}],"collection":[{"href":"https:\/\/www.satlabgeo.com\/fr\/wp-json\/wp\/v2\/pages"}],"about":[{"href":"https:\/\/www.satlabgeo.com\/fr\/wp-json\/wp\/v2\/types\/page"}],"author":[{"embeddable":true,"href":"https:\/\/www.satlabgeo.com\/fr\/wp-json\/wp\/v2\/users\/1"}],"replies":[{"embeddable":true,"href":"https:\/\/www.satlabgeo.com\/fr\/wp-json\/wp\/v2\/comments?post=868"}],"version-history":[{"count":1,"href":"https:\/\/www.satlabgeo.com\/fr\/wp-json\/wp\/v2\/pages\/868\/revisions"}],"predecessor-version":[{"id":870,"href":"https:\/\/www.satlabgeo.com\/fr\/wp-json\/wp\/v2\/pages\/868\/revisions\/870"}],"wp:attachment":[{"href":"https:\/\/www.satlabgeo.com\/fr\/wp-json\/wp\/v2\/media?parent=868"}],"curies":[{"name":"wp","href":"https:\/\/api.w.org\/{rel}","templated":true}]}}