{"id":743,"date":"2022-10-11T02:42:11","date_gmt":"2022-10-11T02:42:11","guid":{"rendered":"https:\/\/www.satlabgeo.com\/?post_type=product&#038;p=743"},"modified":"2025-09-23T06:47:15","modified_gmt":"2025-09-23T06:47:15","slug":"eyr-gnss-rtk-system","status":"publish","type":"product","link":"https:\/\/www.satlabgeo.com\/es\/product\/eyr-gnss-rtk-system\/","title":{"rendered":"Sistema RTK GNSS Eyr"},"content":{"rendered":"<div class=\"landscape\"><img decoding=\"async\" src=\"https:\/\/www.satlabgeo.com\/wp-content\/uploads\/2022\/10\/Eyr-product.jpg\" alt=\"Sistema global de navegaci\u00f3n por sat\u00e9lite (GNSS)\" class=\"Eyr\" \/><\/div>\n<h3><\/h3>\n<h3>Sat\u00e9lites de seguimiento m\u00e1s potentes y mayor capacidad antiinterferencias<\/h3>\n<p>El Eyr est\u00e1 equipado con el dise\u00f1o \u00fanico de SatLab y una antena de desarrollo propio para un funcionamiento m\u00e1s estable y eficiente. Adem\u00e1s, su chip de placa base altamente integrado de bajo consumo, compatible con hasta 1408\/1760 canales y una plataforma SoC avanzada, es otra caracter\u00edstica clave del Eyr.<\/p>\n<p>La excelente configuraci\u00f3n del hardware suprime eficientemente las se\u00f1ales de interferencia y permite obtener datos de observaci\u00f3n de mayor calidad de las constelaciones de sat\u00e9lites son las ventajas del chip.<\/p>\n<h3>Transceptor multiprotocolo con radio integrada<\/h3>\n<p>La radio multiprotocolo incorporada transmite y recibe datos diferenciales que son compatibles con m\u00faltiples marcas de enlaces de datos de radio RTK.<\/p>\n<p>El m\u00f3dulo de radio desarrollado internamente permite que el Eyr no solo funcione bien en un rango operativo t\u00edpico de 7 km al aire libre, sino incluso mejor en condiciones de trabajo ideales.<\/p>\n<h3>C\u00e1mara dual HD para visualizar f\u00e1cilmente la elevaci\u00f3n del edificio y el replanteo r\u00e1pido<\/h3>\n<p>Basada en la tecnolog\u00eda de procesamiento de im\u00e1genes de alto rendimiento del sistema Android, la c\u00e1mara trasera de 5 megap\u00edxeles, combinada con el controlador, captura coordenadas precisas en tiempo real, en un rango de 2 a 15 metros y con una precisi\u00f3n de 2 a 4 cm.<\/p>\n<p>La c\u00e1mara de 2 MP inferior permite el replanteo con vista en vivo de RA con una precisi\u00f3n de 2 cm, ahorrando tiempo y esfuerzo para alcanzar el punto de replanteo. Sin duda, la nueva funci\u00f3n de levantamiento de im\u00e1genes permite mediciones sin contacto, lo que mejora considerablemente el alcance del GNSS para una operaci\u00f3n eficiente y segura.<\/p>\n<h3>Soporte de software<\/h3>\n<p>El SatLab Satsurv es el complemento ideal para el receptor GNSS Eyr. Su software profesional de topograf\u00eda de campo es funcional y f\u00e1cil de usar, lo que optimiza a\u00fan m\u00e1s el rendimiento del Eyr.<br \/>\nSGS es un software de escritorio vers\u00e1til para el posprocesamiento de datos de medici\u00f3n, que satisface las necesidades de los usuarios a la hora de abordar una amplia gama de posprocesamiento de datos.<\/p>\n<p>Adem\u00e1s, el tipo de resultados de datos de imagen obtenidos con Eyr es compatible con los principales software de modelado 3D de terceros como ContextCapture, DPSmart y Pix4D.<\/p>\n<p>La funci\u00f3n de modelado 3D convierte a Eyr en un socio perfecto para operaciones colaborativas de UAV.<\/p>","protected":false},"excerpt":{"rendered":"<p>Equipado con dos c\u00e1maras, el Eyr ofrece medici\u00f3n de im\u00e1genes y replanteo visual, lo que no solo ofrece una amplia gama de soluciones de medici\u00f3n sin contacto, sino que tambi\u00e9n simplifica y hace que las operaciones de replanteo sean intuitivas. El dise\u00f1o del RTK es est\u00e9tico pero pr\u00e1ctico, y su dise\u00f1o ligero y compacto lo hace port\u00e1til y vers\u00e1til.<\/p>","protected":false},"featured_media":744,"comment_status":"open","ping_status":"closed","template":"","meta":{"_links_to":"","_links_to_target":""},"product_cat":[26],"product_tag":[],"yoast_head":"<!-- This site is optimized with the Yoast SEO plugin v19.8 - https:\/\/yoast.com\/wordpress\/plugins\/seo\/ -->\n<title>Eyr GNSS RTK System | Global Satellite Positioning Solutions | SatLab Geosolutions AB<\/title>\n<meta name=\"robots\" content=\"index, follow, max-snippet:-1, max-image-preview:large, max-video-preview:-1\" \/>\n<link rel=\"canonical\" href=\"https:\/\/www.satlabgeo.com\/es\/product\/eyr-gnss-rtk-system\/\" \/>\n<meta property=\"og:locale\" content=\"es_ES\" \/>\n<meta property=\"og:type\" content=\"article\" \/>\n<meta property=\"og:title\" content=\"Eyr GNSS RTK System | Global Satellite Positioning Solutions | SatLab Geosolutions AB\" \/>\n<meta property=\"og:description\" content=\"Equipped with dual cameras, the Eyr features image measurement and visual stakeout, which not only provide a wide range of contact-free measurement solutions but also make stakeout operations intuitive and simple. The design of the RTK is aesthetic but practical, and the pocket-sized and lightweight body makes it portable and versatile.\" \/>\n<meta property=\"og:url\" content=\"https:\/\/www.satlabgeo.com\/es\/product\/eyr-gnss-rtk-system\/\" \/>\n<meta property=\"og:site_name\" content=\"Global Satellite Positioning Solutions | SatLab Geosolutions AB\" \/>\n<meta property=\"article:modified_time\" content=\"2025-09-23T06:47:15+00:00\" \/>\n<meta property=\"og:image\" content=\"https:\/\/www.satlabgeo.com\/wp-content\/uploads\/2022\/10\/Eyr-01.png\" \/>\n\t<meta property=\"og:image:width\" content=\"744\" \/>\n\t<meta property=\"og:image:height\" content=\"705\" \/>\n\t<meta property=\"og:image:type\" content=\"image\/png\" \/>\n<meta name=\"twitter:card\" content=\"summary_large_image\" \/>\n<meta name=\"twitter:label1\" content=\"Tiempo de lectura\" \/>\n\t<meta name=\"twitter:data1\" content=\"2 minutos\" \/>\n<script type=\"application\/ld+json\" class=\"yoast-schema-graph\">{\"@context\":\"https:\/\/schema.org\",\"@graph\":[{\"@type\":\"WebPage\",\"@id\":\"https:\/\/www.satlabgeo.com\/product\/eyr-gnss-rtk-system\/\",\"url\":\"https:\/\/www.satlabgeo.com\/product\/eyr-gnss-rtk-system\/\",\"name\":\"Eyr GNSS RTK System | Global Satellite Positioning Solutions | SatLab Geosolutions AB\",\"isPartOf\":{\"@id\":\"https:\/\/www.satlabgeo.com\/#website\"},\"datePublished\":\"2022-10-11T02:42:11+00:00\",\"dateModified\":\"2025-09-23T06:47:15+00:00\",\"breadcrumb\":{\"@id\":\"https:\/\/www.satlabgeo.com\/product\/eyr-gnss-rtk-system\/#breadcrumb\"},\"inLanguage\":\"es\",\"potentialAction\":[{\"@type\":\"ReadAction\",\"target\":[\"https:\/\/www.satlabgeo.com\/product\/eyr-gnss-rtk-system\/\"]}]},{\"@type\":\"BreadcrumbList\",\"@id\":\"https:\/\/www.satlabgeo.com\/product\/eyr-gnss-rtk-system\/#breadcrumb\",\"itemListElement\":[{\"@type\":\"ListItem\",\"position\":1,\"name\":\"Home\",\"item\":\"https:\/\/www.satlabgeo.com\/\"},{\"@type\":\"ListItem\",\"position\":2,\"name\":\"Products\",\"item\":\"https:\/\/www.satlabgeo.com\/products\/\"},{\"@type\":\"ListItem\",\"position\":3,\"name\":\"Eyr GNSS RTK System\"}]},{\"@type\":\"WebSite\",\"@id\":\"https:\/\/www.satlabgeo.com\/#website\",\"url\":\"https:\/\/www.satlabgeo.com\/\",\"name\":\"Global Satellite Positioning Solutions | SatLab Geosolutions AB\",\"description\":\"\",\"publisher\":{\"@id\":\"https:\/\/www.satlabgeo.com\/#organization\"},\"potentialAction\":[{\"@type\":\"SearchAction\",\"target\":{\"@type\":\"EntryPoint\",\"urlTemplate\":\"https:\/\/www.satlabgeo.com\/?s={search_term_string}\"},\"query-input\":\"required name=search_term_string\"}],\"inLanguage\":\"es\"},{\"@type\":\"Organization\",\"@id\":\"https:\/\/www.satlabgeo.com\/#organization\",\"name\":\"Global Satellite Positioning Solutions | SatLab Geosolutions AB\",\"url\":\"https:\/\/www.satlabgeo.com\/\",\"sameAs\":[],\"logo\":{\"@type\":\"ImageObject\",\"inLanguage\":\"es\",\"@id\":\"https:\/\/www.satlabgeo.com\/#\/schema\/logo\/image\/\",\"url\":\"https:\/\/www.satlabgeo.com\/wp-content\/uploads\/2025\/08\/satlab-logo.webp\",\"contentUrl\":\"https:\/\/www.satlabgeo.com\/wp-content\/uploads\/2025\/08\/satlab-logo.webp\",\"width\":191,\"height\":48,\"caption\":\"Global Satellite Positioning Solutions | SatLab Geosolutions AB\"},\"image\":{\"@id\":\"https:\/\/www.satlabgeo.com\/#\/schema\/logo\/image\/\"}}]}<\/script>\n<!-- \/ Yoast SEO plugin. -->","yoast_head_json":{"title":"Eyr GNSS RTK System | Global Satellite Positioning Solutions | SatLab Geosolutions AB","robots":{"index":"index","follow":"follow","max-snippet":"max-snippet:-1","max-image-preview":"max-image-preview:large","max-video-preview":"max-video-preview:-1"},"canonical":"https:\/\/www.satlabgeo.com\/es\/product\/eyr-gnss-rtk-system\/","og_locale":"es_ES","og_type":"article","og_title":"Eyr GNSS RTK System | Global Satellite Positioning Solutions | SatLab Geosolutions AB","og_description":"Equipped with dual cameras, the Eyr features image measurement and visual stakeout, which not only provide a wide range of contact-free measurement solutions but also make stakeout operations intuitive and simple. The design of the RTK is aesthetic but practical, and the pocket-sized and lightweight body makes it portable and versatile.","og_url":"https:\/\/www.satlabgeo.com\/es\/product\/eyr-gnss-rtk-system\/","og_site_name":"Global Satellite Positioning Solutions | SatLab Geosolutions AB","article_modified_time":"2025-09-23T06:47:15+00:00","og_image":[{"width":744,"height":705,"url":"https:\/\/www.satlabgeo.com\/wp-content\/uploads\/2022\/10\/Eyr-01.png","type":"image\/png"}],"twitter_card":"summary_large_image","twitter_misc":{"Tiempo de lectura":"2 minutos"},"schema":{"@context":"https:\/\/schema.org","@graph":[{"@type":"WebPage","@id":"https:\/\/www.satlabgeo.com\/product\/eyr-gnss-rtk-system\/","url":"https:\/\/www.satlabgeo.com\/product\/eyr-gnss-rtk-system\/","name":"Eyr GNSS RTK System | Global Satellite Positioning Solutions | SatLab Geosolutions AB","isPartOf":{"@id":"https:\/\/www.satlabgeo.com\/#website"},"datePublished":"2022-10-11T02:42:11+00:00","dateModified":"2025-09-23T06:47:15+00:00","breadcrumb":{"@id":"https:\/\/www.satlabgeo.com\/product\/eyr-gnss-rtk-system\/#breadcrumb"},"inLanguage":"es","potentialAction":[{"@type":"ReadAction","target":["https:\/\/www.satlabgeo.com\/product\/eyr-gnss-rtk-system\/"]}]},{"@type":"BreadcrumbList","@id":"https:\/\/www.satlabgeo.com\/product\/eyr-gnss-rtk-system\/#breadcrumb","itemListElement":[{"@type":"ListItem","position":1,"name":"Home","item":"https:\/\/www.satlabgeo.com\/"},{"@type":"ListItem","position":2,"name":"Products","item":"https:\/\/www.satlabgeo.com\/products\/"},{"@type":"ListItem","position":3,"name":"Eyr GNSS RTK System"}]},{"@type":"WebSite","@id":"https:\/\/www.satlabgeo.com\/#website","url":"https:\/\/www.satlabgeo.com\/","name":"Global Satellite Positioning Solutions | SatLab Geosolutions AB","description":"","publisher":{"@id":"https:\/\/www.satlabgeo.com\/#organization"},"potentialAction":[{"@type":"SearchAction","target":{"@type":"EntryPoint","urlTemplate":"https:\/\/www.satlabgeo.com\/?s={search_term_string}"},"query-input":"required name=search_term_string"}],"inLanguage":"es"},{"@type":"Organization","@id":"https:\/\/www.satlabgeo.com\/#organization","name":"Global Satellite Positioning Solutions | SatLab Geosolutions AB","url":"https:\/\/www.satlabgeo.com\/","sameAs":[],"logo":{"@type":"ImageObject","inLanguage":"es","@id":"https:\/\/www.satlabgeo.com\/#\/schema\/logo\/image\/","url":"https:\/\/www.satlabgeo.com\/wp-content\/uploads\/2025\/08\/satlab-logo.webp","contentUrl":"https:\/\/www.satlabgeo.com\/wp-content\/uploads\/2025\/08\/satlab-logo.webp","width":191,"height":48,"caption":"Global Satellite Positioning Solutions | SatLab Geosolutions AB"},"image":{"@id":"https:\/\/www.satlabgeo.com\/#\/schema\/logo\/image\/"}}]}},"_links":{"self":[{"href":"https:\/\/www.satlabgeo.com\/es\/wp-json\/wp\/v2\/product\/743"}],"collection":[{"href":"https:\/\/www.satlabgeo.com\/es\/wp-json\/wp\/v2\/product"}],"about":[{"href":"https:\/\/www.satlabgeo.com\/es\/wp-json\/wp\/v2\/types\/product"}],"replies":[{"embeddable":true,"href":"https:\/\/www.satlabgeo.com\/es\/wp-json\/wp\/v2\/comments?post=743"}],"version-history":[{"count":4,"href":"https:\/\/www.satlabgeo.com\/es\/wp-json\/wp\/v2\/product\/743\/revisions"}],"predecessor-version":[{"id":2867,"href":"https:\/\/www.satlabgeo.com\/es\/wp-json\/wp\/v2\/product\/743\/revisions\/2867"}],"wp:featuredmedia":[{"embeddable":true,"href":"https:\/\/www.satlabgeo.com\/es\/wp-json\/wp\/v2\/media\/744"}],"wp:attachment":[{"href":"https:\/\/www.satlabgeo.com\/es\/wp-json\/wp\/v2\/media?parent=743"}],"wp:term":[{"taxonomy":"product_cat","embeddable":true,"href":"https:\/\/www.satlabgeo.com\/es\/wp-json\/wp\/v2\/product_cat?post=743"},{"taxonomy":"product_tag","embeddable":true,"href":"https:\/\/www.satlabgeo.com\/es\/wp-json\/wp\/v2\/product_tag?post=743"}],"curies":[{"name":"wp","href":"https:\/\/api.w.org\/{rel}","templated":true}]}}