{"id":700,"date":"2022-09-28T01:18:16","date_gmt":"2022-09-28T01:18:16","guid":{"rendered":"https:\/\/www.satlabgeo.com\/?post_type=product&#038;p=700"},"modified":"2024-04-23T10:18:58","modified_gmt":"2024-04-23T10:18:58","slug":"hydroscan-side-scan-sonar","status":"publish","type":"product","link":"https:\/\/www.satlabgeo.com\/es\/product\/hydroscan-side-scan-sonar\/","title":{"rendered":"Sonda de barrido lateral HydroScan"},"content":{"rendered":"<div class=\"landscape\"><img decoding=\"async\" src=\"https:\/\/www.satlabgeo.com\/wp-content\/uploads\/2022\/09\/Hydroscan.jpg\" alt=\"Hidroscan\" \/><\/div>\n<h3><\/h3>\n<h3>M\u00faltiples frecuencias disponibles<\/h3>\n<p>Hay m\u00faltiples frecuencias disponibles para usar seg\u00fan las aplicaciones requeridas. 100\/900 kHz, 400\/900 kHz y 400 kHz, los usuarios siempre pueden encontrar un modo adecuado.<\/p>\n<h3>CW y CHIRP en tiempo real<\/h3>\n<p>La conmutaci\u00f3n en tiempo real proporciona una soluci\u00f3n adaptativa para los usuarios, mientras que el rendimiento antiruido es mejorado, la resoluci\u00f3n es mayor y el alcance es mayor.<\/p>\n<h3>M\u00faltiples sensores internos<\/h3>\n<p>Al integrar el sensor de rumbo, cabeceo, balanceo, profundidad y presi\u00f3n, las im\u00e1genes se corrigen en tiempo real y se puede adquirir informaci\u00f3n de referencia relacionada para garantizar la seguridad operativa.<\/p>\n<h3>\u00c1ngulo de haz ultra peque\u00f1o<\/h3>\n<p>\u00c1ngulo de haz ultra peque\u00f1o. El \u00e1ngulo de haz puede alcanzar hasta 0,2\u00b0, lo que proporciona una resoluci\u00f3n de hasta 1,25 cm, lo que facilita el reconocimiento de objetos peque\u00f1os.<\/p>","protected":false},"excerpt":{"rendered":"<p>Con la posibilidad de cambiar libremente entre CW y CHIRP en m\u00faltiples frecuencias, a 100 kHz, 400 kHz o 900 kHz, el sistema de sonar de barrido lateral proporciona una visi\u00f3n m\u00e1s clara del fondo del agua en doble frecuencia simult\u00e1nea, para b\u00fasqueda de objetos, dragado y otras aplicaciones industriales.<\/p>","protected":false},"featured_media":701,"comment_status":"open","ping_status":"closed","template":"","meta":{"_links_to":"","_links_to_target":""},"product_cat":[73],"product_tag":[],"yoast_head":"<!-- This site is optimized with the Yoast SEO plugin v19.8 - https:\/\/yoast.com\/wordpress\/plugins\/seo\/ -->\n<title>HydroScan Side Scan Sonar | Global Satellite Positioning Solutions | SatLab Geosolutions AB<\/title>\n<meta name=\"robots\" content=\"index, follow, max-snippet:-1, max-image-preview:large, max-video-preview:-1\" \/>\n<link rel=\"canonical\" href=\"https:\/\/www.satlabgeo.com\/es\/product\/hydroscan-side-scan-sonar\/\" \/>\n<meta property=\"og:locale\" content=\"es_ES\" \/>\n<meta property=\"og:type\" content=\"article\" \/>\n<meta property=\"og:title\" content=\"HydroScan Side Scan Sonar | Global Satellite Positioning Solutions | SatLab Geosolutions AB\" \/>\n<meta property=\"og:description\" content=\"With the possibility to switch freely between CW and CHIRP on multiple frequencies, at 100kHz, 400kHz or 900kHz, the side scan sonar system provides a clearer view of the water bottom on dual simultaneous frequency, for object searching, dredging, and other industry applications.\" \/>\n<meta property=\"og:url\" content=\"https:\/\/www.satlabgeo.com\/es\/product\/hydroscan-side-scan-sonar\/\" \/>\n<meta property=\"og:site_name\" content=\"Global Satellite Positioning Solutions | SatLab Geosolutions AB\" \/>\n<meta property=\"article:modified_time\" content=\"2024-04-23T10:18:58+00:00\" \/>\n<meta property=\"og:image\" content=\"https:\/\/www.satlabgeo.com\/wp-content\/uploads\/2022\/09\/HydroScan-1400-4900.png\" \/>\n\t<meta property=\"og:image:width\" content=\"744\" \/>\n\t<meta property=\"og:image:height\" content=\"705\" \/>\n\t<meta property=\"og:image:type\" content=\"image\/png\" \/>\n<meta name=\"twitter:card\" content=\"summary_large_image\" \/>\n<meta name=\"twitter:label1\" content=\"Tiempo de lectura\" \/>\n\t<meta name=\"twitter:data1\" content=\"1 minuto\" \/>\n<script type=\"application\/ld+json\" class=\"yoast-schema-graph\">{\"@context\":\"https:\/\/schema.org\",\"@graph\":[{\"@type\":\"WebPage\",\"@id\":\"https:\/\/www.satlabgeo.com\/product\/hydroscan-side-scan-sonar\/\",\"url\":\"https:\/\/www.satlabgeo.com\/product\/hydroscan-side-scan-sonar\/\",\"name\":\"HydroScan Side Scan Sonar | Global Satellite Positioning Solutions | SatLab Geosolutions AB\",\"isPartOf\":{\"@id\":\"https:\/\/www.satlabgeo.com\/#website\"},\"datePublished\":\"2022-09-28T01:18:16+00:00\",\"dateModified\":\"2024-04-23T10:18:58+00:00\",\"breadcrumb\":{\"@id\":\"https:\/\/www.satlabgeo.com\/product\/hydroscan-side-scan-sonar\/#breadcrumb\"},\"inLanguage\":\"es\",\"potentialAction\":[{\"@type\":\"ReadAction\",\"target\":[\"https:\/\/www.satlabgeo.com\/product\/hydroscan-side-scan-sonar\/\"]}]},{\"@type\":\"BreadcrumbList\",\"@id\":\"https:\/\/www.satlabgeo.com\/product\/hydroscan-side-scan-sonar\/#breadcrumb\",\"itemListElement\":[{\"@type\":\"ListItem\",\"position\":1,\"name\":\"Home\",\"item\":\"https:\/\/www.satlabgeo.com\/\"},{\"@type\":\"ListItem\",\"position\":2,\"name\":\"Products\",\"item\":\"https:\/\/www.satlabgeo.com\/products\/\"},{\"@type\":\"ListItem\",\"position\":3,\"name\":\"HydroScan Side Scan Sonar\"}]},{\"@type\":\"WebSite\",\"@id\":\"https:\/\/www.satlabgeo.com\/#website\",\"url\":\"https:\/\/www.satlabgeo.com\/\",\"name\":\"Global Satellite Positioning Solutions | SatLab Geosolutions AB\",\"description\":\"\",\"publisher\":{\"@id\":\"https:\/\/www.satlabgeo.com\/#organization\"},\"potentialAction\":[{\"@type\":\"SearchAction\",\"target\":{\"@type\":\"EntryPoint\",\"urlTemplate\":\"https:\/\/www.satlabgeo.com\/?s={search_term_string}\"},\"query-input\":\"required name=search_term_string\"}],\"inLanguage\":\"es\"},{\"@type\":\"Organization\",\"@id\":\"https:\/\/www.satlabgeo.com\/#organization\",\"name\":\"Global Satellite Positioning Solutions | SatLab Geosolutions AB\",\"url\":\"https:\/\/www.satlabgeo.com\/\",\"sameAs\":[],\"logo\":{\"@type\":\"ImageObject\",\"inLanguage\":\"es\",\"@id\":\"https:\/\/www.satlabgeo.com\/#\/schema\/logo\/image\/\",\"url\":\"https:\/\/www.satlabgeo.com\/wp-content\/uploads\/2025\/08\/satlab-logo.webp\",\"contentUrl\":\"https:\/\/www.satlabgeo.com\/wp-content\/uploads\/2025\/08\/satlab-logo.webp\",\"width\":191,\"height\":48,\"caption\":\"Global Satellite Positioning Solutions | SatLab Geosolutions AB\"},\"image\":{\"@id\":\"https:\/\/www.satlabgeo.com\/#\/schema\/logo\/image\/\"}}]}<\/script>\n<!-- \/ Yoast SEO plugin. -->","yoast_head_json":{"title":"HydroScan Side Scan Sonar | Global Satellite Positioning Solutions | SatLab Geosolutions AB","robots":{"index":"index","follow":"follow","max-snippet":"max-snippet:-1","max-image-preview":"max-image-preview:large","max-video-preview":"max-video-preview:-1"},"canonical":"https:\/\/www.satlabgeo.com\/es\/product\/hydroscan-side-scan-sonar\/","og_locale":"es_ES","og_type":"article","og_title":"HydroScan Side Scan Sonar | Global Satellite Positioning Solutions | SatLab Geosolutions AB","og_description":"With the possibility to switch freely between CW and CHIRP on multiple frequencies, at 100kHz, 400kHz or 900kHz, the side scan sonar system provides a clearer view of the water bottom on dual simultaneous frequency, for object searching, dredging, and other industry applications.","og_url":"https:\/\/www.satlabgeo.com\/es\/product\/hydroscan-side-scan-sonar\/","og_site_name":"Global Satellite Positioning Solutions | SatLab Geosolutions AB","article_modified_time":"2024-04-23T10:18:58+00:00","og_image":[{"width":744,"height":705,"url":"https:\/\/www.satlabgeo.com\/wp-content\/uploads\/2022\/09\/HydroScan-1400-4900.png","type":"image\/png"}],"twitter_card":"summary_large_image","twitter_misc":{"Tiempo de lectura":"1 minuto"},"schema":{"@context":"https:\/\/schema.org","@graph":[{"@type":"WebPage","@id":"https:\/\/www.satlabgeo.com\/product\/hydroscan-side-scan-sonar\/","url":"https:\/\/www.satlabgeo.com\/product\/hydroscan-side-scan-sonar\/","name":"HydroScan Side Scan Sonar | Global Satellite Positioning Solutions | SatLab Geosolutions AB","isPartOf":{"@id":"https:\/\/www.satlabgeo.com\/#website"},"datePublished":"2022-09-28T01:18:16+00:00","dateModified":"2024-04-23T10:18:58+00:00","breadcrumb":{"@id":"https:\/\/www.satlabgeo.com\/product\/hydroscan-side-scan-sonar\/#breadcrumb"},"inLanguage":"es","potentialAction":[{"@type":"ReadAction","target":["https:\/\/www.satlabgeo.com\/product\/hydroscan-side-scan-sonar\/"]}]},{"@type":"BreadcrumbList","@id":"https:\/\/www.satlabgeo.com\/product\/hydroscan-side-scan-sonar\/#breadcrumb","itemListElement":[{"@type":"ListItem","position":1,"name":"Home","item":"https:\/\/www.satlabgeo.com\/"},{"@type":"ListItem","position":2,"name":"Products","item":"https:\/\/www.satlabgeo.com\/products\/"},{"@type":"ListItem","position":3,"name":"HydroScan Side Scan Sonar"}]},{"@type":"WebSite","@id":"https:\/\/www.satlabgeo.com\/#website","url":"https:\/\/www.satlabgeo.com\/","name":"Global Satellite Positioning Solutions | SatLab Geosolutions AB","description":"","publisher":{"@id":"https:\/\/www.satlabgeo.com\/#organization"},"potentialAction":[{"@type":"SearchAction","target":{"@type":"EntryPoint","urlTemplate":"https:\/\/www.satlabgeo.com\/?s={search_term_string}"},"query-input":"required name=search_term_string"}],"inLanguage":"es"},{"@type":"Organization","@id":"https:\/\/www.satlabgeo.com\/#organization","name":"Global Satellite Positioning Solutions | SatLab Geosolutions AB","url":"https:\/\/www.satlabgeo.com\/","sameAs":[],"logo":{"@type":"ImageObject","inLanguage":"es","@id":"https:\/\/www.satlabgeo.com\/#\/schema\/logo\/image\/","url":"https:\/\/www.satlabgeo.com\/wp-content\/uploads\/2025\/08\/satlab-logo.webp","contentUrl":"https:\/\/www.satlabgeo.com\/wp-content\/uploads\/2025\/08\/satlab-logo.webp","width":191,"height":48,"caption":"Global Satellite Positioning Solutions | SatLab Geosolutions AB"},"image":{"@id":"https:\/\/www.satlabgeo.com\/#\/schema\/logo\/image\/"}}]}},"_links":{"self":[{"href":"https:\/\/www.satlabgeo.com\/es\/wp-json\/wp\/v2\/product\/700"}],"collection":[{"href":"https:\/\/www.satlabgeo.com\/es\/wp-json\/wp\/v2\/product"}],"about":[{"href":"https:\/\/www.satlabgeo.com\/es\/wp-json\/wp\/v2\/types\/product"}],"replies":[{"embeddable":true,"href":"https:\/\/www.satlabgeo.com\/es\/wp-json\/wp\/v2\/comments?post=700"}],"version-history":[{"count":1,"href":"https:\/\/www.satlabgeo.com\/es\/wp-json\/wp\/v2\/product\/700\/revisions"}],"predecessor-version":[{"id":724,"href":"https:\/\/www.satlabgeo.com\/es\/wp-json\/wp\/v2\/product\/700\/revisions\/724"}],"wp:featuredmedia":[{"embeddable":true,"href":"https:\/\/www.satlabgeo.com\/es\/wp-json\/wp\/v2\/media\/701"}],"wp:attachment":[{"href":"https:\/\/www.satlabgeo.com\/es\/wp-json\/wp\/v2\/media?parent=700"}],"wp:term":[{"taxonomy":"product_cat","embeddable":true,"href":"https:\/\/www.satlabgeo.com\/es\/wp-json\/wp\/v2\/product_cat?post=700"},{"taxonomy":"product_tag","embeddable":true,"href":"https:\/\/www.satlabgeo.com\/es\/wp-json\/wp\/v2\/product_tag?post=700"}],"curies":[{"name":"wp","href":"https:\/\/api.w.org\/{rel}","templated":true}]}}