{"id":688,"date":"2022-09-28T01:16:30","date_gmt":"2022-09-28T01:16:30","guid":{"rendered":"https:\/\/www.satlabgeo.com\/?post_type=product&#038;p=688"},"modified":"2025-04-23T09:17:05","modified_gmt":"2025-04-23T09:17:05","slug":"njord-gnss-receiver","status":"publish","type":"product","link":"https:\/\/www.satlabgeo.com\/es\/product\/njord-gnss-receiver\/","title":{"rendered":"Receptor GNSS de posicionamiento y rumbo Njord"},"content":{"rendered":"<div class=\"landscape\"><img decoding=\"async\" src=\"https:\/\/www.satlabgeo.com\/wp-content\/uploads\/2022\/09\/Njord-1.jpg\" alt=\"Sistema global de navegaci\u00f3n por sat\u00e9lite (GNSS)\" class=\"aligncenter\" \/><\/div>\n<h3><\/h3>\n<h3>Motor GNSS RTK avanzado<\/h3>\n<p>Compartido con la misma plataforma que el motor GNSS m\u00e1s avanzado de Satlab, su gesti\u00f3n flexible de se\u00f1ales satelitales le ayuda a obtener soluciones m\u00e1s precisas y proporciona un rendimiento mejorado en un 20 por ciento para la posici\u00f3n y el rumbo en entornos GNSS desafiantes.<\/p>\n<h3>F\u00e1cil operaci\u00f3n y conexi\u00f3n<\/h3>\n<p>El estado y la operaci\u00f3n se pueden realizar f\u00e1cilmente con el panel de control en el lado frontal, mientras que hay muchos puertos f\u00edsicos para emitir los datos requeridos en el lado trasero para diferentes prop\u00f3sitos.<\/p>\n<h3>Energ\u00eda de reserva para entornos hostiles<\/h3>\n<p>Energ\u00eda de tres horas de duraci\u00f3n reservada en el receptor como fuente de reserva para respaldar el trabajo en caso de urgencia cuando la energ\u00eda externa se suspende inesperadamente.<\/p>","protected":false},"excerpt":{"rendered":"<p>Njord es el receptor de posici\u00f3n y rumbo multi-GNSS y multifrecuencia de pr\u00f3xima generaci\u00f3n de SatLab, dise\u00f1ado espec\u00edficamente para aplicaciones marinas y de construcci\u00f3n con capacidad de correcci\u00f3n de banda L y m\u00faltiples interfaces de E\/S para una comunicaci\u00f3n de datos vers\u00e1til.<\/p>","protected":false},"featured_media":689,"comment_status":"open","ping_status":"closed","template":"","meta":{"_links_to":"","_links_to_target":""},"product_cat":[73],"product_tag":[],"yoast_head":"<!-- This site is optimized with the Yoast SEO plugin v19.8 - https:\/\/yoast.com\/wordpress\/plugins\/seo\/ -->\n<title>Njord GNSS Receiver | SatLab<\/title>\n<meta name=\"description\" content=\"The Njord is a next-generation multi-GNSS, multi-frequency positioning and heading receiver purpose-built for marine and construction applications.\" \/>\n<meta name=\"robots\" content=\"index, follow, max-snippet:-1, max-image-preview:large, max-video-preview:-1\" \/>\n<link rel=\"canonical\" href=\"https:\/\/www.satlabgeo.com\/es\/product\/njord-gnss-receiver\/\" \/>\n<meta property=\"og:locale\" content=\"es_ES\" \/>\n<meta property=\"og:type\" content=\"article\" \/>\n<meta property=\"og:title\" content=\"Njord GNSS Receiver | SatLab\" \/>\n<meta property=\"og:description\" content=\"The Njord is a next-generation multi-GNSS, multi-frequency positioning and heading receiver purpose-built for marine and construction applications.\" \/>\n<meta property=\"og:url\" content=\"https:\/\/www.satlabgeo.com\/es\/product\/njord-gnss-receiver\/\" \/>\n<meta property=\"og:site_name\" content=\"Global Satellite Positioning Solutions | SatLab Geosolutions AB\" \/>\n<meta property=\"article:modified_time\" content=\"2025-04-23T09:17:05+00:00\" \/>\n<meta property=\"og:image\" content=\"https:\/\/www.satlabgeo.com\/wp-content\/uploads\/2022\/09\/Njord-01.png\" \/>\n\t<meta property=\"og:image:width\" content=\"800\" \/>\n\t<meta property=\"og:image:height\" content=\"800\" \/>\n\t<meta property=\"og:image:type\" content=\"image\/png\" \/>\n<meta name=\"twitter:card\" content=\"summary_large_image\" \/>\n<meta name=\"twitter:label1\" content=\"Tiempo de lectura\" \/>\n\t<meta name=\"twitter:data1\" content=\"1 minuto\" \/>\n<script type=\"application\/ld+json\" class=\"yoast-schema-graph\">{\"@context\":\"https:\/\/schema.org\",\"@graph\":[{\"@type\":\"WebPage\",\"@id\":\"https:\/\/www.satlabgeo.com\/product\/njord-gnss-receiver\/\",\"url\":\"https:\/\/www.satlabgeo.com\/product\/njord-gnss-receiver\/\",\"name\":\"Njord GNSS Receiver | SatLab\",\"isPartOf\":{\"@id\":\"https:\/\/www.satlabgeo.com\/#website\"},\"datePublished\":\"2022-09-28T01:16:30+00:00\",\"dateModified\":\"2025-04-23T09:17:05+00:00\",\"description\":\"The Njord is a next-generation multi-GNSS, multi-frequency positioning and heading receiver purpose-built for marine and construction applications.\",\"breadcrumb\":{\"@id\":\"https:\/\/www.satlabgeo.com\/product\/njord-gnss-receiver\/#breadcrumb\"},\"inLanguage\":\"es\",\"potentialAction\":[{\"@type\":\"ReadAction\",\"target\":[\"https:\/\/www.satlabgeo.com\/product\/njord-gnss-receiver\/\"]}]},{\"@type\":\"BreadcrumbList\",\"@id\":\"https:\/\/www.satlabgeo.com\/product\/njord-gnss-receiver\/#breadcrumb\",\"itemListElement\":[{\"@type\":\"ListItem\",\"position\":1,\"name\":\"Home\",\"item\":\"https:\/\/www.satlabgeo.com\/\"},{\"@type\":\"ListItem\",\"position\":2,\"name\":\"Products\",\"item\":\"https:\/\/www.satlabgeo.com\/products\/\"},{\"@type\":\"ListItem\",\"position\":3,\"name\":\"Njord Positioning and Heading GNSS Receiver\"}]},{\"@type\":\"WebSite\",\"@id\":\"https:\/\/www.satlabgeo.com\/#website\",\"url\":\"https:\/\/www.satlabgeo.com\/\",\"name\":\"Global Satellite Positioning Solutions | SatLab Geosolutions AB\",\"description\":\"\",\"publisher\":{\"@id\":\"https:\/\/www.satlabgeo.com\/#organization\"},\"potentialAction\":[{\"@type\":\"SearchAction\",\"target\":{\"@type\":\"EntryPoint\",\"urlTemplate\":\"https:\/\/www.satlabgeo.com\/?s={search_term_string}\"},\"query-input\":\"required name=search_term_string\"}],\"inLanguage\":\"es\"},{\"@type\":\"Organization\",\"@id\":\"https:\/\/www.satlabgeo.com\/#organization\",\"name\":\"Global Satellite Positioning Solutions | SatLab Geosolutions AB\",\"url\":\"https:\/\/www.satlabgeo.com\/\",\"sameAs\":[],\"logo\":{\"@type\":\"ImageObject\",\"inLanguage\":\"es\",\"@id\":\"https:\/\/www.satlabgeo.com\/#\/schema\/logo\/image\/\",\"url\":\"https:\/\/www.satlabgeo.com\/wp-content\/uploads\/2025\/08\/satlab-logo.webp\",\"contentUrl\":\"https:\/\/www.satlabgeo.com\/wp-content\/uploads\/2025\/08\/satlab-logo.webp\",\"width\":191,\"height\":48,\"caption\":\"Global Satellite Positioning Solutions | SatLab Geosolutions AB\"},\"image\":{\"@id\":\"https:\/\/www.satlabgeo.com\/#\/schema\/logo\/image\/\"}}]}<\/script>\n<!-- \/ Yoast SEO plugin. -->","yoast_head_json":{"title":"Njord GNSS Receiver | SatLab","description":"The Njord is a next-generation multi-GNSS, multi-frequency positioning and heading receiver purpose-built for marine and construction applications.","robots":{"index":"index","follow":"follow","max-snippet":"max-snippet:-1","max-image-preview":"max-image-preview:large","max-video-preview":"max-video-preview:-1"},"canonical":"https:\/\/www.satlabgeo.com\/es\/product\/njord-gnss-receiver\/","og_locale":"es_ES","og_type":"article","og_title":"Njord GNSS Receiver | SatLab","og_description":"The Njord is a next-generation multi-GNSS, multi-frequency positioning and heading receiver purpose-built for marine and construction applications.","og_url":"https:\/\/www.satlabgeo.com\/es\/product\/njord-gnss-receiver\/","og_site_name":"Global Satellite Positioning Solutions | SatLab Geosolutions AB","article_modified_time":"2025-04-23T09:17:05+00:00","og_image":[{"width":800,"height":800,"url":"https:\/\/www.satlabgeo.com\/wp-content\/uploads\/2022\/09\/Njord-01.png","type":"image\/png"}],"twitter_card":"summary_large_image","twitter_misc":{"Tiempo de lectura":"1 minuto"},"schema":{"@context":"https:\/\/schema.org","@graph":[{"@type":"WebPage","@id":"https:\/\/www.satlabgeo.com\/product\/njord-gnss-receiver\/","url":"https:\/\/www.satlabgeo.com\/product\/njord-gnss-receiver\/","name":"Njord GNSS Receiver | SatLab","isPartOf":{"@id":"https:\/\/www.satlabgeo.com\/#website"},"datePublished":"2022-09-28T01:16:30+00:00","dateModified":"2025-04-23T09:17:05+00:00","description":"The Njord is a next-generation multi-GNSS, multi-frequency positioning and heading receiver purpose-built for marine and construction applications.","breadcrumb":{"@id":"https:\/\/www.satlabgeo.com\/product\/njord-gnss-receiver\/#breadcrumb"},"inLanguage":"es","potentialAction":[{"@type":"ReadAction","target":["https:\/\/www.satlabgeo.com\/product\/njord-gnss-receiver\/"]}]},{"@type":"BreadcrumbList","@id":"https:\/\/www.satlabgeo.com\/product\/njord-gnss-receiver\/#breadcrumb","itemListElement":[{"@type":"ListItem","position":1,"name":"Home","item":"https:\/\/www.satlabgeo.com\/"},{"@type":"ListItem","position":2,"name":"Products","item":"https:\/\/www.satlabgeo.com\/products\/"},{"@type":"ListItem","position":3,"name":"Njord Positioning and Heading GNSS Receiver"}]},{"@type":"WebSite","@id":"https:\/\/www.satlabgeo.com\/#website","url":"https:\/\/www.satlabgeo.com\/","name":"Global Satellite Positioning Solutions | SatLab Geosolutions AB","description":"","publisher":{"@id":"https:\/\/www.satlabgeo.com\/#organization"},"potentialAction":[{"@type":"SearchAction","target":{"@type":"EntryPoint","urlTemplate":"https:\/\/www.satlabgeo.com\/?s={search_term_string}"},"query-input":"required name=search_term_string"}],"inLanguage":"es"},{"@type":"Organization","@id":"https:\/\/www.satlabgeo.com\/#organization","name":"Global Satellite Positioning Solutions | SatLab Geosolutions AB","url":"https:\/\/www.satlabgeo.com\/","sameAs":[],"logo":{"@type":"ImageObject","inLanguage":"es","@id":"https:\/\/www.satlabgeo.com\/#\/schema\/logo\/image\/","url":"https:\/\/www.satlabgeo.com\/wp-content\/uploads\/2025\/08\/satlab-logo.webp","contentUrl":"https:\/\/www.satlabgeo.com\/wp-content\/uploads\/2025\/08\/satlab-logo.webp","width":191,"height":48,"caption":"Global Satellite Positioning Solutions | SatLab Geosolutions AB"},"image":{"@id":"https:\/\/www.satlabgeo.com\/#\/schema\/logo\/image\/"}}]}},"_links":{"self":[{"href":"https:\/\/www.satlabgeo.com\/es\/wp-json\/wp\/v2\/product\/688"}],"collection":[{"href":"https:\/\/www.satlabgeo.com\/es\/wp-json\/wp\/v2\/product"}],"about":[{"href":"https:\/\/www.satlabgeo.com\/es\/wp-json\/wp\/v2\/types\/product"}],"replies":[{"embeddable":true,"href":"https:\/\/www.satlabgeo.com\/es\/wp-json\/wp\/v2\/comments?post=688"}],"version-history":[{"count":1,"href":"https:\/\/www.satlabgeo.com\/es\/wp-json\/wp\/v2\/product\/688\/revisions"}],"predecessor-version":[{"id":716,"href":"https:\/\/www.satlabgeo.com\/es\/wp-json\/wp\/v2\/product\/688\/revisions\/716"}],"wp:featuredmedia":[{"embeddable":true,"href":"https:\/\/www.satlabgeo.com\/es\/wp-json\/wp\/v2\/media\/689"}],"wp:attachment":[{"href":"https:\/\/www.satlabgeo.com\/es\/wp-json\/wp\/v2\/media?parent=688"}],"wp:term":[{"taxonomy":"product_cat","embeddable":true,"href":"https:\/\/www.satlabgeo.com\/es\/wp-json\/wp\/v2\/product_cat?post=688"},{"taxonomy":"product_tag","embeddable":true,"href":"https:\/\/www.satlabgeo.com\/es\/wp-json\/wp\/v2\/product_tag?post=688"}],"curies":[{"name":"wp","href":"https:\/\/api.w.org\/{rel}","templated":true}]}}