{"id":355,"date":"2022-04-01T02:09:26","date_gmt":"2022-04-01T02:09:26","guid":{"rendered":"https:\/\/www.satlabgeo.com\/?post_type=product&#038;p=355"},"modified":"2025-05-26T08:16:22","modified_gmt":"2025-05-26T08:16:22","slug":"slx1-ng-multi-application-gnss-receiver","status":"publish","type":"product","link":"https:\/\/www.satlabgeo.com\/es\/product\/slx1-ng-multi-application-gnss-receiver\/","title":{"rendered":"Receptor GNSS multiaplicaci\u00f3n SLX-1"},"content":{"rendered":"<h3>Entrega de datos altamente precisos y confiables<\/h3>\n<p>Dise\u00f1ado con simplicidad, el SLX-1 realiza m\u00faltiples tareas simult\u00e1neamente para facilitar y hacer m\u00e1s eficiente el trabajo de campo. Este receptor puede rastrear y registrar continuamente todos los datos satelitales, a la vez que permite descargar los datos grabados y transmitir en directo o en directo diferentes tipos de datos de correcci\u00f3n.<\/p>\n<h3>Eficiente y confiable<\/h3>\n<p>Este receptor est\u00e1 equipado con un motor GNSS de nueva generaci\u00f3n y ofrece un posicionamiento preciso y una mitigaci\u00f3n avanzada de interferencias. Funciona incluso en los entornos m\u00e1s remotos o dif\u00edciles. Sus 1480 canales de seguimiento permiten rastrear todos los sat\u00e9lites actuales y futuros.<br \/>\nse\u00f1ales, ofreciendo un posicionamiento preciso desde submetros hasta cent\u00edmetros.<\/p>\n<div class=\"landscape\"><a href=\"https:\/\/www.satlabgeo.com\/es\/product_category\/gnss\/\"><img decoding=\"async\" src=\"https:\/\/www.satlabgeo.com\/wp-content\/uploads\/2022\/04\/SLX1-NG-Banner-05.png\" alt=\"receptor GNSS\" \/><\/a><\/div>\n<table border=\"0\" style=\"border-collapse: collapse; width: 100%;\">\n<tbody><\/tbody>\n<\/table>","protected":false},"excerpt":{"rendered":"<p>El receptor GNSS multiaplicaci\u00f3n SLX-1 cuenta con una carcasa ambiental de grado militar con firewall integrado y cifrado de datos, dise\u00f1ado principalmente para aplicaciones CORS. Gracias a la tecnolog\u00eda multifrecuencia m\u00e1s avanzada del mundo, impulsada por un motor GNSS de nueva generaci\u00f3n, este receptor puede rastrear mejor todas las constelaciones y se\u00f1ales, convirti\u00e9ndose en una estaci\u00f3n de referencia para obtener lecturas satelitales precisas.<\/p>","protected":false},"featured_media":357,"comment_status":"open","ping_status":"closed","template":"","meta":{"_links_to":"","_links_to_target":""},"product_cat":[26],"product_tag":[],"yoast_head":"<!-- This site is optimized with the Yoast SEO plugin v19.8 - https:\/\/yoast.com\/wordpress\/plugins\/seo\/ -->\n<title>SLX-1 Multi-application GNSS Receiver | Global Satellite Positioning Solutions | SatLab Geosolutions AB<\/title>\n<meta name=\"robots\" content=\"index, follow, max-snippet:-1, max-image-preview:large, max-video-preview:-1\" \/>\n<link rel=\"canonical\" href=\"https:\/\/www.satlabgeo.com\/es\/product\/slx1-ng-multi-application-gnss-receiver\/\" \/>\n<meta property=\"og:locale\" content=\"es_ES\" \/>\n<meta property=\"og:type\" content=\"article\" \/>\n<meta property=\"og:title\" content=\"SLX-1 Multi-application GNSS Receiver | Global Satellite Positioning Solutions | SatLab Geosolutions AB\" \/>\n<meta property=\"og:description\" content=\"SLX-1 multi-application GNSS receiver has military-grade environmental housing with a built-in firewall and data encryption designed primarily for CORS applications. Using the world&#039;s latest multi-frequency technology, powered by a new generation GNSS engine, this receiver can better track all constellations and signals as a reference station solution for accurate satellite readings.\" \/>\n<meta property=\"og:url\" content=\"https:\/\/www.satlabgeo.com\/es\/product\/slx1-ng-multi-application-gnss-receiver\/\" \/>\n<meta property=\"og:site_name\" content=\"Global Satellite Positioning Solutions | SatLab Geosolutions AB\" \/>\n<meta property=\"article:modified_time\" content=\"2025-05-26T08:16:22+00:00\" \/>\n<meta property=\"og:image\" content=\"https:\/\/www.satlabgeo.com\/wp-content\/uploads\/2022\/04\/SLX1-NG-01.png\" \/>\n\t<meta property=\"og:image:width\" content=\"248\" \/>\n\t<meta property=\"og:image:height\" content=\"235\" \/>\n\t<meta property=\"og:image:type\" content=\"image\/png\" \/>\n<meta name=\"twitter:card\" content=\"summary_large_image\" \/>\n<meta name=\"twitter:label1\" content=\"Tiempo de lectura\" \/>\n\t<meta name=\"twitter:data1\" content=\"1 minuto\" \/>\n<script type=\"application\/ld+json\" class=\"yoast-schema-graph\">{\"@context\":\"https:\/\/schema.org\",\"@graph\":[{\"@type\":\"WebPage\",\"@id\":\"https:\/\/www.satlabgeo.com\/product\/slx1-ng-multi-application-gnss-receiver\/\",\"url\":\"https:\/\/www.satlabgeo.com\/product\/slx1-ng-multi-application-gnss-receiver\/\",\"name\":\"SLX-1 Multi-application GNSS Receiver | Global Satellite Positioning Solutions | SatLab Geosolutions AB\",\"isPartOf\":{\"@id\":\"https:\/\/www.satlabgeo.com\/#website\"},\"datePublished\":\"2022-04-01T02:09:26+00:00\",\"dateModified\":\"2025-05-26T08:16:22+00:00\",\"breadcrumb\":{\"@id\":\"https:\/\/www.satlabgeo.com\/product\/slx1-ng-multi-application-gnss-receiver\/#breadcrumb\"},\"inLanguage\":\"es\",\"potentialAction\":[{\"@type\":\"ReadAction\",\"target\":[\"https:\/\/www.satlabgeo.com\/product\/slx1-ng-multi-application-gnss-receiver\/\"]}]},{\"@type\":\"BreadcrumbList\",\"@id\":\"https:\/\/www.satlabgeo.com\/product\/slx1-ng-multi-application-gnss-receiver\/#breadcrumb\",\"itemListElement\":[{\"@type\":\"ListItem\",\"position\":1,\"name\":\"Home\",\"item\":\"https:\/\/www.satlabgeo.com\/\"},{\"@type\":\"ListItem\",\"position\":2,\"name\":\"Products\",\"item\":\"https:\/\/www.satlabgeo.com\/products\/\"},{\"@type\":\"ListItem\",\"position\":3,\"name\":\"SLX-1 Multi-application GNSS Receiver\"}]},{\"@type\":\"WebSite\",\"@id\":\"https:\/\/www.satlabgeo.com\/#website\",\"url\":\"https:\/\/www.satlabgeo.com\/\",\"name\":\"Global Satellite Positioning Solutions | SatLab Geosolutions AB\",\"description\":\"\",\"publisher\":{\"@id\":\"https:\/\/www.satlabgeo.com\/#organization\"},\"potentialAction\":[{\"@type\":\"SearchAction\",\"target\":{\"@type\":\"EntryPoint\",\"urlTemplate\":\"https:\/\/www.satlabgeo.com\/?s={search_term_string}\"},\"query-input\":\"required name=search_term_string\"}],\"inLanguage\":\"es\"},{\"@type\":\"Organization\",\"@id\":\"https:\/\/www.satlabgeo.com\/#organization\",\"name\":\"Global Satellite Positioning Solutions | SatLab Geosolutions AB\",\"url\":\"https:\/\/www.satlabgeo.com\/\",\"sameAs\":[],\"logo\":{\"@type\":\"ImageObject\",\"inLanguage\":\"es\",\"@id\":\"https:\/\/www.satlabgeo.com\/#\/schema\/logo\/image\/\",\"url\":\"https:\/\/www.satlabgeo.com\/wp-content\/uploads\/2025\/08\/satlab-logo.webp\",\"contentUrl\":\"https:\/\/www.satlabgeo.com\/wp-content\/uploads\/2025\/08\/satlab-logo.webp\",\"width\":191,\"height\":48,\"caption\":\"Global Satellite Positioning Solutions | SatLab Geosolutions AB\"},\"image\":{\"@id\":\"https:\/\/www.satlabgeo.com\/#\/schema\/logo\/image\/\"}}]}<\/script>\n<!-- \/ Yoast SEO plugin. -->","yoast_head_json":{"title":"SLX-1 Multi-application GNSS Receiver | Global Satellite Positioning Solutions | SatLab Geosolutions AB","robots":{"index":"index","follow":"follow","max-snippet":"max-snippet:-1","max-image-preview":"max-image-preview:large","max-video-preview":"max-video-preview:-1"},"canonical":"https:\/\/www.satlabgeo.com\/es\/product\/slx1-ng-multi-application-gnss-receiver\/","og_locale":"es_ES","og_type":"article","og_title":"SLX-1 Multi-application GNSS Receiver | Global Satellite Positioning Solutions | SatLab Geosolutions AB","og_description":"SLX-1 multi-application GNSS receiver has military-grade environmental housing with a built-in firewall and data encryption designed primarily for CORS applications. Using the world's latest multi-frequency technology, powered by a new generation GNSS engine, this receiver can better track all constellations and signals as a reference station solution for accurate satellite readings.","og_url":"https:\/\/www.satlabgeo.com\/es\/product\/slx1-ng-multi-application-gnss-receiver\/","og_site_name":"Global Satellite Positioning Solutions | SatLab Geosolutions AB","article_modified_time":"2025-05-26T08:16:22+00:00","og_image":[{"width":248,"height":235,"url":"https:\/\/www.satlabgeo.com\/wp-content\/uploads\/2022\/04\/SLX1-NG-01.png","type":"image\/png"}],"twitter_card":"summary_large_image","twitter_misc":{"Tiempo de lectura":"1 minuto"},"schema":{"@context":"https:\/\/schema.org","@graph":[{"@type":"WebPage","@id":"https:\/\/www.satlabgeo.com\/product\/slx1-ng-multi-application-gnss-receiver\/","url":"https:\/\/www.satlabgeo.com\/product\/slx1-ng-multi-application-gnss-receiver\/","name":"SLX-1 Multi-application GNSS Receiver | Global Satellite Positioning Solutions | SatLab Geosolutions AB","isPartOf":{"@id":"https:\/\/www.satlabgeo.com\/#website"},"datePublished":"2022-04-01T02:09:26+00:00","dateModified":"2025-05-26T08:16:22+00:00","breadcrumb":{"@id":"https:\/\/www.satlabgeo.com\/product\/slx1-ng-multi-application-gnss-receiver\/#breadcrumb"},"inLanguage":"es","potentialAction":[{"@type":"ReadAction","target":["https:\/\/www.satlabgeo.com\/product\/slx1-ng-multi-application-gnss-receiver\/"]}]},{"@type":"BreadcrumbList","@id":"https:\/\/www.satlabgeo.com\/product\/slx1-ng-multi-application-gnss-receiver\/#breadcrumb","itemListElement":[{"@type":"ListItem","position":1,"name":"Home","item":"https:\/\/www.satlabgeo.com\/"},{"@type":"ListItem","position":2,"name":"Products","item":"https:\/\/www.satlabgeo.com\/products\/"},{"@type":"ListItem","position":3,"name":"SLX-1 Multi-application GNSS Receiver"}]},{"@type":"WebSite","@id":"https:\/\/www.satlabgeo.com\/#website","url":"https:\/\/www.satlabgeo.com\/","name":"Global Satellite Positioning Solutions | SatLab Geosolutions AB","description":"","publisher":{"@id":"https:\/\/www.satlabgeo.com\/#organization"},"potentialAction":[{"@type":"SearchAction","target":{"@type":"EntryPoint","urlTemplate":"https:\/\/www.satlabgeo.com\/?s={search_term_string}"},"query-input":"required name=search_term_string"}],"inLanguage":"es"},{"@type":"Organization","@id":"https:\/\/www.satlabgeo.com\/#organization","name":"Global Satellite Positioning Solutions | SatLab Geosolutions AB","url":"https:\/\/www.satlabgeo.com\/","sameAs":[],"logo":{"@type":"ImageObject","inLanguage":"es","@id":"https:\/\/www.satlabgeo.com\/#\/schema\/logo\/image\/","url":"https:\/\/www.satlabgeo.com\/wp-content\/uploads\/2025\/08\/satlab-logo.webp","contentUrl":"https:\/\/www.satlabgeo.com\/wp-content\/uploads\/2025\/08\/satlab-logo.webp","width":191,"height":48,"caption":"Global Satellite Positioning Solutions | SatLab Geosolutions AB"},"image":{"@id":"https:\/\/www.satlabgeo.com\/#\/schema\/logo\/image\/"}}]}},"_links":{"self":[{"href":"https:\/\/www.satlabgeo.com\/es\/wp-json\/wp\/v2\/product\/355"}],"collection":[{"href":"https:\/\/www.satlabgeo.com\/es\/wp-json\/wp\/v2\/product"}],"about":[{"href":"https:\/\/www.satlabgeo.com\/es\/wp-json\/wp\/v2\/types\/product"}],"replies":[{"embeddable":true,"href":"https:\/\/www.satlabgeo.com\/es\/wp-json\/wp\/v2\/comments?post=355"}],"version-history":[{"count":1,"href":"https:\/\/www.satlabgeo.com\/es\/wp-json\/wp\/v2\/product\/355\/revisions"}],"predecessor-version":[{"id":2378,"href":"https:\/\/www.satlabgeo.com\/es\/wp-json\/wp\/v2\/product\/355\/revisions\/2378"}],"wp:featuredmedia":[{"embeddable":true,"href":"https:\/\/www.satlabgeo.com\/es\/wp-json\/wp\/v2\/media\/357"}],"wp:attachment":[{"href":"https:\/\/www.satlabgeo.com\/es\/wp-json\/wp\/v2\/media?parent=355"}],"wp:term":[{"taxonomy":"product_cat","embeddable":true,"href":"https:\/\/www.satlabgeo.com\/es\/wp-json\/wp\/v2\/product_cat?post=355"},{"taxonomy":"product_tag","embeddable":true,"href":"https:\/\/www.satlabgeo.com\/es\/wp-json\/wp\/v2\/product_tag?post=355"}],"curies":[{"name":"wp","href":"https:\/\/api.w.org\/{rel}","templated":true}]}}