{"id":315,"date":"2022-03-29T03:02:01","date_gmt":"2022-03-29T03:02:01","guid":{"rendered":"https:\/\/www.satlabgeo.com\/?post_type=product&#038;p=315"},"modified":"2026-01-29T05:58:31","modified_gmt":"2026-01-29T05:58:31","slug":"satsurv","status":"publish","type":"product","link":"https:\/\/www.satlabgeo.com\/es\/product\/satsurv\/","title":{"rendered":"Software de topograf\u00eda de campo Satsurv"},"content":{"rendered":"<p><img decoding=\"async\" loading=\"lazy\" src=\"https:\/\/www.satlabgeo.com\/wp-content\/uploads\/2022\/03\/Satsurv-Banner.png\" alt=\"\" width=\"1189\" height=\"349\" class=\"alignnone size-full wp-image-1366\" \/><\/p>\n<h3><strong>Encuesta detallada<\/strong><\/h3>\n<p>Satsurv admite una variedad de m\u00e9todos de recopilaci\u00f3n, como el estudio de inclinaci\u00f3n, el estudio cuasidin\u00e1mico, la recopilaci\u00f3n PPK y la recopilaci\u00f3n est\u00e1tica, etc. En la interfaz de estudio detallado, los usuarios pueden configurar la precisi\u00f3n de la recopilaci\u00f3n, el est\u00e1ndar de replanteo o verificar el n\u00famero actual de sat\u00e9lites, el estado de la soluci\u00f3n, la edad de correcci\u00f3n, la precisi\u00f3n de posicionamiento, etc.<\/p>\n<h3><strong>Replanteo de datos<\/strong><\/h3>\n<p>La funci\u00f3n avanzada de replanteo de RA ayudar\u00e1 a los usuarios a mejorar la eficiencia y precisi\u00f3n del replanteo de datos sin tener que concentrarse en la interfaz del software en tiempo real. Gracias a las indicaciones de voz inteligentes, los usuarios pueden determinar con precisi\u00f3n la direcci\u00f3n del replanteo de datos con una br\u00fajula integrada.<\/p>\n<p>El replanteo de datos tambi\u00e9n admite el acceso a datos en formato DXF y DWG para el replanteo de puntos y l\u00edneas. Gracias a las funciones de referencia a objetos INT, TAN, PER y NOD, el usuario puede replantear datos f\u00e1cilmente.<\/p>\n<h3><strong>Gesti\u00f3n de datos<\/strong><\/h3>\n<p>La gesti\u00f3n de datos es compatible con Google Maps, Google Satellite Maps, mapas sin conexi\u00f3n GIS y el servicio de mapas OGC de WMS, TMS, WCS y WFS como mapas de recopilaci\u00f3n de datos. Adem\u00e1s, permite el acceso a tel\u00e9metros de terceros para lograr una medici\u00f3n m\u00e1s precisa de distancias y \u00e1ngulos.<\/p>\n<h3><strong>M\u00e9todos de atajo<\/strong><\/h3>\n<p>Satsurv ofrece m\u00e9todos abreviados para facilitar la operaci\u00f3n, como activar una conexi\u00f3n Bluetooth mediante el modo NFC sin buscar el n\u00famero de dispositivo, registrar y abrir r\u00e1pidamente el \u00faltimo sistema de coordenadas guardado mediante el escaneo de c\u00f3digos QR. Con la transmisi\u00f3n FTP, los usuarios pueden transferir documentos en el mismo entorno de red sin necesidad de cables.<\/p>\n<div style=\"text-align: center, max-width: 640px; margin: 0 auto;\"><video width=\"300\" height=\"150\" class=\"wp-video-shortcode\" preload=\"metadata\" controls=\"controls\"><source type=\"video\/youtube\" src=\"https:\/\/youtu.be\/sNHiaGRADQQ\" \/><\/video><\/div>","protected":false},"excerpt":{"rendered":"<p>Satsurv es un software Android personalizado y f\u00e1cil de usar para tareas de topograf\u00eda de campo, como levantamientos de detalle, replanteo de datos, catastro, topograf\u00eda, dise\u00f1o vial y gesti\u00f3n de datos. Admite levantamientos de inclinaci\u00f3n, cuasidin\u00e1micos, PPK y est\u00e1ticos. Equipado con funciones NFC, Bluetooth y FTP integradas, Satsurv ofrece una soluci\u00f3n industrial para un trabajo de campo eficiente.<\/p>\n<p><a href=\"https:\/\/www.satlabgeo.com\/es\/privacy-policy-for-satsurv-app\/\">Privacy Policy for Satsurv App<\/a><\/p>\n<p><a href=\"https:\/\/members.satlab.com.se\/UploadFiles\/Files\/Software\/Satsurv%20V3.4.8-Software-EN-20260116.zip\">Download the APP<\/a><\/p>","protected":false},"featured_media":1541,"comment_status":"open","ping_status":"closed","template":"","meta":{"_links_to":"","_links_to_target":""},"product_cat":[17],"product_tag":[],"yoast_head":"<!-- This site is optimized with the Yoast SEO plugin v19.8 - https:\/\/yoast.com\/wordpress\/plugins\/seo\/ -->\n<title>Satsurv Field Surveying Software | Global Satellite Positioning Solutions | SatLab Geosolutions AB<\/title>\n<meta name=\"robots\" content=\"index, follow, max-snippet:-1, max-image-preview:large, max-video-preview:-1\" \/>\n<link rel=\"canonical\" href=\"https:\/\/www.satlabgeo.com\/es\/product\/satsurv\/\" \/>\n<meta property=\"og:locale\" content=\"es_ES\" \/>\n<meta property=\"og:type\" content=\"article\" \/>\n<meta property=\"og:title\" content=\"Satsurv Field Surveying Software | Global Satellite Positioning Solutions | SatLab Geosolutions AB\" \/>\n<meta property=\"og:description\" content=\"Satsurv is a customized and easy-to-use Android software for field surveying tasks, such as Detail Survey, Data Stakeout, Cadastral, Surveying, Road Design and Data Management. It supports tilt survey, quasi-dynamic, PPK and static surveying mode. Equipped with built-in NFC, Bluetooth, FTP functions, Satsurv provides an industrial solution for efficient fieldwork.  Privacy Policy for Satsurv App  Download the APP\" \/>\n<meta property=\"og:url\" content=\"https:\/\/www.satlabgeo.com\/es\/product\/satsurv\/\" \/>\n<meta property=\"og:site_name\" content=\"Global Satellite Positioning Solutions | SatLab Geosolutions AB\" \/>\n<meta property=\"article:modified_time\" content=\"2026-01-29T05:58:31+00:00\" \/>\n<meta property=\"og:image\" content=\"https:\/\/www.satlabgeo.com\/wp-content\/uploads\/2022\/03\/Satsurv-logo.png\" \/>\n\t<meta property=\"og:image:width\" content=\"800\" \/>\n\t<meta property=\"og:image:height\" content=\"800\" \/>\n\t<meta property=\"og:image:type\" content=\"image\/png\" \/>\n<meta name=\"twitter:card\" content=\"summary_large_image\" \/>\n<meta name=\"twitter:label1\" content=\"Tiempo de lectura\" \/>\n\t<meta name=\"twitter:data1\" content=\"2 minutos\" \/>\n<script type=\"application\/ld+json\" class=\"yoast-schema-graph\">{\"@context\":\"https:\/\/schema.org\",\"@graph\":[{\"@type\":\"WebPage\",\"@id\":\"https:\/\/www.satlabgeo.com\/product\/satsurv\/\",\"url\":\"https:\/\/www.satlabgeo.com\/product\/satsurv\/\",\"name\":\"Satsurv Field Surveying Software | Global Satellite Positioning Solutions | SatLab Geosolutions AB\",\"isPartOf\":{\"@id\":\"https:\/\/www.satlabgeo.com\/#website\"},\"datePublished\":\"2022-03-29T03:02:01+00:00\",\"dateModified\":\"2026-01-29T05:58:31+00:00\",\"breadcrumb\":{\"@id\":\"https:\/\/www.satlabgeo.com\/product\/satsurv\/#breadcrumb\"},\"inLanguage\":\"es\",\"potentialAction\":[{\"@type\":\"ReadAction\",\"target\":[\"https:\/\/www.satlabgeo.com\/product\/satsurv\/\"]}]},{\"@type\":\"BreadcrumbList\",\"@id\":\"https:\/\/www.satlabgeo.com\/product\/satsurv\/#breadcrumb\",\"itemListElement\":[{\"@type\":\"ListItem\",\"position\":1,\"name\":\"Home\",\"item\":\"https:\/\/www.satlabgeo.com\/\"},{\"@type\":\"ListItem\",\"position\":2,\"name\":\"Products\",\"item\":\"https:\/\/www.satlabgeo.com\/products\/\"},{\"@type\":\"ListItem\",\"position\":3,\"name\":\"Satsurv Field Surveying Software\"}]},{\"@type\":\"WebSite\",\"@id\":\"https:\/\/www.satlabgeo.com\/#website\",\"url\":\"https:\/\/www.satlabgeo.com\/\",\"name\":\"Global Satellite Positioning Solutions | SatLab Geosolutions AB\",\"description\":\"\",\"publisher\":{\"@id\":\"https:\/\/www.satlabgeo.com\/#organization\"},\"potentialAction\":[{\"@type\":\"SearchAction\",\"target\":{\"@type\":\"EntryPoint\",\"urlTemplate\":\"https:\/\/www.satlabgeo.com\/?s={search_term_string}\"},\"query-input\":\"required name=search_term_string\"}],\"inLanguage\":\"es\"},{\"@type\":\"Organization\",\"@id\":\"https:\/\/www.satlabgeo.com\/#organization\",\"name\":\"Global Satellite Positioning Solutions | SatLab Geosolutions AB\",\"url\":\"https:\/\/www.satlabgeo.com\/\",\"sameAs\":[],\"logo\":{\"@type\":\"ImageObject\",\"inLanguage\":\"es\",\"@id\":\"https:\/\/www.satlabgeo.com\/#\/schema\/logo\/image\/\",\"url\":\"https:\/\/www.satlabgeo.com\/wp-content\/uploads\/2025\/08\/satlab-logo.webp\",\"contentUrl\":\"https:\/\/www.satlabgeo.com\/wp-content\/uploads\/2025\/08\/satlab-logo.webp\",\"width\":191,\"height\":48,\"caption\":\"Global Satellite Positioning Solutions | SatLab Geosolutions AB\"},\"image\":{\"@id\":\"https:\/\/www.satlabgeo.com\/#\/schema\/logo\/image\/\"}}]}<\/script>\n<!-- \/ Yoast SEO plugin. -->","yoast_head_json":{"title":"Satsurv Field Surveying Software | Global Satellite Positioning Solutions | SatLab Geosolutions AB","robots":{"index":"index","follow":"follow","max-snippet":"max-snippet:-1","max-image-preview":"max-image-preview:large","max-video-preview":"max-video-preview:-1"},"canonical":"https:\/\/www.satlabgeo.com\/es\/product\/satsurv\/","og_locale":"es_ES","og_type":"article","og_title":"Satsurv Field Surveying Software | Global Satellite Positioning Solutions | SatLab Geosolutions AB","og_description":"Satsurv is a customized and easy-to-use Android software for field surveying tasks, such as Detail Survey, Data Stakeout, Cadastral, Surveying, Road Design and Data Management. It supports tilt survey, quasi-dynamic, PPK and static surveying mode. Equipped with built-in NFC, Bluetooth, FTP functions, Satsurv provides an industrial solution for efficient fieldwork.  Privacy Policy for Satsurv App  Download the APP","og_url":"https:\/\/www.satlabgeo.com\/es\/product\/satsurv\/","og_site_name":"Global Satellite Positioning Solutions | SatLab Geosolutions AB","article_modified_time":"2026-01-29T05:58:31+00:00","og_image":[{"width":800,"height":800,"url":"https:\/\/www.satlabgeo.com\/wp-content\/uploads\/2022\/03\/Satsurv-logo.png","type":"image\/png"}],"twitter_card":"summary_large_image","twitter_misc":{"Tiempo de lectura":"2 minutos"},"schema":{"@context":"https:\/\/schema.org","@graph":[{"@type":"WebPage","@id":"https:\/\/www.satlabgeo.com\/product\/satsurv\/","url":"https:\/\/www.satlabgeo.com\/product\/satsurv\/","name":"Satsurv Field Surveying Software | Global Satellite Positioning Solutions | SatLab Geosolutions AB","isPartOf":{"@id":"https:\/\/www.satlabgeo.com\/#website"},"datePublished":"2022-03-29T03:02:01+00:00","dateModified":"2026-01-29T05:58:31+00:00","breadcrumb":{"@id":"https:\/\/www.satlabgeo.com\/product\/satsurv\/#breadcrumb"},"inLanguage":"es","potentialAction":[{"@type":"ReadAction","target":["https:\/\/www.satlabgeo.com\/product\/satsurv\/"]}]},{"@type":"BreadcrumbList","@id":"https:\/\/www.satlabgeo.com\/product\/satsurv\/#breadcrumb","itemListElement":[{"@type":"ListItem","position":1,"name":"Home","item":"https:\/\/www.satlabgeo.com\/"},{"@type":"ListItem","position":2,"name":"Products","item":"https:\/\/www.satlabgeo.com\/products\/"},{"@type":"ListItem","position":3,"name":"Satsurv Field Surveying Software"}]},{"@type":"WebSite","@id":"https:\/\/www.satlabgeo.com\/#website","url":"https:\/\/www.satlabgeo.com\/","name":"Global Satellite Positioning Solutions | SatLab Geosolutions AB","description":"","publisher":{"@id":"https:\/\/www.satlabgeo.com\/#organization"},"potentialAction":[{"@type":"SearchAction","target":{"@type":"EntryPoint","urlTemplate":"https:\/\/www.satlabgeo.com\/?s={search_term_string}"},"query-input":"required name=search_term_string"}],"inLanguage":"es"},{"@type":"Organization","@id":"https:\/\/www.satlabgeo.com\/#organization","name":"Global Satellite Positioning Solutions | SatLab Geosolutions AB","url":"https:\/\/www.satlabgeo.com\/","sameAs":[],"logo":{"@type":"ImageObject","inLanguage":"es","@id":"https:\/\/www.satlabgeo.com\/#\/schema\/logo\/image\/","url":"https:\/\/www.satlabgeo.com\/wp-content\/uploads\/2025\/08\/satlab-logo.webp","contentUrl":"https:\/\/www.satlabgeo.com\/wp-content\/uploads\/2025\/08\/satlab-logo.webp","width":191,"height":48,"caption":"Global Satellite Positioning Solutions | SatLab Geosolutions AB"},"image":{"@id":"https:\/\/www.satlabgeo.com\/#\/schema\/logo\/image\/"}}]}},"_links":{"self":[{"href":"https:\/\/www.satlabgeo.com\/es\/wp-json\/wp\/v2\/product\/315"}],"collection":[{"href":"https:\/\/www.satlabgeo.com\/es\/wp-json\/wp\/v2\/product"}],"about":[{"href":"https:\/\/www.satlabgeo.com\/es\/wp-json\/wp\/v2\/types\/product"}],"replies":[{"embeddable":true,"href":"https:\/\/www.satlabgeo.com\/es\/wp-json\/wp\/v2\/comments?post=315"}],"version-history":[{"count":8,"href":"https:\/\/www.satlabgeo.com\/es\/wp-json\/wp\/v2\/product\/315\/revisions"}],"predecessor-version":[{"id":3402,"href":"https:\/\/www.satlabgeo.com\/es\/wp-json\/wp\/v2\/product\/315\/revisions\/3402"}],"wp:featuredmedia":[{"embeddable":true,"href":"https:\/\/www.satlabgeo.com\/es\/wp-json\/wp\/v2\/media\/1541"}],"wp:attachment":[{"href":"https:\/\/www.satlabgeo.com\/es\/wp-json\/wp\/v2\/media?parent=315"}],"wp:term":[{"taxonomy":"product_cat","embeddable":true,"href":"https:\/\/www.satlabgeo.com\/es\/wp-json\/wp\/v2\/product_cat?post=315"},{"taxonomy":"product_tag","embeddable":true,"href":"https:\/\/www.satlabgeo.com\/es\/wp-json\/wp\/v2\/product_tag?post=315"}],"curies":[{"name":"wp","href":"https:\/\/api.w.org\/{rel}","templated":true}]}}