{"id":3125,"date":"2025-11-26T02:48:13","date_gmt":"2025-11-26T02:48:13","guid":{"rendered":"https:\/\/www.satlabgeo.com\/?post_type=product&#038;p=3125"},"modified":"2026-04-27T12:35:31","modified_gmt":"2026-04-27T12:35:31","slug":"sl8-laser-rtk-receiver","status":"publish","type":"product","link":"https:\/\/www.satlabgeo.com\/es\/product\/sl8-laser-rtk-receiver\/","title":{"rendered":"Receptor l\u00e1ser RTK SL8"},"content":{"rendered":"<div class=\"landscape\"><img decoding=\"async\" src=\"https:\/\/www.satlabgeo.com\/wp-content\/uploads\/2025\/11\/SL8-SLAM-RTK.webp\" alt=\"SL8-SLAM-RTK\" class=\"aligncenter\" \/><\/div>\n<p>&nbsp;<\/p>\n<h4>Medici\u00f3n l\u00e1ser: amplia cobertura para tareas t\u00edpicas<\/h4>\n<p>Consiga una precisi\u00f3n de 2 cm en un radio de 10 m utilizando Laser RTK, incluso en entornos sin GNSS.<br \/>\nPerfecto para puentes, t\u00faneles, riberas de r\u00edos y otros sitios complejos donde el GNSS tradicional no puede funcionar.<\/p>\n<h4>Orientaci\u00f3n asistida por imagen exclusiva: punter\u00eda r\u00e1pida y precisa<\/h4>\n<p>Los puntos l\u00e1ser se superponen directamente sobre im\u00e1genes en tiempo real en el software SatSurv, lo que permite a los usuarios localizar y apuntar instant\u00e1neamente a objetos distantes.<br \/>\nEste flujo de trabajo visual mejora enormemente la velocidad y la confianza en el sitio.<\/p>\n<h4>IMU de grado automotriz: eficiencia enormemente mejorada<\/h4>\n<p>La IMU de grado automotriz no requiere calibraci\u00f3n ni inicializaci\u00f3n manual: solo encenderla y medir.<br \/>\nProporciona resultados estables y precisos y aumenta la precisi\u00f3n hasta en 40%, incluso en \u00e1reas sin compatibilidad con GNSS.<\/p>\n<h4>Comunicaci\u00f3n LoRa de alcance extendido: transmisi\u00f3n confiable a m\u00e1s de 15 km<\/h4>\n<p>Con un transceptor LoRa multiprotocolo integrado, SL8 garantiza una comunicaci\u00f3n estable a lo largo de 15 km y una compatibilidad perfecta con varias marcas RTK.<br \/>\nNuestros algoritmos LoRa desarrollados internamente mantienen enlaces fuertes y confiables a trav\u00e9s de largas distancias.<\/p>\n<h4>CAD y replanteo visual: 50% Dise\u00f1o m\u00e1s r\u00e1pido<\/h4>\n<p>Un motor CAD de alto rendimiento combinado con im\u00e1genes de escenas reales permite a los usuarios realizar replanteos directamente desde vistas visuales y CAD.<br \/>\nVea sus puntos objetivo en el sitio para un flujo de trabajo m\u00e1s seguro, r\u00e1pido e intuitivo, mejorando la eficiencia hasta en un 50%.<\/p>\n<div style=\"text-align: center, max-width: 640px; margin: 0 auto;\"><video width=\"300\" height=\"150\" class=\"wp-video-shortcode\" preload=\"metadata\" controls=\"controls\"><source type=\"video\/youtube\" src=\"https:\/\/youtu.be\/Dw8NDRDsD_8\" \/><\/video><\/div>","protected":false},"excerpt":{"rendered":"<p>El SatLab SL8 Laser RTK combina c\u00e1maras duales, GNSS, IMU y tecnolog\u00eda l\u00e1ser visible para agilizar y simplificar la topograf\u00eda. Con medici\u00f3n sin contacto, orientaci\u00f3n asistida por imagen, replanteo CAD en vivo y radio LoRa integrada, garantiza un trabajo fluido y fiable incluso en entornos complejos o con limitaciones GNSS.<\/p>","protected":false},"featured_media":3163,"comment_status":"open","ping_status":"closed","template":"","meta":{"_links_to":"","_links_to_target":""},"product_cat":[26],"product_tag":[],"yoast_head":"<!-- This site is optimized with the Yoast SEO plugin v19.8 - https:\/\/yoast.com\/wordpress\/plugins\/seo\/ -->\n<title>SL8 Laser RTK Receiver | Global Satellite Positioning Solutions | SatLab Geosolutions AB<\/title>\n<meta name=\"robots\" content=\"index, follow, max-snippet:-1, max-image-preview:large, max-video-preview:-1\" \/>\n<link rel=\"canonical\" href=\"https:\/\/www.satlabgeo.com\/es\/product\/sl8-laser-rtk-receiver\/\" \/>\n<meta property=\"og:locale\" content=\"es_ES\" \/>\n<meta property=\"og:type\" content=\"article\" \/>\n<meta property=\"og:title\" content=\"SL8 Laser RTK Receiver | Global Satellite Positioning Solutions | SatLab Geosolutions AB\" \/>\n<meta property=\"og:description\" content=\"SatLab SL8 Laser RTK combines dual cameras, GNSS, IMU,and visible laser technology to make surveying faster and easier. With non-contact measurement, image-assisted targeting, CAD live-view stakeout, and a built-in LoRa radio,It ensures smooth, reliable work even in complex or GNSS-limited environments.\" \/>\n<meta property=\"og:url\" content=\"https:\/\/www.satlabgeo.com\/es\/product\/sl8-laser-rtk-receiver\/\" \/>\n<meta property=\"og:site_name\" content=\"Global Satellite Positioning Solutions | SatLab Geosolutions AB\" \/>\n<meta property=\"article:modified_time\" content=\"2026-04-27T12:35:31+00:00\" \/>\n<meta property=\"og:image\" content=\"https:\/\/www.satlabgeo.com\/wp-content\/uploads\/2025\/11\/SL8-2.webp\" \/>\n\t<meta property=\"og:image:width\" content=\"744\" \/>\n\t<meta property=\"og:image:height\" content=\"705\" \/>\n\t<meta property=\"og:image:type\" content=\"image\/webp\" \/>\n<meta name=\"twitter:card\" content=\"summary_large_image\" \/>\n<meta name=\"twitter:label1\" content=\"Tiempo de lectura\" \/>\n\t<meta name=\"twitter:data1\" content=\"2 minutos\" \/>\n<script type=\"application\/ld+json\" class=\"yoast-schema-graph\">{\"@context\":\"https:\/\/schema.org\",\"@graph\":[{\"@type\":\"WebPage\",\"@id\":\"https:\/\/www.satlabgeo.com\/product\/sl8-laser-rtk-receiver\/\",\"url\":\"https:\/\/www.satlabgeo.com\/product\/sl8-laser-rtk-receiver\/\",\"name\":\"SL8 Laser RTK Receiver | Global Satellite Positioning Solutions | SatLab Geosolutions AB\",\"isPartOf\":{\"@id\":\"https:\/\/www.satlabgeo.com\/#website\"},\"datePublished\":\"2025-11-26T02:48:13+00:00\",\"dateModified\":\"2026-04-27T12:35:31+00:00\",\"breadcrumb\":{\"@id\":\"https:\/\/www.satlabgeo.com\/product\/sl8-laser-rtk-receiver\/#breadcrumb\"},\"inLanguage\":\"es\",\"potentialAction\":[{\"@type\":\"ReadAction\",\"target\":[\"https:\/\/www.satlabgeo.com\/product\/sl8-laser-rtk-receiver\/\"]}]},{\"@type\":\"BreadcrumbList\",\"@id\":\"https:\/\/www.satlabgeo.com\/product\/sl8-laser-rtk-receiver\/#breadcrumb\",\"itemListElement\":[{\"@type\":\"ListItem\",\"position\":1,\"name\":\"Home\",\"item\":\"https:\/\/www.satlabgeo.com\/\"},{\"@type\":\"ListItem\",\"position\":2,\"name\":\"Products\",\"item\":\"https:\/\/www.satlabgeo.com\/products\/\"},{\"@type\":\"ListItem\",\"position\":3,\"name\":\"SL8 Laser RTK Receiver\"}]},{\"@type\":\"WebSite\",\"@id\":\"https:\/\/www.satlabgeo.com\/#website\",\"url\":\"https:\/\/www.satlabgeo.com\/\",\"name\":\"Global Satellite Positioning Solutions | SatLab Geosolutions AB\",\"description\":\"\",\"publisher\":{\"@id\":\"https:\/\/www.satlabgeo.com\/#organization\"},\"potentialAction\":[{\"@type\":\"SearchAction\",\"target\":{\"@type\":\"EntryPoint\",\"urlTemplate\":\"https:\/\/www.satlabgeo.com\/?s={search_term_string}\"},\"query-input\":\"required name=search_term_string\"}],\"inLanguage\":\"es\"},{\"@type\":\"Organization\",\"@id\":\"https:\/\/www.satlabgeo.com\/#organization\",\"name\":\"Global Satellite Positioning Solutions | SatLab Geosolutions AB\",\"url\":\"https:\/\/www.satlabgeo.com\/\",\"sameAs\":[],\"logo\":{\"@type\":\"ImageObject\",\"inLanguage\":\"es\",\"@id\":\"https:\/\/www.satlabgeo.com\/#\/schema\/logo\/image\/\",\"url\":\"https:\/\/www.satlabgeo.com\/wp-content\/uploads\/2025\/08\/satlab-logo.webp\",\"contentUrl\":\"https:\/\/www.satlabgeo.com\/wp-content\/uploads\/2025\/08\/satlab-logo.webp\",\"width\":191,\"height\":48,\"caption\":\"Global Satellite Positioning Solutions | SatLab Geosolutions AB\"},\"image\":{\"@id\":\"https:\/\/www.satlabgeo.com\/#\/schema\/logo\/image\/\"}}]}<\/script>\n<!-- \/ Yoast SEO plugin. -->","yoast_head_json":{"title":"SL8 Laser RTK Receiver | Global Satellite Positioning Solutions | SatLab Geosolutions AB","robots":{"index":"index","follow":"follow","max-snippet":"max-snippet:-1","max-image-preview":"max-image-preview:large","max-video-preview":"max-video-preview:-1"},"canonical":"https:\/\/www.satlabgeo.com\/es\/product\/sl8-laser-rtk-receiver\/","og_locale":"es_ES","og_type":"article","og_title":"SL8 Laser RTK Receiver | Global Satellite Positioning Solutions | SatLab Geosolutions AB","og_description":"SatLab SL8 Laser RTK combines dual cameras, GNSS, IMU,and visible laser technology to make surveying faster and easier. With non-contact measurement, image-assisted targeting, CAD live-view stakeout, and a built-in LoRa radio,It ensures smooth, reliable work even in complex or GNSS-limited environments.","og_url":"https:\/\/www.satlabgeo.com\/es\/product\/sl8-laser-rtk-receiver\/","og_site_name":"Global Satellite Positioning Solutions | SatLab Geosolutions AB","article_modified_time":"2026-04-27T12:35:31+00:00","og_image":[{"width":744,"height":705,"url":"https:\/\/www.satlabgeo.com\/wp-content\/uploads\/2025\/11\/SL8-2.webp","type":"image\/webp"}],"twitter_card":"summary_large_image","twitter_misc":{"Tiempo de lectura":"2 minutos"},"schema":{"@context":"https:\/\/schema.org","@graph":[{"@type":"WebPage","@id":"https:\/\/www.satlabgeo.com\/product\/sl8-laser-rtk-receiver\/","url":"https:\/\/www.satlabgeo.com\/product\/sl8-laser-rtk-receiver\/","name":"SL8 Laser RTK Receiver | Global Satellite Positioning Solutions | SatLab Geosolutions AB","isPartOf":{"@id":"https:\/\/www.satlabgeo.com\/#website"},"datePublished":"2025-11-26T02:48:13+00:00","dateModified":"2026-04-27T12:35:31+00:00","breadcrumb":{"@id":"https:\/\/www.satlabgeo.com\/product\/sl8-laser-rtk-receiver\/#breadcrumb"},"inLanguage":"es","potentialAction":[{"@type":"ReadAction","target":["https:\/\/www.satlabgeo.com\/product\/sl8-laser-rtk-receiver\/"]}]},{"@type":"BreadcrumbList","@id":"https:\/\/www.satlabgeo.com\/product\/sl8-laser-rtk-receiver\/#breadcrumb","itemListElement":[{"@type":"ListItem","position":1,"name":"Home","item":"https:\/\/www.satlabgeo.com\/"},{"@type":"ListItem","position":2,"name":"Products","item":"https:\/\/www.satlabgeo.com\/products\/"},{"@type":"ListItem","position":3,"name":"SL8 Laser RTK Receiver"}]},{"@type":"WebSite","@id":"https:\/\/www.satlabgeo.com\/#website","url":"https:\/\/www.satlabgeo.com\/","name":"Global Satellite Positioning Solutions | SatLab Geosolutions AB","description":"","publisher":{"@id":"https:\/\/www.satlabgeo.com\/#organization"},"potentialAction":[{"@type":"SearchAction","target":{"@type":"EntryPoint","urlTemplate":"https:\/\/www.satlabgeo.com\/?s={search_term_string}"},"query-input":"required name=search_term_string"}],"inLanguage":"es"},{"@type":"Organization","@id":"https:\/\/www.satlabgeo.com\/#organization","name":"Global Satellite Positioning Solutions | SatLab Geosolutions AB","url":"https:\/\/www.satlabgeo.com\/","sameAs":[],"logo":{"@type":"ImageObject","inLanguage":"es","@id":"https:\/\/www.satlabgeo.com\/#\/schema\/logo\/image\/","url":"https:\/\/www.satlabgeo.com\/wp-content\/uploads\/2025\/08\/satlab-logo.webp","contentUrl":"https:\/\/www.satlabgeo.com\/wp-content\/uploads\/2025\/08\/satlab-logo.webp","width":191,"height":48,"caption":"Global Satellite Positioning Solutions | SatLab Geosolutions AB"},"image":{"@id":"https:\/\/www.satlabgeo.com\/#\/schema\/logo\/image\/"}}]}},"_links":{"self":[{"href":"https:\/\/www.satlabgeo.com\/es\/wp-json\/wp\/v2\/product\/3125"}],"collection":[{"href":"https:\/\/www.satlabgeo.com\/es\/wp-json\/wp\/v2\/product"}],"about":[{"href":"https:\/\/www.satlabgeo.com\/es\/wp-json\/wp\/v2\/types\/product"}],"replies":[{"embeddable":true,"href":"https:\/\/www.satlabgeo.com\/es\/wp-json\/wp\/v2\/comments?post=3125"}],"version-history":[{"count":33,"href":"https:\/\/www.satlabgeo.com\/es\/wp-json\/wp\/v2\/product\/3125\/revisions"}],"predecessor-version":[{"id":3487,"href":"https:\/\/www.satlabgeo.com\/es\/wp-json\/wp\/v2\/product\/3125\/revisions\/3487"}],"wp:featuredmedia":[{"embeddable":true,"href":"https:\/\/www.satlabgeo.com\/es\/wp-json\/wp\/v2\/media\/3163"}],"wp:attachment":[{"href":"https:\/\/www.satlabgeo.com\/es\/wp-json\/wp\/v2\/media?parent=3125"}],"wp:term":[{"taxonomy":"product_cat","embeddable":true,"href":"https:\/\/www.satlabgeo.com\/es\/wp-json\/wp\/v2\/product_cat?post=3125"},{"taxonomy":"product_tag","embeddable":true,"href":"https:\/\/www.satlabgeo.com\/es\/wp-json\/wp\/v2\/product_tag?post=3125"}],"curies":[{"name":"wp","href":"https:\/\/api.w.org\/{rel}","templated":true}]}}