{"id":2700,"date":"2025-06-25T11:05:35","date_gmt":"2025-06-25T11:05:35","guid":{"rendered":"https:\/\/www.satlabgeo.com\/?post_type=product&#038;p=2700"},"modified":"2025-12-04T07:59:55","modified_gmt":"2025-12-04T07:59:55","slug":"sl9-slam-rtk","status":"publish","type":"product","link":"https:\/\/www.satlabgeo.com\/es\/product\/sl9-slam-rtk\/","title":{"rendered":"SL9 SLAM RTK"},"content":{"rendered":"<div class=\"landscape\"><img decoding=\"async\" src=\"https:\/\/www.satlabgeo.com\/wp-content\/uploads\/2025\/06\/SL9-SLAM-RTK-banner-scaled.webp\" alt=\"SLAM RTK-SL9\" class=\"aligncenter\" \/><\/div>\n<p>&nbsp;<\/p>\n<h4>1. Nueva experiencia de medici\u00f3n de im\u00e1genes<\/h4>\n<p>Con tres c\u00e1maras HD e integraci\u00f3n SLAM, el SL9 le permite medir en tiempo real: simplemente seleccione el punto objetivo en la imagen para obtener sus coordenadas 3D. Consiga una precisi\u00f3n de 2 a 5 cm en un radio de 15 metros con la aplicaci\u00f3n Satsurv.<\/p>\n<h4>2. Topograf\u00eda sin l\u00edmites con tecnolog\u00eda SLAM-Fix<\/h4>\n<p>El SL9 alterna inteligentemente entre RTK y SLAM. Obtenga coordenadas fiables incluso bajo puentes, aleros o interiores: sin se\u00f1al, sin problemas.<\/p>\n<h4>3. Sistema de coordenadas unificado<\/h4>\n<p>Olv\u00eddate de la uni\u00f3n de datos. SL9 mantiene tus coordenadas unificadas en todos los entornos: sin puntos de control, sin cierres de bucle, sin complicaciones.<\/p>\n<h4>4. C\u00e1lculo de volumen r\u00e1pido y sencillo<\/h4>\n<p>Genere instant\u00e1neamente terreno 3D y calcule vol\u00famenes directamente en el sitio utilizando la aplicaci\u00f3n Satsurv basada en Android.<\/p>\n<h4>5. Se\u00f1al confiable, datos de alta calidad<\/h4>\n<p>Realice un seguimiento de todas las constelaciones principales con un rendimiento superior en entornos dif\u00edciles y logre una precisi\u00f3n centim\u00e9trica.<\/p>\n<h4>6. Posprocesamiento de precisi\u00f3n con Sat-LiDAR<\/h4>\n<p>Posprocese sus datos con Sat-LiDAR para espesores &lt;2 cm y precisi\u00f3n &lt;1 cm. El software facilita el an\u00e1lisis de excavaciones de t\u00faneles, la monitorizaci\u00f3n del progreso y las comprobaciones de aceptaci\u00f3n. Tambi\u00e9n facilita la generaci\u00f3n de secciones transversales, planos y elevaciones en proyectos de renovaci\u00f3n.<\/p>\n<div style=\"text-align: center, max-width: 640px; margin: 0 auto;\"><video width=\"300\" height=\"150\" class=\"wp-video-shortcode\" preload=\"metadata\" controls=\"controls\"><source type=\"video\/youtube\" src=\"https:\/\/youtu.be\/hms9r8y7s0M\" \/><\/video><\/div>","protected":false},"excerpt":{"rendered":"<p>SatLab SL9 SLAM RTK combina posicionamiento GNSS de alta precisi\u00f3n con tecnolog\u00eda SLAM de vanguardia, eliminando las limitaciones espaciales de las mediciones RTK tradicionales. Ya sea en edificios urbanos, bosques densos o interiores, el SL9 garantiza mediciones fiables y precisas, redefiniendo la eficiencia y la versatilidad en el trabajo de campo.<\/p>","protected":false},"featured_media":2739,"comment_status":"open","ping_status":"closed","template":"","meta":{"_links_to":"","_links_to_target":""},"product_cat":[26],"product_tag":[81],"yoast_head":"<!-- This site is optimized with the Yoast SEO plugin v19.8 - https:\/\/yoast.com\/wordpress\/plugins\/seo\/ -->\n<title>SL9 SLAM RTK | Global Satellite Positioning Solutions | SatLab Geosolutions AB<\/title>\n<meta name=\"description\" content=\"SatLab SL9 SLAM RTK combines high-precision GNSS positioning with cutting-edge SLAM technology, eliminating the spatial constraints of traditional RTK measurements.\" \/>\n<meta name=\"robots\" content=\"index, follow, max-snippet:-1, max-image-preview:large, max-video-preview:-1\" \/>\n<link rel=\"canonical\" href=\"https:\/\/www.satlabgeo.com\/es\/product\/sl9-slam-rtk\/\" \/>\n<meta property=\"og:locale\" content=\"es_ES\" \/>\n<meta property=\"og:type\" content=\"article\" \/>\n<meta property=\"og:title\" content=\"SL9 SLAM RTK | Global Satellite Positioning Solutions | SatLab Geosolutions AB\" \/>\n<meta property=\"og:description\" content=\"SatLab SL9 SLAM RTK combines high-precision GNSS positioning with cutting-edge SLAM technology, eliminating the spatial constraints of traditional RTK measurements.\" \/>\n<meta property=\"og:url\" content=\"https:\/\/www.satlabgeo.com\/es\/product\/sl9-slam-rtk\/\" \/>\n<meta property=\"og:site_name\" content=\"Global Satellite Positioning Solutions | SatLab Geosolutions AB\" \/>\n<meta property=\"article:modified_time\" content=\"2025-12-04T07:59:55+00:00\" \/>\n<meta property=\"og:image\" content=\"https:\/\/www.satlabgeo.com\/wp-content\/uploads\/2025\/06\/SL-SLAM-RTK-4.webp\" \/>\n\t<meta property=\"og:image:width\" content=\"600\" \/>\n\t<meta property=\"og:image:height\" content=\"445\" \/>\n\t<meta property=\"og:image:type\" content=\"image\/webp\" \/>\n<meta name=\"twitter:card\" content=\"summary_large_image\" \/>\n<meta name=\"twitter:label1\" content=\"Tiempo de lectura\" \/>\n\t<meta name=\"twitter:data1\" content=\"1 minuto\" \/>\n<script type=\"application\/ld+json\" class=\"yoast-schema-graph\">{\"@context\":\"https:\/\/schema.org\",\"@graph\":[{\"@type\":\"WebPage\",\"@id\":\"https:\/\/www.satlabgeo.com\/product\/sl9-slam-rtk\/\",\"url\":\"https:\/\/www.satlabgeo.com\/product\/sl9-slam-rtk\/\",\"name\":\"SL9 SLAM RTK | Global Satellite Positioning Solutions | SatLab Geosolutions AB\",\"isPartOf\":{\"@id\":\"https:\/\/www.satlabgeo.com\/#website\"},\"datePublished\":\"2025-06-25T11:05:35+00:00\",\"dateModified\":\"2025-12-04T07:59:55+00:00\",\"description\":\"SatLab SL9 SLAM RTK combines high-precision GNSS positioning with cutting-edge SLAM technology, eliminating the spatial constraints of traditional RTK measurements.\",\"breadcrumb\":{\"@id\":\"https:\/\/www.satlabgeo.com\/product\/sl9-slam-rtk\/#breadcrumb\"},\"inLanguage\":\"es\",\"potentialAction\":[{\"@type\":\"ReadAction\",\"target\":[\"https:\/\/www.satlabgeo.com\/product\/sl9-slam-rtk\/\"]}]},{\"@type\":\"BreadcrumbList\",\"@id\":\"https:\/\/www.satlabgeo.com\/product\/sl9-slam-rtk\/#breadcrumb\",\"itemListElement\":[{\"@type\":\"ListItem\",\"position\":1,\"name\":\"Home\",\"item\":\"https:\/\/www.satlabgeo.com\/\"},{\"@type\":\"ListItem\",\"position\":2,\"name\":\"Products\",\"item\":\"https:\/\/www.satlabgeo.com\/products\/\"},{\"@type\":\"ListItem\",\"position\":3,\"name\":\"SL9 SLAM RTK\"}]},{\"@type\":\"WebSite\",\"@id\":\"https:\/\/www.satlabgeo.com\/#website\",\"url\":\"https:\/\/www.satlabgeo.com\/\",\"name\":\"Global Satellite Positioning Solutions | SatLab Geosolutions AB\",\"description\":\"\",\"publisher\":{\"@id\":\"https:\/\/www.satlabgeo.com\/#organization\"},\"potentialAction\":[{\"@type\":\"SearchAction\",\"target\":{\"@type\":\"EntryPoint\",\"urlTemplate\":\"https:\/\/www.satlabgeo.com\/?s={search_term_string}\"},\"query-input\":\"required name=search_term_string\"}],\"inLanguage\":\"es\"},{\"@type\":\"Organization\",\"@id\":\"https:\/\/www.satlabgeo.com\/#organization\",\"name\":\"Global Satellite Positioning Solutions | SatLab Geosolutions AB\",\"url\":\"https:\/\/www.satlabgeo.com\/\",\"sameAs\":[],\"logo\":{\"@type\":\"ImageObject\",\"inLanguage\":\"es\",\"@id\":\"https:\/\/www.satlabgeo.com\/#\/schema\/logo\/image\/\",\"url\":\"https:\/\/www.satlabgeo.com\/wp-content\/uploads\/2025\/08\/satlab-logo.webp\",\"contentUrl\":\"https:\/\/www.satlabgeo.com\/wp-content\/uploads\/2025\/08\/satlab-logo.webp\",\"width\":191,\"height\":48,\"caption\":\"Global Satellite Positioning Solutions | SatLab Geosolutions AB\"},\"image\":{\"@id\":\"https:\/\/www.satlabgeo.com\/#\/schema\/logo\/image\/\"}}]}<\/script>\n<!-- \/ Yoast SEO plugin. -->","yoast_head_json":{"title":"SL9 SLAM RTK | Global Satellite Positioning Solutions | SatLab Geosolutions AB","description":"SatLab SL9 SLAM RTK combines high-precision GNSS positioning with cutting-edge SLAM technology, eliminating the spatial constraints of traditional RTK measurements.","robots":{"index":"index","follow":"follow","max-snippet":"max-snippet:-1","max-image-preview":"max-image-preview:large","max-video-preview":"max-video-preview:-1"},"canonical":"https:\/\/www.satlabgeo.com\/es\/product\/sl9-slam-rtk\/","og_locale":"es_ES","og_type":"article","og_title":"SL9 SLAM RTK | Global Satellite Positioning Solutions | SatLab Geosolutions AB","og_description":"SatLab SL9 SLAM RTK combines high-precision GNSS positioning with cutting-edge SLAM technology, eliminating the spatial constraints of traditional RTK measurements.","og_url":"https:\/\/www.satlabgeo.com\/es\/product\/sl9-slam-rtk\/","og_site_name":"Global Satellite Positioning Solutions | SatLab Geosolutions AB","article_modified_time":"2025-12-04T07:59:55+00:00","og_image":[{"width":600,"height":445,"url":"https:\/\/www.satlabgeo.com\/wp-content\/uploads\/2025\/06\/SL-SLAM-RTK-4.webp","type":"image\/webp"}],"twitter_card":"summary_large_image","twitter_misc":{"Tiempo de lectura":"1 minuto"},"schema":{"@context":"https:\/\/schema.org","@graph":[{"@type":"WebPage","@id":"https:\/\/www.satlabgeo.com\/product\/sl9-slam-rtk\/","url":"https:\/\/www.satlabgeo.com\/product\/sl9-slam-rtk\/","name":"SL9 SLAM RTK | Global Satellite Positioning Solutions | SatLab Geosolutions AB","isPartOf":{"@id":"https:\/\/www.satlabgeo.com\/#website"},"datePublished":"2025-06-25T11:05:35+00:00","dateModified":"2025-12-04T07:59:55+00:00","description":"SatLab SL9 SLAM RTK combines high-precision GNSS positioning with cutting-edge SLAM technology, eliminating the spatial constraints of traditional RTK measurements.","breadcrumb":{"@id":"https:\/\/www.satlabgeo.com\/product\/sl9-slam-rtk\/#breadcrumb"},"inLanguage":"es","potentialAction":[{"@type":"ReadAction","target":["https:\/\/www.satlabgeo.com\/product\/sl9-slam-rtk\/"]}]},{"@type":"BreadcrumbList","@id":"https:\/\/www.satlabgeo.com\/product\/sl9-slam-rtk\/#breadcrumb","itemListElement":[{"@type":"ListItem","position":1,"name":"Home","item":"https:\/\/www.satlabgeo.com\/"},{"@type":"ListItem","position":2,"name":"Products","item":"https:\/\/www.satlabgeo.com\/products\/"},{"@type":"ListItem","position":3,"name":"SL9 SLAM RTK"}]},{"@type":"WebSite","@id":"https:\/\/www.satlabgeo.com\/#website","url":"https:\/\/www.satlabgeo.com\/","name":"Global Satellite Positioning Solutions | SatLab Geosolutions AB","description":"","publisher":{"@id":"https:\/\/www.satlabgeo.com\/#organization"},"potentialAction":[{"@type":"SearchAction","target":{"@type":"EntryPoint","urlTemplate":"https:\/\/www.satlabgeo.com\/?s={search_term_string}"},"query-input":"required name=search_term_string"}],"inLanguage":"es"},{"@type":"Organization","@id":"https:\/\/www.satlabgeo.com\/#organization","name":"Global Satellite Positioning Solutions | SatLab Geosolutions AB","url":"https:\/\/www.satlabgeo.com\/","sameAs":[],"logo":{"@type":"ImageObject","inLanguage":"es","@id":"https:\/\/www.satlabgeo.com\/#\/schema\/logo\/image\/","url":"https:\/\/www.satlabgeo.com\/wp-content\/uploads\/2025\/08\/satlab-logo.webp","contentUrl":"https:\/\/www.satlabgeo.com\/wp-content\/uploads\/2025\/08\/satlab-logo.webp","width":191,"height":48,"caption":"Global Satellite Positioning Solutions | SatLab Geosolutions AB"},"image":{"@id":"https:\/\/www.satlabgeo.com\/#\/schema\/logo\/image\/"}}]}},"_links":{"self":[{"href":"https:\/\/www.satlabgeo.com\/es\/wp-json\/wp\/v2\/product\/2700"}],"collection":[{"href":"https:\/\/www.satlabgeo.com\/es\/wp-json\/wp\/v2\/product"}],"about":[{"href":"https:\/\/www.satlabgeo.com\/es\/wp-json\/wp\/v2\/types\/product"}],"replies":[{"embeddable":true,"href":"https:\/\/www.satlabgeo.com\/es\/wp-json\/wp\/v2\/comments?post=2700"}],"version-history":[{"count":23,"href":"https:\/\/www.satlabgeo.com\/es\/wp-json\/wp\/v2\/product\/2700\/revisions"}],"predecessor-version":[{"id":3266,"href":"https:\/\/www.satlabgeo.com\/es\/wp-json\/wp\/v2\/product\/2700\/revisions\/3266"}],"wp:featuredmedia":[{"embeddable":true,"href":"https:\/\/www.satlabgeo.com\/es\/wp-json\/wp\/v2\/media\/2739"}],"wp:attachment":[{"href":"https:\/\/www.satlabgeo.com\/es\/wp-json\/wp\/v2\/media?parent=2700"}],"wp:term":[{"taxonomy":"product_cat","embeddable":true,"href":"https:\/\/www.satlabgeo.com\/es\/wp-json\/wp\/v2\/product_cat?post=2700"},{"taxonomy":"product_tag","embeddable":true,"href":"https:\/\/www.satlabgeo.com\/es\/wp-json\/wp\/v2\/product_tag?post=2700"}],"curies":[{"name":"wp","href":"https:\/\/api.w.org\/{rel}","templated":true}]}}