{"id":2541,"date":"2025-06-04T11:03:59","date_gmt":"2025-06-04T11:03:59","guid":{"rendered":"https:\/\/www.satlabgeo.com\/?post_type=product&#038;p=2541"},"modified":"2025-12-16T03:09:07","modified_gmt":"2025-12-16T03:09:07","slug":"hydroboat-1200mb-usv-multibeam-solution","status":"publish","type":"product","link":"https:\/\/www.satlabgeo.com\/es\/product\/hydroboat-1200mb-usv-multibeam-solution\/","title":{"rendered":"Soluci\u00f3n multihaz USV HydroBoat 1200MB"},"content":{"rendered":"<div class=\"landscape\"><img decoding=\"async\" loading=\"lazy\" width=\"2560\" height=\"896\" src=\"https:\/\/www.satlabgeo.com\/wp-content\/uploads\/2025\/06\/1200MB-ES-scaled.webp\" alt=\"\" class=\"alignnone size-full wp-image-2586\" srcset=\"https:\/\/www.satlabgeo.com\/wp-content\/uploads\/2025\/06\/1200MB-ES-scaled.webp 2560w, https:\/\/www.satlabgeo.com\/wp-content\/uploads\/2025\/06\/1200MB-ES-300x105.webp 300w, https:\/\/www.satlabgeo.com\/wp-content\/uploads\/2025\/06\/1200MB-ES-1024x358.webp 1024w, https:\/\/www.satlabgeo.com\/wp-content\/uploads\/2025\/06\/1200MB-ES-768x269.webp 768w, https:\/\/www.satlabgeo.com\/wp-content\/uploads\/2025\/06\/1200MB-ES-1536x538.webp 1536w, https:\/\/www.satlabgeo.com\/wp-content\/uploads\/2025\/06\/1200MB-ES-2048x717.webp 2048w, https:\/\/www.satlabgeo.com\/wp-content\/uploads\/2025\/06\/1200MB-ES-18x6.webp 18w, https:\/\/www.satlabgeo.com\/wp-content\/uploads\/2025\/06\/1200MB-ES-600x210.webp 600w\" sizes=\"(max-width: 2560px) 100vw, 2560px\" \/><\/div>\n<p>&nbsp;<\/p>\n<h2 title=\"USV inteligente\"><span style=\"font-size: 18pt;\">Flujo de trabajo ultraintegrado<\/span><\/h2>\n<p><span>Construido sobre un control avanzado de plataforma no tripulada, el sistema integra eficientemente todo el flujo de trabajo desde la adquisici\u00f3n de datos hasta los entregables.<br \/>\n<\/span><\/p>\n<p>&nbsp;<\/p>\n<h3 title=\"buques de investigaci\u00f3n no tripulados\"><span style=\"font-size: 18pt;\">Im\u00e1genes de nube de puntos 3D en vivo y escaneo lateral<\/span><\/h3>\n<p><span>Nube de puntos XYZ en tiempo real e im\u00e1genes de escaneo lateral en m\u00faltiples terminales: visualice y monitoree mientras realiza el estudio.<\/span><\/p>\n<p>&nbsp;<\/p>\n<h3 title=\"buque aut\u00f3nomo\"><span style=\"font-size: 18pt;\">Correcci\u00f3n de la velocidad del sonido sin SVP<\/span><\/h3>\n<p><span>Impulsado por SPIN (Inversi\u00f3n del perfil de velocidad del sonido), el sistema garantiza una correcci\u00f3n precisa de la velocidad del sonido sin dispositivos SVP adicionales.<\/span><\/p>\n<div style=\"text-align: center, max-width: 640px; margin: 0 auto; \"><video width=\"300\" height=\"150\" class=\"wp-video-shortcode\" preload=\"metadata\" controls=\"controls\"><source type=\"video\/youtube\" src=\"https:\/\/youtu.be\/OBPddjX2Ivo\" \/><\/video><\/div>","protected":false},"excerpt":{"rendered":"<p>El HydroBoat 1200MB es la soluci\u00f3n multihaz USV m\u00e1s reciente de SatLab, que combina la probada tecnolog\u00eda de embarcaciones no tripuladas con la ecosonda multihaz HydroBeam M2 MBES. Compacto y f\u00e1cil de implementar, ofrece estudios hidrogr\u00e1ficos eficientes y precisos, a la vez que reduce el tiempo de configuraci\u00f3n y la complejidad operativa. Dise\u00f1ado para entornos interiores y costeros, su dise\u00f1o ligero y \u00e1gil garantiza un rendimiento fiable donde la precisi\u00f3n es fundamental.<\/p>\n<p>Con controles intuitivos y una interfaz intuitiva, el HydroBoat 1200MB permite a equipos peque\u00f1os lograr resultados profesionales con el m\u00ednimo esfuerzo. Equilibrando rendimiento, simplicidad y valor, ofrece una soluci\u00f3n fiable y rentable para top\u00f3grafos que buscan un sistema USV multihaz integrado.<\/p>","protected":false},"featured_media":2562,"comment_status":"open","ping_status":"closed","template":"","meta":{"_links_to":"","_links_to_target":""},"product_cat":[73],"product_tag":[],"yoast_head":"<!-- This site is optimized with the Yoast SEO plugin v19.8 - https:\/\/yoast.com\/wordpress\/plugins\/seo\/ -->\n<title>HydroBoat 1200MB USV Multibeam Solution | SatLab<\/title>\n<meta name=\"description\" content=\"SatLab\u2019s HydroBoat 1200MB is a USV multibeam solution integrating proven unmanned vessel tech with HydroBeam M2 MBES. it enables efficient, accurate hydrographic surveys.\" \/>\n<meta name=\"robots\" content=\"index, follow, max-snippet:-1, max-image-preview:large, max-video-preview:-1\" \/>\n<link rel=\"canonical\" href=\"https:\/\/www.satlabgeo.com\/es\/product\/hydroboat-1200mb-usv-multibeam-solution\/\" \/>\n<meta property=\"og:locale\" content=\"es_ES\" \/>\n<meta property=\"og:type\" content=\"article\" \/>\n<meta property=\"og:title\" content=\"HydroBoat 1200MB USV Multibeam Solution | SatLab\" \/>\n<meta property=\"og:description\" content=\"SatLab\u2019s HydroBoat 1200MB is a USV multibeam solution integrating proven unmanned vessel tech with HydroBeam M2 MBES. it enables efficient, accurate hydrographic surveys.\" \/>\n<meta property=\"og:url\" content=\"https:\/\/www.satlabgeo.com\/es\/product\/hydroboat-1200mb-usv-multibeam-solution\/\" \/>\n<meta property=\"og:site_name\" content=\"Global Satellite Positioning Solutions | SatLab Geosolutions AB\" \/>\n<meta property=\"article:modified_time\" content=\"2025-12-16T03:09:07+00:00\" \/>\n<meta property=\"og:image\" content=\"https:\/\/www.satlabgeo.com\/wp-content\/uploads\/2025\/06\/\u672a\u6807\u9898-1.webp\" \/>\n\t<meta property=\"og:image:width\" content=\"445\" \/>\n\t<meta property=\"og:image:height\" content=\"400\" \/>\n\t<meta property=\"og:image:type\" content=\"image\/webp\" \/>\n<meta name=\"twitter:card\" content=\"summary_large_image\" \/>\n<meta name=\"twitter:label1\" content=\"Tiempo de lectura\" \/>\n\t<meta name=\"twitter:data1\" content=\"1 minuto\" \/>\n<script type=\"application\/ld+json\" class=\"yoast-schema-graph\">{\"@context\":\"https:\/\/schema.org\",\"@graph\":[{\"@type\":\"WebPage\",\"@id\":\"https:\/\/www.satlabgeo.com\/product\/hydroboat-1200mb-usv-multibeam-solution\/\",\"url\":\"https:\/\/www.satlabgeo.com\/product\/hydroboat-1200mb-usv-multibeam-solution\/\",\"name\":\"HydroBoat 1200MB USV Multibeam Solution | SatLab\",\"isPartOf\":{\"@id\":\"https:\/\/www.satlabgeo.com\/#website\"},\"datePublished\":\"2025-06-04T11:03:59+00:00\",\"dateModified\":\"2025-12-16T03:09:07+00:00\",\"description\":\"SatLab\u2019s HydroBoat 1200MB is a USV multibeam solution integrating proven unmanned vessel tech with HydroBeam M2 MBES. it enables efficient, accurate hydrographic surveys.\",\"breadcrumb\":{\"@id\":\"https:\/\/www.satlabgeo.com\/product\/hydroboat-1200mb-usv-multibeam-solution\/#breadcrumb\"},\"inLanguage\":\"es\",\"potentialAction\":[{\"@type\":\"ReadAction\",\"target\":[\"https:\/\/www.satlabgeo.com\/product\/hydroboat-1200mb-usv-multibeam-solution\/\"]}]},{\"@type\":\"BreadcrumbList\",\"@id\":\"https:\/\/www.satlabgeo.com\/product\/hydroboat-1200mb-usv-multibeam-solution\/#breadcrumb\",\"itemListElement\":[{\"@type\":\"ListItem\",\"position\":1,\"name\":\"Home\",\"item\":\"https:\/\/www.satlabgeo.com\/\"},{\"@type\":\"ListItem\",\"position\":2,\"name\":\"Products\",\"item\":\"https:\/\/www.satlabgeo.com\/products\/\"},{\"@type\":\"ListItem\",\"position\":3,\"name\":\"HydroBoat 1200MB USV Multibeam Solution\"}]},{\"@type\":\"WebSite\",\"@id\":\"https:\/\/www.satlabgeo.com\/#website\",\"url\":\"https:\/\/www.satlabgeo.com\/\",\"name\":\"Global Satellite Positioning Solutions | SatLab Geosolutions AB\",\"description\":\"\",\"publisher\":{\"@id\":\"https:\/\/www.satlabgeo.com\/#organization\"},\"potentialAction\":[{\"@type\":\"SearchAction\",\"target\":{\"@type\":\"EntryPoint\",\"urlTemplate\":\"https:\/\/www.satlabgeo.com\/?s={search_term_string}\"},\"query-input\":\"required name=search_term_string\"}],\"inLanguage\":\"es\"},{\"@type\":\"Organization\",\"@id\":\"https:\/\/www.satlabgeo.com\/#organization\",\"name\":\"Global Satellite Positioning Solutions | SatLab Geosolutions AB\",\"url\":\"https:\/\/www.satlabgeo.com\/\",\"sameAs\":[],\"logo\":{\"@type\":\"ImageObject\",\"inLanguage\":\"es\",\"@id\":\"https:\/\/www.satlabgeo.com\/#\/schema\/logo\/image\/\",\"url\":\"https:\/\/www.satlabgeo.com\/wp-content\/uploads\/2025\/08\/satlab-logo.webp\",\"contentUrl\":\"https:\/\/www.satlabgeo.com\/wp-content\/uploads\/2025\/08\/satlab-logo.webp\",\"width\":191,\"height\":48,\"caption\":\"Global Satellite Positioning Solutions | SatLab Geosolutions AB\"},\"image\":{\"@id\":\"https:\/\/www.satlabgeo.com\/#\/schema\/logo\/image\/\"}}]}<\/script>\n<!-- \/ Yoast SEO plugin. -->","yoast_head_json":{"title":"HydroBoat 1200MB USV Multibeam Solution | SatLab","description":"SatLab\u2019s HydroBoat 1200MB is a USV multibeam solution integrating proven unmanned vessel tech with HydroBeam M2 MBES. it enables efficient, accurate hydrographic surveys.","robots":{"index":"index","follow":"follow","max-snippet":"max-snippet:-1","max-image-preview":"max-image-preview:large","max-video-preview":"max-video-preview:-1"},"canonical":"https:\/\/www.satlabgeo.com\/es\/product\/hydroboat-1200mb-usv-multibeam-solution\/","og_locale":"es_ES","og_type":"article","og_title":"HydroBoat 1200MB USV Multibeam Solution | SatLab","og_description":"SatLab\u2019s HydroBoat 1200MB is a USV multibeam solution integrating proven unmanned vessel tech with HydroBeam M2 MBES. it enables efficient, accurate hydrographic surveys.","og_url":"https:\/\/www.satlabgeo.com\/es\/product\/hydroboat-1200mb-usv-multibeam-solution\/","og_site_name":"Global Satellite Positioning Solutions | SatLab Geosolutions AB","article_modified_time":"2025-12-16T03:09:07+00:00","og_image":[{"width":445,"height":400,"url":"https:\/\/www.satlabgeo.com\/wp-content\/uploads\/2025\/06\/\u672a\u6807\u9898-1.webp","type":"image\/webp"}],"twitter_card":"summary_large_image","twitter_misc":{"Tiempo de lectura":"1 minuto"},"schema":{"@context":"https:\/\/schema.org","@graph":[{"@type":"WebPage","@id":"https:\/\/www.satlabgeo.com\/product\/hydroboat-1200mb-usv-multibeam-solution\/","url":"https:\/\/www.satlabgeo.com\/product\/hydroboat-1200mb-usv-multibeam-solution\/","name":"HydroBoat 1200MB USV Multibeam Solution | SatLab","isPartOf":{"@id":"https:\/\/www.satlabgeo.com\/#website"},"datePublished":"2025-06-04T11:03:59+00:00","dateModified":"2025-12-16T03:09:07+00:00","description":"SatLab\u2019s HydroBoat 1200MB is a USV multibeam solution integrating proven unmanned vessel tech with HydroBeam M2 MBES. it enables efficient, accurate hydrographic surveys.","breadcrumb":{"@id":"https:\/\/www.satlabgeo.com\/product\/hydroboat-1200mb-usv-multibeam-solution\/#breadcrumb"},"inLanguage":"es","potentialAction":[{"@type":"ReadAction","target":["https:\/\/www.satlabgeo.com\/product\/hydroboat-1200mb-usv-multibeam-solution\/"]}]},{"@type":"BreadcrumbList","@id":"https:\/\/www.satlabgeo.com\/product\/hydroboat-1200mb-usv-multibeam-solution\/#breadcrumb","itemListElement":[{"@type":"ListItem","position":1,"name":"Home","item":"https:\/\/www.satlabgeo.com\/"},{"@type":"ListItem","position":2,"name":"Products","item":"https:\/\/www.satlabgeo.com\/products\/"},{"@type":"ListItem","position":3,"name":"HydroBoat 1200MB USV Multibeam Solution"}]},{"@type":"WebSite","@id":"https:\/\/www.satlabgeo.com\/#website","url":"https:\/\/www.satlabgeo.com\/","name":"Global Satellite Positioning Solutions | SatLab Geosolutions AB","description":"","publisher":{"@id":"https:\/\/www.satlabgeo.com\/#organization"},"potentialAction":[{"@type":"SearchAction","target":{"@type":"EntryPoint","urlTemplate":"https:\/\/www.satlabgeo.com\/?s={search_term_string}"},"query-input":"required name=search_term_string"}],"inLanguage":"es"},{"@type":"Organization","@id":"https:\/\/www.satlabgeo.com\/#organization","name":"Global Satellite Positioning Solutions | SatLab Geosolutions AB","url":"https:\/\/www.satlabgeo.com\/","sameAs":[],"logo":{"@type":"ImageObject","inLanguage":"es","@id":"https:\/\/www.satlabgeo.com\/#\/schema\/logo\/image\/","url":"https:\/\/www.satlabgeo.com\/wp-content\/uploads\/2025\/08\/satlab-logo.webp","contentUrl":"https:\/\/www.satlabgeo.com\/wp-content\/uploads\/2025\/08\/satlab-logo.webp","width":191,"height":48,"caption":"Global Satellite Positioning Solutions | SatLab Geosolutions AB"},"image":{"@id":"https:\/\/www.satlabgeo.com\/#\/schema\/logo\/image\/"}}]}},"_links":{"self":[{"href":"https:\/\/www.satlabgeo.com\/es\/wp-json\/wp\/v2\/product\/2541"}],"collection":[{"href":"https:\/\/www.satlabgeo.com\/es\/wp-json\/wp\/v2\/product"}],"about":[{"href":"https:\/\/www.satlabgeo.com\/es\/wp-json\/wp\/v2\/types\/product"}],"replies":[{"embeddable":true,"href":"https:\/\/www.satlabgeo.com\/es\/wp-json\/wp\/v2\/comments?post=2541"}],"version-history":[{"count":10,"href":"https:\/\/www.satlabgeo.com\/es\/wp-json\/wp\/v2\/product\/2541\/revisions"}],"predecessor-version":[{"id":3268,"href":"https:\/\/www.satlabgeo.com\/es\/wp-json\/wp\/v2\/product\/2541\/revisions\/3268"}],"wp:featuredmedia":[{"embeddable":true,"href":"https:\/\/www.satlabgeo.com\/es\/wp-json\/wp\/v2\/media\/2562"}],"wp:attachment":[{"href":"https:\/\/www.satlabgeo.com\/es\/wp-json\/wp\/v2\/media?parent=2541"}],"wp:term":[{"taxonomy":"product_cat","embeddable":true,"href":"https:\/\/www.satlabgeo.com\/es\/wp-json\/wp\/v2\/product_cat?post=2541"},{"taxonomy":"product_tag","embeddable":true,"href":"https:\/\/www.satlabgeo.com\/es\/wp-json\/wp\/v2\/product_tag?post=2541"}],"curies":[{"name":"wp","href":"https:\/\/api.w.org\/{rel}","templated":true}]}}