{"id":2044,"date":"2024-09-09T11:42:00","date_gmt":"2024-09-09T11:42:00","guid":{"rendered":"https:\/\/www.satlabgeo.com\/?post_type=product&#038;p=2044"},"modified":"2025-11-26T09:05:19","modified_gmt":"2025-11-26T09:05:19","slug":"ecs-d60-bulldozer-control-system","status":"publish","type":"product","link":"https:\/\/www.satlabgeo.com\/es\/product\/ecs-d60-bulldozer-control-system\/","title":{"rendered":"Sistema de control de excavadora ECS-D60"},"content":{"rendered":"<h3><img decoding=\"async\" src=\"https:\/\/www.satlabgeo.com\/wp-content\/uploads\/2025\/09\/ECS-D60-scaled.webp\" alt=\"\" class=\"alignnone size-full wp-image-2260\" \/><\/h3>\n<h3>Visualizaci\u00f3n 3D completa<\/h3>\n<p><span>El sistema de control de la topadora ECS-D60 proporciona una visualizaci\u00f3n 3D intuitiva en una tableta en la cabina, ofreciendo a los operadores datos de construcci\u00f3n completos, como superficies de dise\u00f1o, informaci\u00f3n de corte y relleno, pendientes, elevaciones, l\u00edneas de referencia y progreso del movimiento de tierras, lo que permite a los operadores visualizar los movimientos de la topadora en tiempo real.<\/span><\/p>\n<h3>Precisi\u00f3n excepcional<\/h3>\n<p><span>Equipped with high-precision dual-GNSS, a customized IMU sensor, and advanced algorithms, the ECS-D60 dozer control system achieves an accuracy of \u00b13 cm. This precision is maintained across both sides of the bucket tip and throughout various working positions.<\/span><\/p>\n<h3>Seguridad mejorada<\/h3>\n<p>La funci\u00f3n de geofencing alerta a los operadores sobre peligros potenciales y les impide ingresar a zonas de evitaci\u00f3n designadas, lo que reduce la necesidad de personal adicional en el lugar.<\/p>\n<h3>Compatibilidad adaptable<\/h3>\n<p><span>El dise\u00f1o adaptable del sistema de guiado de excavadoras ECS-D60 garantiza su compatibilidad con una amplia gama de equipos, como excavadoras, motoniveladoras y excavadoras. Los operadores pueden cambiar f\u00e1cilmente los receptores, la antena y la tableta de la m\u00e1quina entre estos equipos, lo que permite operaciones eficientes y vers\u00e1tiles en toda su flota.<\/span><\/p>","protected":false},"excerpt":{"rendered":"<p>El sistema de control de la topadora ECS-D60 ofrece visualizaci\u00f3n 3D en tiempo real, precisi\u00f3n excepcional y datos completos de movimiento de tierras para optimizar las operaciones de nivelaci\u00f3n y minimizar los riesgos. Con an\u00e1lisis detallados y una interfaz intuitiva, el sistema mejora la productividad y maximiza la eficiencia.<\/p>","protected":false},"featured_media":2732,"comment_status":"open","ping_status":"closed","template":"","meta":{"_links_to":"","_links_to_target":""},"product_cat":[101],"product_tag":[],"yoast_head":"<!-- This site is optimized with the Yoast SEO plugin v19.8 - https:\/\/yoast.com\/wordpress\/plugins\/seo\/ -->\n<title>ECS-D60 Dozer Guidance System | SatLab<\/title>\n<meta name=\"robots\" content=\"index, follow, max-snippet:-1, max-image-preview:large, max-video-preview:-1\" \/>\n<link rel=\"canonical\" href=\"https:\/\/www.satlabgeo.com\/es\/product\/ecs-d60-bulldozer-control-system\/\" \/>\n<meta property=\"og:locale\" content=\"es_ES\" \/>\n<meta property=\"og:type\" content=\"article\" \/>\n<meta property=\"og:title\" content=\"ECS-D60 Dozer Guidance System | SatLab\" \/>\n<meta property=\"og:description\" content=\"The ECS-D60 dozer control system offers real-time 3D visualization, exceptional accuracy, and comprehensive earthwork data to optimize grading operations and minimize risks. With detailed analytics and a user-friendly interface, the system enhances productivity and maximizes efficiency.\" \/>\n<meta property=\"og:url\" content=\"https:\/\/www.satlabgeo.com\/es\/product\/ecs-d60-bulldozer-control-system\/\" \/>\n<meta property=\"og:site_name\" content=\"Global Satellite Positioning Solutions | SatLab Geosolutions AB\" \/>\n<meta property=\"article:modified_time\" content=\"2025-11-26T09:05:19+00:00\" \/>\n<meta property=\"og:image\" content=\"https:\/\/www.satlabgeo.com\/wp-content\/uploads\/2024\/09\/ECS-D60\uff08700X519\uff09-250627-scaled.webp\" \/>\n\t<meta property=\"og:image:width\" content=\"2560\" \/>\n\t<meta property=\"og:image:height\" content=\"1903\" \/>\n\t<meta property=\"og:image:type\" content=\"image\/webp\" \/>\n<meta name=\"twitter:card\" content=\"summary_large_image\" \/>\n<meta name=\"twitter:label1\" content=\"Tiempo de lectura\" \/>\n\t<meta name=\"twitter:data1\" content=\"1 minuto\" \/>\n<script type=\"application\/ld+json\" class=\"yoast-schema-graph\">{\"@context\":\"https:\/\/schema.org\",\"@graph\":[{\"@type\":\"WebPage\",\"@id\":\"https:\/\/www.satlabgeo.com\/product\/ecs-d60-bulldozer-control-system\/\",\"url\":\"https:\/\/www.satlabgeo.com\/product\/ecs-d60-bulldozer-control-system\/\",\"name\":\"ECS-D60 Dozer Guidance System | SatLab\",\"isPartOf\":{\"@id\":\"https:\/\/www.satlabgeo.com\/#website\"},\"datePublished\":\"2024-09-09T11:42:00+00:00\",\"dateModified\":\"2025-11-26T09:05:19+00:00\",\"breadcrumb\":{\"@id\":\"https:\/\/www.satlabgeo.com\/product\/ecs-d60-bulldozer-control-system\/#breadcrumb\"},\"inLanguage\":\"es\",\"potentialAction\":[{\"@type\":\"ReadAction\",\"target\":[\"https:\/\/www.satlabgeo.com\/product\/ecs-d60-bulldozer-control-system\/\"]}]},{\"@type\":\"BreadcrumbList\",\"@id\":\"https:\/\/www.satlabgeo.com\/product\/ecs-d60-bulldozer-control-system\/#breadcrumb\",\"itemListElement\":[{\"@type\":\"ListItem\",\"position\":1,\"name\":\"Home\",\"item\":\"https:\/\/www.satlabgeo.com\/\"},{\"@type\":\"ListItem\",\"position\":2,\"name\":\"Products\",\"item\":\"https:\/\/www.satlabgeo.com\/products\/\"},{\"@type\":\"ListItem\",\"position\":3,\"name\":\"ECS-D60 Bulldozer Control System\"}]},{\"@type\":\"WebSite\",\"@id\":\"https:\/\/www.satlabgeo.com\/#website\",\"url\":\"https:\/\/www.satlabgeo.com\/\",\"name\":\"Global Satellite Positioning Solutions | SatLab Geosolutions AB\",\"description\":\"\",\"publisher\":{\"@id\":\"https:\/\/www.satlabgeo.com\/#organization\"},\"potentialAction\":[{\"@type\":\"SearchAction\",\"target\":{\"@type\":\"EntryPoint\",\"urlTemplate\":\"https:\/\/www.satlabgeo.com\/?s={search_term_string}\"},\"query-input\":\"required name=search_term_string\"}],\"inLanguage\":\"es\"},{\"@type\":\"Organization\",\"@id\":\"https:\/\/www.satlabgeo.com\/#organization\",\"name\":\"Global Satellite Positioning Solutions | SatLab Geosolutions AB\",\"url\":\"https:\/\/www.satlabgeo.com\/\",\"sameAs\":[],\"logo\":{\"@type\":\"ImageObject\",\"inLanguage\":\"es\",\"@id\":\"https:\/\/www.satlabgeo.com\/#\/schema\/logo\/image\/\",\"url\":\"https:\/\/www.satlabgeo.com\/wp-content\/uploads\/2025\/08\/satlab-logo.webp\",\"contentUrl\":\"https:\/\/www.satlabgeo.com\/wp-content\/uploads\/2025\/08\/satlab-logo.webp\",\"width\":191,\"height\":48,\"caption\":\"Global Satellite Positioning Solutions | SatLab Geosolutions AB\"},\"image\":{\"@id\":\"https:\/\/www.satlabgeo.com\/#\/schema\/logo\/image\/\"}}]}<\/script>\n<!-- \/ Yoast SEO plugin. -->","yoast_head_json":{"title":"ECS-D60 Dozer Guidance System | SatLab","robots":{"index":"index","follow":"follow","max-snippet":"max-snippet:-1","max-image-preview":"max-image-preview:large","max-video-preview":"max-video-preview:-1"},"canonical":"https:\/\/www.satlabgeo.com\/es\/product\/ecs-d60-bulldozer-control-system\/","og_locale":"es_ES","og_type":"article","og_title":"ECS-D60 Dozer Guidance System | SatLab","og_description":"The ECS-D60 dozer control system offers real-time 3D visualization, exceptional accuracy, and comprehensive earthwork data to optimize grading operations and minimize risks. With detailed analytics and a user-friendly interface, the system enhances productivity and maximizes efficiency.","og_url":"https:\/\/www.satlabgeo.com\/es\/product\/ecs-d60-bulldozer-control-system\/","og_site_name":"Global Satellite Positioning Solutions | SatLab Geosolutions AB","article_modified_time":"2025-11-26T09:05:19+00:00","og_image":[{"width":2560,"height":1903,"url":"https:\/\/www.satlabgeo.com\/wp-content\/uploads\/2024\/09\/ECS-D60\uff08700X519\uff09-250627-scaled.webp","type":"image\/webp"}],"twitter_card":"summary_large_image","twitter_misc":{"Tiempo de lectura":"1 minuto"},"schema":{"@context":"https:\/\/schema.org","@graph":[{"@type":"WebPage","@id":"https:\/\/www.satlabgeo.com\/product\/ecs-d60-bulldozer-control-system\/","url":"https:\/\/www.satlabgeo.com\/product\/ecs-d60-bulldozer-control-system\/","name":"ECS-D60 Dozer Guidance System | SatLab","isPartOf":{"@id":"https:\/\/www.satlabgeo.com\/#website"},"datePublished":"2024-09-09T11:42:00+00:00","dateModified":"2025-11-26T09:05:19+00:00","breadcrumb":{"@id":"https:\/\/www.satlabgeo.com\/product\/ecs-d60-bulldozer-control-system\/#breadcrumb"},"inLanguage":"es","potentialAction":[{"@type":"ReadAction","target":["https:\/\/www.satlabgeo.com\/product\/ecs-d60-bulldozer-control-system\/"]}]},{"@type":"BreadcrumbList","@id":"https:\/\/www.satlabgeo.com\/product\/ecs-d60-bulldozer-control-system\/#breadcrumb","itemListElement":[{"@type":"ListItem","position":1,"name":"Home","item":"https:\/\/www.satlabgeo.com\/"},{"@type":"ListItem","position":2,"name":"Products","item":"https:\/\/www.satlabgeo.com\/products\/"},{"@type":"ListItem","position":3,"name":"ECS-D60 Bulldozer Control System"}]},{"@type":"WebSite","@id":"https:\/\/www.satlabgeo.com\/#website","url":"https:\/\/www.satlabgeo.com\/","name":"Global Satellite Positioning Solutions | SatLab Geosolutions AB","description":"","publisher":{"@id":"https:\/\/www.satlabgeo.com\/#organization"},"potentialAction":[{"@type":"SearchAction","target":{"@type":"EntryPoint","urlTemplate":"https:\/\/www.satlabgeo.com\/?s={search_term_string}"},"query-input":"required name=search_term_string"}],"inLanguage":"es"},{"@type":"Organization","@id":"https:\/\/www.satlabgeo.com\/#organization","name":"Global Satellite Positioning Solutions | SatLab Geosolutions AB","url":"https:\/\/www.satlabgeo.com\/","sameAs":[],"logo":{"@type":"ImageObject","inLanguage":"es","@id":"https:\/\/www.satlabgeo.com\/#\/schema\/logo\/image\/","url":"https:\/\/www.satlabgeo.com\/wp-content\/uploads\/2025\/08\/satlab-logo.webp","contentUrl":"https:\/\/www.satlabgeo.com\/wp-content\/uploads\/2025\/08\/satlab-logo.webp","width":191,"height":48,"caption":"Global Satellite Positioning Solutions | SatLab Geosolutions AB"},"image":{"@id":"https:\/\/www.satlabgeo.com\/#\/schema\/logo\/image\/"}}]}},"_links":{"self":[{"href":"https:\/\/www.satlabgeo.com\/es\/wp-json\/wp\/v2\/product\/2044"}],"collection":[{"href":"https:\/\/www.satlabgeo.com\/es\/wp-json\/wp\/v2\/product"}],"about":[{"href":"https:\/\/www.satlabgeo.com\/es\/wp-json\/wp\/v2\/types\/product"}],"replies":[{"embeddable":true,"href":"https:\/\/www.satlabgeo.com\/es\/wp-json\/wp\/v2\/comments?post=2044"}],"version-history":[{"count":6,"href":"https:\/\/www.satlabgeo.com\/es\/wp-json\/wp\/v2\/product\/2044\/revisions"}],"predecessor-version":[{"id":3200,"href":"https:\/\/www.satlabgeo.com\/es\/wp-json\/wp\/v2\/product\/2044\/revisions\/3200"}],"wp:featuredmedia":[{"embeddable":true,"href":"https:\/\/www.satlabgeo.com\/es\/wp-json\/wp\/v2\/media\/2732"}],"wp:attachment":[{"href":"https:\/\/www.satlabgeo.com\/es\/wp-json\/wp\/v2\/media?parent=2044"}],"wp:term":[{"taxonomy":"product_cat","embeddable":true,"href":"https:\/\/www.satlabgeo.com\/es\/wp-json\/wp\/v2\/product_cat?post=2044"},{"taxonomy":"product_tag","embeddable":true,"href":"https:\/\/www.satlabgeo.com\/es\/wp-json\/wp\/v2\/product_tag?post=2044"}],"curies":[{"name":"wp","href":"https:\/\/api.w.org\/{rel}","templated":true}]}}