{"id":2027,"date":"2024-09-09T10:01:54","date_gmt":"2024-09-09T10:01:54","guid":{"rendered":"https:\/\/www.satlabgeo.com\/?post_type=product&#038;p=2027"},"modified":"2025-11-14T07:17:34","modified_gmt":"2025-11-14T07:17:34","slug":"ecs-e30-pro-excavator-guidance-system","status":"publish","type":"product","link":"https:\/\/www.satlabgeo.com\/es\/product\/ecs-e30-pro-excavator-guidance-system\/","title":{"rendered":"Sistema de guiado de excavadoras ECS-E30 PRO"},"content":{"rendered":"<p><img decoding=\"async\" src=\"https:\/\/www.satlabgeo.com\/wp-content\/uploads\/2025\/09\/ECS-E30-PRO--scaled.webp\" alt=\"\" class=\"alignnone size-full wp-image-2261\" \/><\/p>\n<h3>Visualizaci\u00f3n 3D completa<\/h3>\n<p>El sistema de guiado de excavadoras ECS-E30 PRO proporciona una visualizaci\u00f3n 3D intuitiva en una tableta en la cabina, ofreciendo a los operadores datos de construcci\u00f3n completos como superficies de dise\u00f1o, informaci\u00f3n de corte\/relleno, pendientes, profundidades, l\u00edneas de referencia y progreso de la excavaci\u00f3n, lo que permite a los operadores visualizar los movimientos de la excavadora en tiempo real.<\/p>\n<h3>Precisi\u00f3n excepcional<\/h3>\n<p>Gracias a su sistema de guiado para excavadoras ECS-E30 PRO, que incorpora sensores GNSS duales de alta precisi\u00f3n y una unidad de medici\u00f3n inercial (IMU) personalizada, se consigue una precisi\u00f3n de \u00b13 cm. El algoritmo de modelo din\u00e1mico garantiza una precisi\u00f3n \u00f3ptima del cuchar\u00f3n en todas las posiciones, y el receptor de alto rendimiento asegura un posicionamiento preciso en diversos tipos de terreno.<\/p>\n<h3>Seguridad mejorada<\/h3>\n<p>La funci\u00f3n de geovallado alerta proactivamente a los operadores sobre posibles peligros, impidiendo el acceso no autorizado a zonas restringidas y mejorando significativamente la seguridad en la obra. Al eliminar la necesidad de personal de topograf\u00eda adicional, el sistema de guiado de excavadoras ECS-E30 PRO reduce a\u00fan m\u00e1s los riesgos y mejora los est\u00e1ndares generales de seguridad.<\/p>\n<h3>Compatibilidad adaptable<\/h3>\n<p>El dise\u00f1o adaptable del sistema de guiado para excavadoras ECS-E30 PRO garantiza la compatibilidad con una amplia gama de equipos, incluyendo excavadoras, motoniveladoras y bulldozers. Los operadores pueden cambiar f\u00e1cilmente de sistema. <span>Receptores de m\u00e1quina, antena y tableta<\/span> entre estos tipos de equipos, permitiendo operaciones eficientes y vers\u00e1tiles en toda su flota.<\/p>","protected":false},"excerpt":{"rendered":"<p>El sistema de guiado para excavadoras ECS-E30 PRO proporciona informaci\u00f3n precisa de posicionamiento y rumbo en tiempo real, lo que mejora significativamente la exactitud y la eficiencia de la excavaci\u00f3n seg\u00fan las coordenadas de dise\u00f1o. Su interfaz intuitiva y f\u00e1cil de usar, junto con su avanzada tecnolog\u00eda de posicionamiento por antena GNSS y sensores propios, permite incluso a los operadores principiantes completar las tareas de excavaci\u00f3n con mayor rapidez y productividad que nunca.<\/p>","protected":false},"featured_media":2284,"comment_status":"open","ping_status":"closed","template":"","meta":{"_links_to":"","_links_to_target":""},"product_cat":[101],"product_tag":[],"yoast_head":"<!-- This site is optimized with the Yoast SEO plugin v19.8 - https:\/\/yoast.com\/wordpress\/plugins\/seo\/ -->\n<title>ECS-E30 PRO Excavator Guidance System | SatLab<\/title>\n<meta name=\"robots\" content=\"index, follow, max-snippet:-1, max-image-preview:large, max-video-preview:-1\" \/>\n<link rel=\"canonical\" href=\"https:\/\/www.satlabgeo.com\/es\/product\/ecs-e30-pro-excavator-guidance-system\/\" \/>\n<meta property=\"og:locale\" content=\"es_ES\" \/>\n<meta property=\"og:type\" content=\"article\" \/>\n<meta property=\"og:title\" content=\"ECS-E30 PRO Excavator Guidance System | SatLab\" \/>\n<meta property=\"og:description\" content=\"The ECS-E30 PRO excavator guidance system provides real-time, precise positioning and heading information, significantly improving the accuracy and efficiency of excavating to target design coordinates. Its intuitive, user-friendly interface and advanced GNSS antenna positioning technology, combined with proprietary sensors, enable even novice operators to complete excavation tasks more quickly and productively than ever before.\" \/>\n<meta property=\"og:url\" content=\"https:\/\/www.satlabgeo.com\/es\/product\/ecs-e30-pro-excavator-guidance-system\/\" \/>\n<meta property=\"og:site_name\" content=\"Global Satellite Positioning Solutions | SatLab Geosolutions AB\" \/>\n<meta property=\"article:modified_time\" content=\"2025-11-14T07:17:34+00:00\" \/>\n<meta property=\"og:image\" content=\"https:\/\/www.satlabgeo.com\/wp-content\/uploads\/2024\/09\/\u753b\u677f-1-\u526f\u672c-1.png\" \/>\n\t<meta property=\"og:image:width\" content=\"700\" \/>\n\t<meta property=\"og:image:height\" content=\"519\" \/>\n\t<meta property=\"og:image:type\" content=\"image\/png\" \/>\n<meta name=\"twitter:card\" content=\"summary_large_image\" \/>\n<meta name=\"twitter:label1\" content=\"Tiempo de lectura\" \/>\n\t<meta name=\"twitter:data1\" content=\"1 minuto\" \/>\n<script type=\"application\/ld+json\" class=\"yoast-schema-graph\">{\"@context\":\"https:\/\/schema.org\",\"@graph\":[{\"@type\":\"WebPage\",\"@id\":\"https:\/\/www.satlabgeo.com\/product\/ecs-e30-pro-excavator-guidance-system\/\",\"url\":\"https:\/\/www.satlabgeo.com\/product\/ecs-e30-pro-excavator-guidance-system\/\",\"name\":\"ECS-E30 PRO Excavator Guidance System | SatLab\",\"isPartOf\":{\"@id\":\"https:\/\/www.satlabgeo.com\/#website\"},\"datePublished\":\"2024-09-09T10:01:54+00:00\",\"dateModified\":\"2025-11-14T07:17:34+00:00\",\"breadcrumb\":{\"@id\":\"https:\/\/www.satlabgeo.com\/product\/ecs-e30-pro-excavator-guidance-system\/#breadcrumb\"},\"inLanguage\":\"es\",\"potentialAction\":[{\"@type\":\"ReadAction\",\"target\":[\"https:\/\/www.satlabgeo.com\/product\/ecs-e30-pro-excavator-guidance-system\/\"]}]},{\"@type\":\"BreadcrumbList\",\"@id\":\"https:\/\/www.satlabgeo.com\/product\/ecs-e30-pro-excavator-guidance-system\/#breadcrumb\",\"itemListElement\":[{\"@type\":\"ListItem\",\"position\":1,\"name\":\"Home\",\"item\":\"https:\/\/www.satlabgeo.com\/\"},{\"@type\":\"ListItem\",\"position\":2,\"name\":\"Products\",\"item\":\"https:\/\/www.satlabgeo.com\/products\/\"},{\"@type\":\"ListItem\",\"position\":3,\"name\":\"ECS-E30 PRO Excavator Guidance System\"}]},{\"@type\":\"WebSite\",\"@id\":\"https:\/\/www.satlabgeo.com\/#website\",\"url\":\"https:\/\/www.satlabgeo.com\/\",\"name\":\"Global Satellite Positioning Solutions | SatLab Geosolutions AB\",\"description\":\"\",\"publisher\":{\"@id\":\"https:\/\/www.satlabgeo.com\/#organization\"},\"potentialAction\":[{\"@type\":\"SearchAction\",\"target\":{\"@type\":\"EntryPoint\",\"urlTemplate\":\"https:\/\/www.satlabgeo.com\/?s={search_term_string}\"},\"query-input\":\"required name=search_term_string\"}],\"inLanguage\":\"es\"},{\"@type\":\"Organization\",\"@id\":\"https:\/\/www.satlabgeo.com\/#organization\",\"name\":\"Global Satellite Positioning Solutions | SatLab Geosolutions AB\",\"url\":\"https:\/\/www.satlabgeo.com\/\",\"sameAs\":[],\"logo\":{\"@type\":\"ImageObject\",\"inLanguage\":\"es\",\"@id\":\"https:\/\/www.satlabgeo.com\/#\/schema\/logo\/image\/\",\"url\":\"https:\/\/www.satlabgeo.com\/wp-content\/uploads\/2025\/08\/satlab-logo.webp\",\"contentUrl\":\"https:\/\/www.satlabgeo.com\/wp-content\/uploads\/2025\/08\/satlab-logo.webp\",\"width\":191,\"height\":48,\"caption\":\"Global Satellite Positioning Solutions | SatLab Geosolutions AB\"},\"image\":{\"@id\":\"https:\/\/www.satlabgeo.com\/#\/schema\/logo\/image\/\"}}]}<\/script>\n<!-- \/ Yoast SEO plugin. -->","yoast_head_json":{"title":"ECS-E30 PRO Excavator Guidance System | SatLab","robots":{"index":"index","follow":"follow","max-snippet":"max-snippet:-1","max-image-preview":"max-image-preview:large","max-video-preview":"max-video-preview:-1"},"canonical":"https:\/\/www.satlabgeo.com\/es\/product\/ecs-e30-pro-excavator-guidance-system\/","og_locale":"es_ES","og_type":"article","og_title":"ECS-E30 PRO Excavator Guidance System | SatLab","og_description":"The ECS-E30 PRO excavator guidance system provides real-time, precise positioning and heading information, significantly improving the accuracy and efficiency of excavating to target design coordinates. Its intuitive, user-friendly interface and advanced GNSS antenna positioning technology, combined with proprietary sensors, enable even novice operators to complete excavation tasks more quickly and productively than ever before.","og_url":"https:\/\/www.satlabgeo.com\/es\/product\/ecs-e30-pro-excavator-guidance-system\/","og_site_name":"Global Satellite Positioning Solutions | SatLab Geosolutions AB","article_modified_time":"2025-11-14T07:17:34+00:00","og_image":[{"width":700,"height":519,"url":"https:\/\/www.satlabgeo.com\/wp-content\/uploads\/2024\/09\/\u753b\u677f-1-\u526f\u672c-1.png","type":"image\/png"}],"twitter_card":"summary_large_image","twitter_misc":{"Tiempo de lectura":"1 minuto"},"schema":{"@context":"https:\/\/schema.org","@graph":[{"@type":"WebPage","@id":"https:\/\/www.satlabgeo.com\/product\/ecs-e30-pro-excavator-guidance-system\/","url":"https:\/\/www.satlabgeo.com\/product\/ecs-e30-pro-excavator-guidance-system\/","name":"ECS-E30 PRO Excavator Guidance System | SatLab","isPartOf":{"@id":"https:\/\/www.satlabgeo.com\/#website"},"datePublished":"2024-09-09T10:01:54+00:00","dateModified":"2025-11-14T07:17:34+00:00","breadcrumb":{"@id":"https:\/\/www.satlabgeo.com\/product\/ecs-e30-pro-excavator-guidance-system\/#breadcrumb"},"inLanguage":"es","potentialAction":[{"@type":"ReadAction","target":["https:\/\/www.satlabgeo.com\/product\/ecs-e30-pro-excavator-guidance-system\/"]}]},{"@type":"BreadcrumbList","@id":"https:\/\/www.satlabgeo.com\/product\/ecs-e30-pro-excavator-guidance-system\/#breadcrumb","itemListElement":[{"@type":"ListItem","position":1,"name":"Home","item":"https:\/\/www.satlabgeo.com\/"},{"@type":"ListItem","position":2,"name":"Products","item":"https:\/\/www.satlabgeo.com\/products\/"},{"@type":"ListItem","position":3,"name":"ECS-E30 PRO Excavator Guidance System"}]},{"@type":"WebSite","@id":"https:\/\/www.satlabgeo.com\/#website","url":"https:\/\/www.satlabgeo.com\/","name":"Global Satellite Positioning Solutions | SatLab Geosolutions AB","description":"","publisher":{"@id":"https:\/\/www.satlabgeo.com\/#organization"},"potentialAction":[{"@type":"SearchAction","target":{"@type":"EntryPoint","urlTemplate":"https:\/\/www.satlabgeo.com\/?s={search_term_string}"},"query-input":"required name=search_term_string"}],"inLanguage":"es"},{"@type":"Organization","@id":"https:\/\/www.satlabgeo.com\/#organization","name":"Global Satellite Positioning Solutions | SatLab Geosolutions AB","url":"https:\/\/www.satlabgeo.com\/","sameAs":[],"logo":{"@type":"ImageObject","inLanguage":"es","@id":"https:\/\/www.satlabgeo.com\/#\/schema\/logo\/image\/","url":"https:\/\/www.satlabgeo.com\/wp-content\/uploads\/2025\/08\/satlab-logo.webp","contentUrl":"https:\/\/www.satlabgeo.com\/wp-content\/uploads\/2025\/08\/satlab-logo.webp","width":191,"height":48,"caption":"Global Satellite Positioning Solutions | SatLab Geosolutions AB"},"image":{"@id":"https:\/\/www.satlabgeo.com\/#\/schema\/logo\/image\/"}}]}},"_links":{"self":[{"href":"https:\/\/www.satlabgeo.com\/es\/wp-json\/wp\/v2\/product\/2027"}],"collection":[{"href":"https:\/\/www.satlabgeo.com\/es\/wp-json\/wp\/v2\/product"}],"about":[{"href":"https:\/\/www.satlabgeo.com\/es\/wp-json\/wp\/v2\/types\/product"}],"replies":[{"embeddable":true,"href":"https:\/\/www.satlabgeo.com\/es\/wp-json\/wp\/v2\/comments?post=2027"}],"version-history":[{"count":7,"href":"https:\/\/www.satlabgeo.com\/es\/wp-json\/wp\/v2\/product\/2027\/revisions"}],"predecessor-version":[{"id":3117,"href":"https:\/\/www.satlabgeo.com\/es\/wp-json\/wp\/v2\/product\/2027\/revisions\/3117"}],"wp:featuredmedia":[{"embeddable":true,"href":"https:\/\/www.satlabgeo.com\/es\/wp-json\/wp\/v2\/media\/2284"}],"wp:attachment":[{"href":"https:\/\/www.satlabgeo.com\/es\/wp-json\/wp\/v2\/media?parent=2027"}],"wp:term":[{"taxonomy":"product_cat","embeddable":true,"href":"https:\/\/www.satlabgeo.com\/es\/wp-json\/wp\/v2\/product_cat?post=2027"},{"taxonomy":"product_tag","embeddable":true,"href":"https:\/\/www.satlabgeo.com\/es\/wp-json\/wp\/v2\/product_tag?post=2027"}],"curies":[{"name":"wp","href":"https:\/\/api.w.org\/{rel}","templated":true}]}}