{"id":181,"date":"2020-03-20T14:06:07","date_gmt":"2020-03-20T14:06:07","guid":{"rendered":"https:\/\/www.satlabgeo.com\/?post_type=product&#038;p=181"},"modified":"2025-12-01T10:03:01","modified_gmt":"2025-12-01T10:03:01","slug":"slt2-total-station","status":"publish","type":"product","link":"https:\/\/www.satlabgeo.com\/es\/product\/slt2-total-station\/","title":{"rendered":"Estaci\u00f3n total SLT2"},"content":{"rendered":"<h3>M\u00e1xima flexibilidad y gran rendimiento<\/h3>\n<p>Dise\u00f1ado para afrontar situaciones de trabajo dif\u00edciles, Satlab ha combinado las mejores tecnolog\u00edas de campo con caracter\u00edsticas de ingenier\u00eda especializadas para garantizar que el SLT2 ofrezca la m\u00e1xima precisi\u00f3n. Capture mediciones de forma m\u00e1s r\u00e1pida y sencilla con nuestro intuitivo software integrado (Satcont) mediante una pantalla LCD bicolor.<\/p>\n<h3>Mayor eficiencia con mayor precisi\u00f3n<\/h3>\n<p>El SLT2 es la herramienta ideal para la topograf\u00eda de obras de nivel b\u00e1sico, ya que ofrece flexibilidad y fiabilidad, permiti\u00e9ndole realizar su trabajo sin sacrificar la funcionalidad. Equipado con un EDM r\u00e1pido y sin reflector, as\u00ed como con el software integrado Satcont, el SLT2 est\u00e1 dise\u00f1ado para durar.<\/p>\n<div class=\"landscape\"><img decoding=\"async\" src=\"https:\/\/www.satlabgeo.com\/wp-content\/uploads\/2020\/03\/SAL32-01-1024x429-1.jpg\" alt=\"estaci\u00f3n total\" class=\"aligncenter\" \/><\/div>\n<h3><\/h3>\n<h3><strong>Entrega de equipos de calidad<\/strong><\/h3>\n<p>Fabricada en una f\u00e1brica con certificaci\u00f3n ISO y CE, cada estaci\u00f3n total se fabrica con un protocolo y procedimiento adecuados que cumplen con todos los aspectos operativos, as\u00ed como con estrictos controles de garant\u00eda de calidad que garantizan la m\u00e1s alta calidad.<\/p>","protected":false},"excerpt":{"rendered":"<p>La estaci\u00f3n total SLT2 cuenta con un EDM sin reflector r\u00e1pido y potente (0,8 segundos), dise\u00f1ado para ofrecer una precisi\u00f3n superior y un flujo de trabajo eficiente en un dise\u00f1o elegante. Para garantizar el funcionamiento a largo plazo de la estaci\u00f3n total en condiciones clim\u00e1ticas adversas, se realizaron diversas pruebas ambientales con la estaci\u00f3n total rob\u00f3tica, como vibraci\u00f3n, ca\u00eddas, temperatura y humedad, para lograr la m\u00e1xima calidad.<\/p>","protected":false},"featured_media":406,"comment_status":"open","ping_status":"closed","template":"","meta":{"_links_to":"","_links_to_target":""},"product_cat":[24],"product_tag":[],"yoast_head":"<!-- This site is optimized with the Yoast SEO plugin v19.8 - https:\/\/yoast.com\/wordpress\/plugins\/seo\/ -->\n<title>SLT2 Total Station | Global Satellite Positioning Solutions | SatLab Geosolutions AB<\/title>\n<meta name=\"robots\" content=\"index, follow, max-snippet:-1, max-image-preview:large, max-video-preview:-1\" \/>\n<link rel=\"canonical\" href=\"https:\/\/www.satlabgeo.com\/es\/product\/slt2-total-station\/\" \/>\n<meta property=\"og:locale\" content=\"es_ES\" \/>\n<meta property=\"og:type\" content=\"article\" \/>\n<meta property=\"og:title\" content=\"SLT2 Total Station | Global Satellite Positioning Solutions | SatLab Geosolutions AB\" \/>\n<meta property=\"og:description\" content=\"The SLT2 Total Station has a fast and powerful reflectorless EDM (0.8 seconds) that is designed to provide advanced accuracy with an efficient workflow in a sleek body. In order to ensure long-term operation total station surveying in adverse weather conditions, various environmental tests by robotic total station such as vibration, drop, temperature, and humidity were performed to achieve the highest quality.\" \/>\n<meta property=\"og:url\" content=\"https:\/\/www.satlabgeo.com\/es\/product\/slt2-total-station\/\" \/>\n<meta property=\"og:site_name\" content=\"Global Satellite Positioning Solutions | SatLab Geosolutions AB\" \/>\n<meta property=\"article:modified_time\" content=\"2025-12-01T10:03:01+00:00\" \/>\n<meta property=\"og:image\" content=\"https:\/\/www.satlabgeo.com\/wp-content\/uploads\/2020\/03\/SLT-248x235-01.png\" \/>\n\t<meta property=\"og:image:width\" content=\"248\" \/>\n\t<meta property=\"og:image:height\" content=\"235\" \/>\n\t<meta property=\"og:image:type\" content=\"image\/png\" \/>\n<meta name=\"twitter:card\" content=\"summary_large_image\" \/>\n<meta name=\"twitter:label1\" content=\"Tiempo de lectura\" \/>\n\t<meta name=\"twitter:data1\" content=\"1 minuto\" \/>\n<script type=\"application\/ld+json\" class=\"yoast-schema-graph\">{\"@context\":\"https:\/\/schema.org\",\"@graph\":[{\"@type\":\"WebPage\",\"@id\":\"https:\/\/www.satlabgeo.com\/product\/slt2-total-station\/\",\"url\":\"https:\/\/www.satlabgeo.com\/product\/slt2-total-station\/\",\"name\":\"SLT2 Total Station | Global Satellite Positioning Solutions | SatLab Geosolutions AB\",\"isPartOf\":{\"@id\":\"https:\/\/www.satlabgeo.com\/#website\"},\"datePublished\":\"2020-03-20T14:06:07+00:00\",\"dateModified\":\"2025-12-01T10:03:01+00:00\",\"breadcrumb\":{\"@id\":\"https:\/\/www.satlabgeo.com\/product\/slt2-total-station\/#breadcrumb\"},\"inLanguage\":\"es\",\"potentialAction\":[{\"@type\":\"ReadAction\",\"target\":[\"https:\/\/www.satlabgeo.com\/product\/slt2-total-station\/\"]}]},{\"@type\":\"BreadcrumbList\",\"@id\":\"https:\/\/www.satlabgeo.com\/product\/slt2-total-station\/#breadcrumb\",\"itemListElement\":[{\"@type\":\"ListItem\",\"position\":1,\"name\":\"Home\",\"item\":\"https:\/\/www.satlabgeo.com\/\"},{\"@type\":\"ListItem\",\"position\":2,\"name\":\"Products\",\"item\":\"https:\/\/www.satlabgeo.com\/products\/\"},{\"@type\":\"ListItem\",\"position\":3,\"name\":\"SLT2 Total Station\"}]},{\"@type\":\"WebSite\",\"@id\":\"https:\/\/www.satlabgeo.com\/#website\",\"url\":\"https:\/\/www.satlabgeo.com\/\",\"name\":\"Global Satellite Positioning Solutions | SatLab Geosolutions AB\",\"description\":\"\",\"publisher\":{\"@id\":\"https:\/\/www.satlabgeo.com\/#organization\"},\"potentialAction\":[{\"@type\":\"SearchAction\",\"target\":{\"@type\":\"EntryPoint\",\"urlTemplate\":\"https:\/\/www.satlabgeo.com\/?s={search_term_string}\"},\"query-input\":\"required name=search_term_string\"}],\"inLanguage\":\"es\"},{\"@type\":\"Organization\",\"@id\":\"https:\/\/www.satlabgeo.com\/#organization\",\"name\":\"Global Satellite Positioning Solutions | SatLab Geosolutions AB\",\"url\":\"https:\/\/www.satlabgeo.com\/\",\"sameAs\":[],\"logo\":{\"@type\":\"ImageObject\",\"inLanguage\":\"es\",\"@id\":\"https:\/\/www.satlabgeo.com\/#\/schema\/logo\/image\/\",\"url\":\"https:\/\/www.satlabgeo.com\/wp-content\/uploads\/2025\/08\/satlab-logo.webp\",\"contentUrl\":\"https:\/\/www.satlabgeo.com\/wp-content\/uploads\/2025\/08\/satlab-logo.webp\",\"width\":191,\"height\":48,\"caption\":\"Global Satellite Positioning Solutions | SatLab Geosolutions AB\"},\"image\":{\"@id\":\"https:\/\/www.satlabgeo.com\/#\/schema\/logo\/image\/\"}}]}<\/script>\n<!-- \/ Yoast SEO plugin. -->","yoast_head_json":{"title":"SLT2 Total Station | Global Satellite Positioning Solutions | SatLab Geosolutions AB","robots":{"index":"index","follow":"follow","max-snippet":"max-snippet:-1","max-image-preview":"max-image-preview:large","max-video-preview":"max-video-preview:-1"},"canonical":"https:\/\/www.satlabgeo.com\/es\/product\/slt2-total-station\/","og_locale":"es_ES","og_type":"article","og_title":"SLT2 Total Station | Global Satellite Positioning Solutions | SatLab Geosolutions AB","og_description":"The SLT2 Total Station has a fast and powerful reflectorless EDM (0.8 seconds) that is designed to provide advanced accuracy with an efficient workflow in a sleek body. In order to ensure long-term operation total station surveying in adverse weather conditions, various environmental tests by robotic total station such as vibration, drop, temperature, and humidity were performed to achieve the highest quality.","og_url":"https:\/\/www.satlabgeo.com\/es\/product\/slt2-total-station\/","og_site_name":"Global Satellite Positioning Solutions | SatLab Geosolutions AB","article_modified_time":"2025-12-01T10:03:01+00:00","og_image":[{"width":248,"height":235,"url":"https:\/\/www.satlabgeo.com\/wp-content\/uploads\/2020\/03\/SLT-248x235-01.png","type":"image\/png"}],"twitter_card":"summary_large_image","twitter_misc":{"Tiempo de lectura":"1 minuto"},"schema":{"@context":"https:\/\/schema.org","@graph":[{"@type":"WebPage","@id":"https:\/\/www.satlabgeo.com\/product\/slt2-total-station\/","url":"https:\/\/www.satlabgeo.com\/product\/slt2-total-station\/","name":"SLT2 Total Station | Global Satellite Positioning Solutions | SatLab Geosolutions AB","isPartOf":{"@id":"https:\/\/www.satlabgeo.com\/#website"},"datePublished":"2020-03-20T14:06:07+00:00","dateModified":"2025-12-01T10:03:01+00:00","breadcrumb":{"@id":"https:\/\/www.satlabgeo.com\/product\/slt2-total-station\/#breadcrumb"},"inLanguage":"es","potentialAction":[{"@type":"ReadAction","target":["https:\/\/www.satlabgeo.com\/product\/slt2-total-station\/"]}]},{"@type":"BreadcrumbList","@id":"https:\/\/www.satlabgeo.com\/product\/slt2-total-station\/#breadcrumb","itemListElement":[{"@type":"ListItem","position":1,"name":"Home","item":"https:\/\/www.satlabgeo.com\/"},{"@type":"ListItem","position":2,"name":"Products","item":"https:\/\/www.satlabgeo.com\/products\/"},{"@type":"ListItem","position":3,"name":"SLT2 Total Station"}]},{"@type":"WebSite","@id":"https:\/\/www.satlabgeo.com\/#website","url":"https:\/\/www.satlabgeo.com\/","name":"Global Satellite Positioning Solutions | SatLab Geosolutions AB","description":"","publisher":{"@id":"https:\/\/www.satlabgeo.com\/#organization"},"potentialAction":[{"@type":"SearchAction","target":{"@type":"EntryPoint","urlTemplate":"https:\/\/www.satlabgeo.com\/?s={search_term_string}"},"query-input":"required name=search_term_string"}],"inLanguage":"es"},{"@type":"Organization","@id":"https:\/\/www.satlabgeo.com\/#organization","name":"Global Satellite Positioning Solutions | SatLab Geosolutions AB","url":"https:\/\/www.satlabgeo.com\/","sameAs":[],"logo":{"@type":"ImageObject","inLanguage":"es","@id":"https:\/\/www.satlabgeo.com\/#\/schema\/logo\/image\/","url":"https:\/\/www.satlabgeo.com\/wp-content\/uploads\/2025\/08\/satlab-logo.webp","contentUrl":"https:\/\/www.satlabgeo.com\/wp-content\/uploads\/2025\/08\/satlab-logo.webp","width":191,"height":48,"caption":"Global Satellite Positioning Solutions | SatLab Geosolutions AB"},"image":{"@id":"https:\/\/www.satlabgeo.com\/#\/schema\/logo\/image\/"}}]}},"_links":{"self":[{"href":"https:\/\/www.satlabgeo.com\/es\/wp-json\/wp\/v2\/product\/181"}],"collection":[{"href":"https:\/\/www.satlabgeo.com\/es\/wp-json\/wp\/v2\/product"}],"about":[{"href":"https:\/\/www.satlabgeo.com\/es\/wp-json\/wp\/v2\/types\/product"}],"replies":[{"embeddable":true,"href":"https:\/\/www.satlabgeo.com\/es\/wp-json\/wp\/v2\/comments?post=181"}],"version-history":[{"count":4,"href":"https:\/\/www.satlabgeo.com\/es\/wp-json\/wp\/v2\/product\/181\/revisions"}],"predecessor-version":[{"id":3255,"href":"https:\/\/www.satlabgeo.com\/es\/wp-json\/wp\/v2\/product\/181\/revisions\/3255"}],"wp:featuredmedia":[{"embeddable":true,"href":"https:\/\/www.satlabgeo.com\/es\/wp-json\/wp\/v2\/media\/406"}],"wp:attachment":[{"href":"https:\/\/www.satlabgeo.com\/es\/wp-json\/wp\/v2\/media?parent=181"}],"wp:term":[{"taxonomy":"product_cat","embeddable":true,"href":"https:\/\/www.satlabgeo.com\/es\/wp-json\/wp\/v2\/product_cat?post=181"},{"taxonomy":"product_tag","embeddable":true,"href":"https:\/\/www.satlabgeo.com\/es\/wp-json\/wp\/v2\/product_tag?post=181"}],"curies":[{"name":"wp","href":"https:\/\/api.w.org\/{rel}","templated":true}]}}