{"id":1739,"date":"2024-05-22T03:53:12","date_gmt":"2024-05-22T03:53:12","guid":{"rendered":"https:\/\/www.satlabgeo.com\/?post_type=product&#038;p=1739"},"modified":"2025-06-17T23:11:08","modified_gmt":"2025-06-17T23:11:08","slug":"satlab-geobiz-solutions-2-0","status":"publish","type":"product","link":"https:\/\/www.satlabgeo.com\/es\/product\/satlab-geobiz-solutions-2-0\/","title":{"rendered":"Software de posprocesamiento SGS 2.0"},"content":{"rendered":"<h3><strong>Motor de posprocesamiento confiable y r\u00e1pido<\/strong><\/h3>\n<p>Con un algoritmo confiable, m\u00e1s r\u00e1pido y m\u00e1s preciso, SGS2.0 admite el procesamiento por lotes de m\u00e1s de 100 l\u00edneas base de datos est\u00e1ticos GPS, GLONASS, Beidou y Galileo con un sistema de coordenadas predefinido y antenas de m\u00faltiples fabricantes.<\/p>\n<h3><strong>Capacidades de procesamiento de datos todo en uno<\/strong><\/h3>\n<p>Olv\u00eddese de las complicaciones de importar y exportar entre diferentes programas. Sea compatible con datos de software de diferentes proveedores. Con SGS 2.0, puede procesar sin problemas una amplia gama de datos, incluyendo datos est\u00e1ticos GNSS, datos RTK, datos de estaci\u00f3n total, archivos de carreteras, DTM, mapas base y m\u00e1s.<\/p>\n<h3><strong>Conjunto completo de herramientas de medici\u00f3n<\/strong><\/h3>\n<p>SGS2.0 ofrece un amplio conjunto de herramientas, que incluye convertidores de coordenadas y RINEX, herramientas de c\u00e1lculo angular, de distancia y varias herramientas de c\u00e1lculo COGO, administradores de antenas GNSS y fusi\u00f3n de archivos de observaci\u00f3n GNSS.<\/p>\n<p>&nbsp;<\/p>","protected":false},"excerpt":{"rendered":"<p>SatLab Geobiz Solutions 2.0 (SGS 2.0) es un software de oficina integrado que incorpora m\u00f3dulos como GNSS, RTK, estaci\u00f3n total, UAV, etc. Elimina la molestia de cambiar datos entre diferentes tipos de software de procesamiento, simplifica el flujo de trabajo y mejora la eficiencia del procesamiento de datos. SGS 2.0 es ideal para procesar datos recopilados de m\u00faltiples productos topogr\u00e1ficos dentro del mismo proyecto.<\/p>","protected":false},"featured_media":1749,"comment_status":"open","ping_status":"closed","template":"","meta":{"_links_to":"","_links_to_target":""},"product_cat":[17],"product_tag":[],"yoast_head":"<!-- This site is optimized with the Yoast SEO plugin v19.8 - https:\/\/yoast.com\/wordpress\/plugins\/seo\/ -->\n<title>SGS 2.0 Post-processing Software | Global Satellite Positioning Solutions | SatLab Geosolutions AB<\/title>\n<meta name=\"robots\" content=\"index, follow, max-snippet:-1, max-image-preview:large, max-video-preview:-1\" \/>\n<link rel=\"canonical\" href=\"https:\/\/www.satlabgeo.com\/es\/product\/satlab-geobiz-solutions-2-0\/\" \/>\n<meta property=\"og:locale\" content=\"es_ES\" \/>\n<meta property=\"og:type\" content=\"article\" \/>\n<meta property=\"og:title\" content=\"SGS 2.0 Post-processing Software | Global Satellite Positioning Solutions | SatLab Geosolutions AB\" \/>\n<meta property=\"og:description\" content=\"SatLab Geobiz Solutions 2.0 (SGS 2.0) is an integrated office software that incorporates modules such as GNSS, RTK, Total Station, UAV, etc. It eliminates the hassle of switching data between different types of processing software, simplifies the workflow, and improves data processing efficiency. SGS 2.0 is very suitable for processing data collected from multiple types of surveying products within the same project.\" \/>\n<meta property=\"og:url\" content=\"https:\/\/www.satlabgeo.com\/es\/product\/satlab-geobiz-solutions-2-0\/\" \/>\n<meta property=\"og:site_name\" content=\"Global Satellite Positioning Solutions | SatLab Geosolutions AB\" \/>\n<meta property=\"article:modified_time\" content=\"2025-06-17T23:11:08+00:00\" \/>\n<meta property=\"og:image\" content=\"https:\/\/www.satlabgeo.com\/wp-content\/uploads\/2024\/05\/SGS-2.0-post-processing-software.png\" \/>\n\t<meta property=\"og:image:width\" content=\"744\" \/>\n\t<meta property=\"og:image:height\" content=\"705\" \/>\n\t<meta property=\"og:image:type\" content=\"image\/png\" \/>\n<meta name=\"twitter:card\" content=\"summary_large_image\" \/>\n<meta name=\"twitter:label1\" content=\"Tiempo de lectura\" \/>\n\t<meta name=\"twitter:data1\" content=\"1 minuto\" \/>\n<script type=\"application\/ld+json\" class=\"yoast-schema-graph\">{\"@context\":\"https:\/\/schema.org\",\"@graph\":[{\"@type\":\"WebPage\",\"@id\":\"https:\/\/www.satlabgeo.com\/product\/satlab-geobiz-solutions-2-0\/\",\"url\":\"https:\/\/www.satlabgeo.com\/product\/satlab-geobiz-solutions-2-0\/\",\"name\":\"SGS 2.0 Post-processing Software | Global Satellite Positioning Solutions | SatLab Geosolutions AB\",\"isPartOf\":{\"@id\":\"https:\/\/www.satlabgeo.com\/#website\"},\"datePublished\":\"2024-05-22T03:53:12+00:00\",\"dateModified\":\"2025-06-17T23:11:08+00:00\",\"breadcrumb\":{\"@id\":\"https:\/\/www.satlabgeo.com\/product\/satlab-geobiz-solutions-2-0\/#breadcrumb\"},\"inLanguage\":\"es\",\"potentialAction\":[{\"@type\":\"ReadAction\",\"target\":[\"https:\/\/www.satlabgeo.com\/product\/satlab-geobiz-solutions-2-0\/\"]}]},{\"@type\":\"BreadcrumbList\",\"@id\":\"https:\/\/www.satlabgeo.com\/product\/satlab-geobiz-solutions-2-0\/#breadcrumb\",\"itemListElement\":[{\"@type\":\"ListItem\",\"position\":1,\"name\":\"Home\",\"item\":\"https:\/\/www.satlabgeo.com\/\"},{\"@type\":\"ListItem\",\"position\":2,\"name\":\"Products\",\"item\":\"https:\/\/www.satlabgeo.com\/products\/\"},{\"@type\":\"ListItem\",\"position\":3,\"name\":\"SGS 2.0 Post-processing Software\"}]},{\"@type\":\"WebSite\",\"@id\":\"https:\/\/www.satlabgeo.com\/#website\",\"url\":\"https:\/\/www.satlabgeo.com\/\",\"name\":\"Global Satellite Positioning Solutions | SatLab Geosolutions AB\",\"description\":\"\",\"publisher\":{\"@id\":\"https:\/\/www.satlabgeo.com\/#organization\"},\"potentialAction\":[{\"@type\":\"SearchAction\",\"target\":{\"@type\":\"EntryPoint\",\"urlTemplate\":\"https:\/\/www.satlabgeo.com\/?s={search_term_string}\"},\"query-input\":\"required name=search_term_string\"}],\"inLanguage\":\"es\"},{\"@type\":\"Organization\",\"@id\":\"https:\/\/www.satlabgeo.com\/#organization\",\"name\":\"Global Satellite Positioning Solutions | SatLab Geosolutions AB\",\"url\":\"https:\/\/www.satlabgeo.com\/\",\"sameAs\":[],\"logo\":{\"@type\":\"ImageObject\",\"inLanguage\":\"es\",\"@id\":\"https:\/\/www.satlabgeo.com\/#\/schema\/logo\/image\/\",\"url\":\"https:\/\/www.satlabgeo.com\/wp-content\/uploads\/2025\/08\/satlab-logo.webp\",\"contentUrl\":\"https:\/\/www.satlabgeo.com\/wp-content\/uploads\/2025\/08\/satlab-logo.webp\",\"width\":191,\"height\":48,\"caption\":\"Global Satellite Positioning Solutions | SatLab Geosolutions AB\"},\"image\":{\"@id\":\"https:\/\/www.satlabgeo.com\/#\/schema\/logo\/image\/\"}}]}<\/script>\n<!-- \/ Yoast SEO plugin. -->","yoast_head_json":{"title":"SGS 2.0 Post-processing Software | Global Satellite Positioning Solutions | SatLab Geosolutions AB","robots":{"index":"index","follow":"follow","max-snippet":"max-snippet:-1","max-image-preview":"max-image-preview:large","max-video-preview":"max-video-preview:-1"},"canonical":"https:\/\/www.satlabgeo.com\/es\/product\/satlab-geobiz-solutions-2-0\/","og_locale":"es_ES","og_type":"article","og_title":"SGS 2.0 Post-processing Software | Global Satellite Positioning Solutions | SatLab Geosolutions AB","og_description":"SatLab Geobiz Solutions 2.0 (SGS 2.0) is an integrated office software that incorporates modules such as GNSS, RTK, Total Station, UAV, etc. It eliminates the hassle of switching data between different types of processing software, simplifies the workflow, and improves data processing efficiency. SGS 2.0 is very suitable for processing data collected from multiple types of surveying products within the same project.","og_url":"https:\/\/www.satlabgeo.com\/es\/product\/satlab-geobiz-solutions-2-0\/","og_site_name":"Global Satellite Positioning Solutions | SatLab Geosolutions AB","article_modified_time":"2025-06-17T23:11:08+00:00","og_image":[{"width":744,"height":705,"url":"https:\/\/www.satlabgeo.com\/wp-content\/uploads\/2024\/05\/SGS-2.0-post-processing-software.png","type":"image\/png"}],"twitter_card":"summary_large_image","twitter_misc":{"Tiempo de lectura":"1 minuto"},"schema":{"@context":"https:\/\/schema.org","@graph":[{"@type":"WebPage","@id":"https:\/\/www.satlabgeo.com\/product\/satlab-geobiz-solutions-2-0\/","url":"https:\/\/www.satlabgeo.com\/product\/satlab-geobiz-solutions-2-0\/","name":"SGS 2.0 Post-processing Software | Global Satellite Positioning Solutions | SatLab Geosolutions AB","isPartOf":{"@id":"https:\/\/www.satlabgeo.com\/#website"},"datePublished":"2024-05-22T03:53:12+00:00","dateModified":"2025-06-17T23:11:08+00:00","breadcrumb":{"@id":"https:\/\/www.satlabgeo.com\/product\/satlab-geobiz-solutions-2-0\/#breadcrumb"},"inLanguage":"es","potentialAction":[{"@type":"ReadAction","target":["https:\/\/www.satlabgeo.com\/product\/satlab-geobiz-solutions-2-0\/"]}]},{"@type":"BreadcrumbList","@id":"https:\/\/www.satlabgeo.com\/product\/satlab-geobiz-solutions-2-0\/#breadcrumb","itemListElement":[{"@type":"ListItem","position":1,"name":"Home","item":"https:\/\/www.satlabgeo.com\/"},{"@type":"ListItem","position":2,"name":"Products","item":"https:\/\/www.satlabgeo.com\/products\/"},{"@type":"ListItem","position":3,"name":"SGS 2.0 Post-processing Software"}]},{"@type":"WebSite","@id":"https:\/\/www.satlabgeo.com\/#website","url":"https:\/\/www.satlabgeo.com\/","name":"Global Satellite Positioning Solutions | SatLab Geosolutions AB","description":"","publisher":{"@id":"https:\/\/www.satlabgeo.com\/#organization"},"potentialAction":[{"@type":"SearchAction","target":{"@type":"EntryPoint","urlTemplate":"https:\/\/www.satlabgeo.com\/?s={search_term_string}"},"query-input":"required name=search_term_string"}],"inLanguage":"es"},{"@type":"Organization","@id":"https:\/\/www.satlabgeo.com\/#organization","name":"Global Satellite Positioning Solutions | SatLab Geosolutions AB","url":"https:\/\/www.satlabgeo.com\/","sameAs":[],"logo":{"@type":"ImageObject","inLanguage":"es","@id":"https:\/\/www.satlabgeo.com\/#\/schema\/logo\/image\/","url":"https:\/\/www.satlabgeo.com\/wp-content\/uploads\/2025\/08\/satlab-logo.webp","contentUrl":"https:\/\/www.satlabgeo.com\/wp-content\/uploads\/2025\/08\/satlab-logo.webp","width":191,"height":48,"caption":"Global Satellite Positioning Solutions | SatLab Geosolutions AB"},"image":{"@id":"https:\/\/www.satlabgeo.com\/#\/schema\/logo\/image\/"}}]}},"_links":{"self":[{"href":"https:\/\/www.satlabgeo.com\/es\/wp-json\/wp\/v2\/product\/1739"}],"collection":[{"href":"https:\/\/www.satlabgeo.com\/es\/wp-json\/wp\/v2\/product"}],"about":[{"href":"https:\/\/www.satlabgeo.com\/es\/wp-json\/wp\/v2\/types\/product"}],"replies":[{"embeddable":true,"href":"https:\/\/www.satlabgeo.com\/es\/wp-json\/wp\/v2\/comments?post=1739"}],"version-history":[{"count":1,"href":"https:\/\/www.satlabgeo.com\/es\/wp-json\/wp\/v2\/product\/1739\/revisions"}],"predecessor-version":[{"id":2654,"href":"https:\/\/www.satlabgeo.com\/es\/wp-json\/wp\/v2\/product\/1739\/revisions\/2654"}],"wp:featuredmedia":[{"embeddable":true,"href":"https:\/\/www.satlabgeo.com\/es\/wp-json\/wp\/v2\/media\/1749"}],"wp:attachment":[{"href":"https:\/\/www.satlabgeo.com\/es\/wp-json\/wp\/v2\/media?parent=1739"}],"wp:term":[{"taxonomy":"product_cat","embeddable":true,"href":"https:\/\/www.satlabgeo.com\/es\/wp-json\/wp\/v2\/product_cat?post=1739"},{"taxonomy":"product_tag","embeddable":true,"href":"https:\/\/www.satlabgeo.com\/es\/wp-json\/wp\/v2\/product_tag?post=1739"}],"curies":[{"name":"wp","href":"https:\/\/api.w.org\/{rel}","templated":true}]}}