{"id":1637,"date":"2024-05-10T07:31:20","date_gmt":"2024-05-10T07:31:20","guid":{"rendered":"https:\/\/www.satlabgeo.com\/?post_type=product&#038;p=1637"},"modified":"2025-11-27T02:33:30","modified_gmt":"2025-11-27T02:33:30","slug":"hydroboat-1500-usv","status":"publish","type":"product","link":"https:\/\/www.satlabgeo.com\/es\/product\/hydroboat-1500-usv\/","title":{"rendered":"Barco USV HydroBoat 1500"},"content":{"rendered":"<p><img decoding=\"async\" src=\"https:\/\/www.satlabgeo.com\/wp-content\/uploads\/2024\/05\/Hydroboat-1500-Youtube-2048x1152-1.jpg\" alt=\"USV inteligente\" \/><\/p>\n<h3 title=\"USV inteligente\">Capacidad de carga \u00fatil excepcional<\/h3>\n<p>Tiene capacidad para hasta 60 kg de cargas \u00fatiles con un dise\u00f1o pasacasco para adaptarse a diversas tareas de topograf\u00eda.<\/p>\n<h3 title=\"buques de investigaci\u00f3n no tripulados\">Control intuitivo de Android<\/h3>\n<p>Simplifique las operaciones con el software USV SLHydro f\u00e1cil de usar, que incluye funciones de planificaci\u00f3n de rutas, control de la embarcaci\u00f3n y monitoreo del estado.<\/p>\n<h3 title=\"buque aut\u00f3nomo\">Transmisi\u00f3n de rango ilimitado<\/h3>\n<p>Experimente el control y la comunicaci\u00f3n de doble canal 4G y 2.4G para un alcance ilimitado y recopilaci\u00f3n de datos en tiempo real, incluso desde la oficina.<\/p>\n<h3>Seguridad sin concesiones<\/h3>\n<p>Navegue con confianza gracias a una c\u00e1mara omnidireccional de 360\u00b0, un radar de ondas milim\u00e9tricas, un casco antihundimiento de doble capa y capacidades de vuelo estacionario en aguas poco profundas.<\/p>\n<div style=\"text-align: center, max-width: 640px; margin: 0 auto;\"><video width=\"300\" height=\"150\" class=\"wp-video-shortcode\" preload=\"metadata\" controls=\"controls\"><source type=\"video\/youtube\" src=\"https:\/\/youtu.be\/8KzI6mkGlLE\" \/><\/video><\/div>","protected":false},"excerpt":{"rendered":"<p>El HydroBoat 1500 es un USV vers\u00e1til e inteligente dise\u00f1ado para levantamientos topogr\u00e1ficos submarinos de lagos, r\u00edos y embalses. Incorpora el sistema de ecosonda multihaz port\u00e1til HydroBeam M4. Equipado con un receptor GNSS de alta precisi\u00f3n y una unidad de medici\u00f3n de posici\u00f3n y orientaci\u00f3n (IMU), el HydroBoat 1500 garantiza una precisi\u00f3n subm\u00e9trica incluso con interferencias de sat\u00e9lite. Cuenta con un casco ligero y robusto con certificaci\u00f3n de impermeabilidad IP67, as\u00ed como cuatro potentes propulsores laterales que mejoran su movilidad y flexibilidad, permiti\u00e9ndole adaptarse f\u00e1cilmente a diversos entornos acu\u00e1ticos y realizar levantamientos de terreno submarinos de forma eficiente.<\/p>","protected":false},"featured_media":1782,"comment_status":"open","ping_status":"closed","template":"","meta":{"_links_to":"","_links_to_target":""},"product_cat":[73],"product_tag":[],"yoast_head":"<!-- This site is optimized with the Yoast SEO plugin v19.8 - https:\/\/yoast.com\/wordpress\/plugins\/seo\/ -->\n<title>HydroBoat 1500 USV | SatLab<\/title>\n<meta name=\"description\" content=\"HydroBoat 1500 is a versatile, intelligent USV designed for underwater topographic surveys of lakes, reservoirs by carrying the HydroBeam M4 Portable MEBS.\" \/>\n<meta name=\"robots\" content=\"index, follow, max-snippet:-1, max-image-preview:large, max-video-preview:-1\" \/>\n<link rel=\"canonical\" href=\"https:\/\/www.satlabgeo.com\/es\/product\/hydroboat-1500-usv\/\" \/>\n<meta property=\"og:locale\" content=\"es_ES\" \/>\n<meta property=\"og:type\" content=\"article\" \/>\n<meta property=\"og:title\" content=\"HydroBoat 1500 USV | SatLab\" \/>\n<meta property=\"og:description\" content=\"HydroBoat 1500 is a versatile, intelligent USV designed for underwater topographic surveys of lakes, reservoirs by carrying the HydroBeam M4 Portable MEBS.\" \/>\n<meta property=\"og:url\" content=\"https:\/\/www.satlabgeo.com\/es\/product\/hydroboat-1500-usv\/\" \/>\n<meta property=\"og:site_name\" content=\"Global Satellite Positioning Solutions | SatLab Geosolutions AB\" \/>\n<meta property=\"article:modified_time\" content=\"2025-11-27T02:33:30+00:00\" \/>\n<meta property=\"og:image\" content=\"https:\/\/www.satlabgeo.com\/wp-content\/uploads\/2024\/05\/1.6.png\" \/>\n\t<meta property=\"og:image:width\" content=\"300\" \/>\n\t<meta property=\"og:image:height\" content=\"229\" \/>\n\t<meta property=\"og:image:type\" content=\"image\/png\" \/>\n<meta name=\"twitter:card\" content=\"summary_large_image\" \/>\n<meta name=\"twitter:label1\" content=\"Tiempo de lectura\" \/>\n\t<meta name=\"twitter:data1\" content=\"1 minuto\" \/>\n<script type=\"application\/ld+json\" class=\"yoast-schema-graph\">{\"@context\":\"https:\/\/schema.org\",\"@graph\":[{\"@type\":\"WebPage\",\"@id\":\"https:\/\/www.satlabgeo.com\/product\/hydroboat-1500-usv\/\",\"url\":\"https:\/\/www.satlabgeo.com\/product\/hydroboat-1500-usv\/\",\"name\":\"HydroBoat 1500 USV | SatLab\",\"isPartOf\":{\"@id\":\"https:\/\/www.satlabgeo.com\/#website\"},\"datePublished\":\"2024-05-10T07:31:20+00:00\",\"dateModified\":\"2025-11-27T02:33:30+00:00\",\"description\":\"HydroBoat 1500 is a versatile, intelligent USV designed for underwater topographic surveys of lakes, reservoirs by carrying the HydroBeam M4 Portable MEBS.\",\"breadcrumb\":{\"@id\":\"https:\/\/www.satlabgeo.com\/product\/hydroboat-1500-usv\/#breadcrumb\"},\"inLanguage\":\"es\",\"potentialAction\":[{\"@type\":\"ReadAction\",\"target\":[\"https:\/\/www.satlabgeo.com\/product\/hydroboat-1500-usv\/\"]}]},{\"@type\":\"BreadcrumbList\",\"@id\":\"https:\/\/www.satlabgeo.com\/product\/hydroboat-1500-usv\/#breadcrumb\",\"itemListElement\":[{\"@type\":\"ListItem\",\"position\":1,\"name\":\"Home\",\"item\":\"https:\/\/www.satlabgeo.com\/\"},{\"@type\":\"ListItem\",\"position\":2,\"name\":\"Products\",\"item\":\"https:\/\/www.satlabgeo.com\/products\/\"},{\"@type\":\"ListItem\",\"position\":3,\"name\":\"HydroBoat 1500 USV\"}]},{\"@type\":\"WebSite\",\"@id\":\"https:\/\/www.satlabgeo.com\/#website\",\"url\":\"https:\/\/www.satlabgeo.com\/\",\"name\":\"Global Satellite Positioning Solutions | SatLab Geosolutions AB\",\"description\":\"\",\"publisher\":{\"@id\":\"https:\/\/www.satlabgeo.com\/#organization\"},\"potentialAction\":[{\"@type\":\"SearchAction\",\"target\":{\"@type\":\"EntryPoint\",\"urlTemplate\":\"https:\/\/www.satlabgeo.com\/?s={search_term_string}\"},\"query-input\":\"required name=search_term_string\"}],\"inLanguage\":\"es\"},{\"@type\":\"Organization\",\"@id\":\"https:\/\/www.satlabgeo.com\/#organization\",\"name\":\"Global Satellite Positioning Solutions | SatLab Geosolutions AB\",\"url\":\"https:\/\/www.satlabgeo.com\/\",\"sameAs\":[],\"logo\":{\"@type\":\"ImageObject\",\"inLanguage\":\"es\",\"@id\":\"https:\/\/www.satlabgeo.com\/#\/schema\/logo\/image\/\",\"url\":\"https:\/\/www.satlabgeo.com\/wp-content\/uploads\/2025\/08\/satlab-logo.webp\",\"contentUrl\":\"https:\/\/www.satlabgeo.com\/wp-content\/uploads\/2025\/08\/satlab-logo.webp\",\"width\":191,\"height\":48,\"caption\":\"Global Satellite Positioning Solutions | SatLab Geosolutions AB\"},\"image\":{\"@id\":\"https:\/\/www.satlabgeo.com\/#\/schema\/logo\/image\/\"}}]}<\/script>\n<!-- \/ Yoast SEO plugin. -->","yoast_head_json":{"title":"HydroBoat 1500 USV | SatLab","description":"HydroBoat 1500 is a versatile, intelligent USV designed for underwater topographic surveys of lakes, reservoirs by carrying the HydroBeam M4 Portable MEBS.","robots":{"index":"index","follow":"follow","max-snippet":"max-snippet:-1","max-image-preview":"max-image-preview:large","max-video-preview":"max-video-preview:-1"},"canonical":"https:\/\/www.satlabgeo.com\/es\/product\/hydroboat-1500-usv\/","og_locale":"es_ES","og_type":"article","og_title":"HydroBoat 1500 USV | SatLab","og_description":"HydroBoat 1500 is a versatile, intelligent USV designed for underwater topographic surveys of lakes, reservoirs by carrying the HydroBeam M4 Portable MEBS.","og_url":"https:\/\/www.satlabgeo.com\/es\/product\/hydroboat-1500-usv\/","og_site_name":"Global Satellite Positioning Solutions | SatLab Geosolutions AB","article_modified_time":"2025-11-27T02:33:30+00:00","og_image":[{"width":300,"height":229,"url":"https:\/\/www.satlabgeo.com\/wp-content\/uploads\/2024\/05\/1.6.png","type":"image\/png"}],"twitter_card":"summary_large_image","twitter_misc":{"Tiempo de lectura":"1 minuto"},"schema":{"@context":"https:\/\/schema.org","@graph":[{"@type":"WebPage","@id":"https:\/\/www.satlabgeo.com\/product\/hydroboat-1500-usv\/","url":"https:\/\/www.satlabgeo.com\/product\/hydroboat-1500-usv\/","name":"HydroBoat 1500 USV | SatLab","isPartOf":{"@id":"https:\/\/www.satlabgeo.com\/#website"},"datePublished":"2024-05-10T07:31:20+00:00","dateModified":"2025-11-27T02:33:30+00:00","description":"HydroBoat 1500 is a versatile, intelligent USV designed for underwater topographic surveys of lakes, reservoirs by carrying the HydroBeam M4 Portable MEBS.","breadcrumb":{"@id":"https:\/\/www.satlabgeo.com\/product\/hydroboat-1500-usv\/#breadcrumb"},"inLanguage":"es","potentialAction":[{"@type":"ReadAction","target":["https:\/\/www.satlabgeo.com\/product\/hydroboat-1500-usv\/"]}]},{"@type":"BreadcrumbList","@id":"https:\/\/www.satlabgeo.com\/product\/hydroboat-1500-usv\/#breadcrumb","itemListElement":[{"@type":"ListItem","position":1,"name":"Home","item":"https:\/\/www.satlabgeo.com\/"},{"@type":"ListItem","position":2,"name":"Products","item":"https:\/\/www.satlabgeo.com\/products\/"},{"@type":"ListItem","position":3,"name":"HydroBoat 1500 USV"}]},{"@type":"WebSite","@id":"https:\/\/www.satlabgeo.com\/#website","url":"https:\/\/www.satlabgeo.com\/","name":"Global Satellite Positioning Solutions | SatLab Geosolutions AB","description":"","publisher":{"@id":"https:\/\/www.satlabgeo.com\/#organization"},"potentialAction":[{"@type":"SearchAction","target":{"@type":"EntryPoint","urlTemplate":"https:\/\/www.satlabgeo.com\/?s={search_term_string}"},"query-input":"required name=search_term_string"}],"inLanguage":"es"},{"@type":"Organization","@id":"https:\/\/www.satlabgeo.com\/#organization","name":"Global Satellite Positioning Solutions | SatLab Geosolutions AB","url":"https:\/\/www.satlabgeo.com\/","sameAs":[],"logo":{"@type":"ImageObject","inLanguage":"es","@id":"https:\/\/www.satlabgeo.com\/#\/schema\/logo\/image\/","url":"https:\/\/www.satlabgeo.com\/wp-content\/uploads\/2025\/08\/satlab-logo.webp","contentUrl":"https:\/\/www.satlabgeo.com\/wp-content\/uploads\/2025\/08\/satlab-logo.webp","width":191,"height":48,"caption":"Global Satellite Positioning Solutions | SatLab Geosolutions AB"},"image":{"@id":"https:\/\/www.satlabgeo.com\/#\/schema\/logo\/image\/"}}]}},"_links":{"self":[{"href":"https:\/\/www.satlabgeo.com\/es\/wp-json\/wp\/v2\/product\/1637"}],"collection":[{"href":"https:\/\/www.satlabgeo.com\/es\/wp-json\/wp\/v2\/product"}],"about":[{"href":"https:\/\/www.satlabgeo.com\/es\/wp-json\/wp\/v2\/types\/product"}],"replies":[{"embeddable":true,"href":"https:\/\/www.satlabgeo.com\/es\/wp-json\/wp\/v2\/comments?post=1637"}],"version-history":[{"count":10,"href":"https:\/\/www.satlabgeo.com\/es\/wp-json\/wp\/v2\/product\/1637\/revisions"}],"predecessor-version":[{"id":3207,"href":"https:\/\/www.satlabgeo.com\/es\/wp-json\/wp\/v2\/product\/1637\/revisions\/3207"}],"wp:featuredmedia":[{"embeddable":true,"href":"https:\/\/www.satlabgeo.com\/es\/wp-json\/wp\/v2\/media\/1782"}],"wp:attachment":[{"href":"https:\/\/www.satlabgeo.com\/es\/wp-json\/wp\/v2\/media?parent=1637"}],"wp:term":[{"taxonomy":"product_cat","embeddable":true,"href":"https:\/\/www.satlabgeo.com\/es\/wp-json\/wp\/v2\/product_cat?post=1637"},{"taxonomy":"product_tag","embeddable":true,"href":"https:\/\/www.satlabgeo.com\/es\/wp-json\/wp\/v2\/product_tag?post=1637"}],"curies":[{"name":"wp","href":"https:\/\/api.w.org\/{rel}","templated":true}]}}