{"id":131,"date":"2022-01-31T13:45:29","date_gmt":"2022-01-31T13:45:29","guid":{"rendered":"https:\/\/www.satlabgeo.com\/?post_type=product&#038;p=131"},"modified":"2024-06-21T07:10:57","modified_gmt":"2024-06-21T07:10:57","slug":"slc-gnss-receiver","status":"publish","type":"product","link":"https:\/\/www.satlabgeo.com\/es\/product\/slc-gnss-receiver\/","title":{"rendered":"Receptor GNSS SLC"},"content":{"rendered":"<h3>Soluci\u00f3n multiprop\u00f3sito de alta precisi\u00f3n<\/h3>\n<p>Con una pr\u00e1ctica antena interna de seguimiento de constelaci\u00f3n completa de doble frecuencia, el receptor GNSS multiprop\u00f3sito SLC es capaz de obtener datos precisos para cualquier tipo de aplicaci\u00f3n sobre el terreno. Cualquier software con Windows, Android o iOS que acepte la posici\u00f3n GNSS a trav\u00e9s de un puerto serie es compatible con el SLC, lo que lo convierte en una soluci\u00f3n de posicionamiento de alta precisi\u00f3n para un n\u00famero pr\u00e1cticamente ilimitado de aplicaciones.<\/p>\n<h3>Eficiente y confiable<\/h3>\n<p>Equipado con el motor GNSS NovAtel OEM719, este receptor ofrece un posicionamiento preciso y una mitigaci\u00f3n avanzada de interferencias, incluso en los entornos m\u00e1s remotos o dif\u00edciles. Gracias a sus 555 canales de seguimiento, puede rastrear todas las se\u00f1ales actuales y futuras, ofreciendo un posicionamiento con precisi\u00f3n de submetros a cent\u00edmetros.<\/p>\n<figure><img decoding=\"async\" loading=\"lazy\" width=\"1043\" height=\"437\" src=\"https:\/\/www.satlabgeo.com\/wp-content\/uploads\/2022\/01\/product-info-photo.jpg\" alt=\"\" class=\"alignnone size-medium wp-image-132\" srcset=\"https:\/\/www.satlabgeo.com\/wp-content\/uploads\/2022\/01\/product-info-photo.jpg 1043w, https:\/\/www.satlabgeo.com\/wp-content\/uploads\/2022\/01\/product-info-photo-600x251.jpg 600w, https:\/\/www.satlabgeo.com\/wp-content\/uploads\/2022\/01\/product-info-photo-300x126.jpg 300w, https:\/\/www.satlabgeo.com\/wp-content\/uploads\/2022\/01\/product-info-photo-1024x429.jpg 1024w, https:\/\/www.satlabgeo.com\/wp-content\/uploads\/2022\/01\/product-info-photo-768x322.jpg 768w\" sizes=\"(max-width: 1043px) 100vw, 1043px\" \/><\/figure>\n<h3>Servicio de Correcci\u00f3n Satelital<\/h3>\n<p>El SLC cuenta con la capacidad de TerraStar para generar informaci\u00f3n de alta precisi\u00f3n sobre la \u00f3rbita, el reloj, los sesgos y otros par\u00e1metros del sistema de los sat\u00e9lites GNSS mediante una red global de estaciones de referencia multi-GNSS y algoritmos avanzados. Estos datos permiten a TerraStar proporcionar servicios de correcci\u00f3n con precisi\u00f3n de posicionamiento subm\u00e9trica o centim\u00e9trica al receptor del SLC. Reciba sus correcciones transmitidas en tiempo real, con m\u00ednima latencia, a trav\u00e9s de sat\u00e9lites de todo el mundo.<\/p>","protected":false},"excerpt":{"rendered":"<p>SatLab SLC es un receptor GNSS multiprop\u00f3sito, equipado con un m\u00f3dem industrial para acceder a la red inal\u00e1mbrica y un receptor GNSS RTK operado con un solo bot\u00f3n para facilitar su uso. Conecte su tableta a las placas de montaje disponibles y al m\u00f3dem 3.5G. <strong><span style=\"color: #909090;\">Sistema global de navegaci\u00f3n por sat\u00e9lite (GNSS) <a href=\"https:\/\/www.satlabgeo.com\/es\/product_category\/gnss\/\" style=\"color: #909090;\">RTK <\/a>receptor<\/span>\u00a0<\/strong>Correcciones para precisi\u00f3n en cm. La conexi\u00f3n serie USB\/RS232 tambi\u00e9n permite la conexi\u00f3n por radio UHF o por cable a la pantalla.<\/p>","protected":false},"featured_media":350,"comment_status":"open","ping_status":"closed","template":"","meta":{"_links_to":"","_links_to_target":""},"product_cat":[26],"product_tag":[],"yoast_head":"<!-- This site is optimized with the Yoast SEO plugin v19.8 - https:\/\/yoast.com\/wordpress\/plugins\/seo\/ -->\n<title>SLC GNSS Receiver | Global Satellite Positioning Solutions | SatLab Geosolutions AB<\/title>\n<meta name=\"robots\" content=\"index, follow, max-snippet:-1, max-image-preview:large, max-video-preview:-1\" \/>\n<link rel=\"canonical\" href=\"https:\/\/www.satlabgeo.com\/es\/product\/slc-gnss-receiver\/\" \/>\n<meta property=\"og:locale\" content=\"es_ES\" \/>\n<meta property=\"og:type\" content=\"article\" \/>\n<meta property=\"og:title\" content=\"SLC GNSS Receiver | Global Satellite Positioning Solutions | SatLab Geosolutions AB\" \/>\n<meta property=\"og:description\" content=\"SatLab SLC is a multi-purpose GNSS receiver, armed with an industrial modem to access the wireless network and a one-button operation of rtk gnss receiver for easy usage. Attach your tablet to the mounting plates available and connect it to the 3.5G modem, with GNSS RTK receiver\u00a0corrections for cm accuracy. The USB\/RS232 serial connection also allows for UHF radio connection or wired connection to the display.\" \/>\n<meta property=\"og:url\" content=\"https:\/\/www.satlabgeo.com\/es\/product\/slc-gnss-receiver\/\" \/>\n<meta property=\"og:site_name\" content=\"Global Satellite Positioning Solutions | SatLab Geosolutions AB\" \/>\n<meta property=\"article:modified_time\" content=\"2024-06-21T07:10:57+00:00\" \/>\n<meta property=\"og:image\" content=\"https:\/\/www.satlabgeo.com\/wp-content\/uploads\/2022\/01\/SLC-04.png\" \/>\n\t<meta property=\"og:image:width\" content=\"248\" \/>\n\t<meta property=\"og:image:height\" content=\"235\" \/>\n\t<meta property=\"og:image:type\" content=\"image\/png\" \/>\n<meta name=\"twitter:card\" content=\"summary_large_image\" \/>\n<meta name=\"twitter:label1\" content=\"Tiempo de lectura\" \/>\n\t<meta name=\"twitter:data1\" content=\"1 minuto\" \/>\n<script type=\"application\/ld+json\" class=\"yoast-schema-graph\">{\"@context\":\"https:\/\/schema.org\",\"@graph\":[{\"@type\":\"WebPage\",\"@id\":\"https:\/\/www.satlabgeo.com\/product\/slc-gnss-receiver\/\",\"url\":\"https:\/\/www.satlabgeo.com\/product\/slc-gnss-receiver\/\",\"name\":\"SLC GNSS Receiver | Global Satellite Positioning Solutions | SatLab Geosolutions AB\",\"isPartOf\":{\"@id\":\"https:\/\/www.satlabgeo.com\/#website\"},\"datePublished\":\"2022-01-31T13:45:29+00:00\",\"dateModified\":\"2024-06-21T07:10:57+00:00\",\"breadcrumb\":{\"@id\":\"https:\/\/www.satlabgeo.com\/product\/slc-gnss-receiver\/#breadcrumb\"},\"inLanguage\":\"es\",\"potentialAction\":[{\"@type\":\"ReadAction\",\"target\":[\"https:\/\/www.satlabgeo.com\/product\/slc-gnss-receiver\/\"]}]},{\"@type\":\"BreadcrumbList\",\"@id\":\"https:\/\/www.satlabgeo.com\/product\/slc-gnss-receiver\/#breadcrumb\",\"itemListElement\":[{\"@type\":\"ListItem\",\"position\":1,\"name\":\"Home\",\"item\":\"https:\/\/www.satlabgeo.com\/\"},{\"@type\":\"ListItem\",\"position\":2,\"name\":\"Products\",\"item\":\"https:\/\/www.satlabgeo.com\/products\/\"},{\"@type\":\"ListItem\",\"position\":3,\"name\":\"SLC GNSS Receiver\"}]},{\"@type\":\"WebSite\",\"@id\":\"https:\/\/www.satlabgeo.com\/#website\",\"url\":\"https:\/\/www.satlabgeo.com\/\",\"name\":\"Global Satellite Positioning Solutions | SatLab Geosolutions AB\",\"description\":\"\",\"publisher\":{\"@id\":\"https:\/\/www.satlabgeo.com\/#organization\"},\"potentialAction\":[{\"@type\":\"SearchAction\",\"target\":{\"@type\":\"EntryPoint\",\"urlTemplate\":\"https:\/\/www.satlabgeo.com\/?s={search_term_string}\"},\"query-input\":\"required name=search_term_string\"}],\"inLanguage\":\"es\"},{\"@type\":\"Organization\",\"@id\":\"https:\/\/www.satlabgeo.com\/#organization\",\"name\":\"Global Satellite Positioning Solutions | SatLab Geosolutions AB\",\"url\":\"https:\/\/www.satlabgeo.com\/\",\"sameAs\":[],\"logo\":{\"@type\":\"ImageObject\",\"inLanguage\":\"es\",\"@id\":\"https:\/\/www.satlabgeo.com\/#\/schema\/logo\/image\/\",\"url\":\"https:\/\/www.satlabgeo.com\/wp-content\/uploads\/2025\/08\/satlab-logo.webp\",\"contentUrl\":\"https:\/\/www.satlabgeo.com\/wp-content\/uploads\/2025\/08\/satlab-logo.webp\",\"width\":191,\"height\":48,\"caption\":\"Global Satellite Positioning Solutions | SatLab Geosolutions AB\"},\"image\":{\"@id\":\"https:\/\/www.satlabgeo.com\/#\/schema\/logo\/image\/\"}}]}<\/script>\n<!-- \/ Yoast SEO plugin. -->","yoast_head_json":{"title":"SLC GNSS Receiver | Global Satellite Positioning Solutions | SatLab Geosolutions AB","robots":{"index":"index","follow":"follow","max-snippet":"max-snippet:-1","max-image-preview":"max-image-preview:large","max-video-preview":"max-video-preview:-1"},"canonical":"https:\/\/www.satlabgeo.com\/es\/product\/slc-gnss-receiver\/","og_locale":"es_ES","og_type":"article","og_title":"SLC GNSS Receiver | Global Satellite Positioning Solutions | SatLab Geosolutions AB","og_description":"SatLab SLC is a multi-purpose GNSS receiver, armed with an industrial modem to access the wireless network and a one-button operation of rtk gnss receiver for easy usage. Attach your tablet to the mounting plates available and connect it to the 3.5G modem, with GNSS RTK receiver\u00a0corrections for cm accuracy. The USB\/RS232 serial connection also allows for UHF radio connection or wired connection to the display.","og_url":"https:\/\/www.satlabgeo.com\/es\/product\/slc-gnss-receiver\/","og_site_name":"Global Satellite Positioning Solutions | SatLab Geosolutions AB","article_modified_time":"2024-06-21T07:10:57+00:00","og_image":[{"width":248,"height":235,"url":"https:\/\/www.satlabgeo.com\/wp-content\/uploads\/2022\/01\/SLC-04.png","type":"image\/png"}],"twitter_card":"summary_large_image","twitter_misc":{"Tiempo de lectura":"1 minuto"},"schema":{"@context":"https:\/\/schema.org","@graph":[{"@type":"WebPage","@id":"https:\/\/www.satlabgeo.com\/product\/slc-gnss-receiver\/","url":"https:\/\/www.satlabgeo.com\/product\/slc-gnss-receiver\/","name":"SLC GNSS Receiver | Global Satellite Positioning Solutions | SatLab Geosolutions AB","isPartOf":{"@id":"https:\/\/www.satlabgeo.com\/#website"},"datePublished":"2022-01-31T13:45:29+00:00","dateModified":"2024-06-21T07:10:57+00:00","breadcrumb":{"@id":"https:\/\/www.satlabgeo.com\/product\/slc-gnss-receiver\/#breadcrumb"},"inLanguage":"es","potentialAction":[{"@type":"ReadAction","target":["https:\/\/www.satlabgeo.com\/product\/slc-gnss-receiver\/"]}]},{"@type":"BreadcrumbList","@id":"https:\/\/www.satlabgeo.com\/product\/slc-gnss-receiver\/#breadcrumb","itemListElement":[{"@type":"ListItem","position":1,"name":"Home","item":"https:\/\/www.satlabgeo.com\/"},{"@type":"ListItem","position":2,"name":"Products","item":"https:\/\/www.satlabgeo.com\/products\/"},{"@type":"ListItem","position":3,"name":"SLC GNSS Receiver"}]},{"@type":"WebSite","@id":"https:\/\/www.satlabgeo.com\/#website","url":"https:\/\/www.satlabgeo.com\/","name":"Global Satellite Positioning Solutions | SatLab Geosolutions AB","description":"","publisher":{"@id":"https:\/\/www.satlabgeo.com\/#organization"},"potentialAction":[{"@type":"SearchAction","target":{"@type":"EntryPoint","urlTemplate":"https:\/\/www.satlabgeo.com\/?s={search_term_string}"},"query-input":"required name=search_term_string"}],"inLanguage":"es"},{"@type":"Organization","@id":"https:\/\/www.satlabgeo.com\/#organization","name":"Global Satellite Positioning Solutions | SatLab Geosolutions AB","url":"https:\/\/www.satlabgeo.com\/","sameAs":[],"logo":{"@type":"ImageObject","inLanguage":"es","@id":"https:\/\/www.satlabgeo.com\/#\/schema\/logo\/image\/","url":"https:\/\/www.satlabgeo.com\/wp-content\/uploads\/2025\/08\/satlab-logo.webp","contentUrl":"https:\/\/www.satlabgeo.com\/wp-content\/uploads\/2025\/08\/satlab-logo.webp","width":191,"height":48,"caption":"Global Satellite Positioning Solutions | SatLab Geosolutions AB"},"image":{"@id":"https:\/\/www.satlabgeo.com\/#\/schema\/logo\/image\/"}}]}},"_links":{"self":[{"href":"https:\/\/www.satlabgeo.com\/es\/wp-json\/wp\/v2\/product\/131"}],"collection":[{"href":"https:\/\/www.satlabgeo.com\/es\/wp-json\/wp\/v2\/product"}],"about":[{"href":"https:\/\/www.satlabgeo.com\/es\/wp-json\/wp\/v2\/types\/product"}],"replies":[{"embeddable":true,"href":"https:\/\/www.satlabgeo.com\/es\/wp-json\/wp\/v2\/comments?post=131"}],"version-history":[{"count":1,"href":"https:\/\/www.satlabgeo.com\/es\/wp-json\/wp\/v2\/product\/131\/revisions"}],"predecessor-version":[{"id":349,"href":"https:\/\/www.satlabgeo.com\/es\/wp-json\/wp\/v2\/product\/131\/revisions\/349"}],"wp:featuredmedia":[{"embeddable":true,"href":"https:\/\/www.satlabgeo.com\/es\/wp-json\/wp\/v2\/media\/350"}],"wp:attachment":[{"href":"https:\/\/www.satlabgeo.com\/es\/wp-json\/wp\/v2\/media?parent=131"}],"wp:term":[{"taxonomy":"product_cat","embeddable":true,"href":"https:\/\/www.satlabgeo.com\/es\/wp-json\/wp\/v2\/product_cat?post=131"},{"taxonomy":"product_tag","embeddable":true,"href":"https:\/\/www.satlabgeo.com\/es\/wp-json\/wp\/v2\/product_tag?post=131"}],"curies":[{"name":"wp","href":"https:\/\/api.w.org\/{rel}","templated":true}]}}