{"id":1277,"date":"2023-10-10T08:00:08","date_gmt":"2023-10-10T08:00:08","guid":{"rendered":"https:\/\/www.satlabgeo.com\/?post_type=product&#038;p=1277"},"modified":"2025-04-23T08:59:55","modified_gmt":"2025-04-23T08:59:55","slug":"hydrobeam-m4-multi-beam-echo-sounder","status":"publish","type":"product","link":"https:\/\/www.satlabgeo.com\/es\/product\/hydrobeam-m4-multi-beam-echo-sounder\/","title":{"rendered":"Ecosonda multihaz HydroBeam M4"},"content":{"rendered":"<div class=\"landscape\"><a href=\"https:\/\/www.satlabgeo.com\/es\/contact-us\/\"><img decoding=\"async\" src=\"https:\/\/www.satlabgeo.com\/wp-content\/uploads\/2023\/10\/M4-FB-851x315-1.jpg\" alt=\"Ecosonda multihaz M4\" class=\"aligncenter\" \/><\/a><\/div>\n<p>&nbsp;<\/p>\n<h4>Compatibilidad diversa<\/h4>\n<p>La forma cil\u00edndrica compacta de \u03a6228 mm y el dise\u00f1o liviano de 5,9 kg lo hacen f\u00e1cilmente compatible con varias plataformas no tripuladas y facilitan el transporte y la implementaci\u00f3n en diversos entornos.<\/p>\n<h4>Rendimiento confiable e integraci\u00f3n perfecta<\/h4>\n<p>Admite hasta 1024 haces de alta densidad con resoluciones de hasta 7,5 mm, lo que mantiene un alto rendimiento y precisi\u00f3n en diferentes tareas y condiciones. INS y SVS integrados en el transductor eliminan la compleja calibraci\u00f3n de actitud, simplifican la configuraci\u00f3n y reducen el tiempo de inactividad.<\/p>\n<h4>Alta eficiencia y operaci\u00f3n inteligente<\/h4>\n<p>Ancho de escaneo ajustable de 8\u00b0 a 150\u00b0 para una cobertura de profundidad de hasta 7,5x, lo que reduce las repeticiones de levantamientos y aumenta la eficiencia general. El software de levantamiento funcional e inteligente permite a los operadores supervisar el progreso del levantamiento, reduce la operaci\u00f3n manual y admite el acceso a Kongsberg, R2sonic, Reson y otros dispositivos.<\/p>","protected":false},"excerpt":{"rendered":"<p>El HydroBeam M4 es un ingenioso y compacto sistema batim\u00e9trico multihaz port\u00e1til, creado por SatLab. Ofrece una precisi\u00f3n excepcional sin necesidad de calibraci\u00f3n frecuente, lo que lo convierte en la opci\u00f3n ideal para operaciones ligeras.<\/p>\n<p>Su dise\u00f1o compacto, junto con sus funciones inteligentes y su transductor circular, lo hace f\u00e1cilmente implementable en diversas plataformas, incluyendo USV, AUV y ROV. Esta versatilidad permite a los usuarios realizar mediciones precisas y r\u00e1pidas en cualquier lugar y momento, liber\u00e1ndolos de las limitaciones de los sistemas multihaz tradicionales. Adem\u00e1s, garantiza la operaci\u00f3n confiable y estable de misiones no tripuladas en diversos entornos, desde lagos serenos y r\u00edos serpenteantes hasta puertos, terminales y v\u00edas fluviales complejas.<\/p>","protected":false},"featured_media":1281,"comment_status":"open","ping_status":"closed","template":"","meta":{"_links_to":"","_links_to_target":""},"product_cat":[73],"product_tag":[],"yoast_head":"<!-- This site is optimized with the Yoast SEO plugin v19.8 - https:\/\/yoast.com\/wordpress\/plugins\/seo\/ -->\n<title>HydroBeam M4 Multi-Beam Echo Sounder | SatLab<\/title>\n<meta name=\"description\" content=\"HydroBeam M4 Multi-Beam Echo Sounder is a portable multi-beam bathymetry system suitable for various rivers, lakes, and complex waterways.\" \/>\n<meta name=\"robots\" content=\"index, follow, max-snippet:-1, max-image-preview:large, max-video-preview:-1\" \/>\n<link rel=\"canonical\" href=\"https:\/\/www.satlabgeo.com\/es\/product\/hydrobeam-m4-multi-beam-echo-sounder\/\" \/>\n<meta property=\"og:locale\" content=\"es_ES\" \/>\n<meta property=\"og:type\" content=\"article\" \/>\n<meta property=\"og:title\" content=\"HydroBeam M4 Multi-Beam Echo Sounder | SatLab\" \/>\n<meta property=\"og:description\" content=\"HydroBeam M4 Multi-Beam Echo Sounder is a portable multi-beam bathymetry system suitable for various rivers, lakes, and complex waterways.\" \/>\n<meta property=\"og:url\" content=\"https:\/\/www.satlabgeo.com\/es\/product\/hydrobeam-m4-multi-beam-echo-sounder\/\" \/>\n<meta property=\"og:site_name\" content=\"Global Satellite Positioning Solutions | SatLab Geosolutions AB\" \/>\n<meta property=\"article:modified_time\" content=\"2025-04-23T08:59:55+00:00\" \/>\n<meta property=\"og:image\" content=\"https:\/\/www.satlabgeo.com\/wp-content\/uploads\/2023\/10\/M4800-800.png\" \/>\n\t<meta property=\"og:image:width\" content=\"800\" \/>\n\t<meta property=\"og:image:height\" content=\"800\" \/>\n\t<meta property=\"og:image:type\" content=\"image\/png\" \/>\n<meta name=\"twitter:card\" content=\"summary_large_image\" \/>\n<meta name=\"twitter:label1\" content=\"Tiempo de lectura\" \/>\n\t<meta name=\"twitter:data1\" content=\"1 minuto\" \/>\n<script type=\"application\/ld+json\" class=\"yoast-schema-graph\">{\"@context\":\"https:\/\/schema.org\",\"@graph\":[{\"@type\":\"WebPage\",\"@id\":\"https:\/\/www.satlabgeo.com\/product\/hydrobeam-m4-multi-beam-echo-sounder\/\",\"url\":\"https:\/\/www.satlabgeo.com\/product\/hydrobeam-m4-multi-beam-echo-sounder\/\",\"name\":\"HydroBeam M4 Multi-Beam Echo Sounder | SatLab\",\"isPartOf\":{\"@id\":\"https:\/\/www.satlabgeo.com\/#website\"},\"datePublished\":\"2023-10-10T08:00:08+00:00\",\"dateModified\":\"2025-04-23T08:59:55+00:00\",\"description\":\"HydroBeam M4 Multi-Beam Echo Sounder is a portable multi-beam bathymetry system suitable for various rivers, lakes, and complex waterways.\",\"breadcrumb\":{\"@id\":\"https:\/\/www.satlabgeo.com\/product\/hydrobeam-m4-multi-beam-echo-sounder\/#breadcrumb\"},\"inLanguage\":\"es\",\"potentialAction\":[{\"@type\":\"ReadAction\",\"target\":[\"https:\/\/www.satlabgeo.com\/product\/hydrobeam-m4-multi-beam-echo-sounder\/\"]}]},{\"@type\":\"BreadcrumbList\",\"@id\":\"https:\/\/www.satlabgeo.com\/product\/hydrobeam-m4-multi-beam-echo-sounder\/#breadcrumb\",\"itemListElement\":[{\"@type\":\"ListItem\",\"position\":1,\"name\":\"Home\",\"item\":\"https:\/\/www.satlabgeo.com\/\"},{\"@type\":\"ListItem\",\"position\":2,\"name\":\"Products\",\"item\":\"https:\/\/www.satlabgeo.com\/products\/\"},{\"@type\":\"ListItem\",\"position\":3,\"name\":\"HydroBeam M4 Multi-Beam Echo Sounder\"}]},{\"@type\":\"WebSite\",\"@id\":\"https:\/\/www.satlabgeo.com\/#website\",\"url\":\"https:\/\/www.satlabgeo.com\/\",\"name\":\"Global Satellite Positioning Solutions | SatLab Geosolutions AB\",\"description\":\"\",\"publisher\":{\"@id\":\"https:\/\/www.satlabgeo.com\/#organization\"},\"potentialAction\":[{\"@type\":\"SearchAction\",\"target\":{\"@type\":\"EntryPoint\",\"urlTemplate\":\"https:\/\/www.satlabgeo.com\/?s={search_term_string}\"},\"query-input\":\"required name=search_term_string\"}],\"inLanguage\":\"es\"},{\"@type\":\"Organization\",\"@id\":\"https:\/\/www.satlabgeo.com\/#organization\",\"name\":\"Global Satellite Positioning Solutions | SatLab Geosolutions AB\",\"url\":\"https:\/\/www.satlabgeo.com\/\",\"sameAs\":[],\"logo\":{\"@type\":\"ImageObject\",\"inLanguage\":\"es\",\"@id\":\"https:\/\/www.satlabgeo.com\/#\/schema\/logo\/image\/\",\"url\":\"https:\/\/www.satlabgeo.com\/wp-content\/uploads\/2025\/08\/satlab-logo.webp\",\"contentUrl\":\"https:\/\/www.satlabgeo.com\/wp-content\/uploads\/2025\/08\/satlab-logo.webp\",\"width\":191,\"height\":48,\"caption\":\"Global Satellite Positioning Solutions | SatLab Geosolutions AB\"},\"image\":{\"@id\":\"https:\/\/www.satlabgeo.com\/#\/schema\/logo\/image\/\"}}]}<\/script>\n<!-- \/ Yoast SEO plugin. -->","yoast_head_json":{"title":"HydroBeam M4 Multi-Beam Echo Sounder | SatLab","description":"HydroBeam M4 Multi-Beam Echo Sounder is a portable multi-beam bathymetry system suitable for various rivers, lakes, and complex waterways.","robots":{"index":"index","follow":"follow","max-snippet":"max-snippet:-1","max-image-preview":"max-image-preview:large","max-video-preview":"max-video-preview:-1"},"canonical":"https:\/\/www.satlabgeo.com\/es\/product\/hydrobeam-m4-multi-beam-echo-sounder\/","og_locale":"es_ES","og_type":"article","og_title":"HydroBeam M4 Multi-Beam Echo Sounder | SatLab","og_description":"HydroBeam M4 Multi-Beam Echo Sounder is a portable multi-beam bathymetry system suitable for various rivers, lakes, and complex waterways.","og_url":"https:\/\/www.satlabgeo.com\/es\/product\/hydrobeam-m4-multi-beam-echo-sounder\/","og_site_name":"Global Satellite Positioning Solutions | SatLab Geosolutions AB","article_modified_time":"2025-04-23T08:59:55+00:00","og_image":[{"width":800,"height":800,"url":"https:\/\/www.satlabgeo.com\/wp-content\/uploads\/2023\/10\/M4800-800.png","type":"image\/png"}],"twitter_card":"summary_large_image","twitter_misc":{"Tiempo de lectura":"1 minuto"},"schema":{"@context":"https:\/\/schema.org","@graph":[{"@type":"WebPage","@id":"https:\/\/www.satlabgeo.com\/product\/hydrobeam-m4-multi-beam-echo-sounder\/","url":"https:\/\/www.satlabgeo.com\/product\/hydrobeam-m4-multi-beam-echo-sounder\/","name":"HydroBeam M4 Multi-Beam Echo Sounder | SatLab","isPartOf":{"@id":"https:\/\/www.satlabgeo.com\/#website"},"datePublished":"2023-10-10T08:00:08+00:00","dateModified":"2025-04-23T08:59:55+00:00","description":"HydroBeam M4 Multi-Beam Echo Sounder is a portable multi-beam bathymetry system suitable for various rivers, lakes, and complex waterways.","breadcrumb":{"@id":"https:\/\/www.satlabgeo.com\/product\/hydrobeam-m4-multi-beam-echo-sounder\/#breadcrumb"},"inLanguage":"es","potentialAction":[{"@type":"ReadAction","target":["https:\/\/www.satlabgeo.com\/product\/hydrobeam-m4-multi-beam-echo-sounder\/"]}]},{"@type":"BreadcrumbList","@id":"https:\/\/www.satlabgeo.com\/product\/hydrobeam-m4-multi-beam-echo-sounder\/#breadcrumb","itemListElement":[{"@type":"ListItem","position":1,"name":"Home","item":"https:\/\/www.satlabgeo.com\/"},{"@type":"ListItem","position":2,"name":"Products","item":"https:\/\/www.satlabgeo.com\/products\/"},{"@type":"ListItem","position":3,"name":"HydroBeam M4 Multi-Beam Echo Sounder"}]},{"@type":"WebSite","@id":"https:\/\/www.satlabgeo.com\/#website","url":"https:\/\/www.satlabgeo.com\/","name":"Global Satellite Positioning Solutions | SatLab Geosolutions AB","description":"","publisher":{"@id":"https:\/\/www.satlabgeo.com\/#organization"},"potentialAction":[{"@type":"SearchAction","target":{"@type":"EntryPoint","urlTemplate":"https:\/\/www.satlabgeo.com\/?s={search_term_string}"},"query-input":"required name=search_term_string"}],"inLanguage":"es"},{"@type":"Organization","@id":"https:\/\/www.satlabgeo.com\/#organization","name":"Global Satellite Positioning Solutions | SatLab Geosolutions AB","url":"https:\/\/www.satlabgeo.com\/","sameAs":[],"logo":{"@type":"ImageObject","inLanguage":"es","@id":"https:\/\/www.satlabgeo.com\/#\/schema\/logo\/image\/","url":"https:\/\/www.satlabgeo.com\/wp-content\/uploads\/2025\/08\/satlab-logo.webp","contentUrl":"https:\/\/www.satlabgeo.com\/wp-content\/uploads\/2025\/08\/satlab-logo.webp","width":191,"height":48,"caption":"Global Satellite Positioning Solutions | SatLab Geosolutions AB"},"image":{"@id":"https:\/\/www.satlabgeo.com\/#\/schema\/logo\/image\/"}}]}},"_links":{"self":[{"href":"https:\/\/www.satlabgeo.com\/es\/wp-json\/wp\/v2\/product\/1277"}],"collection":[{"href":"https:\/\/www.satlabgeo.com\/es\/wp-json\/wp\/v2\/product"}],"about":[{"href":"https:\/\/www.satlabgeo.com\/es\/wp-json\/wp\/v2\/types\/product"}],"replies":[{"embeddable":true,"href":"https:\/\/www.satlabgeo.com\/es\/wp-json\/wp\/v2\/comments?post=1277"}],"version-history":[{"count":0,"href":"https:\/\/www.satlabgeo.com\/es\/wp-json\/wp\/v2\/product\/1277\/revisions"}],"wp:featuredmedia":[{"embeddable":true,"href":"https:\/\/www.satlabgeo.com\/es\/wp-json\/wp\/v2\/media\/1281"}],"wp:attachment":[{"href":"https:\/\/www.satlabgeo.com\/es\/wp-json\/wp\/v2\/media?parent=1277"}],"wp:term":[{"taxonomy":"product_cat","embeddable":true,"href":"https:\/\/www.satlabgeo.com\/es\/wp-json\/wp\/v2\/product_cat?post=1277"},{"taxonomy":"product_tag","embeddable":true,"href":"https:\/\/www.satlabgeo.com\/es\/wp-json\/wp\/v2\/product_tag?post=1277"}],"curies":[{"name":"wp","href":"https:\/\/api.w.org\/{rel}","templated":true}]}}